{"id":12696,"date":"2023-10-04T13:42:49","date_gmt":"2023-10-04T13:42:49","guid":{"rendered":"https:\/\/ihsproject.org\/?page_id=12696"},"modified":"2023-10-04T13:46:30","modified_gmt":"2023-10-04T13:46:30","slug":"october-4-2023","status":"publish","type":"page","link":"https:\/\/ihsproject.org\/sr\/october-4-2023\/","title":{"rendered":"4 Oktobar, 2023"},"content":{"rendered":"<div data-elementor-type=\"wp-page\" data-elementor-id=\"12696\" class=\"elementor elementor-12696\">\n\t\t\t\t<div class=\"elementor-element elementor-element-3b7fa067 e-flex e-con-boxed e-con e-parent\" data-id=\"3b7fa067\" data-element_type=\"container\" data-core-v316-plus=\"true\">\n\t\t\t\t\t<div class=\"e-con-inner\">\n\t\t\t\t<div class=\"elementor-element elementor-element-776c8ac5 elementor-widget elementor-widget-image\" data-id=\"776c8ac5\" data-element_type=\"widget\" data-widget_type=\"image.default\">\n\t\t\t\t<div class=\"elementor-widget-container\">\n\t\t\t\t\t\t\t\t\t\t\t\t\t<img fetchpriority=\"high\" decoding=\"async\" width=\"1600\" height=\"900\" src=\"https:\/\/ihsproject.org\/wp-content\/uploads\/2023\/10\/IMG-154f6af640f4fa7f26d99b83ea3ba80c-V.jpeg\" class=\"attachment-full size-full wp-image-12699\" alt=\"\" srcset=\"https:\/\/ihsproject.org\/wp-content\/uploads\/2023\/10\/IMG-154f6af640f4fa7f26d99b83ea3ba80c-V.jpeg 1600w, https:\/\/ihsproject.org\/wp-content\/uploads\/2023\/10\/IMG-154f6af640f4fa7f26d99b83ea3ba80c-V-300x169.jpeg 300w, https:\/\/ihsproject.org\/wp-content\/uploads\/2023\/10\/IMG-154f6af640f4fa7f26d99b83ea3ba80c-V-1024x576.jpeg 1024w, https:\/\/ihsproject.org\/wp-content\/uploads\/2023\/10\/IMG-154f6af640f4fa7f26d99b83ea3ba80c-V-768x432.jpeg 768w, https:\/\/ihsproject.org\/wp-content\/uploads\/2023\/10\/IMG-154f6af640f4fa7f26d99b83ea3ba80c-V-1536x864.jpeg 1536w, https:\/\/ihsproject.org\/wp-content\/uploads\/2023\/10\/IMG-154f6af640f4fa7f26d99b83ea3ba80c-V-18x10.jpeg 18w\" sizes=\"(max-width: 1600px) 100vw, 1600px\" \/>\t\t\t\t\t\t\t\t\t\t\t\t\t<\/div>\n\t\t\t\t<\/div>\n\t\t\t\t\t<\/div>\n\t\t\t\t<\/div>\n\t\t<div class=\"elementor-element elementor-element-8f464e6 e-flex e-con-boxed e-con e-parent\" data-id=\"8f464e6\" data-element_type=\"container\" data-core-v316-plus=\"true\">\n\t\t\t\t\t<div class=\"e-con-inner\">\n\t\t\t\t<div class=\"elementor-element elementor-element-179523b6 elementor-widget elementor-widget-heading\" data-id=\"179523b6\" data-element_type=\"widget\" data-widget_type=\"heading.default\">\n\t\t\t\t<div class=\"elementor-widget-container\">\n\t\t\t<h2 class=\"elementor-heading-title elementor-size-default\">Jednogodi\u0161nji akcioni plan za bolnice koje promovi\u0161u zdravlje <\/h2>\t\t<\/div>\n\t\t\t\t<\/div>\n\t\t\t\t<div class=\"elementor-element elementor-element-5baf40c6 elementor-widget elementor-widget-text-editor\" data-id=\"5baf40c6\" data-element_type=\"widget\" data-widget_type=\"text-editor.default\">\n\t\t\t\t<div class=\"elementor-widget-container\">\n\t\t\t\t\t\t\t<p>Dana 2-3. oktobra 2023.  radna grupa za bolnice koje promovi\u0161u zdravlje (HPH) odr\u017eala je sastanak, kako bi nastavila sa narednim koracima koji su ve\u0107 preduzeti kako bi se prihvatili ovi standardi. Tokom ova dva dana, grupa je dodatno razradila jednogodi\u0161nji akcioni plan o standardima HPH, \u010dija je izrada zapo\u010dela prethodne sedmice pod vo\u0111stvom profesora dr Olivera Groene-a, izvr\u0161nog direktora Me\u0111unarodne mre\u017ee bolnica i zdravstvenih slu\u017ebi koje promovi\u0161u zdravlje.<u><\/u>\u00a0<u><\/u><\/p><p>Ovaj holisti\u010dki pristup zdravstvenoj za\u0161titi fokusira se na edukaciju, prevenciju, integrisanu zdravstvenu za\u0161titu, prakse zasnovane na dokazima i aktivan anga\u017eman pacijenata i zajednice. Serija radionica i sastanaka tematskih radnih grupa pobolj\u0161ava razumevanje HPH u okviru zdravstvenih struktura Kosova i postavlja \u010dvrstu osnovu za u\u010dvr\u0161\u0107ivanje posve\u0107enosti Kosova pristupu HPH.<\/p>\t\t\t\t\t\t<\/div>\n\t\t\t\t<\/div>\n\t\t\t\t\t<\/div>\n\t\t\t\t<\/div>\n\t\t\t\t<\/div>","protected":false},"excerpt":{"rendered":"<p>One-Year Action Plan for Health Promoting Hospitals On 2-3 October 2023, the working group on Health Promoting Hospitals (HPH) convened to proceed with the next steps already undertaken to embrace these standards. During these two days, the group further elaborated the one-year action plan on HPH standards, which started the previous week under the guidance [&hellip;]<\/p>","protected":false},"author":1,"featured_media":0,"parent":0,"menu_order":0,"comment_status":"closed","ping_status":"closed","template":"","meta":[],"_links":{"self":[{"href":"https:\/\/ihsproject.org\/sr\/wp-json\/wp\/v2\/pages\/12696"}],"collection":[{"href":"https:\/\/ihsproject.org\/sr\/wp-json\/wp\/v2\/pages"}],"about":[{"href":"https:\/\/ihsproject.org\/sr\/wp-json\/wp\/v2\/types\/page"}],"author":[{"embeddable":true,"href":"https:\/\/ihsproject.org\/sr\/wp-json\/wp\/v2\/users\/1"}],"replies":[{"embeddable":true,"href":"https:\/\/ihsproject.org\/sr\/wp-json\/wp\/v2\/comments?post=12696"}],"version-history":[{"count":4,"href":"https:\/\/ihsproject.org\/sr\/wp-json\/wp\/v2\/pages\/12696\/revisions"}],"predecessor-version":[{"id":12703,"href":"https:\/\/ihsproject.org\/sr\/wp-json\/wp\/v2\/pages\/12696\/revisions\/12703"}],"wp:attachment":[{"href":"https:\/\/ihsproject.org\/sr\/wp-json\/wp\/v2\/media?parent=12696"}],"curies":[{"name":"wp","href":"https:\/\/api.w.org\/{rel}","templated":true}]}}