{"id":12684,"date":"2023-09-29T11:15:38","date_gmt":"2023-09-29T11:15:38","guid":{"rendered":"https:\/\/ihsproject.org\/?page_id=12684"},"modified":"2023-09-29T11:17:17","modified_gmt":"2023-09-29T11:17:17","slug":"september-29-2023","status":"publish","type":"page","link":"https:\/\/ihsproject.org\/sr\/september-29-2023\/","title":{"rendered":"29 Septembra, 2023"},"content":{"rendered":"<div data-elementor-type=\"wp-page\" data-elementor-id=\"12684\" class=\"elementor elementor-12684\">\n\t\t\t\t<div class=\"elementor-element elementor-element-2b79d70 e-flex e-con-boxed e-con e-parent\" data-id=\"2b79d70\" data-element_type=\"container\" data-core-v316-plus=\"true\">\n\t\t\t\t\t<div class=\"e-con-inner\">\n\t\t\t\t<div class=\"elementor-element elementor-element-bedccfd elementor-widget elementor-widget-image\" data-id=\"bedccfd\" data-element_type=\"widget\" data-widget_type=\"image.default\">\n\t\t\t\t<div class=\"elementor-widget-container\">\n\t\t\t\t\t\t\t\t\t\t\t\t\t<img fetchpriority=\"high\" decoding=\"async\" width=\"1600\" height=\"800\" src=\"https:\/\/ihsproject.org\/wp-content\/uploads\/2023\/09\/Committed-to-Help-Slow_Down_the_Global_Burden_of_NCDs.jpg\" class=\"attachment-full size-full wp-image-12681\" alt=\"\" srcset=\"https:\/\/ihsproject.org\/wp-content\/uploads\/2023\/09\/Committed-to-Help-Slow_Down_the_Global_Burden_of_NCDs.jpg 1600w, https:\/\/ihsproject.org\/wp-content\/uploads\/2023\/09\/Committed-to-Help-Slow_Down_the_Global_Burden_of_NCDs-300x150.jpg 300w, https:\/\/ihsproject.org\/wp-content\/uploads\/2023\/09\/Committed-to-Help-Slow_Down_the_Global_Burden_of_NCDs-1024x512.jpg 1024w, https:\/\/ihsproject.org\/wp-content\/uploads\/2023\/09\/Committed-to-Help-Slow_Down_the_Global_Burden_of_NCDs-768x384.jpg 768w, https:\/\/ihsproject.org\/wp-content\/uploads\/2023\/09\/Committed-to-Help-Slow_Down_the_Global_Burden_of_NCDs-1536x768.jpg 1536w, https:\/\/ihsproject.org\/wp-content\/uploads\/2023\/09\/Committed-to-Help-Slow_Down_the_Global_Burden_of_NCDs-18x9.jpg 18w\" sizes=\"(max-width: 1600px) 100vw, 1600px\" \/>\t\t\t\t\t\t\t\t\t\t\t\t\t<\/div>\n\t\t\t\t<\/div>\n\t\t\t\t\t<\/div>\n\t\t\t\t<\/div>\n\t\t<div class=\"elementor-element elementor-element-79b9a37 e-flex e-con-boxed e-con e-parent\" data-id=\"79b9a37\" data-element_type=\"container\" data-core-v316-plus=\"true\">\n\t\t\t\t\t<div class=\"e-con-inner\">\n\t\t\t\t<div class=\"elementor-element elementor-element-687cb82 elementor-widget elementor-widget-heading\" data-id=\"687cb82\" data-element_type=\"widget\" data-widget_type=\"heading.default\">\n\t\t\t\t<div class=\"elementor-widget-container\">\n\t\t\t<h2 class=\"elementor-heading-title elementor-size-default\">Posve\u0107eni pomo\u0107i da se uspori globalni teret NCD<\/h2>\t\t<\/div>\n\t\t\t\t<\/div>\n\t\t\t\t<div class=\"elementor-element elementor-element-a726e9b elementor-widget elementor-widget-text-editor\" data-id=\"a726e9b\" data-element_type=\"widget\" data-widget_type=\"text-editor.default\">\n\t\t\t\t<div class=\"elementor-widget-container\">\n\t\t\t\t\t\t\t<p>Dana 28. septembra 2023., drugog dana Me\u0111unarodnog simpozijuma o nezaraznim bolestima, na sesiji o regionalnim dostignu\u0107ima u borbi protiv NCD, prof. Kaspar Wyss iz \u0161vajcarskog TPH-a je predstavio kontrolu NCD-a u globalnoj zdravstvenoj perspektivi, iz perspektive javnog zdravlja i pristupa ja\u010danju zdravstvenih sistema.<span class=\"Apple-converted-space\">\u00a0<\/span><\/p><p>Rad \u0161vajcarskog TPH-a globalno se fokusira na bolje razumevanje NCD-a i uticaja faktora rizika \u017eivotne sredine i na\u010dina \u017eivota. Na\u0161e aktivnosti se fokusiraju na lokalno prilago\u0111ene najbolje na\u010dine za prevenciju, upravljanje i le\u010denje NCD-a. Posve\u0107eni smo pridru\u017eivanju koordinisanoj akciji koja poma\u017ee da se uspori globalni teret NCD-a.<\/p><p>Dr. Besim Nuri, projekat Zdravlje za sve u Albaniji, predstavio je pobolj\u0161anje kvaliteta i dostupnosti primarne zdravstvene za\u0161tite. Nicu Fota, MPH, projekat pristupa\u010dne i kvalitetne zdravstvene za\u0161tite na Kosovu, predstavio je osnovne intervencije nezaraznih bolesti u primarnoj zdravstvenoj za\u0161titi. Dr. Fabian Cenko, projekat integrisanih zdravstvenih usluga na Kosovu, govorio je o osna\u017eivanju bolnica integracijom promocije zdravlja i edukacije o NCD-u. O zdravom \u017eivotu i grupama samopomo\u0107i o dugotrajnoj nezi govorili smo dr. Ala Curteanu, koji je predstavio Projekat zdravog \u017eivota u Moldaviji. Konsultant SZO-a dr. Anastasiya Dumcheva podelila je sa publikom uvide iz Ukrajine i glavna dostignu\u0107a u borbi protiv NCD-a u vreme koje je ratom izazvano. Generalni sekretar Ministarstva zdravlja dr. Naim Bardiqi izrazio je zahvalnost na zajedni\u010dkoj posve\u0107enosti delovanju na NCD.<\/p><p>Trodnevni Me\u0111unarodni simpozijum o nezaraznim bolestima (NCD) odr\u017ea\u0107e se na Kosovu od 27. do 29. septembra 2023. godine, organizovan pod pokroviteljstvom Ministarstva zdravlja Kosova, u saradnji sa \u0160vajcarskom agencijom za razvoj i saradnju (SDC). Njegova svrha je da se razmene najbolje prakse, da se inspiri\u0161e Kosovski plan za NCD i da se generi\u0161u odr\u017eive akcije i preporuke za suo\u010davanje sa izazovima NCD-a.<\/p>\t\t\t\t\t\t<\/div>\n\t\t\t\t<\/div>\n\t\t\t\t\t<\/div>\n\t\t\t\t<\/div>\n\t\t\t\t<\/div>","protected":false},"excerpt":{"rendered":"<p>Committed to Help Slow Down the Global Burden of NCDs On 28 September 2023, day two of the International Symposium on Non-Communicable Diseases, at the session on regional achievements on tackling NCDs, Prof. Kaspar Wyss from Swiss TPH presented on NCD control in a global health perspective, from the perspective of public health and health [&hellip;]<\/p>","protected":false},"author":1,"featured_media":0,"parent":0,"menu_order":0,"comment_status":"closed","ping_status":"closed","template":"","meta":[],"_links":{"self":[{"href":"https:\/\/ihsproject.org\/sr\/wp-json\/wp\/v2\/pages\/12684"}],"collection":[{"href":"https:\/\/ihsproject.org\/sr\/wp-json\/wp\/v2\/pages"}],"about":[{"href":"https:\/\/ihsproject.org\/sr\/wp-json\/wp\/v2\/types\/page"}],"author":[{"embeddable":true,"href":"https:\/\/ihsproject.org\/sr\/wp-json\/wp\/v2\/users\/1"}],"replies":[{"embeddable":true,"href":"https:\/\/ihsproject.org\/sr\/wp-json\/wp\/v2\/comments?post=12684"}],"version-history":[{"count":4,"href":"https:\/\/ihsproject.org\/sr\/wp-json\/wp\/v2\/pages\/12684\/revisions"}],"predecessor-version":[{"id":12689,"href":"https:\/\/ihsproject.org\/sr\/wp-json\/wp\/v2\/pages\/12684\/revisions\/12689"}],"wp:attachment":[{"href":"https:\/\/ihsproject.org\/sr\/wp-json\/wp\/v2\/media?parent=12684"}],"curies":[{"name":"wp","href":"https:\/\/api.w.org\/{rel}","templated":true}]}}