{"id":12657,"date":"2023-09-22T17:57:22","date_gmt":"2023-09-22T17:57:22","guid":{"rendered":"https:\/\/ihsproject.org\/?page_id=12657"},"modified":"2023-09-22T17:58:49","modified_gmt":"2023-09-22T17:58:49","slug":"september-22-2023","status":"publish","type":"page","link":"https:\/\/ihsproject.org\/sr\/september-22-2023\/","title":{"rendered":"22 Septembra, 2023"},"content":{"rendered":"<div data-elementor-type=\"wp-page\" data-elementor-id=\"12657\" class=\"elementor elementor-12657\">\n\t\t\t\t<div class=\"elementor-element elementor-element-2c72dd52 e-flex e-con-boxed e-con e-parent\" data-id=\"2c72dd52\" data-element_type=\"container\" data-core-v316-plus=\"true\">\n\t\t\t\t\t<div class=\"e-con-inner\">\n\t\t\t\t<div class=\"elementor-element elementor-element-54f213ec elementor-widget elementor-widget-image\" data-id=\"54f213ec\" data-element_type=\"widget\" data-widget_type=\"image.default\">\n\t\t\t\t<div class=\"elementor-widget-container\">\n\t\t\t\t\t\t\t\t\t\t\t\t\t<img fetchpriority=\"high\" decoding=\"async\" width=\"1280\" height=\"960\" src=\"https:\/\/ihsproject.org\/wp-content\/uploads\/2023\/09\/22092023.jpg\" class=\"attachment-full size-full wp-image-12659\" alt=\"\" srcset=\"https:\/\/ihsproject.org\/wp-content\/uploads\/2023\/09\/22092023.jpg 1280w, https:\/\/ihsproject.org\/wp-content\/uploads\/2023\/09\/22092023-300x225.jpg 300w, https:\/\/ihsproject.org\/wp-content\/uploads\/2023\/09\/22092023-1024x768.jpg 1024w, https:\/\/ihsproject.org\/wp-content\/uploads\/2023\/09\/22092023-768x576.jpg 768w, https:\/\/ihsproject.org\/wp-content\/uploads\/2023\/09\/22092023-16x12.jpg 16w\" sizes=\"(max-width: 1280px) 100vw, 1280px\" \/>\t\t\t\t\t\t\t\t\t\t\t\t\t<\/div>\n\t\t\t\t<\/div>\n\t\t\t\t\t<\/div>\n\t\t\t\t<\/div>\n\t\t<div class=\"elementor-element elementor-element-1f4dadfd e-flex e-con-boxed e-con e-parent\" data-id=\"1f4dadfd\" data-element_type=\"container\" data-core-v316-plus=\"true\">\n\t\t\t\t\t<div class=\"e-con-inner\">\n\t\t\t\t<div class=\"elementor-element elementor-element-330bb3e8 elementor-widget elementor-widget-heading\" data-id=\"330bb3e8\" data-element_type=\"widget\" data-widget_type=\"heading.default\">\n\t\t\t\t<div class=\"elementor-widget-container\">\n\t\t\t<h2 class=\"elementor-heading-title elementor-size-default\">Kosovo na me\u0111unarodnom planu isti\u010de svoju posve\u0107enost bolnicama koje promovi\u0161u zdravlje  <\/h2>\t\t<\/div>\n\t\t\t\t<\/div>\n\t\t\t\t<div class=\"elementor-element elementor-element-10ba8ee1 elementor-widget elementor-widget-text-editor\" data-id=\"10ba8ee1\" data-element_type=\"widget\" data-widget_type=\"text-editor.default\">\n\t\t\t\t<div class=\"elementor-widget-container\">\n\t\t\t\t\t\t\t<p>Put Kosova ka standardima bolnica koje promovi\u0161u zdravlje predstavljen je na 29. me\u0111unarodnoj konferenciji o bolnicama i zdravstvenim uslugama koje promovi\u0161u zdravlje, odr\u017eanoj u Austriji 20. \u2013 22. septembra 2023. Prezentacija kosovskog tima pokazala je posve\u0107enost institucija pobolj\u0161anju zdravstvene za\u0161tite fokusiranjem zdravstveno vaspitne uloge bolni\u010dkim objektima.<\/p><p>Bolnice koje promovi\u0161u zdravlje va\u017ena su mre\u017ea koju vodi Svetska zdravstvena organizacija koja predstavlja visok standard u oblasti zdravstvenog obrazovanja i promocije zdravlja.<\/p><p>Prezentacija Fekrije Hasanija, vi\u0161eg zdravstvenog stru\u010dnjaka na projektu integrisanih zdravstvenih usluga (IHS) istakla je klju\u010dne inicijative, izazove sa kojima se suo\u010davaju i transformativni uticaj koji \u0107e bolni\u010dki standardi koji promovi\u0161u zdravlje imati na zdravstvenu za\u0161titu na Kosovu. Tako\u0111e je istakla zna\u010daj me\u0111unarodne saradnje u postizanju odr\u017eivih rezultata.<\/p><p>Dr. Fazli Shala, izvr\u0161ni direktor Op\u0161te bolnice u Pe\u0107i, tako\u0111e je predstavljao Kosovo na 29. me\u0111unarodnoj konferenciji o bolnicama i zdravstvenim uslugama koje promovi\u0161u zdravlje, ponavljaju\u0107i institucionalnu podr\u0161ku ovoj reformi. Proces primene ovih standarda je olak\u0161an kroz IHS, koji je projekat \u0160vajcarske agencije za razvoj i saradnju na Kosovu u partnerstvu sa Ministarstvom zdravlja.\u00a0<\/p><p>Ova inicijativa, koja ima za cilj da podr\u017ei dve op\u0161te bolnice u zemlji u ispunjavanju standarda bolnice za promociju zdravlja, \u010dini Kosovo \u0161ampionom u ovoj oblasti.<\/p>\t\t\t\t\t\t<\/div>\n\t\t\t\t<\/div>\n\t\t\t\t\t<\/div>\n\t\t\t\t<\/div>\n\t\t\t\t<\/div>","protected":false},"excerpt":{"rendered":"<p>Kosovo Highlights Internationally Its Commitment to Health Promoting Hospitals Kosovo\u2019s journey towards health promoting hospitals standards was introduced at the 29th International Conference on Health Promoting Hospitals and Health Services, held in Austria on 20 \u2013 22 September 2023. The presentation by the Kosovo team showcased the dedication of institutions to improving healthcare by focusing [&hellip;]<\/p>","protected":false},"author":1,"featured_media":0,"parent":0,"menu_order":0,"comment_status":"closed","ping_status":"closed","template":"","meta":[],"_links":{"self":[{"href":"https:\/\/ihsproject.org\/sr\/wp-json\/wp\/v2\/pages\/12657"}],"collection":[{"href":"https:\/\/ihsproject.org\/sr\/wp-json\/wp\/v2\/pages"}],"about":[{"href":"https:\/\/ihsproject.org\/sr\/wp-json\/wp\/v2\/types\/page"}],"author":[{"embeddable":true,"href":"https:\/\/ihsproject.org\/sr\/wp-json\/wp\/v2\/users\/1"}],"replies":[{"embeddable":true,"href":"https:\/\/ihsproject.org\/sr\/wp-json\/wp\/v2\/comments?post=12657"}],"version-history":[{"count":4,"href":"https:\/\/ihsproject.org\/sr\/wp-json\/wp\/v2\/pages\/12657\/revisions"}],"predecessor-version":[{"id":12663,"href":"https:\/\/ihsproject.org\/sr\/wp-json\/wp\/v2\/pages\/12657\/revisions\/12663"}],"wp:attachment":[{"href":"https:\/\/ihsproject.org\/sr\/wp-json\/wp\/v2\/media?parent=12657"}],"curies":[{"name":"wp","href":"https:\/\/api.w.org\/{rel}","templated":true}]}}