{"id":12624,"date":"2023-09-19T10:46:43","date_gmt":"2023-09-19T10:46:43","guid":{"rendered":"https:\/\/ihsproject.org\/?page_id=12624"},"modified":"2023-09-19T10:48:44","modified_gmt":"2023-09-19T10:48:44","slug":"september-19-2023","status":"publish","type":"page","link":"https:\/\/ihsproject.org\/sr\/september-19-2023\/","title":{"rendered":"19 Septembra, 2023"},"content":{"rendered":"<div data-elementor-type=\"wp-page\" data-elementor-id=\"12624\" class=\"elementor elementor-12624\">\n\t\t\t\t<div class=\"elementor-element elementor-element-af8f643 e-flex e-con-boxed e-con e-parent\" data-id=\"af8f643\" data-element_type=\"container\" data-core-v316-plus=\"true\">\n\t\t\t\t\t<div class=\"e-con-inner\">\n\t\t\t\t<div class=\"elementor-element elementor-element-16280f2 elementor-widget elementor-widget-image\" data-id=\"16280f2\" data-element_type=\"widget\" data-widget_type=\"image.default\">\n\t\t\t\t<div class=\"elementor-widget-container\">\n\t\t\t\t\t\t\t\t\t\t\t\t\t<img fetchpriority=\"high\" decoding=\"async\" width=\"1600\" height=\"900\" src=\"https:\/\/ihsproject.org\/wp-content\/uploads\/2023\/09\/Tangible_Progress_in_Kosovos_Health_Promoting_Hospitals_Initiative.jpg\" class=\"attachment-full size-full wp-image-12623\" alt=\"\" srcset=\"https:\/\/ihsproject.org\/wp-content\/uploads\/2023\/09\/Tangible_Progress_in_Kosovos_Health_Promoting_Hospitals_Initiative.jpg 1600w, https:\/\/ihsproject.org\/wp-content\/uploads\/2023\/09\/Tangible_Progress_in_Kosovos_Health_Promoting_Hospitals_Initiative-300x169.jpg 300w, https:\/\/ihsproject.org\/wp-content\/uploads\/2023\/09\/Tangible_Progress_in_Kosovos_Health_Promoting_Hospitals_Initiative-1024x576.jpg 1024w, https:\/\/ihsproject.org\/wp-content\/uploads\/2023\/09\/Tangible_Progress_in_Kosovos_Health_Promoting_Hospitals_Initiative-768x432.jpg 768w, https:\/\/ihsproject.org\/wp-content\/uploads\/2023\/09\/Tangible_Progress_in_Kosovos_Health_Promoting_Hospitals_Initiative-1536x864.jpg 1536w, https:\/\/ihsproject.org\/wp-content\/uploads\/2023\/09\/Tangible_Progress_in_Kosovos_Health_Promoting_Hospitals_Initiative-18x10.jpg 18w\" sizes=\"(max-width: 1600px) 100vw, 1600px\" \/>\t\t\t\t\t\t\t\t\t\t\t\t\t<\/div>\n\t\t\t\t<\/div>\n\t\t\t\t\t<\/div>\n\t\t\t\t<\/div>\n\t\t<div class=\"elementor-element elementor-element-fc0958c e-flex e-con-boxed e-con e-parent\" data-id=\"fc0958c\" data-element_type=\"container\" data-core-v316-plus=\"true\">\n\t\t\t\t\t<div class=\"e-con-inner\">\n\t\t\t\t<div class=\"elementor-element elementor-element-9d4f382 elementor-widget elementor-widget-heading\" data-id=\"9d4f382\" data-element_type=\"widget\" data-widget_type=\"heading.default\">\n\t\t\t\t<div class=\"elementor-widget-container\">\n\t\t\t<h2 class=\"elementor-heading-title elementor-size-default\">Opipljiv napredak u okviru kosovske Inicijative za bolnice koje promovi\u0161u zdravlje<\/h2>\t\t<\/div>\n\t\t\t\t<\/div>\n\t\t\t\t<div class=\"elementor-element elementor-element-3c40a41 elementor-widget elementor-widget-text-editor\" data-id=\"3c40a41\" data-element_type=\"widget\" data-widget_type=\"text-editor.default\">\n\t\t\t\t<div class=\"elementor-widget-container\">\n\t\t\t\t\t\t\t<p>Dana 18. septembra 2023. godine, stru\u010dnjaci iz Op\u0161tih bolnica u Pe\u0107i i \u0110akovici, Nacionalnog instituta za javno zdravlje i Ministarstva zdravlja sastali su se da procene napredak u inicijativama za unapre\u0111enje zdravlja na nivou bolnica.<\/p><p>Svrha sastanka je bila predstavljanje izve\u0161taja o samoocenjivanju koje su pripremile Op\u0161te bolnice u Pe\u0107i i \u0110akovici. U ovim izve\u0161tajima pa\u017eljivo je procenjeno pridr\u017eavanje bolnica standarda iz 2020. postavljenih za bolnice koje promovi\u0161u zdravlje. Sastanak ozna\u010dava prekretnicu u primeni HPH pristupa, jer je nastavljen sa objedinjenim izve\u0161tajem zasnovanim na rezultatima po\u010detnog procesa samoocenjivanja.<\/p><p>Tokom sastanka, predstavnici bolnice su podelili svoje uvide ste\u010dene u aktivnostima samoocenjivanja. Oni su tako\u0111e izrazili svoju posve\u0107enost i motivaciju za ovaj grupni rad, \u201cPostigli smo sjajnu saradnju i posve\u0107eni smo dostizanju najvi\u0161ih standarda zdravstvenih usluga. Divno je iskustvo raditi u grupama\u201d, naveli su.<\/p><p>Radnom grupom za izradu plana promocije zdravlja predsedava prof. Merita Berisha, iz Nacionalnog instituta za javno zdravlje. Njena ekspertiza je klju\u010dna u odrazu \u0161ire vizije pristupa bolnica koje promovi\u0161u zdravlje na Kosovu.<\/p>\t\t\t\t\t\t<\/div>\n\t\t\t\t<\/div>\n\t\t\t\t\t<\/div>\n\t\t\t\t<\/div>\n\t\t\t\t<\/div>","protected":false},"excerpt":{"rendered":"<p>Tangible Progress in Kosovo\u2019s Health Promoting Hospitals Initiative On 18 September 2023, professionals from the General Hospitals of Peja and Gjakova, the National Institute of Public Health, and the Ministry of Health met to assess the progress with the health promotion initiatives at the hospital level. The purpose of the meeting was to present the [&hellip;]<\/p>","protected":false},"author":1,"featured_media":0,"parent":0,"menu_order":0,"comment_status":"closed","ping_status":"closed","template":"","meta":[],"_links":{"self":[{"href":"https:\/\/ihsproject.org\/sr\/wp-json\/wp\/v2\/pages\/12624"}],"collection":[{"href":"https:\/\/ihsproject.org\/sr\/wp-json\/wp\/v2\/pages"}],"about":[{"href":"https:\/\/ihsproject.org\/sr\/wp-json\/wp\/v2\/types\/page"}],"author":[{"embeddable":true,"href":"https:\/\/ihsproject.org\/sr\/wp-json\/wp\/v2\/users\/1"}],"replies":[{"embeddable":true,"href":"https:\/\/ihsproject.org\/sr\/wp-json\/wp\/v2\/comments?post=12624"}],"version-history":[{"count":4,"href":"https:\/\/ihsproject.org\/sr\/wp-json\/wp\/v2\/pages\/12624\/revisions"}],"predecessor-version":[{"id":12629,"href":"https:\/\/ihsproject.org\/sr\/wp-json\/wp\/v2\/pages\/12624\/revisions\/12629"}],"wp:attachment":[{"href":"https:\/\/ihsproject.org\/sr\/wp-json\/wp\/v2\/media?parent=12624"}],"curies":[{"name":"wp","href":"https:\/\/api.w.org\/{rel}","templated":true}]}}