{"id":12574,"date":"2023-08-31T11:05:38","date_gmt":"2023-08-31T11:05:38","guid":{"rendered":"https:\/\/ihsproject.org\/?page_id=12574"},"modified":"2023-08-31T11:12:31","modified_gmt":"2023-08-31T11:12:31","slug":"august-31-2023","status":"publish","type":"page","link":"https:\/\/ihsproject.org\/sr\/august-31-2023\/","title":{"rendered":"31 Avgusta 2023"},"content":{"rendered":"<div data-elementor-type=\"wp-page\" data-elementor-id=\"12574\" class=\"elementor elementor-12574\">\n\t\t\t\t<div class=\"elementor-element elementor-element-2c780a4 e-flex e-con-boxed e-con e-parent\" data-id=\"2c780a4\" data-element_type=\"container\" data-core-v316-plus=\"true\">\n\t\t\t\t\t<div class=\"e-con-inner\">\n\t\t\t\t<div class=\"elementor-element elementor-element-cb4831a elementor-widget elementor-widget-image\" data-id=\"cb4831a\" data-element_type=\"widget\" data-widget_type=\"image.default\">\n\t\t\t\t<div class=\"elementor-widget-container\">\n\t\t\t\t\t\t\t\t\t\t\t\t\t<img fetchpriority=\"high\" decoding=\"async\" width=\"1600\" height=\"900\" src=\"https:\/\/ihsproject.org\/wp-content\/uploads\/2023\/08\/Reshaping_the_Healthcare-Approach_in_Hospitals.jpg\" class=\"attachment-full size-full wp-image-12578\" alt=\"\" srcset=\"https:\/\/ihsproject.org\/wp-content\/uploads\/2023\/08\/Reshaping_the_Healthcare-Approach_in_Hospitals.jpg 1600w, https:\/\/ihsproject.org\/wp-content\/uploads\/2023\/08\/Reshaping_the_Healthcare-Approach_in_Hospitals-300x169.jpg 300w, https:\/\/ihsproject.org\/wp-content\/uploads\/2023\/08\/Reshaping_the_Healthcare-Approach_in_Hospitals-1024x576.jpg 1024w, https:\/\/ihsproject.org\/wp-content\/uploads\/2023\/08\/Reshaping_the_Healthcare-Approach_in_Hospitals-768x432.jpg 768w, https:\/\/ihsproject.org\/wp-content\/uploads\/2023\/08\/Reshaping_the_Healthcare-Approach_in_Hospitals-1536x864.jpg 1536w, https:\/\/ihsproject.org\/wp-content\/uploads\/2023\/08\/Reshaping_the_Healthcare-Approach_in_Hospitals-18x10.jpg 18w\" sizes=\"(max-width: 1600px) 100vw, 1600px\" \/>\t\t\t\t\t\t\t\t\t\t\t\t\t<\/div>\n\t\t\t\t<\/div>\n\t\t\t\t\t<\/div>\n\t\t\t\t<\/div>\n\t\t<div class=\"elementor-element elementor-element-0ceaed2 e-flex e-con-boxed e-con e-parent\" data-id=\"0ceaed2\" data-element_type=\"container\" data-core-v316-plus=\"true\">\n\t\t\t\t\t<div class=\"e-con-inner\">\n\t\t\t\t<div class=\"elementor-element elementor-element-6e60094 elementor-widget elementor-widget-heading\" data-id=\"6e60094\" data-element_type=\"widget\" data-widget_type=\"heading.default\">\n\t\t\t\t<div class=\"elementor-widget-container\">\n\t\t\t<h2 class=\"elementor-heading-title elementor-size-default\">Preoblikovanje pristupa zdravstvenoj za\u0161titi u bolnicama<\/h2>\t\t<\/div>\n\t\t\t\t<\/div>\n\t\t\t\t<div class=\"elementor-element elementor-element-5222571 elementor-widget elementor-widget-text-editor\" data-id=\"5222571\" data-element_type=\"widget\" data-widget_type=\"text-editor.default\">\n\t\t\t\t<div class=\"elementor-widget-container\">\n\t\t\t\t\t\t\t<p>Pristup bolnica koje promovi\u0161u zdravlje (HPH) je inovativan na\u010din za davanje prioriteta dobrobiti kroz obrazovanje, prevenciju, integrisanu zdravstvenu za\u0161titu, prakse zasnovane na dokazima i anga\u017eman zajednice. Cilj ovog pristupa je pove\u0107anje efikasnosti bolni\u010dke zdravstvene za\u0161tite smanjenjem faktora rizika i omogu\u0107avanjem pacijentima da bolje samostalno upravljaju svojim bolestima.<\/p><p>Projekat Integrisane usluge zdravstvene za\u0161tite (IHS) organizovao je sastanak radne grupe za uvo\u0111enje ovog pristupa u razvoj bolni\u010dkog programa zasnovanog na Bolni\u010dkim standardima promocije zdravlja za 2020. i u skladu sa Nacionalnim akcionim planom za zdravstveno obrazovanje i promociju zdravlja u zemlji.<\/p><p>Uvodni sastanak odr\u017ean ove sedmice deo je teku\u0107eg procesa koji je zapo\u010deo u julu osnivanjem Radne grupe kojom su predsedavali Ministarstvo zdravlja i Nacionalni institut za javno zdravlje. U\u010desnici su se fokusirali na klju\u010dne\/prve korake pra\u0107enja HPH pristupa: procena osnovne vrednosti u svakoj bolnici kako bi se identifikovale klju\u010dne oblasti i prioriteti potrebni u svakoj op\u0161toj bolnici; strategije za integraciju zdravstvenog obrazovanja u praksu i tok rada zdravstvene za\u0161tite, razvoj programa obuke za bolni\u010dko osoblje i uspostavljanje mehanizama za pra\u0107enje i evaluaciju. Skup standarda, kako je definisano u inicijativi Bolnice koje promovi\u0161u zdravlje, defini\u0161e referencu za izradu plana rada u svakoj bolnici.<\/p><p>\u201cNezarazne bolesti zahtevaju doprinos i anga\u017eman pacijenata koji nisu ni\u0161ta manje va\u017eni od medicinskih protokola za njihovo le\u010denje. S druge strane, kontakt pacijenta sa bolnicom predstavlja specifi\u010dnu fazu bolesti u kojoj pacijent ima ve\u0107u spremnost da se uklju\u010di u njeno samo-kontrolisanje. Shodno tome, ova usluga promocije zdravlja, specijalizovana po fazama le\u010denja bolesti, pove\u0107ala bi efikasnost svakog sprovedenog medicinskog protokola\u201c, rekao je Fabian Cenko, direktor projekta IHS.<\/p><p>Na sastanku su \u010dlanovi RG dobili instrukcije kako da koriste alate za samo-ocenjivanje potrebne za po\u010detnu procenu primene HPH standarda. Aktivnost samo-ocenjivanja je ve\u0107 po\u010dela u op\u0161tim bolnicama u Pe\u0107i i \u0110akovici.<\/p>\t\t\t\t\t\t<\/div>\n\t\t\t\t<\/div>\n\t\t\t\t\t<\/div>\n\t\t\t\t<\/div>\n\t\t\t\t<\/div>","protected":false},"excerpt":{"rendered":"<p>Reshaping the Healthcare Approach in Hospitals The Health Promoting Hospitals (HPH) approach is an innovative way to prioritize wellbeing through education, prevention, integrated healthcare, evidence-based practices, and community engagement. The goal of this approach is to boost efficiency of hospital healthcare by reducing risk factors and enabling the patients to better self-manage their diseases. The [&hellip;]<\/p>","protected":false},"author":1,"featured_media":0,"parent":0,"menu_order":0,"comment_status":"closed","ping_status":"closed","template":"","meta":[],"_links":{"self":[{"href":"https:\/\/ihsproject.org\/sr\/wp-json\/wp\/v2\/pages\/12574"}],"collection":[{"href":"https:\/\/ihsproject.org\/sr\/wp-json\/wp\/v2\/pages"}],"about":[{"href":"https:\/\/ihsproject.org\/sr\/wp-json\/wp\/v2\/types\/page"}],"author":[{"embeddable":true,"href":"https:\/\/ihsproject.org\/sr\/wp-json\/wp\/v2\/users\/1"}],"replies":[{"embeddable":true,"href":"https:\/\/ihsproject.org\/sr\/wp-json\/wp\/v2\/comments?post=12574"}],"version-history":[{"count":7,"href":"https:\/\/ihsproject.org\/sr\/wp-json\/wp\/v2\/pages\/12574\/revisions"}],"predecessor-version":[{"id":12584,"href":"https:\/\/ihsproject.org\/sr\/wp-json\/wp\/v2\/pages\/12574\/revisions\/12584"}],"wp:attachment":[{"href":"https:\/\/ihsproject.org\/sr\/wp-json\/wp\/v2\/media?parent=12574"}],"curies":[{"name":"wp","href":"https:\/\/api.w.org\/{rel}","templated":true}]}}