{"id":12508,"date":"2023-08-16T12:13:56","date_gmt":"2023-08-16T12:13:56","guid":{"rendered":"https:\/\/ihsproject.org\/?page_id=12508"},"modified":"2023-08-16T12:15:58","modified_gmt":"2023-08-16T12:15:58","slug":"august-16-2023","status":"publish","type":"page","link":"https:\/\/ihsproject.org\/sr\/august-16-2023\/","title":{"rendered":"16 Avgusta 2023"},"content":{"rendered":"<div data-elementor-type=\"wp-page\" data-elementor-id=\"12508\" class=\"elementor elementor-12508\">\n\t\t\t\t<div class=\"elementor-element elementor-element-4390db0b e-flex e-con-boxed e-con e-parent\" data-id=\"4390db0b\" data-element_type=\"container\" data-core-v316-plus=\"true\">\n\t\t\t\t\t<div class=\"e-con-inner\">\n\t\t\t\t<div class=\"elementor-element elementor-element-2694e947 elementor-widget elementor-widget-image\" data-id=\"2694e947\" data-element_type=\"widget\" data-widget_type=\"image.default\">\n\t\t\t\t<div class=\"elementor-widget-container\">\n\t\t\t\t\t\t\t\t\t\t\t\t\t<img fetchpriority=\"high\" decoding=\"async\" width=\"1600\" height=\"900\" src=\"https:\/\/ihsproject.org\/wp-content\/uploads\/2023\/08\/20230816-First-WG-Meeting-Referral-System-1.jpg\" class=\"attachment-full size-full wp-image-12509\" alt=\"\" srcset=\"https:\/\/ihsproject.org\/wp-content\/uploads\/2023\/08\/20230816-First-WG-Meeting-Referral-System-1.jpg 1600w, https:\/\/ihsproject.org\/wp-content\/uploads\/2023\/08\/20230816-First-WG-Meeting-Referral-System-1-300x169.jpg 300w, https:\/\/ihsproject.org\/wp-content\/uploads\/2023\/08\/20230816-First-WG-Meeting-Referral-System-1-1024x576.jpg 1024w, https:\/\/ihsproject.org\/wp-content\/uploads\/2023\/08\/20230816-First-WG-Meeting-Referral-System-1-768x432.jpg 768w, https:\/\/ihsproject.org\/wp-content\/uploads\/2023\/08\/20230816-First-WG-Meeting-Referral-System-1-1536x864.jpg 1536w, https:\/\/ihsproject.org\/wp-content\/uploads\/2023\/08\/20230816-First-WG-Meeting-Referral-System-1-18x10.jpg 18w\" sizes=\"(max-width: 1600px) 100vw, 1600px\" \/>\t\t\t\t\t\t\t\t\t\t\t\t\t<\/div>\n\t\t\t\t<\/div>\n\t\t\t\t\t<\/div>\n\t\t\t\t<\/div>\n\t\t<div class=\"elementor-element elementor-element-684d498f e-flex e-con-boxed e-con e-parent\" data-id=\"684d498f\" data-element_type=\"container\" data-core-v316-plus=\"true\">\n\t\t\t\t\t<div class=\"e-con-inner\">\n\t\t\t\t<div class=\"elementor-element elementor-element-2324e82d elementor-widget elementor-widget-heading\" data-id=\"2324e82d\" data-element_type=\"widget\" data-widget_type=\"heading.default\">\n\t\t\t\t<div class=\"elementor-widget-container\">\n\t\t\t<h2 class=\"elementor-heading-title elementor-size-default\">Proaktivni koraci ka sistemu upu\u0107ivanja za efikasno pru\u017eanje zdravstvene za\u0161tite<\/h2>\t\t<\/div>\n\t\t\t\t<\/div>\n\t\t\t\t<div class=\"elementor-element elementor-element-2f71a4a6 elementor-widget elementor-widget-text-editor\" data-id=\"2f71a4a6\" data-element_type=\"widget\" data-widget_type=\"text-editor.default\">\n\t\t\t\t<div class=\"elementor-widget-container\">\n\t\t\t\t\t\t\t<p class=\"p1\">Dobro osmi\u0161ljen sistem upu\u0107ivanja izme\u0111u primarne i sekundarne zdravstvene za\u0161tite je klju\u010dan za pravilno pru\u017eanje zdravstvene za\u0161tite. Imaju\u0107i u vidu zonske napore Ministarstva zdravlja da utvrdi kriterijume za prijavu stanovnika i izbor porodi\u010dnog lekara u op\u0161tini u kojoj \u017eive, sistem upu\u0107ivanja dobija dodatni zna\u010daj.<\/p><p class=\"p1\">\u201eFunkcionalni sistem upu\u0107ivanja uklju\u010duje proces prebacivanja pacijenata sa pru\u017eaoca primarne zdravstvene za\u0161tite, kao \u0161to je porodi\u010dna medicina, na specijalizovane pru\u017eaoce sekundarne zdravstvene za\u0161tite, kao \u0161to su specijalisti ili bolnice, za dalje korake\u201c, ka\u017ee dr. Besa Balidemaj, predsedavaju\u0107a Radne grupe za sistem upu\u0107ivanja. \u201cOvaj sistem igra klju\u010dnu ulogu u osiguravanju da pacijenti dobiju odgovaraju\u0107e i pravovremene zdravstvene usluge, kao i u promovisanju efikasnog kori\u0161\u0107enja resursa unutar zdravstvenog sistema\u201d.<\/p><p class=\"p1\">Slede\u0107i inkluzivni pristup re\u0161avanju pitanja sistema upu\u0107ivanja, Ministarstvo zdravlja je osnovalo Radnu grupu sa relevantnim akterima da pregleda postoje\u0107e aran\u017emane upu\u0107ivanja izme\u0111u razli\u010ditih nivoa zdravstvenog sektora i uspostavi me\u0111usektorsku platformu za planiranje i koordinaciju.<\/p><p class=\"p1\">Na prvom sastanku odr\u017eanom 16. avgusta 2023., radna grupa je prvobitno raspravljala o projektnom zadatku, mapirala i pregledala postoje\u0107i sistem upu\u0107ivanja, i istra\u017eila razli\u010dite puteve za kontekstualizaciju sistema upu\u0107ivanja. Aktivnosti radne grupe su fasilitovane kroz projekat \u201eUsluge integrisane zdravstvene za\u0161tite\".<\/p>\t\t\t\t\t\t<\/div>\n\t\t\t\t<\/div>\n\t\t\t\t\t<\/div>\n\t\t\t\t<\/div>\n\t\t\t\t<\/div>","protected":false},"excerpt":{"rendered":"<p>Proactive Steps towards A Referral System for Effective Healthcare Delivery A well-designed referral (and back referral) system between primary and secondary healthcare is crucial for proper healthcare delivery. Having in mind the zoning efforts of the Ministry of Health to determine the criteria for the registration of residents and selection of the family doctor in [&hellip;]<\/p>","protected":false},"author":1,"featured_media":0,"parent":0,"menu_order":0,"comment_status":"closed","ping_status":"closed","template":"","meta":[],"_links":{"self":[{"href":"https:\/\/ihsproject.org\/sr\/wp-json\/wp\/v2\/pages\/12508"}],"collection":[{"href":"https:\/\/ihsproject.org\/sr\/wp-json\/wp\/v2\/pages"}],"about":[{"href":"https:\/\/ihsproject.org\/sr\/wp-json\/wp\/v2\/types\/page"}],"author":[{"embeddable":true,"href":"https:\/\/ihsproject.org\/sr\/wp-json\/wp\/v2\/users\/1"}],"replies":[{"embeddable":true,"href":"https:\/\/ihsproject.org\/sr\/wp-json\/wp\/v2\/comments?post=12508"}],"version-history":[{"count":3,"href":"https:\/\/ihsproject.org\/sr\/wp-json\/wp\/v2\/pages\/12508\/revisions"}],"predecessor-version":[{"id":12514,"href":"https:\/\/ihsproject.org\/sr\/wp-json\/wp\/v2\/pages\/12508\/revisions\/12514"}],"wp:attachment":[{"href":"https:\/\/ihsproject.org\/sr\/wp-json\/wp\/v2\/media?parent=12508"}],"curies":[{"name":"wp","href":"https:\/\/api.w.org\/{rel}","templated":true}]}}