{"id":12493,"date":"2023-08-15T10:19:20","date_gmt":"2023-08-15T10:19:20","guid":{"rendered":"https:\/\/ihsproject.org\/?page_id=12493"},"modified":"2023-11-14T10:55:30","modified_gmt":"2023-11-14T10:55:30","slug":"august-15-2023","status":"publish","type":"page","link":"https:\/\/ihsproject.org\/sr\/august-15-2023\/","title":{"rendered":"15 Avgusta 2023"},"content":{"rendered":"<div data-elementor-type=\"wp-page\" data-elementor-id=\"12493\" class=\"elementor elementor-12493\">\n\t\t\t\t<div class=\"elementor-element elementor-element-80591c2 e-flex e-con-boxed e-con e-parent\" data-id=\"80591c2\" data-element_type=\"container\" data-core-v316-plus=\"true\">\n\t\t\t\t\t<div class=\"e-con-inner\">\n\t\t\t\t<div class=\"elementor-element elementor-element-2deb18f elementor-widget elementor-widget-image\" data-id=\"2deb18f\" data-element_type=\"widget\" data-widget_type=\"image.default\">\n\t\t\t\t<div class=\"elementor-widget-container\">\n\t\t\t\t\t\t\t\t\t\t\t\t\t<img fetchpriority=\"high\" decoding=\"async\" width=\"1600\" height=\"900\" src=\"https:\/\/ihsproject.org\/wp-content\/uploads\/2023\/08\/Effective_Communication_for_Better_Patient_Engagement.jpg\" class=\"attachment-full size-full wp-image-12498\" alt=\"\" srcset=\"https:\/\/ihsproject.org\/wp-content\/uploads\/2023\/08\/Effective_Communication_for_Better_Patient_Engagement.jpg 1600w, https:\/\/ihsproject.org\/wp-content\/uploads\/2023\/08\/Effective_Communication_for_Better_Patient_Engagement-300x169.jpg 300w, https:\/\/ihsproject.org\/wp-content\/uploads\/2023\/08\/Effective_Communication_for_Better_Patient_Engagement-1024x576.jpg 1024w, https:\/\/ihsproject.org\/wp-content\/uploads\/2023\/08\/Effective_Communication_for_Better_Patient_Engagement-768x432.jpg 768w, https:\/\/ihsproject.org\/wp-content\/uploads\/2023\/08\/Effective_Communication_for_Better_Patient_Engagement-1536x864.jpg 1536w, https:\/\/ihsproject.org\/wp-content\/uploads\/2023\/08\/Effective_Communication_for_Better_Patient_Engagement-18x10.jpg 18w\" sizes=\"(max-width: 1600px) 100vw, 1600px\" \/>\t\t\t\t\t\t\t\t\t\t\t\t\t<\/div>\n\t\t\t\t<\/div>\n\t\t\t\t\t<\/div>\n\t\t\t\t<\/div>\n\t\t<div class=\"elementor-element elementor-element-a731b8e e-flex e-con-boxed e-con e-parent\" data-id=\"a731b8e\" data-element_type=\"container\" data-core-v316-plus=\"true\">\n\t\t\t\t\t<div class=\"e-con-inner\">\n\t\t\t\t<div class=\"elementor-element elementor-element-3924fee elementor-widget elementor-widget-heading\" data-id=\"3924fee\" data-element_type=\"widget\" data-widget_type=\"heading.default\">\n\t\t\t\t<div class=\"elementor-widget-container\">\n\t\t\t<h2 class=\"elementor-heading-title elementor-size-default\">Efikasna komunikacija za bolju uklju\u010denost pacijenata<\/h2>\t\t<\/div>\n\t\t\t\t<\/div>\n\t\t\t\t<div class=\"elementor-element elementor-element-1d05042 elementor-widget elementor-widget-text-editor\" data-id=\"1d05042\" data-element_type=\"widget\" data-widget_type=\"text-editor.default\">\n\t\t\t\t<div class=\"elementor-widget-container\">\n\t\t\t\t\t\t\t<p>Unapre\u0111ena javna komunikacija osigurava da pacijenti budu dobro informisani, anga\u017eovani i aktivni u\u010desnici na svom putu ka ozdravljenju. Tako\u0111r doprinosi boljim ishodima zdravstvene za\u0161tite, pobolj\u0161anom zadovoljstvu pacijenata i zdravstveno pismenijoj populaciji.<\/p><p>Komunikacija sa javno\u0161\u0107u je klju\u010dni aspekt u svakodnevnim aktivnostima Op\u0161te bolnice u Pe\u0107i. Projekat \u201eUsluge integrisane zdravstvene za\u0161tite (IHS)\u201c nedavno se sastao sa direktorom dr. Fazlijem Shalaom i timom zadu\u017eenim za javnu komunikaciju i upravljanje veb stranicama, Naimom Sahitijem i Besfortom Gashijem, kako bi razgovarali o njihovim strategijama koje osiguravaju ta\u010dnu i blagovremenu diseminaciju informacija medijima i \u0161iroj javnosti.<\/p><p>Kancelarija za informisanje javnosti igra va\u017enu ulogu u premo\u0161\u0107ivanju jaza izme\u0111u medicinskih stru\u010dnjaka, institucije i zajednice. IHS projekat je posve\u0107en uskla\u0111ivanju ciljeva javnog zastupanja i obrazovanja sa na\u0161im partnerskim bolnicama u Pe\u0107i i \u0110akovici kako bi se podstakla sna\u017ena zdravstvena komunikacija i promovisale najbolje prakse za saradnju sa medijima i zajednicom u celini.<\/p>\t\t\t\t\t\t<\/div>\n\t\t\t\t<\/div>\n\t\t\t\t\t<\/div>\n\t\t\t\t<\/div>\n\t\t\t\t<\/div>","protected":false},"excerpt":{"rendered":"<p>Effective Communication for Better Patient Engagement Enhanced public communication ensures that patients are well-informed, engaged, and active participants in their healthcare journey. It also contributes to better healthcare outcomes, improved patient satisfaction, and a more health-literate population. Communicating with the public is a crucial aspect in the day-to-day activities of the General Hospital in Peja. [&hellip;]<\/p>","protected":false},"author":1,"featured_media":0,"parent":0,"menu_order":0,"comment_status":"closed","ping_status":"closed","template":"","meta":[],"_links":{"self":[{"href":"https:\/\/ihsproject.org\/sr\/wp-json\/wp\/v2\/pages\/12493"}],"collection":[{"href":"https:\/\/ihsproject.org\/sr\/wp-json\/wp\/v2\/pages"}],"about":[{"href":"https:\/\/ihsproject.org\/sr\/wp-json\/wp\/v2\/types\/page"}],"author":[{"embeddable":true,"href":"https:\/\/ihsproject.org\/sr\/wp-json\/wp\/v2\/users\/1"}],"replies":[{"embeddable":true,"href":"https:\/\/ihsproject.org\/sr\/wp-json\/wp\/v2\/comments?post=12493"}],"version-history":[{"count":16,"href":"https:\/\/ihsproject.org\/sr\/wp-json\/wp\/v2\/pages\/12493\/revisions"}],"predecessor-version":[{"id":12907,"href":"https:\/\/ihsproject.org\/sr\/wp-json\/wp\/v2\/pages\/12493\/revisions\/12907"}],"wp:attachment":[{"href":"https:\/\/ihsproject.org\/sr\/wp-json\/wp\/v2\/media?parent=12493"}],"curies":[{"name":"wp","href":"https:\/\/api.w.org\/{rel}","templated":true}]}}