{"id":12466,"date":"2023-08-09T16:58:53","date_gmt":"2023-08-09T16:58:53","guid":{"rendered":"https:\/\/ihsproject.org\/?page_id=12466"},"modified":"2023-08-09T17:01:29","modified_gmt":"2023-08-09T17:01:29","slug":"august-9-2023","status":"publish","type":"page","link":"https:\/\/ihsproject.org\/sr\/august-9-2023\/","title":{"rendered":"9 Avgusta 2023"},"content":{"rendered":"<div data-elementor-type=\"wp-page\" data-elementor-id=\"12466\" class=\"elementor elementor-12466\">\n\t\t\t\t<div class=\"elementor-element elementor-element-ea6a6ef e-flex e-con-boxed e-con e-parent\" data-id=\"ea6a6ef\" data-element_type=\"container\" data-core-v316-plus=\"true\">\n\t\t\t\t\t<div class=\"e-con-inner\">\n\t\t\t\t<div class=\"elementor-element elementor-element-3d22cc7 elementor-widget elementor-widget-image\" data-id=\"3d22cc7\" data-element_type=\"widget\" data-widget_type=\"image.default\">\n\t\t\t\t<div class=\"elementor-widget-container\">\n\t\t\t\t\t\t\t\t\t\t\t\t\t<img fetchpriority=\"high\" decoding=\"async\" width=\"1600\" height=\"900\" src=\"https:\/\/ihsproject.org\/wp-content\/uploads\/2023\/08\/First_Meeting_of_WG_for_QMS_Design_at_Hospital_Level.jpg\" class=\"attachment-full size-full wp-image-12470\" alt=\"\" srcset=\"https:\/\/ihsproject.org\/wp-content\/uploads\/2023\/08\/First_Meeting_of_WG_for_QMS_Design_at_Hospital_Level.jpg 1600w, https:\/\/ihsproject.org\/wp-content\/uploads\/2023\/08\/First_Meeting_of_WG_for_QMS_Design_at_Hospital_Level-300x169.jpg 300w, https:\/\/ihsproject.org\/wp-content\/uploads\/2023\/08\/First_Meeting_of_WG_for_QMS_Design_at_Hospital_Level-1024x576.jpg 1024w, https:\/\/ihsproject.org\/wp-content\/uploads\/2023\/08\/First_Meeting_of_WG_for_QMS_Design_at_Hospital_Level-768x432.jpg 768w, https:\/\/ihsproject.org\/wp-content\/uploads\/2023\/08\/First_Meeting_of_WG_for_QMS_Design_at_Hospital_Level-1536x864.jpg 1536w, https:\/\/ihsproject.org\/wp-content\/uploads\/2023\/08\/First_Meeting_of_WG_for_QMS_Design_at_Hospital_Level-18x10.jpg 18w\" sizes=\"(max-width: 1600px) 100vw, 1600px\" \/>\t\t\t\t\t\t\t\t\t\t\t\t\t<\/div>\n\t\t\t\t<\/div>\n\t\t\t\t\t<\/div>\n\t\t\t\t<\/div>\n\t\t<div class=\"elementor-element elementor-element-5e72a9c e-flex e-con-boxed e-con e-parent\" data-id=\"5e72a9c\" data-element_type=\"container\" data-core-v316-plus=\"true\">\n\t\t\t\t\t<div class=\"e-con-inner\">\n\t\t\t\t<div class=\"elementor-element elementor-element-80a500d elementor-widget elementor-widget-heading\" data-id=\"80a500d\" data-element_type=\"widget\" data-widget_type=\"heading.default\">\n\t\t\t\t<div class=\"elementor-widget-container\">\n\t\t\t<h2 class=\"elementor-heading-title elementor-size-default\">Pokretanje sistema upravljanja kvalitetom za bolni\u010dko okru\u017eenje<\/h2>\t\t<\/div>\n\t\t\t\t<\/div>\n\t\t\t\t<div class=\"elementor-element elementor-element-c43c0fa elementor-widget elementor-widget-text-editor\" data-id=\"c43c0fa\" data-element_type=\"widget\" data-widget_type=\"text-editor.default\">\n\t\t\t\t<div class=\"elementor-widget-container\">\n\t\t\t\t\t\t\t<p>Visokokvalitetna i sigurna nega pacijenata posti\u017ee se saradnjom izme\u0111u pacijenata i zdravstvenih radnika u okru\u017eenju podr\u0161ke. Uz uspostavljen sistem upravljanja kvalitetom (QMS), bolnice mogu osigurati takvu negu pacijenata, smanjiti gre\u0161ke i nesre\u0107e i optimizovati raspodjelu resursa.<\/p><p>Ministarstvo zdravlja Kosova je imenovalo radnu grupu za izradu standarda QMS na bolni\u010dkom nivou, kojom predsedava dr Niman Bardhi. Na prvom sastanku odr\u017eanom 9. avgusta 2023. godine, \u010dlanovi su razgovarali o akcionom planu za primenu QMS-a, projektnom zadatku za dalji rad grupe i dodelili odgovornosti za naredni sastanak.<\/p><p>\u201eUpoznali smo dosada\u0161nje inicijative u pogledu upravljanja kvalitetom na nacionalnom nivou i rezultate studije QMS analize nedostataka koju je sproveo projekat Integrisane zdravstvene usluge (IHS)\u201c, rekao je dr. Ilir Mecini, zamenik vo\u0111e tima na IHS projektu, \u0161to olak\u0161ava aktivnosti radne grupe.<\/p><p>Radna grupa za izradu QMS-a na bolni\u010dkom nivou se sastoji od predstavnika Ministarstva zdravlja, Kosovskih bolni\u010dkih i klini\u010dkih univerzitetskih slu\u017ebi, Kosovskog univerzitetskog klini\u010dkog centra i op\u0161tih bolnica u Pe\u0107i i \u0110akovici.<\/p>\t\t\t\t\t\t<\/div>\n\t\t\t\t<\/div>\n\t\t\t\t\t<\/div>\n\t\t\t\t<\/div>\n\t\t\t\t<\/div>","protected":false},"excerpt":{"rendered":"<p>Initiating Quality Management Systems for Hospital Settings High-quality and safe patient care is achieved through cooperation between patients and healthcare providers in a supportive environment. With a Quality Management System (QMS) in place, hospitals can ensure such patient care, reduce errors and accidents, and optimize resource allocation. The Ministry of Health of Kosovo has appointed [&hellip;]<\/p>","protected":false},"author":1,"featured_media":0,"parent":0,"menu_order":0,"comment_status":"closed","ping_status":"closed","template":"","meta":[],"_links":{"self":[{"href":"https:\/\/ihsproject.org\/sr\/wp-json\/wp\/v2\/pages\/12466"}],"collection":[{"href":"https:\/\/ihsproject.org\/sr\/wp-json\/wp\/v2\/pages"}],"about":[{"href":"https:\/\/ihsproject.org\/sr\/wp-json\/wp\/v2\/types\/page"}],"author":[{"embeddable":true,"href":"https:\/\/ihsproject.org\/sr\/wp-json\/wp\/v2\/users\/1"}],"replies":[{"embeddable":true,"href":"https:\/\/ihsproject.org\/sr\/wp-json\/wp\/v2\/comments?post=12466"}],"version-history":[{"count":4,"href":"https:\/\/ihsproject.org\/sr\/wp-json\/wp\/v2\/pages\/12466\/revisions"}],"predecessor-version":[{"id":12473,"href":"https:\/\/ihsproject.org\/sr\/wp-json\/wp\/v2\/pages\/12466\/revisions\/12473"}],"wp:attachment":[{"href":"https:\/\/ihsproject.org\/sr\/wp-json\/wp\/v2\/media?parent=12466"}],"curies":[{"name":"wp","href":"https:\/\/api.w.org\/{rel}","templated":true}]}}