{"id":12427,"date":"2023-08-07T17:40:22","date_gmt":"2023-08-07T17:40:22","guid":{"rendered":"https:\/\/ihsproject.org\/?page_id=12427"},"modified":"2023-08-08T08:02:31","modified_gmt":"2023-08-08T08:02:31","slug":"august-7-2023-2nd","status":"publish","type":"page","link":"https:\/\/ihsproject.org\/sr\/august-7-2023-2nd\/","title":{"rendered":"7 Avgusta 2023"},"content":{"rendered":"<div data-elementor-type=\"wp-page\" data-elementor-id=\"12427\" class=\"elementor elementor-12427\">\n\t\t\t\t<div class=\"elementor-element elementor-element-03c4ba1 e-flex e-con-boxed e-con e-parent\" data-id=\"03c4ba1\" data-element_type=\"container\" data-core-v316-plus=\"true\">\n\t\t\t\t\t<div class=\"e-con-inner\">\n\t\t\t\t<div class=\"elementor-element elementor-element-f714261 elementor-widget elementor-widget-image\" data-id=\"f714261\" data-element_type=\"widget\" data-widget_type=\"image.default\">\n\t\t\t\t<div class=\"elementor-widget-container\">\n\t\t\t\t\t\t\t\t\t\t\t\t\t<img fetchpriority=\"high\" decoding=\"async\" width=\"1600\" height=\"900\" src=\"https:\/\/ihsproject.org\/wp-content\/uploads\/2023\/08\/Partnership_to_Support-Improved_Patient_Representation.jpg\" class=\"attachment-full size-full wp-image-12423\" alt=\"\" srcset=\"https:\/\/ihsproject.org\/wp-content\/uploads\/2023\/08\/Partnership_to_Support-Improved_Patient_Representation.jpg 1600w, https:\/\/ihsproject.org\/wp-content\/uploads\/2023\/08\/Partnership_to_Support-Improved_Patient_Representation-300x169.jpg 300w, https:\/\/ihsproject.org\/wp-content\/uploads\/2023\/08\/Partnership_to_Support-Improved_Patient_Representation-1024x576.jpg 1024w, https:\/\/ihsproject.org\/wp-content\/uploads\/2023\/08\/Partnership_to_Support-Improved_Patient_Representation-768x432.jpg 768w, https:\/\/ihsproject.org\/wp-content\/uploads\/2023\/08\/Partnership_to_Support-Improved_Patient_Representation-1536x864.jpg 1536w, https:\/\/ihsproject.org\/wp-content\/uploads\/2023\/08\/Partnership_to_Support-Improved_Patient_Representation-18x10.jpg 18w\" sizes=\"(max-width: 1600px) 100vw, 1600px\" \/>\t\t\t\t\t\t\t\t\t\t\t\t\t<\/div>\n\t\t\t\t<\/div>\n\t\t\t\t\t<\/div>\n\t\t\t\t<\/div>\n\t\t<div class=\"elementor-element elementor-element-07729ea e-flex e-con-boxed e-con e-parent\" data-id=\"07729ea\" data-element_type=\"container\" data-core-v316-plus=\"true\">\n\t\t\t\t\t<div class=\"e-con-inner\">\n\t\t\t\t<div class=\"elementor-element elementor-element-00dcca1 elementor-widget elementor-widget-heading\" data-id=\"00dcca1\" data-element_type=\"widget\" data-widget_type=\"heading.default\">\n\t\t\t\t<div class=\"elementor-widget-container\">\n\t\t\t<h2 class=\"elementor-heading-title elementor-size-default\">Partnerstvo za podr\u0161ku pobolj\u0161anoj zastupljenosti pacijenata<\/h2>\t\t<\/div>\n\t\t\t\t<\/div>\n\t\t\t\t<div class=\"elementor-element elementor-element-4803131 elementor-widget elementor-widget-text-editor\" data-id=\"4803131\" data-element_type=\"widget\" data-widget_type=\"text-editor.default\">\n\t\t\t\t<div class=\"elementor-widget-container\">\n\t\t\t\t\t\t\t<p>Pove\u0107anje gra\u0111anskog anga\u017emana kako bi se doprinelo zdravstvenim uslugama usmerenim na pacijenta je u sr\u017ei partnerstva izme\u0111u Kosovskog udru\u017eenja za prava pacijenata (PRAK) i projekta Integrisanih zdravstvenih usluga (IHS). Ovo je bila klju\u010dna tema na sastanku sa rukovodstvom PRAK-a kako bi se osmislile aktivnosti koje \u017eele doprineti zagovaranju i podr\u0161cipacijenata.<\/p><p>\u201eKlju\u010dno je podsticati nove modalitete saradnje, uklju\u010duju\u0107i civilno dru\u0161tvo i druge zainteresovane strane, u cilju ja\u010danja uloge svih organizacija koje doprinose pravima pacijenata. Fokusirani smo na negovanje \u0161ire mre\u017ee takvih organizacija,\u201d rekao je Ru\u017edi Rexha, izvr\u0161ni direktor PRAK-a.<\/p><p>Ovo partnerstvo izme\u0111u PRAK-a i IHS-a je vo\u0111eno memorandumom o razumevanju koji pokriva niz ciljanih aktivnosti, kao \u0161to je ja\u010danje uloge PRAK-a i drugih organizacija u podru\u010dju prava pacijenata i podr\u017eavanje mogu\u0107nosti me\u0111unarodnog umre\u017eavanja kako bi se katalizovalo zastupanje i podr\u0161ka pacijenata.<\/p>\t\t\t\t\t\t<\/div>\n\t\t\t\t<\/div>\n\t\t\t\t\t<\/div>\n\t\t\t\t<\/div>\n\t\t\t\t<\/div>","protected":false},"excerpt":{"rendered":"<p>Partnership to Support Improved Patient Representation Enhancing civic engagement to contribute to patient-centered healthcare services is at the core of the partnership between the Patients\u2019 Rights Association of Kosovo (PRAK) and Integrated Health Services (IHS) project. This was the key theme at a meeting with PRAK leadership to design activities that seek to contribute to [&hellip;]<\/p>","protected":false},"author":1,"featured_media":0,"parent":0,"menu_order":0,"comment_status":"closed","ping_status":"closed","template":"","meta":[],"_links":{"self":[{"href":"https:\/\/ihsproject.org\/sr\/wp-json\/wp\/v2\/pages\/12427"}],"collection":[{"href":"https:\/\/ihsproject.org\/sr\/wp-json\/wp\/v2\/pages"}],"about":[{"href":"https:\/\/ihsproject.org\/sr\/wp-json\/wp\/v2\/types\/page"}],"author":[{"embeddable":true,"href":"https:\/\/ihsproject.org\/sr\/wp-json\/wp\/v2\/users\/1"}],"replies":[{"embeddable":true,"href":"https:\/\/ihsproject.org\/sr\/wp-json\/wp\/v2\/comments?post=12427"}],"version-history":[{"count":5,"href":"https:\/\/ihsproject.org\/sr\/wp-json\/wp\/v2\/pages\/12427\/revisions"}],"predecessor-version":[{"id":12458,"href":"https:\/\/ihsproject.org\/sr\/wp-json\/wp\/v2\/pages\/12427\/revisions\/12458"}],"wp:attachment":[{"href":"https:\/\/ihsproject.org\/sr\/wp-json\/wp\/v2\/media?parent=12427"}],"curies":[{"name":"wp","href":"https:\/\/api.w.org\/{rel}","templated":true}]}}