{"id":12403,"date":"2023-08-07T17:04:33","date_gmt":"2023-08-07T17:04:33","guid":{"rendered":"https:\/\/ihsproject.org\/?page_id=12403"},"modified":"2023-08-07T17:45:16","modified_gmt":"2023-08-07T17:45:16","slug":"august-7-2023","status":"publish","type":"page","link":"https:\/\/ihsproject.org\/sr\/august-7-2023\/","title":{"rendered":"7 Avgusta 2023"},"content":{"rendered":"<div data-elementor-type=\"wp-page\" data-elementor-id=\"12403\" class=\"elementor elementor-12403\">\n\t\t\t\t<div class=\"elementor-element elementor-element-de7a255 e-flex e-con-boxed e-con e-parent\" data-id=\"de7a255\" data-element_type=\"container\" data-core-v316-plus=\"true\">\n\t\t\t\t\t<div class=\"e-con-inner\">\n\t\t\t\t<div class=\"elementor-element elementor-element-f8b7e93 elementor-widget elementor-widget-image\" data-id=\"f8b7e93\" data-element_type=\"widget\" data-widget_type=\"image.default\">\n\t\t\t\t<div class=\"elementor-widget-container\">\n\t\t\t\t\t\t\t\t\t\t\t\t\t<img fetchpriority=\"high\" decoding=\"async\" width=\"1600\" height=\"900\" src=\"https:\/\/ihsproject.org\/wp-content\/uploads\/2023\/08\/Self_management_second_meeting_peja_21.jpg\" class=\"attachment-full size-full wp-image-12410\" alt=\"\" srcset=\"https:\/\/ihsproject.org\/wp-content\/uploads\/2023\/08\/Self_management_second_meeting_peja_21.jpg 1600w, https:\/\/ihsproject.org\/wp-content\/uploads\/2023\/08\/Self_management_second_meeting_peja_21-300x169.jpg 300w, https:\/\/ihsproject.org\/wp-content\/uploads\/2023\/08\/Self_management_second_meeting_peja_21-1024x576.jpg 1024w, https:\/\/ihsproject.org\/wp-content\/uploads\/2023\/08\/Self_management_second_meeting_peja_21-768x432.jpg 768w, https:\/\/ihsproject.org\/wp-content\/uploads\/2023\/08\/Self_management_second_meeting_peja_21-1536x864.jpg 1536w, https:\/\/ihsproject.org\/wp-content\/uploads\/2023\/08\/Self_management_second_meeting_peja_21-18x10.jpg 18w\" sizes=\"(max-width: 1600px) 100vw, 1600px\" \/>\t\t\t\t\t\t\t\t\t\t\t\t\t<\/div>\n\t\t\t\t<\/div>\n\t\t\t\t\t<\/div>\n\t\t\t\t<\/div>\n\t\t<div class=\"elementor-element elementor-element-d0319d4 e-flex e-con-boxed e-con e-parent\" data-id=\"d0319d4\" data-element_type=\"container\" data-core-v316-plus=\"true\">\n\t\t\t\t\t<div class=\"e-con-inner\">\n\t\t\t\t<div class=\"elementor-element elementor-element-c41a1c3 elementor-widget elementor-widget-heading\" data-id=\"c41a1c3\" data-element_type=\"widget\" data-widget_type=\"heading.default\">\n\t\t\t\t<div class=\"elementor-widget-container\">\n\t\t\t<h2 class=\"elementor-heading-title elementor-size-default\">Napredak sa Programom samoupravljanja pacijenata za dijabetes i hipertenziju<\/h2>\t\t<\/div>\n\t\t\t\t<\/div>\n\t\t\t\t<div class=\"elementor-element elementor-element-10ad14d elementor-widget elementor-widget-text-editor\" data-id=\"10ad14d\" data-element_type=\"widget\" data-widget_type=\"text-editor.default\">\n\t\t\t\t<div class=\"elementor-widget-container\">\n\t\t\t\t\t\t\t<p>Kriterijumi za kategorije pacijenata koji \u0107e biti uklju\u010deni u program samoupravljanja dijabetesom i hipertenzijom utvr\u0111eni su na drugom sastanku radne grupe za ovaj program koji je odr\u017ean 1-2. avgusta 2023. godine.<\/p><p>Pored toga, radna grupa je razradila i druge aspekte programa samoupravljanja, kao \u0161to je mogu\u0107nost kori\u0161\u0107enja digitalnog alata i funkcija tog instrumenta za pomo\u0107 pacijentima da samostalno upravljaju dijabetesom, ljudske resurse koji \u0107e se od postoje\u0107ih dodeliti za implementaciju program, kao i potreba da se obezbede edukativno \u2013 promotivni materijali za pra\u0107enje i edukaciju kako pacijenata tako i \u010dlanova njihovih porodica.<\/p><p>Ovaj program nastoji da pobolj\u0161a pristup ve\u0107em broju pacijenata kojima je potrebna pobolj\u0161ana podr\u0161ka i da prati njihovo stanje tokom bolni\u010dkih poseta i podr\u017ei druge pacijente kojima se uz minimalnu podr\u0161ku mo\u017ee omogu\u0107iti da sami upravljaju svojim stanjem, \u010dime se smanjuje broj ponovnih hospitalizacija.<\/p><p>Radnom grupom predsedava dr Niman Bardhi, Ministarstvo zdravlja, a \u010dine je predstavnici Op\u0161tih bolnica \u0110akovica i Pe\u0107, Glavnog centra porodi\u010dne medicine \u0110akovice i Pe\u0107i, Udru\u017eenja pacijenata sa dijabetesom i Udru\u017eenja za prava pacijenata. Kosova.<\/p>\t\t\t\t\t\t<\/div>\n\t\t\t\t<\/div>\n\t\t\t\t\t<\/div>\n\t\t\t\t<\/div>\n\t\t\t\t<\/div>","protected":false},"excerpt":{"rendered":"<p>Progress with the Patient Self-Management Program for Diabetes and Hypertension The criteria for the categories of patients to be included in the self-management program for diabetes and hypertension were determined at the second meeting of the working group for this program that took place on 1-2 August 2023. Additionally, the working group elaborated other aspects [&hellip;]<\/p>","protected":false},"author":1,"featured_media":0,"parent":0,"menu_order":0,"comment_status":"closed","ping_status":"closed","template":"","meta":[],"_links":{"self":[{"href":"https:\/\/ihsproject.org\/sr\/wp-json\/wp\/v2\/pages\/12403"}],"collection":[{"href":"https:\/\/ihsproject.org\/sr\/wp-json\/wp\/v2\/pages"}],"about":[{"href":"https:\/\/ihsproject.org\/sr\/wp-json\/wp\/v2\/types\/page"}],"author":[{"embeddable":true,"href":"https:\/\/ihsproject.org\/sr\/wp-json\/wp\/v2\/users\/1"}],"replies":[{"embeddable":true,"href":"https:\/\/ihsproject.org\/sr\/wp-json\/wp\/v2\/comments?post=12403"}],"version-history":[{"count":10,"href":"https:\/\/ihsproject.org\/sr\/wp-json\/wp\/v2\/pages\/12403\/revisions"}],"predecessor-version":[{"id":12441,"href":"https:\/\/ihsproject.org\/sr\/wp-json\/wp\/v2\/pages\/12403\/revisions\/12441"}],"wp:attachment":[{"href":"https:\/\/ihsproject.org\/sr\/wp-json\/wp\/v2\/media?parent=12403"}],"curies":[{"name":"wp","href":"https:\/\/api.w.org\/{rel}","templated":true}]}}