{"id":12297,"date":"2023-07-18T15:18:50","date_gmt":"2023-07-18T15:18:50","guid":{"rendered":"https:\/\/ihsproject.org\/?page_id=12297"},"modified":"2023-07-18T15:20:34","modified_gmt":"2023-07-18T15:20:34","slug":"july-17-2023","status":"publish","type":"page","link":"https:\/\/ihsproject.org\/sr\/july-17-2023\/","title":{"rendered":"17 Jul 2023"},"content":{"rendered":"<div data-elementor-type=\"wp-page\" data-elementor-id=\"12297\" class=\"elementor elementor-12297\">\n\t\t\t\t<div class=\"elementor-element elementor-element-35e84ee9 e-flex e-con-boxed e-con e-parent\" data-id=\"35e84ee9\" data-element_type=\"container\" data-core-v316-plus=\"true\">\n\t\t\t\t\t<div class=\"e-con-inner\">\n\t\t\t\t<div class=\"elementor-element elementor-element-2aa20d7 elementor-widget elementor-widget-image\" data-id=\"2aa20d7\" data-element_type=\"widget\" data-widget_type=\"image.default\">\n\t\t\t\t<div class=\"elementor-widget-container\">\n\t\t\t\t\t\t\t\t\t\t\t\t\t<img fetchpriority=\"high\" decoding=\"async\" width=\"1600\" height=\"900\" src=\"https:\/\/ihsproject.org\/wp-content\/uploads\/2023\/07\/20230714-SOP-Nursing-Meeting-Istog-10.jpeg\" class=\"attachment-full size-full wp-image-12299\" alt=\"\" srcset=\"https:\/\/ihsproject.org\/wp-content\/uploads\/2023\/07\/20230714-SOP-Nursing-Meeting-Istog-10.jpeg 1600w, https:\/\/ihsproject.org\/wp-content\/uploads\/2023\/07\/20230714-SOP-Nursing-Meeting-Istog-10-300x169.jpeg 300w, https:\/\/ihsproject.org\/wp-content\/uploads\/2023\/07\/20230714-SOP-Nursing-Meeting-Istog-10-1024x576.jpeg 1024w, https:\/\/ihsproject.org\/wp-content\/uploads\/2023\/07\/20230714-SOP-Nursing-Meeting-Istog-10-768x432.jpeg 768w, https:\/\/ihsproject.org\/wp-content\/uploads\/2023\/07\/20230714-SOP-Nursing-Meeting-Istog-10-1536x864.jpeg 1536w, https:\/\/ihsproject.org\/wp-content\/uploads\/2023\/07\/20230714-SOP-Nursing-Meeting-Istog-10-18x10.jpeg 18w\" sizes=\"(max-width: 1600px) 100vw, 1600px\" \/>\t\t\t\t\t\t\t\t\t\t\t\t\t<\/div>\n\t\t\t\t<\/div>\n\t\t\t\t\t<\/div>\n\t\t\t\t<\/div>\n\t\t<div class=\"elementor-element elementor-element-61563f22 e-flex e-con-boxed e-con e-parent\" data-id=\"61563f22\" data-element_type=\"container\" data-core-v316-plus=\"true\">\n\t\t\t\t\t<div class=\"e-con-inner\">\n\t\t\t\t<div class=\"elementor-element elementor-element-794d9949 elementor-widget elementor-widget-heading\" data-id=\"794d9949\" data-element_type=\"widget\" data-widget_type=\"heading.default\">\n\t\t\t\t<div class=\"elementor-widget-container\">\n\t\t\t<h2 class=\"elementor-heading-title elementor-size-default\">Unapre\u0111enje usluga medicinske sestre kroz standardne operativne procedure<\/h2>\t\t<\/div>\n\t\t\t\t<\/div>\n\t\t\t\t<div class=\"elementor-element elementor-element-23584627 elementor-widget elementor-widget-text-editor\" data-id=\"23584627\" data-element_type=\"widget\" data-widget_type=\"text-editor.default\">\n\t\t\t\t<div class=\"elementor-widget-container\">\n\t\t\t\t\t\t\t<p class=\"p1\">Rad na prvom priru\u010dniku o standardnim operativnim procedurama za sekundarnu i tercijarnu negu u oblasti rada medicinskih sestara nastavlja se punom parom. Na sastanku odr\u017eanom pro\u0161le nedelje u Istoku, \u010dlanovi radne grupe dali su doprinos ovom sveobuhvatnom okviru za standardizovanu praksu medicinskih sestara.<\/p><p class=\"p1\">\u010clanovi radne grupe koju je okupilo Ministarstvo zdravlja Kosova su lekari, medicinske sestre, advokati, predstavnici Komore medicinskih sestara i civilnog dru\u0161tva, a njen cilj je da stvori dosledan i pouzdan okvir koji \u0107e podr\u017eati najvi\u0161e standarde nege u celom zdravstvenom sistemu. Na ovoj radionici predstavljen je rad koji se sprovodi na unapre\u0111enju standarda medicinskih sestara koji \u0107e voditi zdravstvene radnike u njihovom radu i promovisati pru\u017eanje sigurne i efikasne nege.<\/p><p class=\"p1\">IHS projekat pru\u017ea podr\u0161ku procesu fasilitacije, u skladu sa svojim ciljem pobolj\u0161anja operacionalizacije puteva nege nezaraznih bolesti izme\u0111u odabranih op\u0161tih bolnica i ustanova primarne zdravstvene za\u0161tite.<\/p>\t\t\t\t\t\t<\/div>\n\t\t\t\t<\/div>\n\t\t\t\t\t<\/div>\n\t\t\t\t<\/div>\n\t\t\t\t<\/div>","protected":false},"excerpt":{"rendered":"<p>Advancing Nursing Service Through Standard Operating Procedures Work on the first manual on Standard Operating Procedures for Secondary and Tertiary Care in nursing continues at full speed. At the meeting held last week in Istog, the working group members contributed towards this comprehensive framework for standardized nursing practices. The members of the working group brought [&hellip;]<\/p>","protected":false},"author":1,"featured_media":0,"parent":0,"menu_order":0,"comment_status":"closed","ping_status":"closed","template":"","meta":[],"_links":{"self":[{"href":"https:\/\/ihsproject.org\/sr\/wp-json\/wp\/v2\/pages\/12297"}],"collection":[{"href":"https:\/\/ihsproject.org\/sr\/wp-json\/wp\/v2\/pages"}],"about":[{"href":"https:\/\/ihsproject.org\/sr\/wp-json\/wp\/v2\/types\/page"}],"author":[{"embeddable":true,"href":"https:\/\/ihsproject.org\/sr\/wp-json\/wp\/v2\/users\/1"}],"replies":[{"embeddable":true,"href":"https:\/\/ihsproject.org\/sr\/wp-json\/wp\/v2\/comments?post=12297"}],"version-history":[{"count":4,"href":"https:\/\/ihsproject.org\/sr\/wp-json\/wp\/v2\/pages\/12297\/revisions"}],"predecessor-version":[{"id":12303,"href":"https:\/\/ihsproject.org\/sr\/wp-json\/wp\/v2\/pages\/12297\/revisions\/12303"}],"wp:attachment":[{"href":"https:\/\/ihsproject.org\/sr\/wp-json\/wp\/v2\/media?parent=12297"}],"curies":[{"name":"wp","href":"https:\/\/api.w.org\/{rel}","templated":true}]}}