{"id":12138,"date":"2023-07-06T09:17:53","date_gmt":"2023-07-06T09:17:53","guid":{"rendered":"https:\/\/ihsproject.org\/?page_id=12138"},"modified":"2023-07-06T09:31:00","modified_gmt":"2023-07-06T09:31:00","slug":"july-5-2023","status":"publish","type":"page","link":"https:\/\/ihsproject.org\/sr\/july-5-2023\/","title":{"rendered":"5 Jul 2023"},"content":{"rendered":"<div data-elementor-type=\"wp-page\" data-elementor-id=\"12138\" class=\"elementor elementor-12138\">\n\t\t\t\t<div class=\"elementor-element elementor-element-e61ac87 e-flex e-con-boxed e-con e-parent\" data-id=\"e61ac87\" data-element_type=\"container\" data-core-v316-plus=\"true\">\n\t\t\t\t\t<div class=\"e-con-inner\">\n\t\t\t\t<div class=\"elementor-element elementor-element-7dceb02 elementor-widget elementor-widget-image\" data-id=\"7dceb02\" data-element_type=\"widget\" data-widget_type=\"image.default\">\n\t\t\t\t<div class=\"elementor-widget-container\">\n\t\t\t\t\t\t\t\t\t\t\t\t\t<img fetchpriority=\"high\" decoding=\"async\" width=\"1800\" height=\"1000\" src=\"https:\/\/ihsproject.org\/wp-content\/uploads\/2023\/07\/IHS-Quality-Management-Workshop-to-Enhance-Patient-Care-and-Service-Efficiency.jpg\" class=\"attachment-full size-full wp-image-12143\" alt=\"\" srcset=\"https:\/\/ihsproject.org\/wp-content\/uploads\/2023\/07\/IHS-Quality-Management-Workshop-to-Enhance-Patient-Care-and-Service-Efficiency.jpg 1800w, https:\/\/ihsproject.org\/wp-content\/uploads\/2023\/07\/IHS-Quality-Management-Workshop-to-Enhance-Patient-Care-and-Service-Efficiency-300x167.jpg 300w, https:\/\/ihsproject.org\/wp-content\/uploads\/2023\/07\/IHS-Quality-Management-Workshop-to-Enhance-Patient-Care-and-Service-Efficiency-1024x569.jpg 1024w, https:\/\/ihsproject.org\/wp-content\/uploads\/2023\/07\/IHS-Quality-Management-Workshop-to-Enhance-Patient-Care-and-Service-Efficiency-768x427.jpg 768w, https:\/\/ihsproject.org\/wp-content\/uploads\/2023\/07\/IHS-Quality-Management-Workshop-to-Enhance-Patient-Care-and-Service-Efficiency-1536x853.jpg 1536w, https:\/\/ihsproject.org\/wp-content\/uploads\/2023\/07\/IHS-Quality-Management-Workshop-to-Enhance-Patient-Care-and-Service-Efficiency-18x10.jpg 18w\" sizes=\"(max-width: 1800px) 100vw, 1800px\" \/>\t\t\t\t\t\t\t\t\t\t\t\t\t<\/div>\n\t\t\t\t<\/div>\n\t\t\t\t\t<\/div>\n\t\t\t\t<\/div>\n\t\t<div class=\"elementor-element elementor-element-d9e9bfc e-flex e-con-boxed e-con e-parent\" data-id=\"d9e9bfc\" data-element_type=\"container\" data-core-v316-plus=\"true\">\n\t\t\t\t\t<div class=\"e-con-inner\">\n\t\t\t\t<div class=\"elementor-element elementor-element-498b08c elementor-widget elementor-widget-heading\" data-id=\"498b08c\" data-element_type=\"widget\" data-widget_type=\"heading.default\">\n\t\t\t\t<div class=\"elementor-widget-container\">\n\t\t\t<h2 class=\"elementor-heading-title elementor-size-default\">Radionica za upravljanja kvalitetom za pobolj\u0161anje nege pacijenata i efikasnosti usluga<\/h2>\t\t<\/div>\n\t\t\t\t<\/div>\n\t\t\t\t<div class=\"elementor-element elementor-element-4aba4f2 elementor-widget elementor-widget-text-editor\" data-id=\"4aba4f2\" data-element_type=\"widget\" data-widget_type=\"text-editor.default\">\n\t\t\t\t<div class=\"elementor-widget-container\">\n\t\t\t\t\t\t\t<p>Projekat Integrisane zdravstvene usluge (IHS) organizovao je u junu sveobuhvatnu radionicu upravljanja kvalitetom o standardima pru\u017eanja zdravstvene za\u0161tite u bolni\u010dkim uslovima. Posebno je dizajniran da podstakne saradnju i interaktivno u\u010denje izme\u0111u menad\u017eera, zdravstvenih radnika i predstavnika pacijenata, kako bi se pokrenule inicijative za pobolj\u0161anje kvaliteta.<\/p><p>Kroz niz interaktivnih sesija i saradni\u010dkih aktivnosti, u\u010desnici su bili opremljeni osnovnim znanjem i ve\u0161tinama za optimizaciju procesa, pojednostavljenje operacija i pobolj\u0161anje ishoda pacijenata kroz efikasno upravljanje kvalitetom.<\/p><p>Besart Ga\u0161i iz Op\u0161te bolnice u \u0110akovici izrazio je odu\u0161evljenje radionicom, rekav\u0161i: \u201eVeoma je ohrabruju\u0107e videti da postoje ljudi koji su re\u0161eni da unaprede zdravstvenu za\u0161titu u na\u0161oj zemlji\u201c. On je odao priznanje za vredan doprinos koji su dali fasilitatori Manfred Zahorka i Sofi Wang i projekat IHS, isti\u010du\u0107i potencijal da se pozitivno uti\u010de na efikasnost i efektivnost zdravstvene za\u0161tite, \u010dime se podjednako koristi pacijentima i zdravstvenim radnicima.<\/p><p>Nol Bek\u0107eli iz Op\u0161te bolnice u Pe\u0107i izneo je svoje uvide o radionici, rekav\u0161i: \u201eRadionica je bila ciljana. Sa kori\u0161\u0107enim metodama, zajedno sa kolegama, razgovarali smo o planiranju pobolj\u0161anja kvaliteta ponu\u0111enih zdravstvenih usluga, uvek oslanjaju\u0107i se na osoblje koje imamo na raspolaganju.\"<\/p><p>Radionica o upravljanju kvalitetom bavila se klju\u010dnim elementima upravljanja kvalitetom, omogu\u0107avaju\u0107i u\u010desnicima da mere kvalitetne rezultate i ishode, istovremeno promovi\u0161u\u0107i kontinuirano pobolj\u0161anje. Jo\u0161 jedno va\u017eno dostignu\u0107e radionice je to \u0161to su u\u010desnici identifikovali dva problema sa kojima se trenutno suo\u010davaju u pogledu upravljanja kvalitetom i naveli kako da po\u010dnu da rade na projektima unapre\u0111enja kvaliteta koji poma\u017eu u re\u0161avanju identifikovanih problema.<\/p>\t\t\t\t\t\t<\/div>\n\t\t\t\t<\/div>\n\t\t\t\t\t<\/div>\n\t\t\t\t<\/div>\n\t\t\t\t<\/div>","protected":false},"excerpt":{"rendered":"<p>Quality Management Workshop to Enhance Patient Care and Service Efficiency In June, the Integrated Health Services (IHS) project organized a comprehensive Quality\u00a0Management Workshop standards of healthcare provision in hospital settings. It was specifically\u00a0designed to foster collaboration and interactive learning between managers, healthcare\u00a0professionals, and patient representatives, to drive quality improvement initiatives. Through a series of interactive [&hellip;]<\/p>","protected":false},"author":1,"featured_media":0,"parent":0,"menu_order":0,"comment_status":"closed","ping_status":"closed","template":"","meta":[],"_links":{"self":[{"href":"https:\/\/ihsproject.org\/sr\/wp-json\/wp\/v2\/pages\/12138"}],"collection":[{"href":"https:\/\/ihsproject.org\/sr\/wp-json\/wp\/v2\/pages"}],"about":[{"href":"https:\/\/ihsproject.org\/sr\/wp-json\/wp\/v2\/types\/page"}],"author":[{"embeddable":true,"href":"https:\/\/ihsproject.org\/sr\/wp-json\/wp\/v2\/users\/1"}],"replies":[{"embeddable":true,"href":"https:\/\/ihsproject.org\/sr\/wp-json\/wp\/v2\/comments?post=12138"}],"version-history":[{"count":4,"href":"https:\/\/ihsproject.org\/sr\/wp-json\/wp\/v2\/pages\/12138\/revisions"}],"predecessor-version":[{"id":12146,"href":"https:\/\/ihsproject.org\/sr\/wp-json\/wp\/v2\/pages\/12138\/revisions\/12146"}],"wp:attachment":[{"href":"https:\/\/ihsproject.org\/sr\/wp-json\/wp\/v2\/media?parent=12138"}],"curies":[{"name":"wp","href":"https:\/\/api.w.org\/{rel}","templated":true}]}}