{"id":11778,"date":"2023-06-21T15:22:58","date_gmt":"2023-06-21T15:22:58","guid":{"rendered":"https:\/\/ihsproject.org\/?page_id=11778"},"modified":"2023-06-21T15:23:47","modified_gmt":"2023-06-21T15:23:47","slug":"june-21-2023","status":"publish","type":"page","link":"https:\/\/ihsproject.org\/sr\/june-21-2023\/","title":{"rendered":"21 Juna 2023"},"content":{"rendered":"<div data-elementor-type=\"wp-page\" data-elementor-id=\"11778\" class=\"elementor elementor-11778\">\n\t\t\t\t<div class=\"elementor-element elementor-element-6927fb65 e-flex e-con-boxed e-con e-parent\" data-id=\"6927fb65\" data-element_type=\"container\" data-core-v316-plus=\"true\">\n\t\t\t\t\t<div class=\"e-con-inner\">\n\t\t\t\t<div class=\"elementor-element elementor-element-70e3a2f4 elementor-widget elementor-widget-image\" data-id=\"70e3a2f4\" data-element_type=\"widget\" data-widget_type=\"image.default\">\n\t\t\t\t<div class=\"elementor-widget-container\">\n\t\t\t\t\t\t\t\t\t\t\t\t\t<img fetchpriority=\"high\" decoding=\"async\" width=\"2560\" height=\"1707\" src=\"https:\/\/ihsproject.org\/wp-content\/uploads\/2023\/06\/2023-06-21-gender-round-table-scaled.jpg\" class=\"attachment-full size-full wp-image-11780\" alt=\"\" srcset=\"https:\/\/ihsproject.org\/wp-content\/uploads\/2023\/06\/2023-06-21-gender-round-table-scaled.jpg 2560w, https:\/\/ihsproject.org\/wp-content\/uploads\/2023\/06\/2023-06-21-gender-round-table-300x200.jpg 300w, https:\/\/ihsproject.org\/wp-content\/uploads\/2023\/06\/2023-06-21-gender-round-table-1024x683.jpg 1024w, https:\/\/ihsproject.org\/wp-content\/uploads\/2023\/06\/2023-06-21-gender-round-table-768x512.jpg 768w, https:\/\/ihsproject.org\/wp-content\/uploads\/2023\/06\/2023-06-21-gender-round-table-1536x1024.jpg 1536w, https:\/\/ihsproject.org\/wp-content\/uploads\/2023\/06\/2023-06-21-gender-round-table-2048x1365.jpg 2048w, https:\/\/ihsproject.org\/wp-content\/uploads\/2023\/06\/2023-06-21-gender-round-table-18x12.jpg 18w\" sizes=\"(max-width: 2560px) 100vw, 2560px\" \/>\t\t\t\t\t\t\t\t\t\t\t\t\t<\/div>\n\t\t\t\t<\/div>\n\t\t\t\t\t<\/div>\n\t\t\t\t<\/div>\n\t\t<div class=\"elementor-element elementor-element-12ba277 e-flex e-con-boxed e-con e-parent\" data-id=\"12ba277\" data-element_type=\"container\" data-core-v316-plus=\"true\">\n\t\t\t\t\t<div class=\"e-con-inner\">\n\t\t\t\t<div class=\"elementor-element elementor-element-59b5f03a elementor-widget elementor-widget-heading\" data-id=\"59b5f03a\" data-element_type=\"widget\" data-widget_type=\"heading.default\">\n\t\t\t\t<div class=\"elementor-widget-container\">\n\t\t\t<h2 class=\"elementor-heading-title elementor-size-default\">Obuhvatanje rodne perspektive u pru\u017eanju zdravstvenih usluga <\/h2>\t\t<\/div>\n\t\t\t\t<\/div>\n\t\t\t\t<div class=\"elementor-element elementor-element-468d8845 elementor-widget elementor-widget-text-editor\" data-id=\"468d8845\" data-element_type=\"widget\" data-widget_type=\"text-editor.default\">\n\t\t\t\t<div class=\"elementor-widget-container\">\n\t\t\t\t\t\t\t<p>Pri\u0161tina, 21. jun 2023. \u2013 Rodno zasnovane nejednakosti imaju zna\u010dajan uticaj na zdravlje \u017eena\nu svim fazama njihovog \u017eivota. Ovo je bila me\u0111u klju\u010dnim porukama o kojima se razgovaralo na\nokruglom stolu organizovanom u Pri\u0161tini 21. juna 2023. sa ciljem re\u0161avanja goru\u0107eg pitanja rodne pristrasnosti u pru\u017eanju zdravstvenih usluga. U organizaciji projekata Pristupa\u010dna i kvalitetna zdravstvena za\u0161tita i Integrisane usluge zdravstvene za\u0161tite, koje sprovodi \u0160vajcarska agencija za razvoj i saradnju na Kosovu, okrugli sto je okupio klju\u010dne aktere iz zdravstva i drugih sektora.<\/p><p>Bave\u0107i se ovom temom iz perspektive identifikovanja izazova, istra\u017eivanja strategija za pobolj\u0161anje rodne perspektive u zdravstvu i podizanja svesti svih uklju\u010denih, okrugli sto je pru\u017eio forum za u\u010desnike da identifikuju potrebe za obukom zdravstvenog osoblja za efikasno prevazila\u017eenje rodnih predrasuda.Bave\u0107i se ovom temom iz perspektive identifikovanja izazova, istra\u017eivanja strategija za pobolj\u0161anje rodne perspektive u zdravstvu i podizanja svesti svih uklju\u010denih, okrugli sto je pru\u017eio forum za u\u010desnike da identifikuju potrebe za obukom zdravstvenog osoblja za efikasno prevazila\u017eenje rodnih predrasuda.<\/p><p>U\u010desnici okruglog stola bili su Komisija Skup\u0161tine Kosova za zdravstvo, Ministarstvo zdravlja, op\u0161te bolnice, centri porodi\u010dne medicine, op\u0161tine i civilno dru\u0161tvo. Udru\u017eivanjem njihovih znanja i iskustava, informacije dobijene iz ekspertize u\u010desnika doprinose razvoju daljih planova za pove\u0107anje razumevanja rodne perspektive u pru\u017eanju zdravstvenih usluga, generisanju inovativnih ideja i razvoju plana obuke za zdravstveno osoblje.<\/p><p>Informacije su tako\u0111e korisne za predstoje\u0107i Me\u0111unarodni simpozijum o nezaraznim bolestima\n(NCD) koji \u0107e se odr\u017eati na Kosovu od 27. do 29. septembra 2023. godine, gde se jedan od panela fokusira na pol u pru\u017eanju usluga le\u010denja NCD-ova. Krajnji cilj je osigurati pravednu i inkluzivnu zdravstvenu za\u0161titu za sve.<\/p><p>Projekti Pristupa\u010dna i kvalitetna zdravstvena za\u0161tita i Integrisane usluge zdravstvene za\u0161tite su zajedni\u010dke inicijative izme\u0111u kosovskog Ministarstva zdravlja i Vlade \u0160vajcarske, sa ciljem da promovi\u0161u kvalitet i dostupnost zdravstvenih usluga i olak\u0161aju dalju podr\u0161ku nacionalnom kapacitetu u zdravstvenom sektoru kroz participativni proces u skladu sa nacionalnim zdravstvenim politikama. Oba projekta sprovodi \u0160vajcarski institut za tropsko i javno zdravlje.<\/p>\t\t\t\t\t\t<\/div>\n\t\t\t\t<\/div>\n\t\t\t\t\t<\/div>\n\t\t\t\t<\/div>\n\t\t\t\t<\/div>","protected":false},"excerpt":{"rendered":"<p>Addressing Gender Perspective in Health Service Prishtina, 21 June 2023 \u2013 Gender-based inequalities have a significant impact on women&#8217;s health across all stages of their lives. This was among the key messages discussed at a round table organized in Prishtina on 21 June 2023 to tackle the pressing issue of gender bias in health service [&hellip;]<\/p>","protected":false},"author":1,"featured_media":0,"parent":0,"menu_order":0,"comment_status":"closed","ping_status":"closed","template":"","meta":[],"_links":{"self":[{"href":"https:\/\/ihsproject.org\/sr\/wp-json\/wp\/v2\/pages\/11778"}],"collection":[{"href":"https:\/\/ihsproject.org\/sr\/wp-json\/wp\/v2\/pages"}],"about":[{"href":"https:\/\/ihsproject.org\/sr\/wp-json\/wp\/v2\/types\/page"}],"author":[{"embeddable":true,"href":"https:\/\/ihsproject.org\/sr\/wp-json\/wp\/v2\/users\/1"}],"replies":[{"embeddable":true,"href":"https:\/\/ihsproject.org\/sr\/wp-json\/wp\/v2\/comments?post=11778"}],"version-history":[{"count":4,"href":"https:\/\/ihsproject.org\/sr\/wp-json\/wp\/v2\/pages\/11778\/revisions"}],"predecessor-version":[{"id":11786,"href":"https:\/\/ihsproject.org\/sr\/wp-json\/wp\/v2\/pages\/11778\/revisions\/11786"}],"wp:attachment":[{"href":"https:\/\/ihsproject.org\/sr\/wp-json\/wp\/v2\/media?parent=11778"}],"curies":[{"name":"wp","href":"https:\/\/api.w.org\/{rel}","templated":true}]}}