{"id":11718,"date":"2023-06-19T23:09:21","date_gmt":"2023-06-19T23:09:21","guid":{"rendered":"https:\/\/ihsproject.org\/?page_id=11718"},"modified":"2023-06-30T23:05:02","modified_gmt":"2023-06-30T23:05:02","slug":"april-18-2023","status":"publish","type":"page","link":"https:\/\/ihsproject.org\/sr\/april-18-2023\/","title":{"rendered":"18 Aprila 2023"},"content":{"rendered":"<div data-elementor-type=\"wp-page\" data-elementor-id=\"11718\" class=\"elementor elementor-11718\">\n\t\t\t\t<div class=\"elementor-element elementor-element-38a3b188 e-flex e-con-boxed e-con e-parent\" data-id=\"38a3b188\" data-element_type=\"container\" data-core-v316-plus=\"true\">\n\t\t\t\t\t<div class=\"e-con-inner\">\n\t\t\t\t<div class=\"elementor-element elementor-element-66ee9bd4 elementor-widget elementor-widget-image\" data-id=\"66ee9bd4\" data-element_type=\"widget\" data-widget_type=\"image.default\">\n\t\t\t\t<div class=\"elementor-widget-container\">\n\t\t\t\t\t\t\t\t\t\t\t\t\t<img fetchpriority=\"high\" decoding=\"async\" width=\"940\" height=\"788\" src=\"https:\/\/ihsproject.org\/wp-content\/uploads\/2023\/06\/18042023.jpg\" class=\"attachment-full size-full wp-image-11720\" alt=\"\" srcset=\"https:\/\/ihsproject.org\/wp-content\/uploads\/2023\/06\/18042023.jpg 940w, https:\/\/ihsproject.org\/wp-content\/uploads\/2023\/06\/18042023-300x251.jpg 300w, https:\/\/ihsproject.org\/wp-content\/uploads\/2023\/06\/18042023-768x644.jpg 768w, https:\/\/ihsproject.org\/wp-content\/uploads\/2023\/06\/18042023-14x12.jpg 14w\" sizes=\"(max-width: 940px) 100vw, 940px\" \/>\t\t\t\t\t\t\t\t\t\t\t\t\t<\/div>\n\t\t\t\t<\/div>\n\t\t\t\t\t<\/div>\n\t\t\t\t<\/div>\n\t\t<div class=\"elementor-element elementor-element-70641066 e-flex e-con-boxed e-con e-parent\" data-id=\"70641066\" data-element_type=\"container\" data-core-v316-plus=\"true\">\n\t\t\t\t\t<div class=\"e-con-inner\">\n\t\t\t\t<div class=\"elementor-element elementor-element-7cb40ba8 elementor-widget elementor-widget-heading\" data-id=\"7cb40ba8\" data-element_type=\"widget\" data-widget_type=\"heading.default\">\n\t\t\t\t<div class=\"elementor-widget-container\">\n\t\t\t<h2 class=\"elementor-heading-title elementor-size-default\">Radionica o proceni potreba zdravstvenih radnika na bolni\u010dkom nivou<\/h2>\t\t<\/div>\n\t\t\t\t<\/div>\n\t\t\t\t<div class=\"elementor-element elementor-element-1d745434 elementor-widget elementor-widget-text-editor\" data-id=\"1d745434\" data-element_type=\"widget\" data-widget_type=\"text-editor.default\">\n\t\t\t\t<div class=\"elementor-widget-container\">\n\t\t\t\t\t\t\t<p>Kvalitet nege je najvi\u0161i cilj svake zdravstvene ustanove, a na bolni\u010dkom nivou postaje jo\u0161 kriti\u010dniji zbog te\u0161kog zdravstvenog stanja pojedinaca i slo\u017eene medicinske opreme i procedura koje se primenjuju. Postoji mnogo nivoa intervencija, na osnovu kojih smo trenutno prioritizovali unapre\u0111enje klini\u010dkih i menad\u017eerskih ve\u0161tina zdravstvenih radnika.<\/p><p>Brz i sistemati\u010dan pristup je analiza potreba za obukom osoblja u skladu sa (i) trenutnim zdravstvenim uslugama; (ii) \u017eeljenim standardima kvaliteta; (iii) percepcijom individualnih potreba za profesionalnim razvojem. Kako bi olak\u0161ao proces, IHS projekat je organizovao sastanak sa \u010dlanovima Radne grupe, koji predstavljaju najrelevantnije zainteresovane strane za ovaj cilj: Ministarstvo zdravlja, Op\u0161te bolnice, Lekarska komora i Komore medicinskih sestara. U\u010desnici su upoznati sa upitnikom koji je osmi\u0161ljen kao klju\u010dni instrument za procenu potreba. Njihovi doprinosi pomogli su u dopuni i prilago\u0111avanju instrumenta za prikupljanje podataka u skladu sa fokusom procene nezaraznih bolesti, upravljanju i dono\u0161enju klini\u010dkih odluka, kao i\nusavr\u0161avanju dodatnih metodolo\u0161kih detalja ove ankete.<\/p><p>Projekat IHS je zajedni\u010dka inicijativa \u0160vajcarske agencije za razvoj i saradnju i Ministarstva zdravlja Kosova, koju sprovodi \u0161vajcarski TPH.<\/p>\t\t\t\t\t\t<\/div>\n\t\t\t\t<\/div>\n\t\t\t\t\t<\/div>\n\t\t\t\t<\/div>\n\t\t\t\t<\/div>","protected":false},"excerpt":{"rendered":"<p>Workshop on Need Assessment for Health Workers at Hospital Level Quality of care is the upmost goal for each health facility, and at hospital level it becomes even more critical due to the severe individuals\u2019 health conditions and complex medical equipment and procedures applied. There are many intervention levels, to which we have currently privileged [&hellip;]<\/p>","protected":false},"author":1,"featured_media":0,"parent":0,"menu_order":0,"comment_status":"closed","ping_status":"closed","template":"","meta":[],"_links":{"self":[{"href":"https:\/\/ihsproject.org\/sr\/wp-json\/wp\/v2\/pages\/11718"}],"collection":[{"href":"https:\/\/ihsproject.org\/sr\/wp-json\/wp\/v2\/pages"}],"about":[{"href":"https:\/\/ihsproject.org\/sr\/wp-json\/wp\/v2\/types\/page"}],"author":[{"embeddable":true,"href":"https:\/\/ihsproject.org\/sr\/wp-json\/wp\/v2\/users\/1"}],"replies":[{"embeddable":true,"href":"https:\/\/ihsproject.org\/sr\/wp-json\/wp\/v2\/comments?post=11718"}],"version-history":[{"count":10,"href":"https:\/\/ihsproject.org\/sr\/wp-json\/wp\/v2\/pages\/11718\/revisions"}],"predecessor-version":[{"id":12110,"href":"https:\/\/ihsproject.org\/sr\/wp-json\/wp\/v2\/pages\/11718\/revisions\/12110"}],"wp:attachment":[{"href":"https:\/\/ihsproject.org\/sr\/wp-json\/wp\/v2\/media?parent=11718"}],"curies":[{"name":"wp","href":"https:\/\/api.w.org\/{rel}","templated":true}]}}