{"id":11700,"date":"2023-06-19T23:01:46","date_gmt":"2023-06-19T23:01:46","guid":{"rendered":"https:\/\/ihsproject.org\/?page_id=11700"},"modified":"2023-06-24T14:18:37","modified_gmt":"2023-06-24T14:18:37","slug":"march-24-2023","status":"publish","type":"page","link":"https:\/\/ihsproject.org\/sr\/march-24-2023\/","title":{"rendered":"24 Marta 2023"},"content":{"rendered":"<div data-elementor-type=\"wp-page\" data-elementor-id=\"11700\" class=\"elementor elementor-11700\">\n\t\t\t\t<div class=\"elementor-element elementor-element-78a3abdb e-flex e-con-boxed e-con e-parent\" data-id=\"78a3abdb\" data-element_type=\"container\" data-core-v316-plus=\"true\">\n\t\t\t\t\t<div class=\"e-con-inner\">\n\t\t\t\t<div class=\"elementor-element elementor-element-613a2b34 elementor-widget elementor-widget-image\" data-id=\"613a2b34\" data-element_type=\"widget\" data-widget_type=\"image.default\">\n\t\t\t\t<div class=\"elementor-widget-container\">\n\t\t\t\t\t\t\t\t\t\t\t\t\t<img fetchpriority=\"high\" decoding=\"async\" width=\"2560\" height=\"1707\" src=\"https:\/\/ihsproject.org\/wp-content\/uploads\/2023\/06\/ihs-emerald-073-scaled.jpg\" class=\"attachment-full size-full wp-image-11708\" alt=\"\" srcset=\"https:\/\/ihsproject.org\/wp-content\/uploads\/2023\/06\/ihs-emerald-073-scaled.jpg 2560w, https:\/\/ihsproject.org\/wp-content\/uploads\/2023\/06\/ihs-emerald-073-300x200.jpg 300w, https:\/\/ihsproject.org\/wp-content\/uploads\/2023\/06\/ihs-emerald-073-1024x683.jpg 1024w, https:\/\/ihsproject.org\/wp-content\/uploads\/2023\/06\/ihs-emerald-073-768x512.jpg 768w, https:\/\/ihsproject.org\/wp-content\/uploads\/2023\/06\/ihs-emerald-073-1536x1024.jpg 1536w, https:\/\/ihsproject.org\/wp-content\/uploads\/2023\/06\/ihs-emerald-073-2048x1365.jpg 2048w, https:\/\/ihsproject.org\/wp-content\/uploads\/2023\/06\/ihs-emerald-073-18x12.jpg 18w\" sizes=\"(max-width: 2560px) 100vw, 2560px\" \/>\t\t\t\t\t\t\t\t\t\t\t\t\t<\/div>\n\t\t\t\t<\/div>\n\t\t\t\t\t<\/div>\n\t\t\t\t<\/div>\n\t\t<div class=\"elementor-element elementor-element-e676586 e-flex e-con-boxed e-con e-parent\" data-id=\"e676586\" data-element_type=\"container\" data-core-v316-plus=\"true\">\n\t\t\t\t\t<div class=\"e-con-inner\">\n\t\t\t\t<div class=\"elementor-element elementor-element-4d1b3987 elementor-widget elementor-widget-heading\" data-id=\"4d1b3987\" data-element_type=\"widget\" data-widget_type=\"heading.default\">\n\t\t\t\t<div class=\"elementor-widget-container\">\n\t\t\t<h3 class=\"elementor-heading-title elementor-size-default\">Nova kosovsko-\u0161vajcarska saradnja za pove\u0107anje integracije zdravstvenih usluga u zemlji<\/h3>\t\t<\/div>\n\t\t\t\t<\/div>\n\t\t\t\t<div class=\"elementor-element elementor-element-4bafb2da elementor-widget elementor-widget-text-editor\" data-id=\"4bafb2da\" data-element_type=\"widget\" data-widget_type=\"text-editor.default\">\n\t\t\t\t<div class=\"elementor-widget-container\">\n\t\t\t\t\t\t\t<p><strong>Ministarstvo zdravlja i Ambasada \u0160vajcarske udru\u017euju snage na pobolj\u0161anju kvaliteta nege pacijenata sa nezaraznim bolestima u Op\u0161tim bolnicama u \u0110akovici i Pe\u0107i. <\/strong><\/p><p>U 24. mart 2023. Ministar zdravlja Arben Vitia i ambasador \u0160vajcarske na Kosovu Tomas Koli potpisali su danas sporazum kojim se zvani\u010dno pokre\u0107e ova nova saradnja u sektoru zdravstva.<\/p><p>Projekat integrisanih zdravstvenih usluga (IHS) ima za cilj da doprinese razvoju odr\u017eivog sistema zdravstvene za\u0161tite na Kosovu koji nudi kvalitetnu, pristupa\u010dnu i integrisanu negu na sekundarnom nivou za pacijente sa stanjima nezaraznih bolesti.<\/p><p>Govore\u0107i na ceremoniji otvaranja, ministar Vitia je rekao: \u201eKroz projekat integrisanih zdravstvenih usluga (IHS), kao najnoviju inicijativu izme\u0111u Ministarstva zdravlja Kosova i Vlade \u0160vajcarske, imamo za cilj dalji razvoj zdravstvenih kapaciteta koji \u0107e se fokusirati na nezarazne bolesti koje predstavljaju globalni problem.\u201d<\/p><p>IHS projekat je jo\u0161 jedna prekretnica u opse\u017enoj saradnji dve zemlje u sektoru zdravstva. Ambasador \u0160vajcarske na Kosovu Tomas Koli istakao je posve\u0107enost da doprinese ja\u010danju sistema, koji stanovni\u0161tvu, posebno najugro\u017eenijim, obezbe\u0111uje\njednak pristup kvalitetnim zdravstvenim uslugama.<\/p><p>IHS projekat je fokusiran na pobolj\u0161anje dostupnosti, kvaliteta i kontinuiteta nege za pacijente sa nezaraznim bolestima (NCD) ja\u010danjem povezanih klini\u010dkih, menad\u017eerskih i upravlja\u010dkih procesa u Op\u0161tim bolnicama (OB) u \u0110akovici i Pe\u0107i. IHS pobolj\u0161ava koordinaciju i upu\u0107ivanje izme\u0111u primarnog i sekundarnog nivoa zdravstvene za\u0161tite, a\nna nacionalnom nivou podr\u017eava zainteresovane strane da razviju i primene okvir politike koji podsti\u010de integrisanu negu usmerenu na pacijenta.<\/p><p>Finansiran od strane \u0160vicarske sa 5,5 miliona CHF za period 2023-2026, projekat \u0107e sprovesti nacionalne i regionalne institucije, uz podr\u0161ku \u0160vajcarskog instituta za tropske bolesti i javno zdravlje.<\/p>\t\t\t\t\t\t<\/div>\n\t\t\t\t<\/div>\n\t\t\t\t\t<\/div>\n\t\t\t\t<\/div>\n\t\t\t\t<\/div>","protected":false},"excerpt":{"rendered":"<p>New Kosovo-Swiss Cooperation to Increase Integration of Health Services in the Country The Ministry of Health and Embassy of Switzerland join forces to improve the quality of care for patients with Non-Communicable Disease conditions in the General Hospitals of Gjakova and Peja. On 24 March 2023, the Minister of Health Arben Vitia and the Ambassador [&hellip;]<\/p>","protected":false},"author":1,"featured_media":0,"parent":0,"menu_order":0,"comment_status":"closed","ping_status":"closed","template":"","meta":[],"_links":{"self":[{"href":"https:\/\/ihsproject.org\/sr\/wp-json\/wp\/v2\/pages\/11700"}],"collection":[{"href":"https:\/\/ihsproject.org\/sr\/wp-json\/wp\/v2\/pages"}],"about":[{"href":"https:\/\/ihsproject.org\/sr\/wp-json\/wp\/v2\/types\/page"}],"author":[{"embeddable":true,"href":"https:\/\/ihsproject.org\/sr\/wp-json\/wp\/v2\/users\/1"}],"replies":[{"embeddable":true,"href":"https:\/\/ihsproject.org\/sr\/wp-json\/wp\/v2\/comments?post=11700"}],"version-history":[{"count":14,"href":"https:\/\/ihsproject.org\/sr\/wp-json\/wp\/v2\/pages\/11700\/revisions"}],"predecessor-version":[{"id":11849,"href":"https:\/\/ihsproject.org\/sr\/wp-json\/wp\/v2\/pages\/11700\/revisions\/11849"}],"wp:attachment":[{"href":"https:\/\/ihsproject.org\/sr\/wp-json\/wp\/v2\/media?parent=11700"}],"curies":[{"name":"wp","href":"https:\/\/api.w.org\/{rel}","templated":true}]}}