{"id":11355,"date":"2023-05-30T22:21:33","date_gmt":"2023-05-30T22:21:33","guid":{"rendered":"https:\/\/ihsproject.org\/?page_id=11355"},"modified":"2023-06-24T14:41:11","modified_gmt":"2023-06-24T14:41:11","slug":"standardizing-nursing-operational-procedures","status":"publish","type":"page","link":"https:\/\/ihsproject.org\/sr\/standardizing-nursing-operational-procedures\/","title":{"rendered":"30 Maja 2023"},"content":{"rendered":"<div data-elementor-type=\"wp-page\" data-elementor-id=\"11355\" class=\"elementor elementor-11355\">\n\t\t\t\t<div class=\"elementor-element elementor-element-37ad351 e-flex e-con-boxed e-con e-parent\" data-id=\"37ad351\" data-element_type=\"container\" data-core-v316-plus=\"true\">\n\t\t\t\t\t<div class=\"e-con-inner\">\n\t\t\t\t<div class=\"elementor-element elementor-element-acfdd30 elementor-widget elementor-widget-image\" data-id=\"acfdd30\" data-element_type=\"widget\" data-widget_type=\"image.default\">\n\t\t\t\t<div class=\"elementor-widget-container\">\n\t\t\t\t\t\t\t\t\t\t\t\t\t<img fetchpriority=\"high\" decoding=\"async\" width=\"1461\" height=\"803\" src=\"https:\/\/ihsproject.org\/wp-content\/uploads\/2023\/05\/IMG_5121.jpg\" class=\"attachment-full size-full wp-image-11341\" alt=\"Standardizing Nursing Operational Procedures\" srcset=\"https:\/\/ihsproject.org\/wp-content\/uploads\/2023\/05\/IMG_5121.jpg 1461w, https:\/\/ihsproject.org\/wp-content\/uploads\/2023\/05\/IMG_5121-300x165.jpg 300w, https:\/\/ihsproject.org\/wp-content\/uploads\/2023\/05\/IMG_5121-1024x563.jpg 1024w, https:\/\/ihsproject.org\/wp-content\/uploads\/2023\/05\/IMG_5121-768x422.jpg 768w, https:\/\/ihsproject.org\/wp-content\/uploads\/2023\/05\/IMG_5121-18x10.jpg 18w\" sizes=\"(max-width: 1461px) 100vw, 1461px\" \/>\t\t\t\t\t\t\t\t\t\t\t\t\t<\/div>\n\t\t\t\t<\/div>\n\t\t\t\t\t<\/div>\n\t\t\t\t<\/div>\n\t\t<div class=\"elementor-element elementor-element-405b7d8 e-flex e-con-boxed e-con e-parent\" data-id=\"405b7d8\" data-element_type=\"container\" data-core-v316-plus=\"true\">\n\t\t\t\t\t<div class=\"e-con-inner\">\n\t\t\t\t<div class=\"elementor-element elementor-element-74ae821 elementor-widget elementor-widget-heading\" data-id=\"74ae821\" data-element_type=\"widget\" data-widget_type=\"heading.default\">\n\t\t\t\t<div class=\"elementor-widget-container\">\n\t\t\t<h3 class=\"elementor-heading-title elementor-size-default\">Standardizacija operativnih procedura za medicinske sestre<\/h3>\t\t<\/div>\n\t\t\t\t<\/div>\n\t\t\t\t<div class=\"elementor-element elementor-element-19a53e8 elementor-widget elementor-widget-text-editor\" data-id=\"19a53e8\" data-element_type=\"widget\" data-widget_type=\"text-editor.default\">\n\t\t\t\t<div class=\"elementor-widget-container\">\n\t\t\t\t\t\t\t<p>Podr\u0161ka daljem razvoju kompetencija medicinskih sestara za promovisanje zdravlja i pobolj\u0161anje kvaliteta i bezbednosti nege je klju\u010d za ispunjavanje standarda zdravstvene za\u0161tite za gra\u0111ane Kosova.<\/p><p>Da bi se doprinelo ovom cilju, Ministarstvo zdravlja Kosova je organizovalo dvodnevnu radionicu o izradi prvog priru\u010dnika o standardnim operativnim procedurama za sekundarnu i tercijarnu negu. Radionica odr\u017eana 24-25. maja 2023. godine u \u0110akovici, prva je u nizu radionica i drugih aktivnosti koje c\u0301e rezultirati sastavljanjem priru\u010dnika o standardnim operativnim procedurama za negu. Neki od 18 u\u010desnika u radionici su bili lekari, medicinske sestre, advokati, predstavnici Komore medicinskih sestara i civilnog dru\u0161tva. Misija ove radne grupe koju je imenovalo Ministarstvo zdravlja je da nastavi sa ja\u010danjem i standardizacijom prakse nege.<\/p><p>Projekat integrisanih zdravstvenih usluga \u0160vajcarske agencije za razvoj i saradnju podr\u017eao je organizaciju ove radionice, u skladu sa radom na unapre\u0111enju operacionalizacije puteva nege nezaraznih bolesti izme\u0111u izabranih op\u0161tih bolnica i ustanova primarne zdravstvene za\u0161tite.<\/p>\t\t\t\t\t\t<\/div>\n\t\t\t\t<\/div>\n\t\t\t\t\t<\/div>\n\t\t\t\t<\/div>\n\t\t\t\t<\/div>","protected":false},"excerpt":{"rendered":"<p>Standardizing Nursing Operational Procedures Supporting further development of nursing competences to promote health and improve quality and safety of care is key to meeting healthcare standards for the citizens of Kosovo. To contribute to this objective, the Ministry of Health of Kosovo organized a two-day workshop on drafting the first manual on Standard Operating Procedures [&hellip;]<\/p>","protected":false},"author":1,"featured_media":0,"parent":0,"menu_order":0,"comment_status":"closed","ping_status":"closed","template":"","meta":[],"_links":{"self":[{"href":"https:\/\/ihsproject.org\/sr\/wp-json\/wp\/v2\/pages\/11355"}],"collection":[{"href":"https:\/\/ihsproject.org\/sr\/wp-json\/wp\/v2\/pages"}],"about":[{"href":"https:\/\/ihsproject.org\/sr\/wp-json\/wp\/v2\/types\/page"}],"author":[{"embeddable":true,"href":"https:\/\/ihsproject.org\/sr\/wp-json\/wp\/v2\/users\/1"}],"replies":[{"embeddable":true,"href":"https:\/\/ihsproject.org\/sr\/wp-json\/wp\/v2\/comments?post=11355"}],"version-history":[{"count":23,"href":"https:\/\/ihsproject.org\/sr\/wp-json\/wp\/v2\/pages\/11355\/revisions"}],"predecessor-version":[{"id":11858,"href":"https:\/\/ihsproject.org\/sr\/wp-json\/wp\/v2\/pages\/11355\/revisions\/11858"}],"wp:attachment":[{"href":"https:\/\/ihsproject.org\/sr\/wp-json\/wp\/v2\/media?parent=11355"}],"curies":[{"name":"wp","href":"https:\/\/api.w.org\/{rel}","templated":true}]}}