{"id":11326,"date":"2023-05-22T22:11:24","date_gmt":"2023-05-22T22:11:24","guid":{"rendered":"https:\/\/ihsproject.org\/?page_id=11326"},"modified":"2023-06-24T14:34:31","modified_gmt":"2023-06-24T14:34:31","slug":"kosovo-represented-at-the-10th-global-patients-congress","status":"publish","type":"page","link":"https:\/\/ihsproject.org\/sr\/kosovo-represented-at-the-10th-global-patients-congress\/","title":{"rendered":"22 Maja 2023"},"content":{"rendered":"<div data-elementor-type=\"wp-page\" data-elementor-id=\"11326\" class=\"elementor elementor-11326\">\n\t\t\t\t<div class=\"elementor-element elementor-element-b445b92 e-flex e-con-boxed e-con e-parent\" data-id=\"b445b92\" data-element_type=\"container\" data-core-v316-plus=\"true\">\n\t\t\t\t\t<div class=\"e-con-inner\">\n\t\t\t\t<div class=\"elementor-element elementor-element-a6f76b0 elementor-widget elementor-widget-image\" data-id=\"a6f76b0\" data-element_type=\"widget\" data-widget_type=\"image.default\">\n\t\t\t\t<div class=\"elementor-widget-container\">\n\t\t\t\t\t\t\t\t\t\t\t\t\t<img fetchpriority=\"high\" decoding=\"async\" width=\"2048\" height=\"1153\" src=\"https:\/\/ihsproject.org\/wp-content\/uploads\/2023\/05\/PRAK-Geneva.jpg\" class=\"attachment-full size-full wp-image-11317\" alt=\"\" srcset=\"https:\/\/ihsproject.org\/wp-content\/uploads\/2023\/05\/PRAK-Geneva.jpg 2048w, https:\/\/ihsproject.org\/wp-content\/uploads\/2023\/05\/PRAK-Geneva-300x169.jpg 300w, https:\/\/ihsproject.org\/wp-content\/uploads\/2023\/05\/PRAK-Geneva-1024x577.jpg 1024w, https:\/\/ihsproject.org\/wp-content\/uploads\/2023\/05\/PRAK-Geneva-768x432.jpg 768w, https:\/\/ihsproject.org\/wp-content\/uploads\/2023\/05\/PRAK-Geneva-1536x865.jpg 1536w, https:\/\/ihsproject.org\/wp-content\/uploads\/2023\/05\/PRAK-Geneva-18x10.jpg 18w\" sizes=\"(max-width: 2048px) 100vw, 2048px\" \/>\t\t\t\t\t\t\t\t\t\t\t\t\t<\/div>\n\t\t\t\t<\/div>\n\t\t\t\t\t<\/div>\n\t\t\t\t<\/div>\n\t\t<div class=\"elementor-element elementor-element-551fbdd e-flex e-con-boxed e-con e-parent\" data-id=\"551fbdd\" data-element_type=\"container\" data-core-v316-plus=\"true\">\n\t\t\t\t\t<div class=\"e-con-inner\">\n\t\t\t\t<div class=\"elementor-element elementor-element-d9f78f6 elementor-widget elementor-widget-heading\" data-id=\"d9f78f6\" data-element_type=\"widget\" data-widget_type=\"heading.default\">\n\t\t\t\t<div class=\"elementor-widget-container\">\n\t\t\t<h3 class=\"elementor-heading-title elementor-size-default\">Kosovo zastupljeno na 10. Globalnom kongresu pacijenata<\/h3>\t\t<\/div>\n\t\t\t\t<\/div>\n\t\t\t\t<div class=\"elementor-element elementor-element-227c869 elementor-widget elementor-widget-text-editor\" data-id=\"227c869\" data-element_type=\"widget\" data-widget_type=\"text-editor.default\">\n\t\t\t\t<div class=\"elementor-widget-container\">\n\t\t\t\t\t\t\t<p>Dana 19-20. maja 2023. godine Udru\u017eenje za prava pacijenata Kosova (PRAK) u\u010destvovalo je\nna 10. Globalnom kongresu pacijenata koji se odr\u017eao u \u017denevi, \u0160vajcarska, u organizaciji Me\u0111unarodne alijanse organizacija pacijenata (IAPO). Doga\u0111aj je organizovan za vikend uo\u010di<br \/>76. Svetske skup\u0161tine za zdravlje, sa glavnom temom o inovativnim partnerstvima sa pacijentima u sredi\u0161tu globalnog unapre\u0111enja zdravlja.\u00a0<\/p><p>Agron Byty\u00e7i, predsednik Borda PRAK-a bio je jedan od govornika na panelu koji se fokusirao na temu o\u017eivljavanja partnerstva izme\u0111u dr\u017eave i gra\u0111ana. Njegovo izlaganje se fokusiralo na uspostavljanje saveta pacijenata u op\u0161tinama Orahovac i Lipljan i na njihovu ulogu u uklju\u010divanju gra\u0111ana u zdravstvenu za\u0161titu i saradnju sa institucijama radi pobolj\u0161anja kvaliteta usluga.<\/p><p>Doga\u0111aj je poslu\u017eio i kao platforma za \u0161irenje regionalne i me\u0111unarodne mre\u017ee za organizacije\nkoje se bave pravima pacijenata, \u0161to je tako\u0111e u fokusu PRAK-ove strategije za dalji rast. U tom smislu, PRAK sara\u0111uje sa projektom \u201eIntegrisane usluge zdravstvene za\u0161tite (IHS)\u201c. Ovaj projekat je inicijativa \u0160vajcarske agencije za razvoj i saradnju i Ministarstva zdravlja Kosova i sprovodi ga \u0161vajcarski TPH.<\/p>\t\t\t\t\t\t<\/div>\n\t\t\t\t<\/div>\n\t\t\t\t\t<\/div>\n\t\t\t\t<\/div>\n\t\t\t\t<\/div>","protected":false},"excerpt":{"rendered":"<p>Kosovo represented at the 10th Global Patients Congress On 19-20 May 2023, the Patients\u2019 Rights Association of Kosovo (PRAK) participated at the 10th\u00a0Global Patients Congress that took place in Geneva, Switzerland, organized by the International\u00a0Alliance of Patients Organizations (IAPO). The event was organized on the weekend before the76th World Assembly for Health, with the main [&hellip;]<\/p>","protected":false},"author":1,"featured_media":0,"parent":0,"menu_order":0,"comment_status":"closed","ping_status":"closed","template":"","meta":[],"_links":{"self":[{"href":"https:\/\/ihsproject.org\/sr\/wp-json\/wp\/v2\/pages\/11326"}],"collection":[{"href":"https:\/\/ihsproject.org\/sr\/wp-json\/wp\/v2\/pages"}],"about":[{"href":"https:\/\/ihsproject.org\/sr\/wp-json\/wp\/v2\/types\/page"}],"author":[{"embeddable":true,"href":"https:\/\/ihsproject.org\/sr\/wp-json\/wp\/v2\/users\/1"}],"replies":[{"embeddable":true,"href":"https:\/\/ihsproject.org\/sr\/wp-json\/wp\/v2\/comments?post=11326"}],"version-history":[{"count":22,"href":"https:\/\/ihsproject.org\/sr\/wp-json\/wp\/v2\/pages\/11326\/revisions"}],"predecessor-version":[{"id":11852,"href":"https:\/\/ihsproject.org\/sr\/wp-json\/wp\/v2\/pages\/11326\/revisions\/11852"}],"wp:attachment":[{"href":"https:\/\/ihsproject.org\/sr\/wp-json\/wp\/v2\/media?parent=11326"}],"curies":[{"name":"wp","href":"https:\/\/api.w.org\/{rel}","templated":true}]}}