{"id":10090,"date":"2022-06-03T14:10:19","date_gmt":"2022-06-03T14:10:19","guid":{"rendered":"https:\/\/aqhproject.org\/?page_id=10090"},"modified":"2026-04-03T12:28:53","modified_gmt":"2026-04-03T12:28:53","slug":"impact-stories","status":"publish","type":"page","link":"https:\/\/ihsproject.org\/sr\/impact-stories\/","title":{"rendered":"Pri\u010de o uticaju"},"content":{"rendered":"<div data-elementor-type=\"wp-page\" data-elementor-id=\"10090\" class=\"elementor elementor-10090\">\n\t\t\t\t\t\t<section class=\"elementor-section elementor-top-section elementor-element elementor-element-65c28b70 elementor-section-full_width elementor-section-height-default elementor-section-height-default\" data-id=\"65c28b70\" data-element_type=\"section\" data-settings=\"{&quot;background_background&quot;:&quot;classic&quot;}\">\n\t\t\t\t\t\t<div class=\"elementor-container elementor-column-gap-default\">\n\t\t\t\t\t<div class=\"elementor-column elementor-col-50 elementor-top-column elementor-element elementor-element-49658f3f\" data-id=\"49658f3f\" data-element_type=\"column\">\n\t\t\t<div class=\"elementor-widget-wrap\">\n\t\t\t\t\t\t\t<\/div>\n\t\t<\/div>\n\t\t\t\t<div class=\"elementor-column elementor-col-50 elementor-top-column elementor-element elementor-element-3e8ae41f\" data-id=\"3e8ae41f\" data-element_type=\"column\">\n\t\t\t<div class=\"elementor-widget-wrap elementor-element-populated\">\n\t\t\t\t\t\t<div class=\"elementor-element elementor-element-49ff2c5b main-page-img elementor-widget elementor-widget-image\" data-id=\"49ff2c5b\" data-element_type=\"widget\" data-widget_type=\"image.default\">\n\t\t\t\t<div class=\"elementor-widget-container\">\n\t\t\t\t\t\t\t\t\t\t\t\t\t<img fetchpriority=\"high\" decoding=\"async\" width=\"2048\" height=\"1365\" src=\"https:\/\/ihsproject.org\/wp-content\/uploads\/2023\/06\/IHS-website-Impact-Stories-Top-Page.jpg\" class=\"attachment-full size-full wp-image-11960\" alt=\"\" srcset=\"https:\/\/ihsproject.org\/wp-content\/uploads\/2023\/06\/IHS-website-Impact-Stories-Top-Page.jpg 2048w, https:\/\/ihsproject.org\/wp-content\/uploads\/2023\/06\/IHS-website-Impact-Stories-Top-Page-300x200.jpg 300w, https:\/\/ihsproject.org\/wp-content\/uploads\/2023\/06\/IHS-website-Impact-Stories-Top-Page-1024x683.jpg 1024w, https:\/\/ihsproject.org\/wp-content\/uploads\/2023\/06\/IHS-website-Impact-Stories-Top-Page-768x512.jpg 768w, https:\/\/ihsproject.org\/wp-content\/uploads\/2023\/06\/IHS-website-Impact-Stories-Top-Page-1536x1024.jpg 1536w, https:\/\/ihsproject.org\/wp-content\/uploads\/2023\/06\/IHS-website-Impact-Stories-Top-Page-18x12.jpg 18w\" sizes=\"(max-width: 2048px) 100vw, 2048px\" \/>\t\t\t\t\t\t\t\t\t\t\t\t\t<\/div>\n\t\t\t\t<\/div>\n\t\t\t\t\t<\/div>\n\t\t<\/div>\n\t\t\t\t\t<\/div>\n\t\t<\/section>\n\t\t<div class=\"elementor-element elementor-element-9c84b5d e-flex e-con-boxed e-con e-parent\" data-id=\"9c84b5d\" data-element_type=\"container\" data-core-v316-plus=\"true\">\n\t\t\t\t\t<div class=\"e-con-inner\">\n\t\t<div class=\"elementor-element elementor-element-57603ba e-con-full e-flex e-con e-child\" data-id=\"57603ba\" data-element_type=\"container\">\n\t\t\t\t<div class=\"elementor-element elementor-element-63606c6 elementor-widget elementor-widget-image\" data-id=\"63606c6\" data-element_type=\"widget\" data-widget_type=\"image.default\">\n\t\t\t\t<div class=\"elementor-widget-container\">\n\t\t\t\t\t\t\t\t\t\t\t\t\t\t<a href=\"https:\/\/ihsproject.org\/sr\/april-03-2026-impact-story-02\/\">\n\t\t\t\t\t\t\t<img decoding=\"async\" src=\"https:\/\/ihsproject.org\/wp-content\/uploads\/2026\/03\/IHS-Highlights-the-Gender-Dimension-of-Non-Communicable-Diseases_Small.jpg\" title=\"IHS Highlights the Gender Dimension of Non-Communicable Diseases_Small\" alt=\"IHS Highlights the Gender Dimension of Non-Communicable Diseases_Small\" loading=\"lazy\" \/>\t\t\t\t\t\t\t\t<\/a>\n\t\t\t\t\t\t\t\t\t\t\t\t\t<\/div>\n\t\t\t\t<\/div>\n\t\t\t\t<div class=\"elementor-element elementor-element-1f178e5 elementor-widget elementor-widget-heading\" data-id=\"1f178e5\" data-element_type=\"widget\" data-widget_type=\"heading.default\">\n\t\t\t\t<div class=\"elementor-widget-container\">\n\t\t\t<h4 class=\"elementor-heading-title elementor-size-default\"><a href=\"https:\/\/ihsproject.org\/sr\/april-03-2026-impact-story-02\/\">Uklju\u010divanje rodne perspektive u negu nezaraznih bolesti na Kosovu\n<\/a><\/h4>\t\t<\/div>\n\t\t\t\t<\/div>\n\t\t\t\t<\/div>\n\t\t<div class=\"elementor-element elementor-element-b19cfa4 e-con-full e-flex e-con e-child\" data-id=\"b19cfa4\" data-element_type=\"container\">\n\t\t\t\t<div class=\"elementor-element elementor-element-c11ba99 elementor-widget elementor-widget-image\" data-id=\"c11ba99\" data-element_type=\"widget\" data-widget_type=\"image.default\">\n\t\t\t\t<div class=\"elementor-widget-container\">\n\t\t\t\t\t\t\t\t\t\t\t\t\t\t<a href=\"https:\/\/ihsproject.org\/sr\/april-03-2026-impact-story\/\">\n\t\t\t\t\t\t\t<img decoding=\"async\" src=\"https:\/\/ihsproject.org\/wp-content\/uploads\/2026\/04\/Gjakova_Health_Corner_Story_01_Small.jpg\" title=\"Gjakova_Health_Corner_Story_01_Small\" alt=\"Gjakova_Health_Corner_Story_01_Small\" loading=\"lazy\" \/>\t\t\t\t\t\t\t\t<\/a>\n\t\t\t\t\t\t\t\t\t\t\t\t\t<\/div>\n\t\t\t\t<\/div>\n\t\t\t\t<div class=\"elementor-element elementor-element-60319f5 elementor-widget elementor-widget-heading\" data-id=\"60319f5\" data-element_type=\"widget\" data-widget_type=\"heading.default\">\n\t\t\t\t<div class=\"elementor-widget-container\">\n\t\t\t<h4 class=\"elementor-heading-title elementor-size-default\"><a href=\"https:\/\/ihsproject.org\/sr\/april-03-2026-impact-story\/\">From Waiting Room to Learning Space - A New Approach to NCD Care in Kosovo\n\n<\/a><\/h4>\t\t<\/div>\n\t\t\t\t<\/div>\n\t\t\t\t<\/div>\n\t\t\t\t\t<\/div>\n\t\t\t\t<\/div>\n\t\t<div class=\"elementor-element elementor-element-77d876a e-flex e-con-boxed e-con e-parent\" data-id=\"77d876a\" data-element_type=\"container\" data-core-v316-plus=\"true\">\n\t\t\t\t\t<div class=\"e-con-inner\">\n\t\t<div class=\"elementor-element elementor-element-3dde91b e-con-full e-flex e-con e-child\" data-id=\"3dde91b\" data-element_type=\"container\">\n\t\t\t\t<div class=\"elementor-element elementor-element-4fc7c2f elementor-widget elementor-widget-image\" data-id=\"4fc7c2f\" data-element_type=\"widget\" data-widget_type=\"image.default\">\n\t\t\t\t<div class=\"elementor-widget-container\">\n\t\t\t\t\t\t\t\t\t\t\t\t\t\t<a href=\"https:\/\/ihsproject.org\/sr\/october-20-2025-impact-story\/\">\n\t\t\t\t\t\t\t<img decoding=\"async\" src=\"https:\/\/ihsproject.org\/wp-content\/uploads\/2025\/10\/Kosovos-Hospitals-Bring-Diabetic-Complications-Diagnostics-Closer-to-Patients_Small.jpg\" title=\"Kosovo\u2019s Hospitals Bring Diabetic Complications\u2019 Diagnostics Closer to Patients_Small\" alt=\"Kosovo\u2019s Hospitals Bring Diabetic Complications\u2019 Diagnostics Closer to Patients_Small\" loading=\"lazy\" \/>\t\t\t\t\t\t\t\t<\/a>\n\t\t\t\t\t\t\t\t\t\t\t\t\t<\/div>\n\t\t\t\t<\/div>\n\t\t\t\t<div class=\"elementor-element elementor-element-f44e183 elementor-widget elementor-widget-heading\" data-id=\"f44e183\" data-element_type=\"widget\" data-widget_type=\"heading.default\">\n\t\t\t\t<div class=\"elementor-widget-container\">\n\t\t\t<h4 class=\"elementor-heading-title elementor-size-default\"><a href=\"https:\/\/ihsproject.org\/sr\/october-20-2025-impact-story\/\">Bolnice na Kosovu pribli\u017eavaju dijagnostiku dijabeti\u010dkih komplikacija pacijentima<\/a><\/h4>\t\t<\/div>\n\t\t\t\t<\/div>\n\t\t\t\t<\/div>\n\t\t<div class=\"elementor-element elementor-element-29fcb53 e-con-full e-flex e-con e-child\" data-id=\"29fcb53\" data-element_type=\"container\">\n\t\t\t\t<div class=\"elementor-element elementor-element-5913ce4 elementor-widget elementor-widget-image\" data-id=\"5913ce4\" data-element_type=\"widget\" data-widget_type=\"image.default\">\n\t\t\t\t<div class=\"elementor-widget-container\">\n\t\t\t\t\t\t\t\t\t\t\t\t\t\t<a href=\"https:\/\/ihsproject.org\/sr\/june-02-2025-impact-story\/\">\n\t\t\t\t\t\t\t<img decoding=\"async\" src=\"https:\/\/ihsproject.org\/wp-content\/uploads\/2025\/06\/Diabetes__Me_Small.jpg\" title=\"Diabetes_&#038;_Me_Small\" alt=\"Diabetes_&amp;_Me_Small\" loading=\"lazy\" \/>\t\t\t\t\t\t\t\t<\/a>\n\t\t\t\t\t\t\t\t\t\t\t\t\t<\/div>\n\t\t\t\t<\/div>\n\t\t\t\t<div class=\"elementor-element elementor-element-58ebc31 elementor-widget elementor-widget-heading\" data-id=\"58ebc31\" data-element_type=\"widget\" data-widget_type=\"heading.default\">\n\t\t\t\t<div class=\"elementor-widget-container\">\n\t\t\t<h4 class=\"elementor-heading-title elementor-size-default\"><a href=\"https:\/\/ihsproject.org\/sr\/june-02-2025-impact-story\/\">Redefinisanje zdravstvene komunikacije o nezaraznim bolestima na Kosovu<\/a><\/h4>\t\t<\/div>\n\t\t\t\t<\/div>\n\t\t\t\t<\/div>\n\t\t\t\t\t<\/div>\n\t\t\t\t<\/div>\n\t\t<div class=\"elementor-element elementor-element-041596d e-flex e-con-boxed e-con e-parent\" data-id=\"041596d\" data-element_type=\"container\" data-core-v316-plus=\"true\">\n\t\t\t\t\t<div class=\"e-con-inner\">\n\t\t<div class=\"elementor-element elementor-element-426f847 e-con-full e-flex e-con e-child\" data-id=\"426f847\" data-element_type=\"container\">\n\t\t\t\t<div class=\"elementor-element elementor-element-77972e5 elementor-widget elementor-widget-image\" data-id=\"77972e5\" data-element_type=\"widget\" data-widget_type=\"image.default\">\n\t\t\t\t<div class=\"elementor-widget-container\">\n\t\t\t\t\t\t\t\t\t\t\t\t\t\t<a href=\"https:\/\/ihsproject.org\/sr\/march-25-2025-impact-story\/\">\n\t\t\t\t\t\t\t<img decoding=\"async\" src=\"https:\/\/ihsproject.org\/wp-content\/uploads\/2025\/03\/Impact-Story-Foto-kryesore-scaled.jpg\" title=\"Impact Story &#8211; Foto kryesore\" alt=\"Impact Story - Foto kryesore\" loading=\"lazy\" \/>\t\t\t\t\t\t\t\t<\/a>\n\t\t\t\t\t\t\t\t\t\t\t\t\t<\/div>\n\t\t\t\t<\/div>\n\t\t\t\t<div class=\"elementor-element elementor-element-ec4675b elementor-widget elementor-widget-heading\" data-id=\"ec4675b\" data-element_type=\"widget\" data-widget_type=\"heading.default\">\n\t\t\t\t<div class=\"elementor-widget-container\">\n\t\t\t<h4 class=\"elementor-heading-title elementor-size-default\"><a href=\"https:\/\/ihsproject.org\/sr\/march-25-2025-impact-story\/\">Unapre\u0111enje klini\u010dkih puteva i puteva za pacijente za bolju negu NCD na Kosovu<\/a><\/h4>\t\t<\/div>\n\t\t\t\t<\/div>\n\t\t\t\t<\/div>\n\t\t<div class=\"elementor-element elementor-element-b8a5078 e-con-full e-flex e-con e-child\" data-id=\"b8a5078\" data-element_type=\"container\">\n\t\t\t\t<div class=\"elementor-element elementor-element-dc0e77d elementor-widget elementor-widget-image\" data-id=\"dc0e77d\" data-element_type=\"widget\" data-widget_type=\"image.default\">\n\t\t\t\t<div class=\"elementor-widget-container\">\n\t\t\t\t\t\t\t\t\t\t\t\t\t\t<a href=\"https:\/\/ihsproject.org\/sr\/november-20-2024\/\">\n\t\t\t\t\t\t\t<img decoding=\"async\" src=\"https:\/\/ihsproject.org\/wp-content\/uploads\/2024\/11\/Hungary1-Main-Picture_Small.jpg\" title=\"Hungary(1) Main Picture_Small\" alt=\"Hungary(1) Main Picture_Small\" loading=\"lazy\" \/>\t\t\t\t\t\t\t\t<\/a>\n\t\t\t\t\t\t\t\t\t\t\t\t\t<\/div>\n\t\t\t\t<\/div>\n\t\t\t\t<div class=\"elementor-element elementor-element-e3d39f3 elementor-widget elementor-widget-heading\" data-id=\"e3d39f3\" data-element_type=\"widget\" data-widget_type=\"heading.default\">\n\t\t\t\t<div class=\"elementor-widget-container\">\n\t\t\t<h4 class=\"elementor-heading-title elementor-size-default\"><a href=\"https:\/\/ihsproject.org\/sr\/november-20-2024\/\">Mre\u017ea bolnica za promociju zdravlja: Iskustvo delegacije sa Kosova<\/a><\/h4>\t\t<\/div>\n\t\t\t\t<\/div>\n\t\t\t\t<\/div>\n\t\t\t\t\t<\/div>\n\t\t\t\t<\/div>\n\t\t<div class=\"elementor-element elementor-element-604b116 e-flex e-con-boxed e-con e-parent\" data-id=\"604b116\" data-element_type=\"container\" data-core-v316-plus=\"true\">\n\t\t\t\t\t<div class=\"e-con-inner\">\n\t\t<div class=\"elementor-element elementor-element-bbbd634 e-con-full e-flex e-con e-child\" data-id=\"bbbd634\" data-element_type=\"container\">\n\t\t\t\t<div class=\"elementor-element elementor-element-2b9c5dd elementor-widget elementor-widget-image\" data-id=\"2b9c5dd\" data-element_type=\"widget\" data-widget_type=\"image.default\">\n\t\t\t\t<div class=\"elementor-widget-container\">\n\t\t\t\t\t\t\t\t\t\t\t\t\t\t<a href=\"https:\/\/ihsproject.org\/sr\/august-19-2024\/\">\n\t\t\t\t\t\t\t<img decoding=\"async\" src=\"https:\/\/ihsproject.org\/wp-content\/uploads\/2024\/08\/SDC-Nsltr-1-scaled.jpg\" title=\"SDC Nsltr 1\" alt=\"SDC Nsltr 1\" loading=\"lazy\" \/>\t\t\t\t\t\t\t\t<\/a>\n\t\t\t\t\t\t\t\t\t\t\t\t\t<\/div>\n\t\t\t\t<\/div>\n\t\t\t\t<div class=\"elementor-element elementor-element-d4aa5c0 elementor-widget elementor-widget-heading\" data-id=\"d4aa5c0\" data-element_type=\"widget\" data-widget_type=\"heading.default\">\n\t\t\t\t<div class=\"elementor-widget-container\">\n\t\t\t<h4 class=\"elementor-heading-title elementor-size-default\"><a href=\"https:\/\/ihsproject.org\/sr\/august-19-2024\/\">Kosovske medicinske sestre pru\u017eaju specijalizovanu negu i obrazovanje pacijentima sa dijabetesom <\/a><\/h4>\t\t<\/div>\n\t\t\t\t<\/div>\n\t\t\t\t<\/div>\n\t\t<div class=\"elementor-element elementor-element-446c179 e-con-full e-flex e-con e-child\" data-id=\"446c179\" data-element_type=\"container\">\n\t\t\t\t<div class=\"elementor-element elementor-element-93f4e15 elementor-widget elementor-widget-image\" data-id=\"93f4e15\" data-element_type=\"widget\" data-widget_type=\"image.default\">\n\t\t\t\t<div class=\"elementor-widget-container\">\n\t\t\t\t\t\t\t\t\t\t\t\t\t\t<a href=\"https:\/\/ihsproject.org\/sr\/march-28-2024-impact-story\/\">\n\t\t\t\t\t\t\t<img decoding=\"async\" src=\"https:\/\/ihsproject.org\/wp-content\/uploads\/2024\/03\/20240305_093956-1.jpg\" title=\"20240305_093956\" alt=\"20240305_093956\" loading=\"lazy\" \/>\t\t\t\t\t\t\t\t<\/a>\n\t\t\t\t\t\t\t\t\t\t\t\t\t<\/div>\n\t\t\t\t<\/div>\n\t\t\t\t<div class=\"elementor-element elementor-element-9e13291 elementor-widget elementor-widget-heading\" data-id=\"9e13291\" data-element_type=\"widget\" data-widget_type=\"heading.default\">\n\t\t\t\t<div class=\"elementor-widget-container\">\n\t\t\t<h4 class=\"elementor-heading-title elementor-size-default\"><a href=\"https:\/\/ihsproject.org\/sr\/march-28-2024-impact-story\/\">Dvema kosovskim bolnicama dodeljeno \u010dlanstvo u me\u0111unarodnoj mre\u017ei<\/a><\/h4>\t\t<\/div>\n\t\t\t\t<\/div>\n\t\t\t\t<\/div>\n\t\t\t\t\t<\/div>\n\t\t\t\t<\/div>\n\t\t<div class=\"elementor-element elementor-element-9543c03 e-flex e-con-boxed e-con e-parent\" data-id=\"9543c03\" data-element_type=\"container\" data-core-v316-plus=\"true\">\n\t\t\t\t\t<div class=\"e-con-inner\">\n\t\t<div class=\"elementor-element elementor-element-9643b4d e-con-full e-flex e-con e-child\" data-id=\"9643b4d\" data-element_type=\"container\">\n\t\t\t\t<div class=\"elementor-element elementor-element-83509db elementor-widget elementor-widget-image\" data-id=\"83509db\" data-element_type=\"widget\" data-widget_type=\"image.default\">\n\t\t\t\t<div class=\"elementor-widget-container\">\n\t\t\t\t\t\t\t\t\t\t\t\t\t\t<a href=\"https:\/\/ihsproject.org\/sr\/december-8-2023\/\">\n\t\t\t\t\t\t\t<img decoding=\"async\" src=\"https:\/\/ihsproject.org\/wp-content\/uploads\/2023\/12\/20231207_141048-scaled.jpg\" title=\"20231207_141048\" alt=\"20231207_141048\" loading=\"lazy\" \/>\t\t\t\t\t\t\t\t<\/a>\n\t\t\t\t\t\t\t\t\t\t\t\t\t<\/div>\n\t\t\t\t<\/div>\n\t\t\t\t<div class=\"elementor-element elementor-element-82ed863 elementor-widget elementor-widget-heading\" data-id=\"82ed863\" data-element_type=\"widget\" data-widget_type=\"heading.default\">\n\t\t\t\t<div class=\"elementor-widget-container\">\n\t\t\t<h4 class=\"elementor-heading-title elementor-size-default\"><a href=\"https:\/\/ihsproject.org\/sr\/december-8-2023\/\">Uobi\u010dajena verovanja u odnosu na stvarnost u pogledu svesti o dijabetesu<\/a><\/h4>\t\t<\/div>\n\t\t\t\t<\/div>\n\t\t\t\t<\/div>\n\t\t\t\t\t<\/div>\n\t\t\t\t<\/div>\n\t\t\t\t<\/div>","protected":false},"excerpt":{"rendered":"<p>Threading Gender Lens in NCD Care in Kosovo From Waiting Room to Learning Space &#8211; A New Approach to NCD Care in Kosovo Kosovo\u2019s Hospitals Bring Diabetic Complications\u2019 Diagnostics Closer to Patients Re-framing Health Communication About Non-Communicable Diseases in Kosovo Advancing Clinical and Patient Pathways for Better NCD Care in Kosovo Health-Promoting Hospital Network: Experience [&hellip;]<\/p>","protected":false},"author":1,"featured_media":0,"parent":0,"menu_order":0,"comment_status":"closed","ping_status":"closed","template":"","meta":[],"_links":{"self":[{"href":"https:\/\/ihsproject.org\/sr\/wp-json\/wp\/v2\/pages\/10090"}],"collection":[{"href":"https:\/\/ihsproject.org\/sr\/wp-json\/wp\/v2\/pages"}],"about":[{"href":"https:\/\/ihsproject.org\/sr\/wp-json\/wp\/v2\/types\/page"}],"author":[{"embeddable":true,"href":"https:\/\/ihsproject.org\/sr\/wp-json\/wp\/v2\/users\/1"}],"replies":[{"embeddable":true,"href":"https:\/\/ihsproject.org\/sr\/wp-json\/wp\/v2\/comments?post=10090"}],"version-history":[{"count":53,"href":"https:\/\/ihsproject.org\/sr\/wp-json\/wp\/v2\/pages\/10090\/revisions"}],"predecessor-version":[{"id":15728,"href":"https:\/\/ihsproject.org\/sr\/wp-json\/wp\/v2\/pages\/10090\/revisions\/15728"}],"wp:attachment":[{"href":"https:\/\/ihsproject.org\/sr\/wp-json\/wp\/v2\/media?parent=10090"}],"curies":[{"name":"wp","href":"https:\/\/api.w.org\/{rel}","templated":true}]}}