{"id":709,"date":"2017-03-01T15:25:38","date_gmt":"2017-03-01T15:25:38","guid":{"rendered":"http:\/\/aqhproject.org\/?page_id=709"},"modified":"2024-02-15T15:25:49","modified_gmt":"2024-02-15T15:25:49","slug":"about-us","status":"publish","type":"page","link":"https:\/\/ihsproject.org\/sq\/about-us\/","title":{"rendered":"Rreth nesh"},"content":{"rendered":"<div data-elementor-type=\"wp-page\" data-elementor-id=\"709\" class=\"elementor elementor-709\">\n\t\t\t\t\t\t<section class=\"elementor-section elementor-top-section elementor-element elementor-element-7d2f9a5a elementor-section-full_width elementor-section-height-default elementor-section-height-default\" data-id=\"7d2f9a5a\" data-element_type=\"section\" data-settings=\"{&quot;background_background&quot;:&quot;classic&quot;}\">\n\t\t\t\t\t\t<div class=\"elementor-container elementor-column-gap-default\">\n\t\t\t\t\t<div class=\"elementor-column elementor-col-50 elementor-top-column elementor-element elementor-element-9e6764d\" data-id=\"9e6764d\" data-element_type=\"column\" data-settings=\"{&quot;background_background&quot;:&quot;classic&quot;}\">\n\t\t\t<div class=\"elementor-widget-wrap\">\n\t\t\t\t\t\t\t<\/div>\n\t\t<\/div>\n\t\t\t\t<div class=\"elementor-column elementor-col-50 elementor-top-column elementor-element elementor-element-5dae0b3d\" data-id=\"5dae0b3d\" data-element_type=\"column\">\n\t\t\t<div class=\"elementor-widget-wrap elementor-element-populated\">\n\t\t\t\t\t\t<div class=\"elementor-element elementor-element-1ec731f1 main-page-img elementor-widget elementor-widget-image\" data-id=\"1ec731f1\" data-element_type=\"widget\" data-widget_type=\"image.default\">\n\t\t\t\t<div class=\"elementor-widget-container\">\n\t\t\t\t\t\t\t\t\t\t\t\t\t<img fetchpriority=\"high\" decoding=\"async\" width=\"768\" height=\"512\" src=\"https:\/\/ihsproject.org\/wp-content\/uploads\/2023\/06\/IHS-webpage-About-Us-Top-Page-768x512.jpg\" class=\"attachment-medium_large size-medium_large wp-image-11897\" alt=\"\" srcset=\"https:\/\/ihsproject.org\/wp-content\/uploads\/2023\/06\/IHS-webpage-About-Us-Top-Page-768x512.jpg 768w, https:\/\/ihsproject.org\/wp-content\/uploads\/2023\/06\/IHS-webpage-About-Us-Top-Page-300x200.jpg 300w, https:\/\/ihsproject.org\/wp-content\/uploads\/2023\/06\/IHS-webpage-About-Us-Top-Page-1024x683.jpg 1024w, https:\/\/ihsproject.org\/wp-content\/uploads\/2023\/06\/IHS-webpage-About-Us-Top-Page-1536x1024.jpg 1536w, https:\/\/ihsproject.org\/wp-content\/uploads\/2023\/06\/IHS-webpage-About-Us-Top-Page-2048x1365.jpg 2048w, https:\/\/ihsproject.org\/wp-content\/uploads\/2023\/06\/IHS-webpage-About-Us-Top-Page-18x12.jpg 18w\" sizes=\"(max-width: 768px) 100vw, 768px\" \/>\t\t\t\t\t\t\t\t\t\t\t\t\t<\/div>\n\t\t\t\t<\/div>\n\t\t\t\t\t<\/div>\n\t\t<\/div>\n\t\t\t\t\t<\/div>\n\t\t<\/section>\n\t\t\t\t<section class=\"elementor-section elementor-top-section elementor-element elementor-element-21f6483c elementor-section-boxed elementor-section-height-default elementor-section-height-default\" data-id=\"21f6483c\" data-element_type=\"section\" data-settings=\"{&quot;background_background&quot;:&quot;classic&quot;}\">\n\t\t\t\t\t\t<div class=\"elementor-container elementor-column-gap-default\">\n\t\t\t\t\t<div class=\"elementor-column elementor-col-100 elementor-top-column elementor-element elementor-element-584daea\" data-id=\"584daea\" data-element_type=\"column\" data-settings=\"{&quot;background_background&quot;:&quot;classic&quot;}\">\n\t\t\t<div class=\"elementor-widget-wrap elementor-element-populated\">\n\t\t\t\t\t\t<div class=\"elementor-element elementor-element-43fc414 elementor-widget elementor-widget-heading\" data-id=\"43fc414\" data-element_type=\"widget\" data-widget_type=\"heading.default\">\n\t\t\t\t<div class=\"elementor-widget-container\">\n\t\t\t<h2 class=\"elementor-heading-title elementor-size-default\">Projekti<\/h2>\t\t<\/div>\n\t\t\t\t<\/div>\n\t\t\t\t<div class=\"elementor-element elementor-element-a8112bf elementor-widget elementor-widget-text-editor\" data-id=\"a8112bf\" data-element_type=\"widget\" data-widget_type=\"text-editor.default\">\n\t\t\t\t<div class=\"elementor-widget-container\">\n\t\t\t\t\t\t\t<p>Projekti Sh\u00ebrbimet Sh\u00ebndet\u00ebsore t\u00eb Integruara fokusohet tek s\u00ebmundjet jongjit\u00ebse (SJN). Me rolin e vet fasilitues, projekti IHS fuqizon koordinimin nd\u00ebrmjet nivelit t\u00eb mjek\u00ebsis\u00eb familjare dhe spitaleve t\u00eb p\u00ebrgjithshme, duke mund\u00ebsuar shfryt\u00ebzimin efektiv t\u00eb udh\u00ebzuesve klinik\u00eb dhe duke siguruar rezultatet e q\u00ebndrueshme p\u00ebr proceset e zhvillimit t\u00eb partner\u00ebve. Projekti IHS adreson n\u00eb m\u00ebnyr\u00eb specifike grupet n\u00eb nevoj\u00eb q\u00eb n\u00eb p\u00ebrgjith\u00ebsi kan\u00eb status sh\u00ebndet\u00ebsor m\u00eb t\u00eb cenuesh\u00ebm, p\u00ebrballen me v\u00ebshtir\u00ebsi n\u00eb aspektin e t\u00eb ardhurave, kan\u00eb rrezik m\u00eb t\u00eb lart\u00eb nga p\u00ebrjashtimi social dhe kan\u00eb m\u00eb pak njohuri sh\u00ebndet\u00ebsore se sa popullsia e p\u00ebrgjithshme.<\/p>\t\t\t\t\t\t<\/div>\n\t\t\t\t<\/div>\n\t\t\t\t<div class=\"elementor-element elementor-element-fb85229 elementor-widget elementor-widget-heading\" data-id=\"fb85229\" data-element_type=\"widget\" data-widget_type=\"heading.default\">\n\t\t\t\t<div class=\"elementor-widget-container\">\n\t\t\t<h2 class=\"elementor-heading-title elementor-size-default\">Agjencia Zvicerane p\u00ebr Zhvillim dhe Bashk\u00ebpunim<\/h2>\t\t<\/div>\n\t\t\t\t<\/div>\n\t\t\t\t<div class=\"elementor-element elementor-element-c69cf3f elementor-widget__width-initial elementor-widget elementor-widget-text-editor\" data-id=\"c69cf3f\" data-element_type=\"widget\" data-widget_type=\"text-editor.default\">\n\t\t\t\t<div class=\"elementor-widget-container\">\n\t\t\t\t\t\t\t<p>The <a href=\"https:\/\/www.eda.admin.ch\/deza\/de\/home.html\" target=\"_blank\" rel=\"noopener noreferrer\">Agjencia Zvicerane p\u00ebr Zhvillim dhe Bashk\u00ebpunim<\/a>\u00a0 n\u00eb Kosov\u00eb koordinon programet e veta n\u00ebp\u00ebrmjet <a href=\"https:\/\/www.eda.admin.ch\/countries\/kosovo\/en\/home\/representations\/embassy-pristina\/cooperation-office.html\">Ambasad\u00ebs s\u00eb Zvcir\u00ebs \/ Zyr\u00ebs Zvicerane p\u00ebr Bashk\u00ebpunim n\u00eb Kosov\u00eb<\/a>. Asistenc\u00ebn humanitare Zvicra e ka nisur n\u00eb vitin 1998, k\u00ebshtu bashk\u00ebpunimi nd\u00ebrmjet Zvicr\u00ebs dhe\nKosov\u00ebs gjithnj\u00eb e m\u00eb shum\u00eb \u00ebsht\u00eb zhvendosur drejt proceseve q\u00eb mb\u00ebshtesin reformat. Portofoli i programeve zvicerane organizohet n\u00eb kat\u00ebr\nfusha kryesore:\u00a0<\/p><p><strong>1.<\/strong> Qeverisja demokratike dhe siguria njer\u00ebzore,\u00a0<\/p><p><strong>2.<\/strong> Ekonomia dhe pun\u00ebsimi,\u00a0<\/p><p><strong>3.<\/strong> Uji dhe q\u00ebndrueshm\u00ebria ndaj ndryshimeve\nklimatike, dhe\u00a0<\/p><p><strong>4.<\/strong> Sh\u00ebndeti. Projekti IHS \u00ebsht\u00eb n\u00ebn fush\u00ebn e sh\u00ebndetit.<\/p>\t\t\t\t\t\t<\/div>\n\t\t\t\t<\/div>\n\t\t\t\t<div class=\"elementor-element elementor-element-2e83d71 elementor-widget elementor-widget-heading\" data-id=\"2e83d71\" data-element_type=\"widget\" data-widget_type=\"heading.default\">\n\t\t\t\t<div class=\"elementor-widget-container\">\n\t\t\t<h2 class=\"elementor-heading-title elementor-size-default\">Swiss Tropical and Public Health Institute<\/h2>\t\t<\/div>\n\t\t\t\t<\/div>\n\t\t\t\t<div class=\"elementor-element elementor-element-c565015 elementor-widget__width-initial elementor-widget elementor-widget-text-editor\" data-id=\"c565015\" data-element_type=\"widget\" data-widget_type=\"text-editor.default\">\n\t\t\t\t<div class=\"elementor-widget-container\">\n\t\t\t\t\t\t\t<p>Swiss Centre for International Health (SCIH) pran\u00eb <a href=\"https:\/\/www.swisstph.ch\/en\/\">Swiss Tropical and Public Health Institute<\/a> ofron konsulenca, vler\u00ebsime dhe sh\u00ebrbime k\u00ebshillimore p\u00ebr \u00e7\u00ebshtje sh\u00ebndet\u00ebsore n\u00eb nivel vendor dhe global. Organizatat vendore dhe nd\u00ebrkomb\u00ebtare e zgjedhin SCIH p\u00ebr shkak t\u00eb ekspertiz\u00ebs s\u00eb shquar dhe p\u00ebrvoj\u00ebs afatgjate nd\u00ebrkomb\u00ebtare n\u00eb fush\u00ebn e sh\u00ebndet\u00ebsis\u00eb. Klient\u00ebt kryesor\u00eb jan\u00eb edhe Organizata Bot\u00ebrore e Sh\u00ebndet\u00ebsis\u00eb (OBSH), Banka Bot\u00ebrore (BB), Fondi Global p\u00ebr t\u00eb Luftuar SIDA-n, Tuberkulozin dhe Malarjen (GFATM) dhe Agjencia Zvicerane\np\u00ebr Zhvillim dhe Bashk\u00ebpunim (SDC).<\/p>\t\t\t\t\t\t<\/div>\n\t\t\t\t<\/div>\n\t\t\t\t<div class=\"elementor-element elementor-element-633b9cb elementor-widget-divider--view-line elementor-widget elementor-widget-divider\" data-id=\"633b9cb\" data-element_type=\"widget\" data-widget_type=\"divider.default\">\n\t\t\t\t<div class=\"elementor-widget-container\">\n\t\t\t\t\t<div class=\"elementor-divider\">\n\t\t\t<span class=\"elementor-divider-separator\">\n\t\t\t\t\t\t<\/span>\n\t\t<\/div>\n\t\t\t\t<\/div>\n\t\t\t\t<\/div>\n\t\t\t\t\t<\/div>\n\t\t<\/div>\n\t\t\t\t\t<\/div>\n\t\t<\/section>\n\t\t\t\t<\/div>","protected":false},"excerpt":{"rendered":"<p>The Project The Integrated Health Services project focuses on Non-Communicable Diseases (NCDs). Through its facilitating role, the IHS project strengthens coordination amongst Family Medicine level and General Hospitals, enabling the effective use of clinical guidelines, and ensuring sustainable results for partners\u2019 development processes. The IHS project specifically addresses vulnerable groups that generally have a poorer [&hellip;]<\/p>","protected":false},"author":1,"featured_media":4309,"parent":0,"menu_order":10,"comment_status":"closed","ping_status":"closed","template":"","meta":[],"_links":{"self":[{"href":"https:\/\/ihsproject.org\/sq\/wp-json\/wp\/v2\/pages\/709"}],"collection":[{"href":"https:\/\/ihsproject.org\/sq\/wp-json\/wp\/v2\/pages"}],"about":[{"href":"https:\/\/ihsproject.org\/sq\/wp-json\/wp\/v2\/types\/page"}],"author":[{"embeddable":true,"href":"https:\/\/ihsproject.org\/sq\/wp-json\/wp\/v2\/users\/1"}],"replies":[{"embeddable":true,"href":"https:\/\/ihsproject.org\/sq\/wp-json\/wp\/v2\/comments?post=709"}],"version-history":[{"count":74,"href":"https:\/\/ihsproject.org\/sq\/wp-json\/wp\/v2\/pages\/709\/revisions"}],"predecessor-version":[{"id":13100,"href":"https:\/\/ihsproject.org\/sq\/wp-json\/wp\/v2\/pages\/709\/revisions\/13100"}],"wp:featuredmedia":[{"embeddable":true,"href":"https:\/\/ihsproject.org\/sq\/wp-json\/wp\/v2\/media\/4309"}],"wp:attachment":[{"href":"https:\/\/ihsproject.org\/sq\/wp-json\/wp\/v2\/media?parent=709"}],"curies":[{"name":"wp","href":"https:\/\/api.w.org\/{rel}","templated":true}]}}