{"id":6245,"date":"2020-08-12T22:41:25","date_gmt":"2020-08-12T22:41:25","guid":{"rendered":"http:\/\/aqhproject.org\/development\/?page_id=6245"},"modified":"2023-06-12T23:22:05","modified_gmt":"2023-06-12T23:22:05","slug":"opstine","status":"publish","type":"page","link":"https:\/\/ihsproject.org\/sq\/opstine\/","title":{"rendered":"Op\u0161tine"},"content":{"rendered":"<div data-elementor-type=\"wp-page\" data-elementor-id=\"6245\" class=\"elementor elementor-6245\">\n\t\t\t\t\t\t<section class=\"elementor-section elementor-top-section elementor-element elementor-element-24db819c elementor-section-full_width elementor-section-height-default elementor-section-height-default\" data-id=\"24db819c\" data-element_type=\"section\" data-settings=\"{&quot;background_background&quot;:&quot;classic&quot;}\">\n\t\t\t\t\t\t<div class=\"elementor-container elementor-column-gap-default\">\n\t\t\t\t\t<div class=\"elementor-column elementor-col-50 elementor-top-column elementor-element elementor-element-241b0550\" data-id=\"241b0550\" data-element_type=\"column\" data-settings=\"{&quot;background_background&quot;:&quot;classic&quot;}\">\n\t\t\t<div class=\"elementor-widget-wrap\">\n\t\t\t\t\t\t\t<\/div>\n\t\t<\/div>\n\t\t\t\t<div class=\"elementor-column elementor-col-50 elementor-top-column elementor-element elementor-element-43c92a34\" data-id=\"43c92a34\" data-element_type=\"column\">\n\t\t\t<div class=\"elementor-widget-wrap elementor-element-populated\">\n\t\t\t\t\t\t\t<\/div>\n\t\t<\/div>\n\t\t\t\t\t<\/div>\n\t\t<\/section>\n\t\t\t\t<section class=\"elementor-section elementor-top-section elementor-element elementor-element-6bdae8f elementor-section-boxed elementor-section-height-default elementor-section-height-default\" data-id=\"6bdae8f\" data-element_type=\"section\" data-settings=\"{&quot;background_background&quot;:&quot;classic&quot;}\">\n\t\t\t\t\t\t<div class=\"elementor-container elementor-column-gap-default\">\n\t\t\t\t\t<div class=\"elementor-column elementor-col-100 elementor-top-column elementor-element elementor-element-9a80bd4\" data-id=\"9a80bd4\" data-element_type=\"column\" data-settings=\"{&quot;background_background&quot;:&quot;classic&quot;}\">\n\t\t\t<div class=\"elementor-widget-wrap elementor-element-populated\">\n\t\t\t\t\t\t<section class=\"elementor-section elementor-inner-section elementor-element elementor-element-239cd9a elementor-section-boxed elementor-section-height-default elementor-section-height-default\" data-id=\"239cd9a\" data-element_type=\"section\">\n\t\t\t\t\t\t<div class=\"elementor-container elementor-column-gap-default\">\n\t\t\t\t\t<div class=\"elementor-column elementor-col-100 elementor-inner-column elementor-element elementor-element-d62292d\" data-id=\"d62292d\" data-element_type=\"column\">\n\t\t\t<div class=\"elementor-widget-wrap elementor-element-populated\">\n\t\t\t\t\t\t<div class=\"elementor-element elementor-element-2a54d9b elementor-widget-mobile__width-initial elementor-widget elementor-widget-image\" data-id=\"2a54d9b\" data-element_type=\"widget\" data-widget_type=\"image.default\">\n\t\t\t\t<div class=\"elementor-widget-container\">\n\t\t\t\t\t\t\t\t\t\t\t\t\t<img decoding=\"async\" src=\"https:\/\/ihsproject.org\/wp-content\/uploads\/2023\/04\/Our_Work.jpg\" title=\"Our_Work\" alt=\"Our_Work\" loading=\"lazy\" \/>\t\t\t\t\t\t\t\t\t\t\t\t\t<\/div>\n\t\t\t\t<\/div>\n\t\t\t\t\t<\/div>\n\t\t<\/div>\n\t\t\t\t\t<\/div>\n\t\t<\/section>\n\t\t\t\t\t<\/div>\n\t\t<\/div>\n\t\t\t\t\t<\/div>\n\t\t<\/section>\n\t\t\t\t<section class=\"elementor-section elementor-top-section elementor-element elementor-element-61f4fb9 elementor-section-boxed elementor-section-height-default elementor-section-height-default\" data-id=\"61f4fb9\" data-element_type=\"section\">\n\t\t\t\t\t\t<div class=\"elementor-container elementor-column-gap-default\">\n\t\t\t\t\t<div class=\"elementor-column elementor-col-50 elementor-top-column elementor-element elementor-element-2e0c439\" data-id=\"2e0c439\" data-element_type=\"column\">\n\t\t\t<div class=\"elementor-widget-wrap elementor-element-populated\">\n\t\t\t\t\t\t<div class=\"elementor-element elementor-element-8455979 elementor-widget elementor-widget-heading\" data-id=\"8455979\" data-element_type=\"widget\" data-widget_type=\"heading.default\">\n\t\t\t\t<div class=\"elementor-widget-container\">\n\t\t\t<h2 class=\"elementor-heading-title elementor-size-default\">OP\u0160TA BOLNICA U PE\u0106I<\/h2>\t\t<\/div>\n\t\t\t\t<\/div>\n\t\t\t\t<div class=\"elementor-element elementor-element-c37e0ad elementor-widget elementor-widget-text-editor\" data-id=\"c37e0ad\" data-element_type=\"widget\" data-widget_type=\"text-editor.default\">\n\t\t\t\t<div class=\"elementor-widget-container\">\n\t\t\t\t\t\t\t<p>Op\u0161ta bolnica u Pe\u0107i pru\u017ea sekundarne zdravstvene usluge stanovni\u0161tvu op\u0161tina Pe\u0107, Istok, Klina i De\u010dani i ostalima koji se upu\u0107uju u ovu bolnicu. Op\u0161ta bolnica u Pe\u0107i ima za cilj dalju izgradnju i ja\u010danje sistema upravljanja kvalitetom koji joj omogu\u0107avaju da radi u skladu sa najvi\u0161im standardima zdravstvenih usluga u zemlji i na svetskom nivou. <br \/><br \/>Osim toga, ima za cilj postizanje izvrsnosti kroz kontinuirano pobolj\u0161anje jednakog pristupa zdravstvenim uslugama, ve\u0107u odgovornost, kontinuirano upravljanje kvalitetom usluga, kontinuiranu edukaciju i preduzimanje pravih koraka kako bi se osigurale isplative metode.<\/p><p>Op\u0161ta bolnica u Pe\u0107i ima slede\u0107e jedinice: ginekolo\u0161ko-aku\u0161erska, neonatolo\u0161ka, pedijatrijska, hirurgija, ortopedija, urologija, ORL, oftalmologija, interna medicina, koronarna jedinica, dermatologija, infektivne bolesti, pneumofiziologija, neurologija, dijaliza, psihijatrija, hitna interna hirurgija, intenzivna nega, hirur\u0161ke sobe i anestezija, laboratorija, transfuzija krvi, RO kabinet, apoteka, fizijatrija i specijalizovane klinike.<\/p><p>\u00a0<\/p><p>Op\u0161ta bolnica u Pe\u0107i ima kapacitet od 397 kreveta.<\/p>\t\t\t\t\t\t<\/div>\n\t\t\t\t<\/div>\n\t\t\t\t\t<\/div>\n\t\t<\/div>\n\t\t\t\t<div class=\"elementor-column elementor-col-50 elementor-top-column elementor-element elementor-element-4143c40\" data-id=\"4143c40\" data-element_type=\"column\">\n\t\t\t<div class=\"elementor-widget-wrap elementor-element-populated\">\n\t\t\t\t\t\t<div class=\"elementor-element elementor-element-b062326 elementor-widget elementor-widget-heading\" data-id=\"b062326\" data-element_type=\"widget\" data-widget_type=\"heading.default\">\n\t\t\t\t<div class=\"elementor-widget-container\">\n\t\t\t<h2 class=\"elementor-heading-title elementor-size-default\">OP\u0160TA BOLNICA U \u0110AKOVICI<\/h2>\t\t<\/div>\n\t\t\t\t<\/div>\n\t\t\t\t<div class=\"elementor-element elementor-element-87063ae elementor-widget elementor-widget-text-editor\" data-id=\"87063ae\" data-element_type=\"widget\" data-widget_type=\"text-editor.default\">\n\t\t\t\t<div class=\"elementor-widget-container\">\n\t\t\t\t\t\t\t<p>Op\u0161ta bolnica u \u0110akovici pru\u017ea sekundarne zdravstvene usluge stanovni\u0161tvu op\u0161tina \u0110akovica, Orahovac, Mali\u0161evo i Junik i ostalima koji se upu\u0107uju u ovu bolnicu. Op\u0161ta bolnica u \u0110akovici preduzima aktivne korake ka postizanju svog cilja da postane model regionalnog referentnog centra, \u0161to zna\u010di da bude op\u0161ta bolnica koja ima za cilj da integri\u0161e standarde upravljanja kvalitetom i multidisciplinarni pristup zdravstvenim uslugama u svom svakodnevnom radu.<\/p><p>\u00a0Ljudski i stru\u010dni kapaciteti i napredna medicinska tehnologija su osnovni za postizanje ovog cilja, stoga Op\u0161ta bolnica preduzima korake kako bi zadovoljila potrebe i zahteve pacijenata u skladu sa evropskim standardima i praksom.<\/p><p>Op\u0161ta bolnica \u0110akovica ima slede\u0107e jedinice: ginekolo\u0161ko-aku\u0161erska, neonatolo\u0161ka, pedijatrijska, hirurgija, urologija, ortopedija, oftalmologija, ORL, anestezija, intenzivna nega, hitna pomo\u0107, hirurgija, interna medicina, dermatologija, infektivne bolesti, dijaliza, neurologija, psihijatrija, laboratorija, transfuzija krvi, fizikalna terapija, radiologija, farmacija, patologija i mrtva\u010dnica i ambulantne usluge.<\/p><p>\u00a0<\/p><p>Op\u0161ta bolnica u \u0110akovici ima kapacitet od 409 kreveta.<\/p>\t\t\t\t\t\t<\/div>\n\t\t\t\t<\/div>\n\t\t\t\t\t<\/div>\n\t\t<\/div>\n\t\t\t\t\t<\/div>\n\t\t<\/section>\n\t\t<div class=\"elementor-element elementor-element-a1275ca e-flex e-con-boxed e-con e-parent\" data-id=\"a1275ca\" data-element_type=\"container\" data-core-v316-plus=\"true\">\n\t\t\t\t\t<div class=\"e-con-inner\">\n\t\t\t\t<div class=\"elementor-element elementor-element-50f130e elementor-widget elementor-widget-heading\" data-id=\"50f130e\" data-element_type=\"widget\" data-widget_type=\"heading.default\">\n\t\t\t\t<div class=\"elementor-widget-container\">\n\t\t\t<h2 class=\"elementor-heading-title elementor-size-default\">Partner\u00ebt<\/h2>\t\t<\/div>\n\t\t\t\t<\/div>\n\t\t\t\t\t<\/div>\n\t\t\t\t<\/div>\n\t\t<div class=\"elementor-element elementor-element-786c085 e-flex e-con-boxed e-con e-parent\" data-id=\"786c085\" data-element_type=\"container\" data-core-v316-plus=\"true\">\n\t\t\t\t\t<div class=\"e-con-inner\">\n\t\t<div class=\"elementor-element elementor-element-d6ca8c8 e-flex e-con-boxed e-con e-parent\" data-id=\"d6ca8c8\" data-element_type=\"container\" data-core-v316-plus=\"true\">\n\t\t\t\t\t<div class=\"e-con-inner\">\n\t\t\t\t<div class=\"elementor-element elementor-element-87ae91f elementor-widget elementor-widget-image\" data-id=\"87ae91f\" data-element_type=\"widget\" data-widget_type=\"image.default\">\n\t\t\t\t<div class=\"elementor-widget-container\">\n\t\t\t\t\t\t\t\t\t\t\t\t\t\t<a href=\"https:\/\/msh.rks-gov.net\/\">\n\t\t\t\t\t\t\t<img fetchpriority=\"high\" decoding=\"async\" width=\"300\" height=\"238\" src=\"https:\/\/ihsproject.org\/wp-content\/uploads\/2020\/11\/ministriashendetesise-1-300x238.jpg\" class=\"elementor-animation-grow attachment-medium size-medium wp-image-8688\" alt=\"\" srcset=\"https:\/\/ihsproject.org\/wp-content\/uploads\/2020\/11\/ministriashendetesise-1-300x238.jpg 300w, https:\/\/ihsproject.org\/wp-content\/uploads\/2020\/11\/ministriashendetesise-1.jpg 460w\" sizes=\"(max-width: 300px) 100vw, 300px\" \/>\t\t\t\t\t\t\t\t<\/a>\n\t\t\t\t\t\t\t\t\t\t\t\t\t<\/div>\n\t\t\t\t<\/div>\n\t\t\t\t\t<\/div>\n\t\t\t\t<\/div>\n\t\t<div class=\"elementor-element elementor-element-435c276 e-flex e-con-boxed e-con e-parent\" data-id=\"435c276\" data-element_type=\"container\" data-core-v316-plus=\"true\">\n\t\t\t\t\t<div class=\"e-con-inner\">\n\t\t\t\t<div class=\"elementor-element elementor-element-d5551fe elementor-widget elementor-widget-image\" data-id=\"d5551fe\" data-element_type=\"widget\" data-widget_type=\"image.default\">\n\t\t\t\t<div class=\"elementor-widget-container\">\n\t\t\t\t\t\t\t\t\t\t\t\t\t\t<a href=\"https:\/\/shskuk.rks-gov.net\/\">\n\t\t\t\t\t\t\t<img decoding=\"async\" width=\"300\" height=\"238\" src=\"https:\/\/ihsproject.org\/wp-content\/uploads\/2023\/05\/shskuk_logo_1-300x238.jpg\" class=\"elementor-animation-grow attachment-medium size-medium wp-image-11282\" alt=\"\" srcset=\"https:\/\/ihsproject.org\/wp-content\/uploads\/2023\/05\/shskuk_logo_1-300x238.jpg 300w, https:\/\/ihsproject.org\/wp-content\/uploads\/2023\/05\/shskuk_logo_1-15x12.jpg 15w, https:\/\/ihsproject.org\/wp-content\/uploads\/2023\/05\/shskuk_logo_1.jpg 460w\" sizes=\"(max-width: 300px) 100vw, 300px\" \/>\t\t\t\t\t\t\t\t<\/a>\n\t\t\t\t\t\t\t\t\t\t\t\t\t<\/div>\n\t\t\t\t<\/div>\n\t\t\t\t\t<\/div>\n\t\t\t\t<\/div>\n\t\t<div class=\"elementor-element elementor-element-5a7d1a8 e-flex e-con-boxed e-con e-parent\" data-id=\"5a7d1a8\" data-element_type=\"container\" data-core-v316-plus=\"true\">\n\t\t\t\t\t<div class=\"e-con-inner\">\n\t\t\t\t<div class=\"elementor-element elementor-element-9a152a9 elementor-widget elementor-widget-image\" data-id=\"9a152a9\" data-element_type=\"widget\" data-widget_type=\"image.default\">\n\t\t\t\t<div class=\"elementor-widget-container\">\n\t\t\t\t\t\t\t\t\t\t\t\t\t\t<a href=\"https:\/\/prak-kosova.org\">\n\t\t\t\t\t\t\t<img decoding=\"async\" width=\"300\" height=\"238\" src=\"https:\/\/ihsproject.org\/wp-content\/uploads\/2023\/05\/prak_logo_1-300x238.jpg\" class=\"elementor-animation-grow attachment-medium size-medium wp-image-11285\" alt=\"\" srcset=\"https:\/\/ihsproject.org\/wp-content\/uploads\/2023\/05\/prak_logo_1-300x238.jpg 300w, https:\/\/ihsproject.org\/wp-content\/uploads\/2023\/05\/prak_logo_1-15x12.jpg 15w, https:\/\/ihsproject.org\/wp-content\/uploads\/2023\/05\/prak_logo_1.jpg 460w\" sizes=\"(max-width: 300px) 100vw, 300px\" \/>\t\t\t\t\t\t\t\t<\/a>\n\t\t\t\t\t\t\t\t\t\t\t\t\t<\/div>\n\t\t\t\t<\/div>\n\t\t\t\t\t<\/div>\n\t\t\t\t<\/div>\n\t\t\t\t\t<\/div>\n\t\t\t\t<\/div>\n\t\t\t\t<\/div>","protected":false},"excerpt":{"rendered":"<p>OP\u0160TA BOLNICA U PE\u0106I Op\u0161ta bolnica u Pe\u0107i pru\u017ea sekundarne zdravstvene usluge stanovni\u0161tvu op\u0161tina Pe\u0107, Istok, Klina i De\u010dani i ostalima koji se upu\u0107uju u ovu bolnicu. Op\u0161ta bolnica u Pe\u0107i ima za cilj dalju izgradnju i ja\u010danje sistema upravljanja kvalitetom koji joj omogu\u0107avaju da radi u skladu sa najvi\u0161im standardima zdravstvenih usluga u zemlji [&hellip;]<\/p>","protected":false},"author":1,"featured_media":4374,"parent":0,"menu_order":51,"comment_status":"closed","ping_status":"closed","template":"","meta":[],"_links":{"self":[{"href":"https:\/\/ihsproject.org\/sq\/wp-json\/wp\/v2\/pages\/6245"}],"collection":[{"href":"https:\/\/ihsproject.org\/sq\/wp-json\/wp\/v2\/pages"}],"about":[{"href":"https:\/\/ihsproject.org\/sq\/wp-json\/wp\/v2\/types\/page"}],"author":[{"embeddable":true,"href":"https:\/\/ihsproject.org\/sq\/wp-json\/wp\/v2\/users\/1"}],"replies":[{"embeddable":true,"href":"https:\/\/ihsproject.org\/sq\/wp-json\/wp\/v2\/comments?post=6245"}],"version-history":[{"count":13,"href":"https:\/\/ihsproject.org\/sq\/wp-json\/wp\/v2\/pages\/6245\/revisions"}],"predecessor-version":[{"id":11505,"href":"https:\/\/ihsproject.org\/sq\/wp-json\/wp\/v2\/pages\/6245\/revisions\/11505"}],"wp:featuredmedia":[{"embeddable":true,"href":"https:\/\/ihsproject.org\/sq\/wp-json\/wp\/v2\/media\/4374"}],"wp:attachment":[{"href":"https:\/\/ihsproject.org\/sq\/wp-json\/wp\/v2\/media?parent=6245"}],"curies":[{"name":"wp","href":"https:\/\/api.w.org\/{rel}","templated":true}]}}