{"id":6167,"date":"2020-08-11T20:11:48","date_gmt":"2020-08-11T20:11:48","guid":{"rendered":"http:\/\/aqhproject.org\/development\/?page_id=6167"},"modified":"2023-06-13T00:22:28","modified_gmt":"2023-06-13T00:22:28","slug":"komunat","status":"publish","type":"page","link":"https:\/\/ihsproject.org\/sq\/komunat\/","title":{"rendered":"Komunat"},"content":{"rendered":"<div data-elementor-type=\"wp-page\" data-elementor-id=\"6167\" class=\"elementor elementor-6167\">\n\t\t\t\t\t\t<section class=\"elementor-section elementor-top-section elementor-element elementor-element-7b98e16 elementor-section-full_width elementor-section-height-default elementor-section-height-default\" data-id=\"7b98e16\" data-element_type=\"section\" data-settings=\"{&quot;background_background&quot;:&quot;classic&quot;}\">\n\t\t\t\t\t\t<div class=\"elementor-container elementor-column-gap-default\">\n\t\t\t\t\t<div class=\"elementor-column elementor-col-50 elementor-top-column elementor-element elementor-element-3a1931f\" data-id=\"3a1931f\" data-element_type=\"column\" data-settings=\"{&quot;background_background&quot;:&quot;classic&quot;}\">\n\t\t\t<div class=\"elementor-widget-wrap\">\n\t\t\t\t\t\t\t<\/div>\n\t\t<\/div>\n\t\t\t\t<div class=\"elementor-column elementor-col-50 elementor-top-column elementor-element elementor-element-289818d\" data-id=\"289818d\" data-element_type=\"column\">\n\t\t\t<div class=\"elementor-widget-wrap elementor-element-populated\">\n\t\t\t\t\t\t\t<\/div>\n\t\t<\/div>\n\t\t\t\t\t<\/div>\n\t\t<\/section>\n\t\t\t\t<section class=\"elementor-section elementor-top-section elementor-element elementor-element-f3b2eac elementor-section-boxed elementor-section-height-default elementor-section-height-default\" data-id=\"f3b2eac\" data-element_type=\"section\" data-settings=\"{&quot;background_background&quot;:&quot;classic&quot;}\">\n\t\t\t\t\t\t<div class=\"elementor-container elementor-column-gap-default\">\n\t\t\t\t\t<div class=\"elementor-column elementor-col-100 elementor-top-column elementor-element elementor-element-e74884e\" data-id=\"e74884e\" data-element_type=\"column\" data-settings=\"{&quot;background_background&quot;:&quot;classic&quot;}\">\n\t\t\t<div class=\"elementor-widget-wrap elementor-element-populated\">\n\t\t\t\t\t\t<section class=\"elementor-section elementor-inner-section elementor-element elementor-element-4e42aab elementor-section-boxed elementor-section-height-default elementor-section-height-default\" data-id=\"4e42aab\" data-element_type=\"section\">\n\t\t\t\t\t\t<div class=\"elementor-container elementor-column-gap-default\">\n\t\t\t\t\t<div class=\"elementor-column elementor-col-100 elementor-inner-column elementor-element elementor-element-12a33d7\" data-id=\"12a33d7\" data-element_type=\"column\">\n\t\t\t<div class=\"elementor-widget-wrap elementor-element-populated\">\n\t\t\t\t\t\t<div class=\"elementor-element elementor-element-2e8efae elementor-widget-mobile__width-initial elementor-widget elementor-widget-image\" data-id=\"2e8efae\" data-element_type=\"widget\" data-widget_type=\"image.default\">\n\t\t\t\t<div class=\"elementor-widget-container\">\n\t\t\t\t\t\t\t\t\t\t\t\t\t<img decoding=\"async\" src=\"https:\/\/ihsproject.org\/wp-content\/uploads\/2023\/04\/Our_Work.jpg\" title=\"Our_Work\" alt=\"Our_Work\" loading=\"lazy\" \/>\t\t\t\t\t\t\t\t\t\t\t\t\t<\/div>\n\t\t\t\t<\/div>\n\t\t\t\t\t<\/div>\n\t\t<\/div>\n\t\t\t\t\t<\/div>\n\t\t<\/section>\n\t\t\t\t\t<\/div>\n\t\t<\/div>\n\t\t\t\t\t<\/div>\n\t\t<\/section>\n\t\t\t\t<section class=\"elementor-section elementor-top-section elementor-element elementor-element-289e49f elementor-section-boxed elementor-section-height-default elementor-section-height-default\" data-id=\"289e49f\" data-element_type=\"section\">\n\t\t\t\t\t\t<div class=\"elementor-container elementor-column-gap-default\">\n\t\t\t\t\t<div class=\"elementor-column elementor-col-50 elementor-top-column elementor-element elementor-element-5bd9a71\" data-id=\"5bd9a71\" data-element_type=\"column\">\n\t\t\t<div class=\"elementor-widget-wrap elementor-element-populated\">\n\t\t\t\t\t\t<div class=\"elementor-element elementor-element-3993ea9 elementor-widget elementor-widget-heading\" data-id=\"3993ea9\" data-element_type=\"widget\" data-widget_type=\"heading.default\">\n\t\t\t\t<div class=\"elementor-widget-container\">\n\t\t\t<h2 class=\"elementor-heading-title elementor-size-default\">SPITALI I P\u00cbRGJITHSH\u00cbM PEJ\u00cb<\/h2>\t\t<\/div>\n\t\t\t\t<\/div>\n\t\t\t\t<div class=\"elementor-element elementor-element-e679310 elementor-widget elementor-widget-text-editor\" data-id=\"e679310\" data-element_type=\"widget\" data-widget_type=\"text-editor.default\">\n\t\t\t\t<div class=\"elementor-widget-container\">\n\t\t\t\t\t\t\t<p>Spitali i P\u00ebrgjithsh\u00ebm Pej\u00eb ofron sh\u00ebrbime sh\u00ebndet\u00ebsore t\u00eb nivelit dyt\u00ebsor p\u00ebr popullsin\u00eb e komunave Pej\u00eb, Istog, Klin\u00eb dhe De\u00e7an, si dhe p\u00ebr t\u00eb tjer\u00eb q\u00eb referohen n\u00eb k\u00ebt\u00eb spital. Spitali i P\u00ebrgjithsh\u00ebm Pej\u00eb synon t\u00eb nd\u00ebrtoj\u00eb dhe fuqizoj\u00eb m\u00eb tej sisteme t\u00eb menaxhimit t\u00eb cil\u00ebsis\u00eb q\u00eb i mund\u00ebsojn\u00eb t\u00eb funksionoj\u00eb n\u00eb p\u00ebrputhje me standardet m\u00eb t\u00eb larta t\u00eb sh\u00ebrbimeve sh\u00ebndet\u00ebsore n\u00eb vend dhe n\u00eb nivel bot\u00ebror. <br \/><br \/>Gjithashtu, ai synon t\u00eb arrij\u00eb ekselenc\u00ebn p\u00ebrmes p\u00ebrmir\u00ebsimit t\u00eb vazhduesh\u00ebm t\u00eb qasjes s\u00eb barabart\u00eb n\u00eb sh\u00ebrbime t\u00eb kujdesit sh\u00ebndet\u00ebsor, m\u00eb shum\u00eb llogaridh\u00ebnie, menaxhim t\u00eb vazhduesh\u00ebm t\u00eb cil\u00ebsis\u00eb, edukim t\u00eb vazhduesh\u00ebm dhe duke nd\u00ebrmarr\u00eb hapat e duhur p\u00ebr t\u00eb arritur metoda me kosto efektive.<\/p><p>\u00a0<\/p><p>Spitali i P\u00ebrgjithsh\u00ebm Pej\u00eb ka k\u00ebta reparte: gjinekologji-obstetri, neonatologji, pediatri, kirurgji, ortopedi, urologji, ORL, oftalmologji, internistik\u00eb, nj\u00ebsia koronare, dermato-venerologji, s\u00ebmundjet infektive, pneumo-fiziologji, neurologji, dializ\u00eb, psikiatri, kirugjia emergjente, kujdesi intensiv, sallat e operimit dhe anestezi, laboratori, transfuzioni i gjakut, kabineti RO, farmaci, fiziatri dhe klinika t\u00eb specializuara.<\/p><p>\u00a0<\/p><p>Spitali i P\u00ebrgjithsh\u00ebm Pej\u00eb ka kapacitet me 397 shtret\u00ebr.<\/p>\t\t\t\t\t\t<\/div>\n\t\t\t\t<\/div>\n\t\t\t\t\t<\/div>\n\t\t<\/div>\n\t\t\t\t<div class=\"elementor-column elementor-col-50 elementor-top-column elementor-element elementor-element-f6a4365\" data-id=\"f6a4365\" data-element_type=\"column\">\n\t\t\t<div class=\"elementor-widget-wrap elementor-element-populated\">\n\t\t\t\t\t\t<div class=\"elementor-element elementor-element-1f67c41 elementor-widget elementor-widget-heading\" data-id=\"1f67c41\" data-element_type=\"widget\" data-widget_type=\"heading.default\">\n\t\t\t\t<div class=\"elementor-widget-container\">\n\t\t\t<h2 class=\"elementor-heading-title elementor-size-default\">SPITALI I P\u00cbRGJITHSH\u00cbM GJAKOV\u00cb <\/h2>\t\t<\/div>\n\t\t\t\t<\/div>\n\t\t\t\t<div class=\"elementor-element elementor-element-09109dc elementor-widget elementor-widget-text-editor\" data-id=\"09109dc\" data-element_type=\"widget\" data-widget_type=\"text-editor.default\">\n\t\t\t\t<div class=\"elementor-widget-container\">\n\t\t\t\t\t\t\t<p>Spitali i P\u00ebrgjithsh\u00ebm Gjakov\u00eb ofron sh\u00ebrbime sh\u00ebndet\u00ebsore t\u00eb nivelit dyt\u00ebsor p\u00ebr popullsin\u00eb e komunave Gjakov\u00eb, Rahovec, Malishev\u00eb dhe Junik, si dhe p\u00ebr t\u00eb tjer\u00eb q\u00eb referohen n\u00eb k\u00ebt\u00eb spital. Spitali i P\u00ebrgjithsh\u00ebm Gjakov\u00eb po nd\u00ebrmerr hapa aktiv\u00eb p\u00ebr t\u00eb arritur q\u00ebllimin q\u00eb t\u00eb shnd\u00ebrrohet n\u00eb model rajonal si qend\u00ebr referimi, q\u00eb n\u00ebnkupton t\u00eb jet\u00eb spital i cili synon t\u00eb integroj\u00eb standardet e menaxhimit t\u00eb cil\u00ebsis\u00eb dhe qasjen shum\u00ebdisiplinore ndaj sh\u00ebrbimeve sh\u00ebndet\u00ebsore n\u00eb funksionimin e vet t\u00eb p\u00ebrditsh\u00ebm. <br \/><br \/>Kapacitetet njer\u00ebzore dhe profesionale si dhe teknologjia e avancuar mjek\u00ebsore jan\u00eb thelb\u00ebsore p\u00ebr arritjen e k\u00ebtij pik\u00ebsynimi, prandaj spitali i p\u00ebrgjithsh\u00ebm nd\u00ebrmerr hapa p\u00ebr t\u00eb p\u00ebrmbushur nevojat dhe k\u00ebrkesat e pacient\u00ebve n\u00eb p\u00ebrputhje me standardet dhe praktikat evropiane.<\/p><p>\u00a0<\/p><p>Spitali i P\u00ebrgjithsh\u00ebm Gjakov\u00eb ka k\u00ebta reparte: gjinekologji-obstetri, neonatologji, pediatri, kirurgji, ortopedi, urologji, oftalmologji, ORL, anestezi, kujdesi intensiv, emergjenca, kirurgjia, mjek\u00ebsia e brendshme, dermatologji, s\u00ebmundjet infektive, dializ\u00eb, neurologji, psikiatri, laborator, transfuzioni i gjakut, terapia fizikale, radiologji, farmaci, patologji dhe morgu, si dhe ambulanc\u00ebn.<\/p><p>\u00a0<\/p><p>Spitali i P\u00ebrgjithsh\u00ebm Gjakov\u00eb ka kapacitet me 409 shtret\u00ebr.<\/p>\t\t\t\t\t\t<\/div>\n\t\t\t\t<\/div>\n\t\t\t\t\t<\/div>\n\t\t<\/div>\n\t\t\t\t\t<\/div>\n\t\t<\/section>\n\t\t<div class=\"elementor-element elementor-element-427a905 e-flex e-con-boxed e-con e-parent\" data-id=\"427a905\" data-element_type=\"container\" data-core-v316-plus=\"true\">\n\t\t\t\t\t<div class=\"e-con-inner\">\n\t\t\t\t<div class=\"elementor-element elementor-element-d827d22 elementor-widget elementor-widget-heading\" data-id=\"d827d22\" data-element_type=\"widget\" data-widget_type=\"heading.default\">\n\t\t\t\t<div class=\"elementor-widget-container\">\n\t\t\t<h2 class=\"elementor-heading-title elementor-size-default\">Partner\u00ebt<\/h2>\t\t<\/div>\n\t\t\t\t<\/div>\n\t\t\t\t\t<\/div>\n\t\t\t\t<\/div>\n\t\t<div class=\"elementor-element elementor-element-64cb5d87 e-flex e-con-boxed e-con e-parent\" data-id=\"64cb5d87\" data-element_type=\"container\" data-core-v316-plus=\"true\">\n\t\t\t\t\t<div class=\"e-con-inner\">\n\t\t<div class=\"elementor-element elementor-element-69f37ada e-con-full e-flex e-con e-parent\" data-id=\"69f37ada\" data-element_type=\"container\" data-core-v316-plus=\"true\">\n\t\t\t\t<div class=\"elementor-element elementor-element-7ba87f50 elementor-widget elementor-widget-image\" data-id=\"7ba87f50\" data-element_type=\"widget\" data-widget_type=\"image.default\">\n\t\t\t\t<div class=\"elementor-widget-container\">\n\t\t\t\t\t\t\t\t\t\t\t\t\t\t<a href=\"https:\/\/msh.rks-gov.net\/\">\n\t\t\t\t\t\t\t<img fetchpriority=\"high\" decoding=\"async\" width=\"300\" height=\"238\" src=\"https:\/\/ihsproject.org\/wp-content\/uploads\/2020\/11\/ministriashendetesise-1-300x238.jpg\" class=\"elementor-animation-grow attachment-medium size-medium wp-image-8688\" alt=\"\" srcset=\"https:\/\/ihsproject.org\/wp-content\/uploads\/2020\/11\/ministriashendetesise-1-300x238.jpg 300w, https:\/\/ihsproject.org\/wp-content\/uploads\/2020\/11\/ministriashendetesise-1.jpg 460w\" sizes=\"(max-width: 300px) 100vw, 300px\" \/>\t\t\t\t\t\t\t\t<\/a>\n\t\t\t\t\t\t\t\t\t\t\t\t\t<\/div>\n\t\t\t\t<\/div>\n\t\t\t\t<\/div>\n\t\t<div class=\"elementor-element elementor-element-2e8f8880 e-con-full e-flex e-con e-parent\" data-id=\"2e8f8880\" data-element_type=\"container\" data-core-v316-plus=\"true\">\n\t\t\t\t<div class=\"elementor-element elementor-element-65318f0a elementor-widget elementor-widget-image\" data-id=\"65318f0a\" data-element_type=\"widget\" data-widget_type=\"image.default\">\n\t\t\t\t<div class=\"elementor-widget-container\">\n\t\t\t\t\t\t\t\t\t\t\t\t\t\t<a href=\"https:\/\/shskuk.rks-gov.net\/\">\n\t\t\t\t\t\t\t<img decoding=\"async\" width=\"300\" height=\"238\" src=\"https:\/\/ihsproject.org\/wp-content\/uploads\/2023\/05\/shskuk_logo_1-300x238.jpg\" class=\"elementor-animation-grow attachment-medium size-medium wp-image-11282\" alt=\"\" srcset=\"https:\/\/ihsproject.org\/wp-content\/uploads\/2023\/05\/shskuk_logo_1-300x238.jpg 300w, https:\/\/ihsproject.org\/wp-content\/uploads\/2023\/05\/shskuk_logo_1-15x12.jpg 15w, https:\/\/ihsproject.org\/wp-content\/uploads\/2023\/05\/shskuk_logo_1.jpg 460w\" sizes=\"(max-width: 300px) 100vw, 300px\" \/>\t\t\t\t\t\t\t\t<\/a>\n\t\t\t\t\t\t\t\t\t\t\t\t\t<\/div>\n\t\t\t\t<\/div>\n\t\t\t\t<\/div>\n\t\t<div class=\"elementor-element elementor-element-240815ea e-con-full e-flex e-con e-parent\" data-id=\"240815ea\" data-element_type=\"container\" data-core-v316-plus=\"true\">\n\t\t\t\t<div class=\"elementor-element elementor-element-2ad359e2 elementor-widget elementor-widget-image\" data-id=\"2ad359e2\" data-element_type=\"widget\" data-widget_type=\"image.default\">\n\t\t\t\t<div class=\"elementor-widget-container\">\n\t\t\t\t\t\t\t\t\t\t\t\t\t\t<a href=\"https:\/\/prak-kosova.org\">\n\t\t\t\t\t\t\t<img decoding=\"async\" width=\"300\" height=\"238\" src=\"https:\/\/ihsproject.org\/wp-content\/uploads\/2023\/05\/prak_logo_1-300x238.jpg\" class=\"elementor-animation-grow attachment-medium size-medium wp-image-11285\" alt=\"\" srcset=\"https:\/\/ihsproject.org\/wp-content\/uploads\/2023\/05\/prak_logo_1-300x238.jpg 300w, https:\/\/ihsproject.org\/wp-content\/uploads\/2023\/05\/prak_logo_1-15x12.jpg 15w, https:\/\/ihsproject.org\/wp-content\/uploads\/2023\/05\/prak_logo_1.jpg 460w\" sizes=\"(max-width: 300px) 100vw, 300px\" \/>\t\t\t\t\t\t\t\t<\/a>\n\t\t\t\t\t\t\t\t\t\t\t\t\t<\/div>\n\t\t\t\t<\/div>\n\t\t\t\t<\/div>\n\t\t\t\t\t<\/div>\n\t\t\t\t<\/div>\n\t\t\t\t<\/div>","protected":false},"excerpt":{"rendered":"<p>SPITALI I P\u00cbRGJITHSH\u00cbM PEJ\u00cb Spitali i P\u00ebrgjithsh\u00ebm Pej\u00eb ofron sh\u00ebrbime sh\u00ebndet\u00ebsore t\u00eb nivelit dyt\u00ebsor p\u00ebr popullsin\u00eb e komunave Pej\u00eb, Istog, Klin\u00eb dhe De\u00e7an, si dhe p\u00ebr t\u00eb tjer\u00eb q\u00eb referohen n\u00eb k\u00ebt\u00eb spital. Spitali i P\u00ebrgjithsh\u00ebm Pej\u00eb synon t\u00eb nd\u00ebrtoj\u00eb dhe fuqizoj\u00eb m\u00eb tej sisteme t\u00eb menaxhimit t\u00eb cil\u00ebsis\u00eb q\u00eb i mund\u00ebsojn\u00eb t\u00eb funksionoj\u00eb n\u00eb [&hellip;]<\/p>","protected":false},"author":1,"featured_media":4373,"parent":0,"menu_order":51,"comment_status":"closed","ping_status":"closed","template":"","meta":[],"_links":{"self":[{"href":"https:\/\/ihsproject.org\/sq\/wp-json\/wp\/v2\/pages\/6167"}],"collection":[{"href":"https:\/\/ihsproject.org\/sq\/wp-json\/wp\/v2\/pages"}],"about":[{"href":"https:\/\/ihsproject.org\/sq\/wp-json\/wp\/v2\/types\/page"}],"author":[{"embeddable":true,"href":"https:\/\/ihsproject.org\/sq\/wp-json\/wp\/v2\/users\/1"}],"replies":[{"embeddable":true,"href":"https:\/\/ihsproject.org\/sq\/wp-json\/wp\/v2\/comments?post=6167"}],"version-history":[{"count":13,"href":"https:\/\/ihsproject.org\/sq\/wp-json\/wp\/v2\/pages\/6167\/revisions"}],"predecessor-version":[{"id":11535,"href":"https:\/\/ihsproject.org\/sq\/wp-json\/wp\/v2\/pages\/6167\/revisions\/11535"}],"wp:featuredmedia":[{"embeddable":true,"href":"https:\/\/ihsproject.org\/sq\/wp-json\/wp\/v2\/media\/4373"}],"wp:attachment":[{"href":"https:\/\/ihsproject.org\/sq\/wp-json\/wp\/v2\/media?parent=6167"}],"curies":[{"name":"wp","href":"https:\/\/api.w.org\/{rel}","templated":true}]}}