{"id":6158,"date":"2020-08-11T20:04:33","date_gmt":"2020-08-11T20:04:33","guid":{"rendered":"http:\/\/aqhproject.org\/development\/?page_id=6158"},"modified":"2023-06-13T20:47:02","modified_gmt":"2023-06-13T20:47:02","slug":"konsortiumi","status":"publish","type":"page","link":"https:\/\/ihsproject.org\/sq\/konsortiumi\/","title":{"rendered":"Swiss TPH"},"content":{"rendered":"<div data-elementor-type=\"wp-page\" data-elementor-id=\"6158\" class=\"elementor elementor-6158\">\n\t\t\t\t\t\t<section class=\"elementor-section elementor-top-section elementor-element elementor-element-1ead9b5 elementor-section-full_width elementor-section-height-default elementor-section-height-default\" data-id=\"1ead9b5\" data-element_type=\"section\" data-settings=\"{&quot;background_background&quot;:&quot;classic&quot;}\">\n\t\t\t\t\t\t<div class=\"elementor-container elementor-column-gap-default\">\n\t\t\t\t\t<div class=\"elementor-column elementor-col-50 elementor-top-column elementor-element elementor-element-1dbc9417\" data-id=\"1dbc9417\" data-element_type=\"column\" data-settings=\"{&quot;background_background&quot;:&quot;classic&quot;}\">\n\t\t\t<div class=\"elementor-widget-wrap\">\n\t\t\t\t\t\t\t<\/div>\n\t\t<\/div>\n\t\t\t\t<div class=\"elementor-column elementor-col-50 elementor-top-column elementor-element elementor-element-2db7325d\" data-id=\"2db7325d\" data-element_type=\"column\">\n\t\t\t<div class=\"elementor-widget-wrap elementor-element-populated\">\n\t\t\t\t\t\t\t<\/div>\n\t\t<\/div>\n\t\t\t\t\t<\/div>\n\t\t<\/section>\n\t\t\t\t<section class=\"elementor-section elementor-top-section elementor-element elementor-element-2bf96e38 elementor-section-boxed elementor-section-height-default elementor-section-height-default\" data-id=\"2bf96e38\" data-element_type=\"section\" data-settings=\"{&quot;background_background&quot;:&quot;classic&quot;}\">\n\t\t\t\t\t\t<div class=\"elementor-container elementor-column-gap-default\">\n\t\t\t\t\t<div class=\"elementor-column elementor-col-100 elementor-top-column elementor-element elementor-element-a213451\" data-id=\"a213451\" data-element_type=\"column\" data-settings=\"{&quot;background_background&quot;:&quot;classic&quot;}\">\n\t\t\t<div class=\"elementor-widget-wrap elementor-element-populated\">\n\t\t\t\t\t\t<section class=\"elementor-section elementor-inner-section elementor-element elementor-element-ea28ef5 elementor-section-boxed elementor-section-height-default elementor-section-height-default\" data-id=\"ea28ef5\" data-element_type=\"section\">\n\t\t\t\t\t\t<div class=\"elementor-container elementor-column-gap-default\">\n\t\t\t\t\t<div class=\"elementor-column elementor-col-50 elementor-inner-column elementor-element elementor-element-0eee3d0\" data-id=\"0eee3d0\" data-element_type=\"column\">\n\t\t\t<div class=\"elementor-widget-wrap elementor-element-populated\">\n\t\t\t\t\t\t<div class=\"elementor-element elementor-element-1bbd905 elementor-widget elementor-widget-image\" data-id=\"1bbd905\" data-element_type=\"widget\" data-widget_type=\"image.default\">\n\t\t\t\t<div class=\"elementor-widget-container\">\n\t\t\t\t\t\t\t\t\t\t\t\t\t<img decoding=\"async\" width=\"156\" height=\"96\" src=\"https:\/\/ihsproject.org\/wp-content\/uploads\/2020\/08\/swiss-tph-logo.png\" class=\"attachment-large size-large wp-image-4436\" alt=\"\" \/>\t\t\t\t\t\t\t\t\t\t\t\t\t<\/div>\n\t\t\t\t<\/div>\n\t\t\t\t\t<\/div>\n\t\t<\/div>\n\t\t\t\t<div class=\"elementor-column elementor-col-50 elementor-inner-column elementor-element elementor-element-64caaad\" data-id=\"64caaad\" data-element_type=\"column\">\n\t\t\t<div class=\"elementor-widget-wrap elementor-element-populated\">\n\t\t\t\t\t\t<div class=\"elementor-element elementor-element-cc16b14 elementor-widget elementor-widget-heading\" data-id=\"cc16b14\" data-element_type=\"widget\" data-widget_type=\"heading.default\">\n\t\t\t\t<div class=\"elementor-widget-container\">\n\t\t\t<h2 class=\"elementor-heading-title elementor-size-default\">Swiss TPH<\/h2>\t\t<\/div>\n\t\t\t\t<\/div>\n\t\t\t\t<div class=\"elementor-element elementor-element-008c978 elementor-widget elementor-widget-text-editor\" data-id=\"008c978\" data-element_type=\"widget\" data-widget_type=\"text-editor.default\">\n\t\t\t\t<div class=\"elementor-widget-container\">\n\t\t\t\t\t\t\t<p>Qendra Zvicerane p\u00ebr Sh\u00ebndet\u00ebsi Nd\u00ebrkomb\u00ebtare (SCIH) n\u00eb Swiss TPH ofron sh\u00ebrbime konsulence, vler\u00ebsimi dhe k\u00ebshilluese n\u00eb \u00e7\u00ebshtjet komb\u00ebtare dhe globale t\u00eb sh\u00ebndetit. Organizatat komb\u00ebtare dhe nd\u00ebrkomb\u00ebtare zgjedhin SCIH p\u00ebr shkak t\u00eb ekspertiz\u00ebs s\u00eb shquar dhe p\u00ebrvoj\u00ebs afatgjate n\u00eb fush\u00ebn e sh\u00ebndetit nd\u00ebrkomb\u00ebtar. Klient\u00ebt ky\u00e7 p\u00ebrfshijn\u00eb Organizat\u00ebn Bot\u00ebrore t\u00eb Sh\u00ebndet\u00ebsis\u00eb (OBSH), Bank\u00ebn Bot\u00ebrore (BB), Fondin Global p\u00ebr Luft\u00ebn kund\u00ebr AIDS, Tuberkulozit dhe Malaries (GFATM) dhe Agjencin\u00eb Zvicerane p\u00ebr Zhvillim dhe Bashk\u00ebpunim (SDC).<\/p>\t\t\t\t\t\t<\/div>\n\t\t\t\t<\/div>\n\t\t\t\t<div class=\"elementor-element elementor-element-c655da1 elementor-widget elementor-widget-button\" data-id=\"c655da1\" data-element_type=\"widget\" data-widget_type=\"button.default\">\n\t\t\t\t<div class=\"elementor-widget-container\">\n\t\t\t\t\t<div class=\"elementor-button-wrapper\">\n\t\t\t<a class=\"elementor-button elementor-button-link elementor-size-sm\" href=\"https:\/\/www.swisstph.ch\/en\/\">\n\t\t\t\t\t\t<span class=\"elementor-button-content-wrapper\">\n\t\t\t\t\t\t<span class=\"elementor-button-text\">M\u00eb shum\u00eb<\/span>\n\t\t<\/span>\n\t\t\t\t\t<\/a>\n\t\t<\/div>\n\t\t\t\t<\/div>\n\t\t\t\t<\/div>\n\t\t\t\t\t<\/div>\n\t\t<\/div>\n\t\t\t\t\t<\/div>\n\t\t<\/section>\n\t\t\t\t<div class=\"elementor-element elementor-element-d405863 elementor-widget elementor-widget-spacer\" data-id=\"d405863\" data-element_type=\"widget\" data-widget_type=\"spacer.default\">\n\t\t\t\t<div class=\"elementor-widget-container\">\n\t\t\t\t\t<div class=\"elementor-spacer\">\n\t\t\t<div class=\"elementor-spacer-inner\"><\/div>\n\t\t<\/div>\n\t\t\t\t<\/div>\n\t\t\t\t<\/div>\n\t\t\t\t\t<\/div>\n\t\t<\/div>\n\t\t\t\t\t<\/div>\n\t\t<\/section>\n\t\t\t\t<\/div>","protected":false},"excerpt":{"rendered":"<p>Swiss TPH Qendra Zvicerane p\u00ebr Sh\u00ebndet\u00ebsi Nd\u00ebrkomb\u00ebtare (SCIH) n\u00eb Swiss TPH ofron sh\u00ebrbime konsulence, vler\u00ebsimi dhe k\u00ebshilluese n\u00eb \u00e7\u00ebshtjet komb\u00ebtare dhe globale t\u00eb sh\u00ebndetit. Organizatat komb\u00ebtare dhe nd\u00ebrkomb\u00ebtare zgjedhin SCIH p\u00ebr shkak t\u00eb ekspertiz\u00ebs s\u00eb shquar dhe p\u00ebrvoj\u00ebs afatgjate n\u00eb fush\u00ebn e sh\u00ebndetit nd\u00ebrkomb\u00ebtar. Klient\u00ebt ky\u00e7 p\u00ebrfshijn\u00eb Organizat\u00ebn Bot\u00ebrore t\u00eb Sh\u00ebndet\u00ebsis\u00eb (OBSH), Bank\u00ebn Bot\u00ebrore (BB), [&hellip;]<\/p>","protected":false},"author":1,"featured_media":4430,"parent":0,"menu_order":18,"comment_status":"closed","ping_status":"closed","template":"","meta":[],"_links":{"self":[{"href":"https:\/\/ihsproject.org\/sq\/wp-json\/wp\/v2\/pages\/6158"}],"collection":[{"href":"https:\/\/ihsproject.org\/sq\/wp-json\/wp\/v2\/pages"}],"about":[{"href":"https:\/\/ihsproject.org\/sq\/wp-json\/wp\/v2\/types\/page"}],"author":[{"embeddable":true,"href":"https:\/\/ihsproject.org\/sq\/wp-json\/wp\/v2\/users\/1"}],"replies":[{"embeddable":true,"href":"https:\/\/ihsproject.org\/sq\/wp-json\/wp\/v2\/comments?post=6158"}],"version-history":[{"count":13,"href":"https:\/\/ihsproject.org\/sq\/wp-json\/wp\/v2\/pages\/6158\/revisions"}],"predecessor-version":[{"id":11594,"href":"https:\/\/ihsproject.org\/sq\/wp-json\/wp\/v2\/pages\/6158\/revisions\/11594"}],"wp:featuredmedia":[{"embeddable":true,"href":"https:\/\/ihsproject.org\/sq\/wp-json\/wp\/v2\/media\/4430"}],"wp:attachment":[{"href":"https:\/\/ihsproject.org\/sq\/wp-json\/wp\/v2\/media?parent=6158"}],"curies":[{"name":"wp","href":"https:\/\/api.w.org\/{rel}","templated":true}]}}