{"id":6156,"date":"2020-08-11T20:02:52","date_gmt":"2020-08-11T20:02:52","guid":{"rendered":"http:\/\/aqhproject.org\/development\/?page_id=6156"},"modified":"2023-06-14T22:33:50","modified_gmt":"2023-06-14T22:33:50","slug":"rreth-nesh","status":"publish","type":"page","link":"https:\/\/ihsproject.org\/sq\/rreth-nesh\/","title":{"rendered":"Projekti"},"content":{"rendered":"<div data-elementor-type=\"wp-page\" data-elementor-id=\"6156\" class=\"elementor elementor-6156\">\n\t\t\t\t\t\t<section class=\"elementor-section elementor-top-section elementor-element elementor-element-0a99002 elementor-section-full_width elementor-section-height-default elementor-section-height-default\" data-id=\"0a99002\" data-element_type=\"section\" data-settings=\"{&quot;background_background&quot;:&quot;classic&quot;}\">\n\t\t\t\t\t\t<div class=\"elementor-container elementor-column-gap-default\">\n\t\t\t\t\t<div class=\"elementor-column elementor-col-50 elementor-top-column elementor-element elementor-element-bdd341e\" data-id=\"bdd341e\" data-element_type=\"column\" data-settings=\"{&quot;background_background&quot;:&quot;classic&quot;}\">\n\t\t\t<div class=\"elementor-widget-wrap\">\n\t\t\t\t\t\t\t<\/div>\n\t\t<\/div>\n\t\t\t\t<div class=\"elementor-column elementor-col-50 elementor-top-column elementor-element elementor-element-7ccdc19\" data-id=\"7ccdc19\" data-element_type=\"column\">\n\t\t\t<div class=\"elementor-widget-wrap elementor-element-populated\">\n\t\t\t\t\t\t<div class=\"elementor-element elementor-element-6241714 main-page-img elementor-widget elementor-widget-image\" data-id=\"6241714\" data-element_type=\"widget\" data-widget_type=\"image.default\">\n\t\t\t\t<div class=\"elementor-widget-container\">\n\t\t\t\t\t\t\t\t\t\t\t\t\t<img fetchpriority=\"high\" decoding=\"async\" width=\"860\" height=\"230\" src=\"https:\/\/ihsproject.org\/wp-content\/uploads\/2020\/08\/IMG_2718-002-860x230-1.jpg\" class=\"attachment-full size-full wp-image-4310\" alt=\"\" srcset=\"https:\/\/ihsproject.org\/wp-content\/uploads\/2020\/08\/IMG_2718-002-860x230-1.jpg 860w, https:\/\/ihsproject.org\/wp-content\/uploads\/2020\/08\/IMG_2718-002-860x230-1-300x80.jpg 300w, https:\/\/ihsproject.org\/wp-content\/uploads\/2020\/08\/IMG_2718-002-860x230-1-768x205.jpg 768w\" sizes=\"(max-width: 860px) 100vw, 860px\" \/>\t\t\t\t\t\t\t\t\t\t\t\t\t<\/div>\n\t\t\t\t<\/div>\n\t\t\t\t\t<\/div>\n\t\t<\/div>\n\t\t\t\t\t<\/div>\n\t\t<\/section>\n\t\t\t\t<section class=\"elementor-section elementor-top-section elementor-element elementor-element-1974370 elementor-section-boxed elementor-section-height-default elementor-section-height-default\" data-id=\"1974370\" data-element_type=\"section\" data-settings=\"{&quot;background_background&quot;:&quot;classic&quot;}\">\n\t\t\t\t\t\t<div class=\"elementor-container elementor-column-gap-default\">\n\t\t\t\t\t<div class=\"elementor-column elementor-col-100 elementor-top-column elementor-element elementor-element-765c573\" data-id=\"765c573\" data-element_type=\"column\" data-settings=\"{&quot;background_background&quot;:&quot;classic&quot;}\">\n\t\t\t<div class=\"elementor-widget-wrap elementor-element-populated\">\n\t\t\t\t\t\t<div class=\"elementor-element elementor-element-7d47ee2 elementor-widget elementor-widget-heading\" data-id=\"7d47ee2\" data-element_type=\"widget\" data-widget_type=\"heading.default\">\n\t\t\t\t<div class=\"elementor-widget-container\">\n\t\t\t<h2 class=\"elementor-heading-title elementor-size-default\">Projekti<\/h2>\t\t<\/div>\n\t\t\t\t<\/div>\n\t\t\t\t<div class=\"elementor-element elementor-element-97939f3 elementor-widget elementor-widget-text-editor\" data-id=\"97939f3\" data-element_type=\"widget\" data-widget_type=\"text-editor.default\">\n\t\t\t\t<div class=\"elementor-widget-container\">\n\t\t\t\t\t\t\t<p>Projekti Sh\u00ebrbimet Sh\u00ebndet\u00ebsore t\u00eb Integruara fokusohet tek s\u00ebmundjet jongjit\u00ebse (SJN). Me rolin e vet fasilitues, projekti IHS fuqizon koordinimin nd\u00ebrmjet nivelit t\u00eb mjek\u00ebsis\u00eb familjare dhe spitaleve t\u00eb p\u00ebrgjithshme, duke mund\u00ebsuar shfryt\u00ebzimin efektiv t\u00eb udh\u00ebzuesve klinik\u00eb dhe duke siguruar rezultatet e q\u00ebndrueshme p\u00ebr proceset e zhvillimit t\u00eb partner\u00ebve. Projekti IHS adreson n\u00eb m\u00ebnyr\u00eb specifike grupet n\u00eb nevoj\u00eb q\u00eb n\u00eb p\u00ebrgjith\u00ebsi kan\u00eb status sh\u00ebndet\u00ebsor m\u00eb t\u00eb cenuesh\u00ebm, p\u00ebrballen me v\u00ebshtir\u00ebsi n\u00eb aspektin e t\u00eb ardhurave, kan\u00eb rrezik m\u00eb t\u00eb lart\u00eb nga p\u00ebrjashtimi social dhe kan\u00eb m\u00eb pak njohuri sh\u00ebndet\u00ebsore se sa popullsia e p\u00ebrgjithshme.<\/p>\t\t\t\t\t\t<\/div>\n\t\t\t\t<\/div>\n\t\t\t\t<div class=\"elementor-element elementor-element-62f3791 elementor-widget elementor-widget-heading\" data-id=\"62f3791\" data-element_type=\"widget\" data-widget_type=\"heading.default\">\n\t\t\t\t<div class=\"elementor-widget-container\">\n\t\t\t<h2 class=\"elementor-heading-title elementor-size-default\">Agjencia Zvicerane p\u00ebr Zhvillim dhe Bashk\u00ebpunim <\/h2>\t\t<\/div>\n\t\t\t\t<\/div>\n\t\t\t\t<div class=\"elementor-element elementor-element-69154d3 elementor-widget__width-initial elementor-widget elementor-widget-image\" data-id=\"69154d3\" data-element_type=\"widget\" data-widget_type=\"image.default\">\n\t\t\t\t<div class=\"elementor-widget-container\">\n\t\t\t\t\t\t\t\t\t\t\t\t\t<img decoding=\"async\" width=\"300\" height=\"137\" src=\"https:\/\/ihsproject.org\/wp-content\/uploads\/2020\/08\/Untitled-1-2-300x137-1.jpg\" class=\"attachment-large size-large wp-image-4335\" alt=\"\" \/>\t\t\t\t\t\t\t\t\t\t\t\t\t<\/div>\n\t\t\t\t<\/div>\n\t\t\t\t<div class=\"elementor-element elementor-element-7a19c4e elementor-widget__width-initial elementor-widget elementor-widget-text-editor\" data-id=\"7a19c4e\" data-element_type=\"widget\" data-widget_type=\"text-editor.default\">\n\t\t\t\t<div class=\"elementor-widget-container\">\n\t\t\t\t\t\t\t<p>Agjencia Zvicerane p\u00ebr Zhvillim dhe Bashk\u00ebpunim (SDC) n\u00eb Kosov\u00eb koordinon programet e veta n\u00ebp\u00ebrmjet <a href=\"https:\/\/www.eda.admin.ch\/countries\/kosovo\/en\/home\/representations\/embassy-pristina\/cooperation-office.html\">Ambasad\u00ebs s\u00eb Zvcir\u00ebs \/ Zyr\u00ebs Zvicerane p\u00ebr Bashk\u00ebpunim n\u00eb Kosov\u00eb<\/a>. Asistenc\u00ebn humanitare Zvicra e ka nisur n\u00eb vitin 1998, k\u00ebshtu bashk\u00ebpunimi nd\u00ebrmjet Zvicr\u00ebs dhe Kosov\u00ebs gjithnj\u00eb e m\u00eb shum\u00eb \u00ebsht\u00eb zhvendosur drejt proceseve q\u00eb mb\u00ebshtesin reformat. Portofoli i programeve zvicerane organizohet n\u00eb kat\u00ebr fusha kryesore:<\/p><p><strong>1.<\/strong> Qeverisja demokratike dhe siguria njer\u00ebzore,\u00a0<\/p><p><strong>2.<\/strong> Ekonomia dhe pun\u00ebsimi,\u00a0<\/p><p><strong>3.<\/strong> Uji dhe q\u00ebndrueshm\u00ebria ndaj ndryshimeve klimatike, dhe<\/p><p><strong>4.<\/strong> Sh\u00ebndeti. Projekti IHS \u00ebsht\u00eb n\u00ebn fush\u00ebn e sh\u00ebndetit.<\/p>\t\t\t\t\t\t<\/div>\n\t\t\t\t<\/div>\n\t\t\t\t<div class=\"elementor-element elementor-element-4b390cb elementor-widget elementor-widget-heading\" data-id=\"4b390cb\" data-element_type=\"widget\" data-widget_type=\"heading.default\">\n\t\t\t\t<div class=\"elementor-widget-container\">\n\t\t\t<h2 class=\"elementor-heading-title elementor-size-default\">Swiss Tropical and Public Health Institute<\/h2>\t\t<\/div>\n\t\t\t\t<\/div>\n\t\t\t\t<div class=\"elementor-element elementor-element-5c3b3cd elementor-widget__width-initial elementor-widget elementor-widget-text-editor\" data-id=\"5c3b3cd\" data-element_type=\"widget\" data-widget_type=\"text-editor.default\">\n\t\t\t\t<div class=\"elementor-widget-container\">\n\t\t\t\t\t\t\t<p>Swiss Centre for International Health (SCIH) pran\u00eb <a href=\"https:\/\/www.swisstph.ch\">Swiss Tropical and Public Health Institute<\/a> ofron konsulenca, vler\u00ebsime dhe sh\u00ebrbime k\u00ebshillimore p\u00ebr \u00e7\u00ebshtje sh\u00ebndet\u00ebsore n\u00eb nivel vendor dhe global. Organizatat vendore dhe nd\u00ebrkomb\u00ebtare e zgjedhin SCIH p\u00ebr shkak t\u00eb ekspertiz\u00ebs s\u00eb shquar dhe p\u00ebrvoj\u00ebs afatgjate nd\u00ebrkomb\u00ebtare n\u00eb fush\u00ebn e sh\u00ebndet\u00ebsis\u00eb. Klient\u00ebt kryesor\u00eb jan\u00eb edhe Organizata Bot\u00ebrore e Sh\u00ebndet\u00ebsis\u00eb (OBSH), Banka Bot\u00ebrore (BB), Fondi Global p\u00ebr t\u00eb Luftuar SIDA-n, Tuberkulozin dhe Malarjen (GFATM) dhe Agjencia Zvicerane p\u00ebr Zhvillim dhe Bashk\u00ebpunim (SDC).<\/p>\t\t\t\t\t\t<\/div>\n\t\t\t\t<\/div>\n\t\t\t\t<div class=\"elementor-element elementor-element-d126838 elementor-widget-divider--view-line elementor-widget elementor-widget-divider\" data-id=\"d126838\" data-element_type=\"widget\" data-widget_type=\"divider.default\">\n\t\t\t\t<div class=\"elementor-widget-container\">\n\t\t\t\t\t<div class=\"elementor-divider\">\n\t\t\t<span class=\"elementor-divider-separator\">\n\t\t\t\t\t\t<\/span>\n\t\t<\/div>\n\t\t\t\t<\/div>\n\t\t\t\t<\/div>\n\t\t\t\t<div class=\"elementor-element elementor-element-e74286d elementor-widget elementor-widget-image\" data-id=\"e74286d\" data-element_type=\"widget\" data-widget_type=\"image.default\">\n\t\t\t\t<div class=\"elementor-widget-container\">\n\t\t\t\t\t\t\t\t\t\t\t\t\t<img decoding=\"async\" width=\"800\" height=\"533\" src=\"https:\/\/ihsproject.org\/wp-content\/uploads\/2020\/08\/Ministy-of-Health-and-SDC-on-strenghtening-Primary-Health-Care-1.jpg\" class=\"attachment-large size-large wp-image-4338\" alt=\"\" srcset=\"https:\/\/ihsproject.org\/wp-content\/uploads\/2020\/08\/Ministy-of-Health-and-SDC-on-strenghtening-Primary-Health-Care-1.jpg 960w, https:\/\/ihsproject.org\/wp-content\/uploads\/2020\/08\/Ministy-of-Health-and-SDC-on-strenghtening-Primary-Health-Care-1-300x200.jpg 300w, https:\/\/ihsproject.org\/wp-content\/uploads\/2020\/08\/Ministy-of-Health-and-SDC-on-strenghtening-Primary-Health-Care-1-768x511.jpg 768w\" sizes=\"(max-width: 800px) 100vw, 800px\" \/>\t\t\t\t\t\t\t\t\t\t\t\t\t<\/div>\n\t\t\t\t<\/div>\n\t\t\t\t\t<\/div>\n\t\t<\/div>\n\t\t\t\t\t<\/div>\n\t\t<\/section>\n\t\t\t\t<\/div>","protected":false},"excerpt":{"rendered":"<p>Projekti Projekti Sh\u00ebrbimet Sh\u00ebndet\u00ebsore t\u00eb Integruara fokusohet tek s\u00ebmundjet jongjit\u00ebse (SJN). Me rolin e vet fasilitues, projekti IHS fuqizon koordinimin nd\u00ebrmjet nivelit t\u00eb mjek\u00ebsis\u00eb familjare dhe spitaleve t\u00eb p\u00ebrgjithshme, duke mund\u00ebsuar shfryt\u00ebzimin efektiv t\u00eb udh\u00ebzuesve klinik\u00eb dhe duke siguruar rezultatet e q\u00ebndrueshme p\u00ebr proceset e zhvillimit t\u00eb partner\u00ebve. Projekti IHS adreson n\u00eb m\u00ebnyr\u00eb specifike grupet [&hellip;]<\/p>","protected":false},"author":1,"featured_media":0,"parent":0,"menu_order":0,"comment_status":"closed","ping_status":"closed","template":"","meta":[],"_links":{"self":[{"href":"https:\/\/ihsproject.org\/sq\/wp-json\/wp\/v2\/pages\/6156"}],"collection":[{"href":"https:\/\/ihsproject.org\/sq\/wp-json\/wp\/v2\/pages"}],"about":[{"href":"https:\/\/ihsproject.org\/sq\/wp-json\/wp\/v2\/types\/page"}],"author":[{"embeddable":true,"href":"https:\/\/ihsproject.org\/sq\/wp-json\/wp\/v2\/users\/1"}],"replies":[{"embeddable":true,"href":"https:\/\/ihsproject.org\/sq\/wp-json\/wp\/v2\/comments?post=6156"}],"version-history":[{"count":11,"href":"https:\/\/ihsproject.org\/sq\/wp-json\/wp\/v2\/pages\/6156\/revisions"}],"predecessor-version":[{"id":11634,"href":"https:\/\/ihsproject.org\/sq\/wp-json\/wp\/v2\/pages\/6156\/revisions\/11634"}],"wp:attachment":[{"href":"https:\/\/ihsproject.org\/sq\/wp-json\/wp\/v2\/media?parent=6156"}],"curies":[{"name":"wp","href":"https:\/\/api.w.org\/{rel}","templated":true}]}}