{"id":289,"date":"2017-02-24T13:44:43","date_gmt":"2017-02-24T13:44:43","guid":{"rendered":"http:\/\/aqhproject.org\/?page_id=289"},"modified":"2025-12-03T08:33:59","modified_gmt":"2025-12-03T08:33:59","slug":"project-implementation-unit","status":"publish","type":"page","link":"https:\/\/ihsproject.org\/sq\/project-implementation-unit\/","title":{"rendered":"Ekipi i projektit"},"content":{"rendered":"<div data-elementor-type=\"wp-page\" data-elementor-id=\"289\" class=\"elementor elementor-289\">\n\t\t\t\t\t\t<section class=\"elementor-section elementor-top-section elementor-element elementor-element-4d75b543 elementor-section-full_width elementor-section-height-default elementor-section-height-default\" data-id=\"4d75b543\" data-element_type=\"section\" data-settings=\"{&quot;background_background&quot;:&quot;classic&quot;}\">\n\t\t\t\t\t\t<div class=\"elementor-container elementor-column-gap-default\">\n\t\t\t\t\t<div class=\"elementor-column elementor-col-50 elementor-top-column elementor-element elementor-element-27b1f9ae\" data-id=\"27b1f9ae\" data-element_type=\"column\" data-settings=\"{&quot;background_background&quot;:&quot;classic&quot;}\">\n\t\t\t<div class=\"elementor-widget-wrap\">\n\t\t\t\t\t\t\t<\/div>\n\t\t<\/div>\n\t\t\t\t<div class=\"elementor-column elementor-col-50 elementor-top-column elementor-element elementor-element-166d78ab\" data-id=\"166d78ab\" data-element_type=\"column\">\n\t\t\t<div class=\"elementor-widget-wrap elementor-element-populated\">\n\t\t\t\t\t\t<div class=\"elementor-element elementor-element-7a02b69a main-page-img elementor-widget elementor-widget-image\" data-id=\"7a02b69a\" data-element_type=\"widget\" data-widget_type=\"image.default\">\n\t\t\t\t<div class=\"elementor-widget-container\">\n\t\t\t\t\t\t\t\t\t\t\t\t\t<img fetchpriority=\"high\" decoding=\"async\" width=\"1640\" height=\"924\" src=\"https:\/\/ihsproject.org\/wp-content\/uploads\/2023\/06\/IHS-website-work-with-us.png\" class=\"attachment-full size-full wp-image-11993\" alt=\"\" srcset=\"https:\/\/ihsproject.org\/wp-content\/uploads\/2023\/06\/IHS-website-work-with-us.png 1640w, https:\/\/ihsproject.org\/wp-content\/uploads\/2023\/06\/IHS-website-work-with-us-300x169.png 300w, https:\/\/ihsproject.org\/wp-content\/uploads\/2023\/06\/IHS-website-work-with-us-1024x577.png 1024w, https:\/\/ihsproject.org\/wp-content\/uploads\/2023\/06\/IHS-website-work-with-us-768x433.png 768w, https:\/\/ihsproject.org\/wp-content\/uploads\/2023\/06\/IHS-website-work-with-us-1536x865.png 1536w, https:\/\/ihsproject.org\/wp-content\/uploads\/2023\/06\/IHS-website-work-with-us-18x10.png 18w\" sizes=\"(max-width: 1640px) 100vw, 1640px\" \/>\t\t\t\t\t\t\t\t\t\t\t\t\t<\/div>\n\t\t\t\t<\/div>\n\t\t\t\t\t<\/div>\n\t\t<\/div>\n\t\t\t\t\t<\/div>\n\t\t<\/section>\n\t\t\t\t<section class=\"elementor-section elementor-top-section elementor-element elementor-element-36216140 elementor-section-boxed elementor-section-height-default elementor-section-height-default\" data-id=\"36216140\" data-element_type=\"section\" data-settings=\"{&quot;background_background&quot;:&quot;classic&quot;}\">\n\t\t\t\t\t\t<div class=\"elementor-container elementor-column-gap-default\">\n\t\t\t\t\t<div class=\"elementor-column elementor-col-100 elementor-top-column elementor-element elementor-element-514171a8\" data-id=\"514171a8\" data-element_type=\"column\" data-settings=\"{&quot;background_background&quot;:&quot;classic&quot;}\">\n\t\t\t<div class=\"elementor-widget-wrap elementor-element-populated\">\n\t\t\t\t\t\t<section class=\"elementor-section elementor-inner-section elementor-element elementor-element-b22cc14 elementor-section-boxed elementor-section-height-default elementor-section-height-default\" data-id=\"b22cc14\" data-element_type=\"section\">\n\t\t\t\t\t\t<div class=\"elementor-container elementor-column-gap-default\">\n\t\t\t\t\t<div class=\"elementor-column elementor-col-50 elementor-inner-column elementor-element elementor-element-0403a4e\" data-id=\"0403a4e\" data-element_type=\"column\">\n\t\t\t<div class=\"elementor-widget-wrap elementor-element-populated\">\n\t\t\t\t\t\t<div class=\"elementor-element elementor-element-858b17a elementor-widget elementor-widget-image\" data-id=\"858b17a\" data-element_type=\"widget\" data-widget_type=\"image.default\">\n\t\t\t\t<div class=\"elementor-widget-container\">\n\t\t\t\t\t\t\t\t\t\t\t\t\t<img decoding=\"async\" width=\"150\" height=\"150\" src=\"https:\/\/ihsproject.org\/wp-content\/uploads\/2024\/11\/Dr.Lia_-150x150.jpg\" class=\"attachment-thumbnail size-thumbnail wp-image-14223\" alt=\"\" srcset=\"https:\/\/ihsproject.org\/wp-content\/uploads\/2024\/11\/Dr.Lia_-150x150.jpg 150w, https:\/\/ihsproject.org\/wp-content\/uploads\/2024\/11\/Dr.Lia_-300x300.jpg 300w, https:\/\/ihsproject.org\/wp-content\/uploads\/2024\/11\/Dr.Lia_-1024x1024.jpg 1024w, https:\/\/ihsproject.org\/wp-content\/uploads\/2024\/11\/Dr.Lia_-768x768.jpg 768w, https:\/\/ihsproject.org\/wp-content\/uploads\/2024\/11\/Dr.Lia_-1536x1536.jpg 1536w, https:\/\/ihsproject.org\/wp-content\/uploads\/2024\/11\/Dr.Lia_-2048x2048.jpg 2048w, https:\/\/ihsproject.org\/wp-content\/uploads\/2024\/11\/Dr.Lia_-12x12.jpg 12w\" sizes=\"(max-width: 150px) 100vw, 150px\" \/>\t\t\t\t\t\t\t\t\t\t\t\t\t<\/div>\n\t\t\t\t<\/div>\n\t\t\t\t<div class=\"elementor-element elementor-element-3385b86 elementor-widget elementor-widget-heading\" data-id=\"3385b86\" data-element_type=\"widget\" data-widget_type=\"heading.default\">\n\t\t\t\t<div class=\"elementor-widget-container\">\n\t\t\t<h5 class=\"elementor-heading-title elementor-size-default\">Udh\u00ebheq\u00ebse e Ekipit - Dr. Lia Tavadze<\/h5>\t\t<\/div>\n\t\t\t\t<\/div>\n\t\t\t\t<div class=\"elementor-element elementor-element-c1836b3 elementor-widget elementor-widget-text-editor\" data-id=\"c1836b3\" data-element_type=\"widget\" data-widget_type=\"text-editor.default\">\n\t\t\t\t<div class=\"elementor-widget-container\">\n\t\t\t\t\t\t\t<p>Lia ka mbi 20 vjet p\u00ebrvoj\u00eb n\u00eb menaxhimin e programeve nd\u00ebrkomb\u00ebtare shum\u00ebmilion\u00ebshe p\u00ebr sh\u00ebndetin dhe zhvillimin. Ajo \u00ebsht\u00eb e specializuar n\u00eb politika t\u00eb sh\u00ebndetit publik, qeverisje, infrastruktur\u00eb dhe prokurim, me fokus n\u00eb menaxhimin e s\u00ebmundjeve kronike dhe gatishm\u00ebrin\u00eb p\u00ebr t\u2019iu p\u00ebrgjigjur k\u00ebrc\u00ebnimeve t\u00eb reja ndaj sh\u00ebndetit publik. Ajo ka punuar me UNAIDS n\u00eb Gjeorgji, Zimbabve dhe Afrik\u00ebn e Jugut, ka udh\u00ebhequr ekipet e Trup\u00ebs Mjek\u00ebsore nd\u00ebrkomb\u00ebtare n\u00eb Rusi, Afganistan dhe MB dhe, s\u00eb fundi, ka udh\u00ebhequr nj\u00eb nism\u00eb t\u00eb financuar nga Zvicra lidhur me S\u00ebmundjet Kronike Jongjit\u00ebse n\u00eb Ukrain\u00eb dhe ka drejtuar aspektet sh\u00ebndet\u00ebsore t\u00eb P\u00ebrgjigjes s\u00eb Bank\u00ebs Bot\u00ebrore ndaj COVID-19 dhe gjithashtu, investimin e Bank\u00ebs Evropiane t\u00eb Investimeve p\u00ebr ta p\u00ebrmir\u00ebsuar sektorin spitalor n\u00eb Gjeorgji. Ajo ka sh\u00ebrbyer n\u00eb Panelin e Rishikimit Teknik t\u00eb Fondit Global dhe n\u00eb Grupin K\u00ebshillues Nd\u00ebrkomb\u00ebtar p\u00ebr Parandalim t\u00eb Cancer Research UK.<\/p><p>Email: <a class=\"c-link c-link--focus-visible\" href=\"mailto:lia.tavadze@ihsproject.org\" target=\"_blank\" rel=\"noopener noreferrer\" data-stringify-link=\"mailto:lia.tavadze@ihsproject.org\" data-sk=\"tooltip_parent\" aria-haspopup=\"menu\">lia.tavadze@ihsproject.org<\/a><\/p>\t\t\t\t\t\t<\/div>\n\t\t\t\t<\/div>\n\t\t\t\t\t<\/div>\n\t\t<\/div>\n\t\t\t\t<div class=\"elementor-column elementor-col-50 elementor-inner-column elementor-element elementor-element-9a61f7c\" data-id=\"9a61f7c\" data-element_type=\"column\">\n\t\t\t<div class=\"elementor-widget-wrap elementor-element-populated\">\n\t\t\t\t\t\t<div class=\"elementor-element elementor-element-2c7929c elementor-widget elementor-widget-image\" data-id=\"2c7929c\" data-element_type=\"widget\" data-widget_type=\"image.default\">\n\t\t\t\t<div class=\"elementor-widget-container\">\n\t\t\t\t\t\t\t\t\t\t\t\t\t<img decoding=\"async\" width=\"150\" height=\"150\" src=\"https:\/\/ihsproject.org\/wp-content\/uploads\/2023\/06\/Fekrije-Hasani-MAY-150x150.png\" class=\"attachment-thumbnail size-thumbnail wp-image-11452\" alt=\"\" srcset=\"https:\/\/ihsproject.org\/wp-content\/uploads\/2023\/06\/Fekrije-Hasani-MAY-150x150.png 150w, https:\/\/ihsproject.org\/wp-content\/uploads\/2023\/06\/elementor\/thumbs\/Fekrije-Hasani-MAY-q7d1b5td0mzqpvbd2vyxqi7j1q1l95nixk6qpdbk6i.png 145w\" sizes=\"(max-width: 150px) 100vw, 150px\" \/>\t\t\t\t\t\t\t\t\t\t\t\t\t<\/div>\n\t\t\t\t<\/div>\n\t\t\t\t<div class=\"elementor-element elementor-element-5d6991f elementor-widget elementor-widget-heading\" data-id=\"5d6991f\" data-element_type=\"widget\" data-widget_type=\"heading.default\">\n\t\t\t\t<div class=\"elementor-widget-container\">\n\t\t\t<h5 class=\"elementor-heading-title elementor-size-default\">Eksperte e Lart\u00eb Sh\u00ebndet\u00ebsore - Fekrije Hasani<\/h5>\t\t<\/div>\n\t\t\t\t<\/div>\n\t\t\t\t<div class=\"elementor-element elementor-element-0608ae3 elementor-widget elementor-widget-text-editor\" data-id=\"0608ae3\" data-element_type=\"widget\" data-widget_type=\"text-editor.default\">\n\t\t\t\t<div class=\"elementor-widget-container\">\n\t\t\t\t\t\t\t<p>Fekrija ka mbi 36 vjet p\u00ebrvoj\u00eb n\u00eb edukim dhe menaxhim t\u00eb infermieris\u00eb. Me nj\u00eb theks t\u00eb posa\u00e7\u00ebm n\u00eb planifikimin strategjik, standardet e infermieris\u00eb dhe menaxhimin e burimeve njer\u00ebzore, Fekrija e ka formuar veten si nj\u00eb lidere ky\u00e7e n\u00eb sfer\u00ebn e infermieris\u00eb s\u00eb Kosov\u00ebs. Pasioni i saj p\u00ebr avancimin e infermieris\u00eb \u00ebsht\u00eb i duksh\u00ebm p\u00ebrmes punimeve t\u00eb saj t\u00eb botuara n\u00eb revista vendase dhe nd\u00ebrkomb\u00ebtare, revista profesionale dhe kontribute n\u00eb librat e\ninfermieris\u00eb. Ajo vazhdimisht b\u00ebn prezantime n\u00eb konferenca t\u00eb ndryshme.<\/p><p>Kur Fekrija nuk \u00ebsht\u00eb n\u00eb pun\u00eb, e kalon koh\u00ebn me familjen e saj, ve\u00e7an\u00ebrisht me nipin e saj, ajo k\u00ebnaqet me leximin dhe aktivitetet e rritjes personale.<\/p><p>Email: <a href=\"mailto:fekrije.hasani@ihsproject.org\">fekrije.hasani@ihsproject.org<\/a><\/p>\t\t\t\t\t\t<\/div>\n\t\t\t\t<\/div>\n\t\t\t\t\t<\/div>\n\t\t<\/div>\n\t\t\t\t\t<\/div>\n\t\t<\/section>\n\t\t\t\t<section class=\"elementor-section elementor-inner-section elementor-element elementor-element-92a1005 elementor-section-boxed elementor-section-height-default elementor-section-height-default\" data-id=\"92a1005\" data-element_type=\"section\">\n\t\t\t\t\t\t<div class=\"elementor-container elementor-column-gap-default\">\n\t\t\t\t\t<div class=\"elementor-column elementor-col-50 elementor-inner-column elementor-element elementor-element-a513e94\" data-id=\"a513e94\" data-element_type=\"column\">\n\t\t\t<div class=\"elementor-widget-wrap elementor-element-populated\">\n\t\t\t\t\t\t<div class=\"elementor-element elementor-element-bfda720 elementor-widget elementor-widget-image\" data-id=\"bfda720\" data-element_type=\"widget\" data-widget_type=\"image.default\">\n\t\t\t\t<div class=\"elementor-widget-container\">\n\t\t\t\t\t\t\t\t\t\t\t\t\t<img loading=\"lazy\" decoding=\"async\" width=\"150\" height=\"150\" src=\"https:\/\/ihsproject.org\/wp-content\/uploads\/2024\/06\/Linda-1-150x150.jpg\" class=\"attachment-thumbnail size-thumbnail wp-image-13716\" alt=\"\" \/>\t\t\t\t\t\t\t\t\t\t\t\t\t<\/div>\n\t\t\t\t<\/div>\n\t\t\t\t<div class=\"elementor-element elementor-element-780e3c4 elementor-widget elementor-widget-heading\" data-id=\"780e3c4\" data-element_type=\"widget\" data-widget_type=\"heading.default\">\n\t\t\t\t<div class=\"elementor-widget-container\">\n\t\t\t<h5 class=\"elementor-heading-title elementor-size-default\">Zyrtare e Lart\u00eb p\u00ebr Avokim dhe Komunikim - Linda Baleta<\/h5>\t\t<\/div>\n\t\t\t\t<\/div>\n\t\t\t\t<div class=\"elementor-element elementor-element-dd25d69 elementor-widget elementor-widget-text-editor\" data-id=\"dd25d69\" data-element_type=\"widget\" data-widget_type=\"text-editor.default\">\n\t\t\t\t<div class=\"elementor-widget-container\">\n\t\t\t\t\t\t\t<p>Linda \u00ebsht\u00eb nj\u00eb stratege e avokimit dhe komunikimit dhe punon me organizata nd\u00ebrkomb\u00ebtare q\u00eb nga viti 2000, me fokus t\u00eb ve\u00e7ant\u00eb n\u00eb rajonin e Ballkanit Per\u00ebndimor\/Evrop\u00ebs Lindore. Duke operuar n\u00eb seksionin e komunikimit p\u00ebr zhvillim dhe ndikim, angazhimin publik, gjith\u00ebp\u00ebrfshirjen sociale, \u00e7\u00ebshtjet gjinore, rr\u00ebfimtarin\u00eb p\u00ebr impakt, median, fuqizimin e grave dhe t\u00eb rinjve dhe menaxhimin e njohurive, Linda shfryt\u00ebzon aft\u00ebsit\u00eb dhe p\u00ebrvoj\u00ebn e saj jo vet\u00ebm n\u00eb profesion, por edhe e dedikon koh\u00ebn e saj vullnetarisht p\u00ebr t\u00eb kontribuar p\u00ebr p\u00ebrmir\u00ebsimin e shoq\u00ebris\u00eb, me fokus promovimin e dinjitetit njer\u00ebzor.<\/p><p>Kur nuk \u00ebsht\u00eb n\u00eb pun\u00eb, Linda p\u00eblqen t\u00eb kaloj\u00eb koh\u00ebn e saj duke shkruar haiku dhe artikuj p\u00ebr udh\u00ebtime.<\/p><p>Email: <a href=\"mailto:linda.baleta@ihsproject.org\">linda.baleta@ihsproject.org<\/a><\/p>\t\t\t\t\t\t<\/div>\n\t\t\t\t<\/div>\n\t\t\t\t\t<\/div>\n\t\t<\/div>\n\t\t\t\t<div class=\"elementor-column elementor-col-50 elementor-inner-column elementor-element elementor-element-2e83744\" data-id=\"2e83744\" data-element_type=\"column\">\n\t\t\t<div class=\"elementor-widget-wrap elementor-element-populated\">\n\t\t\t\t\t\t<div class=\"elementor-element elementor-element-458ddf2 elementor-widget elementor-widget-image\" data-id=\"458ddf2\" data-element_type=\"widget\" data-widget_type=\"image.default\">\n\t\t\t\t<div class=\"elementor-widget-container\">\n\t\t\t\t\t\t\t\t\t\t\t\t\t<img loading=\"lazy\" decoding=\"async\" width=\"150\" height=\"150\" src=\"https:\/\/ihsproject.org\/wp-content\/uploads\/2023\/06\/Albiona-Recica-MAY-150x150.png\" class=\"attachment-thumbnail size-thumbnail wp-image-11454\" alt=\"\" srcset=\"https:\/\/ihsproject.org\/wp-content\/uploads\/2023\/06\/Albiona-Recica-MAY-150x150.png 150w, https:\/\/ihsproject.org\/wp-content\/uploads\/2023\/06\/elementor\/thumbs\/Albiona-Recica-MAY-q7d1baijyt66bx4jbg02kz0u0nefbn66m7g63r4lbe.png 145w\" sizes=\"(max-width: 150px) 100vw, 150px\" \/>\t\t\t\t\t\t\t\t\t\t\t\t\t<\/div>\n\t\t\t\t<\/div>\n\t\t\t\t<div class=\"elementor-element elementor-element-3d6faf8 elementor-widget elementor-widget-heading\" data-id=\"3d6faf8\" data-element_type=\"widget\" data-widget_type=\"heading.default\">\n\t\t\t\t<div class=\"elementor-widget-container\">\n\t\t\t<h5 class=\"elementor-heading-title elementor-size-default\">Menaxhere e Financave - Albiona Re\u00e7ica<\/h5>\t\t<\/div>\n\t\t\t\t<\/div>\n\t\t\t\t<div class=\"elementor-element elementor-element-4db38b9 elementor-widget elementor-widget-text-editor\" data-id=\"4db38b9\" data-element_type=\"widget\" data-widget_type=\"text-editor.default\">\n\t\t\t\t<div class=\"elementor-widget-container\">\n\t\t\t\t\t\t\t<p>Albiona \u00ebsht\u00eb profesioniste e kalitur n\u00eb financa dhe administrat\u00eb, me p\u00ebrvoj\u00eb n\u00eb organizata nd\u00ebrkomb\u00ebtare q\u00eb zbatojn\u00eb projekte n\u00eb Kosov\u00eb q\u00eb nga viti 2008. Ajo e filloi karrier\u00ebn e saj me Misionin e Administrat\u00ebs s\u00eb P\u00ebrkohshme t\u00eb Kombeve t\u00eb Bashkuara n\u00eb Kosov\u00eb (UNMIK) p\u00ebrpara se t\u00eb kalonte n\u00eb role t\u00eb ndryshme financiare n\u00eb organizata me reputacion si EPTISA (Servicios de Ingenieria S.L.), NICO (agjencia qeveritare e Mbret\u00ebris\u00eb s\u00eb Bashkuar e mandatuar p\u00ebr projektet e Binjak\u00ebzimit t\u00eb BE-s\u00eb), Organizata Nd\u00ebrkomb\u00ebtare p\u00ebr Migracionin dhe\nDeutsche Gesellschaft f\u00fcr Internationale Zusammenarbeit.<\/p><p>Albiona shk\u00eblqen n\u00eb sigurimin e menaxhimit efektiv t\u00eb buxheteve t\u00eb miratuara dhe ofrimin e komenteve t\u00eb vlefshme p\u00ebr parashikimet e buxhetit. Qasja e saj bashk\u00ebpunuese dhe e dhembshur i mund\u00ebson asaj t'u komunikoj\u00eb pa mundim koleg\u00ebve informacion kompleks financiar, duke kontribuar n\u00eb zhvillimin e procedurave t\u00eb sakta financiare.<\/p><p>Email: <a href=\"mailto:albiona.recica@ihsproject.org\">albiona.recica@ihsproject.org<\/a><\/p>\t\t\t\t\t\t<\/div>\n\t\t\t\t<\/div>\n\t\t\t\t\t<\/div>\n\t\t<\/div>\n\t\t\t\t\t<\/div>\n\t\t<\/section>\n\t\t\t\t<section class=\"elementor-section elementor-inner-section elementor-element elementor-element-a60df46 elementor-section-boxed elementor-section-height-default elementor-section-height-default\" data-id=\"a60df46\" data-element_type=\"section\">\n\t\t\t\t\t\t<div class=\"elementor-container elementor-column-gap-default\">\n\t\t\t\t\t<div class=\"elementor-column elementor-col-50 elementor-inner-column elementor-element elementor-element-9109da8\" data-id=\"9109da8\" data-element_type=\"column\">\n\t\t\t<div class=\"elementor-widget-wrap elementor-element-populated\">\n\t\t\t\t\t\t<div class=\"elementor-element elementor-element-849af9e elementor-widget elementor-widget-image\" data-id=\"849af9e\" data-element_type=\"widget\" data-widget_type=\"image.default\">\n\t\t\t\t<div class=\"elementor-widget-container\">\n\t\t\t\t\t\t\t\t\t\t\t\t\t<img loading=\"lazy\" decoding=\"async\" width=\"150\" height=\"150\" src=\"https:\/\/ihsproject.org\/wp-content\/uploads\/2024\/07\/Jeta-Spahija-IHS-150x150.jpg\" class=\"attachment-thumbnail size-thumbnail wp-image-13722\" alt=\"\" \/>\t\t\t\t\t\t\t\t\t\t\t\t\t<\/div>\n\t\t\t\t<\/div>\n\t\t\t\t<div class=\"elementor-element elementor-element-fc23cdd elementor-widget elementor-widget-heading\" data-id=\"fc23cdd\" data-element_type=\"widget\" data-widget_type=\"heading.default\">\n\t\t\t\t<div class=\"elementor-widget-container\">\n\t\t\t<h5 class=\"elementor-heading-title elementor-size-default\">Zyrtare e Administrat\u00ebs - Jeta Spahija<\/h5>\t\t<\/div>\n\t\t\t\t<\/div>\n\t\t\t\t<div class=\"elementor-element elementor-element-58f75a4 elementor-widget elementor-widget-text-editor\" data-id=\"58f75a4\" data-element_type=\"widget\" data-widget_type=\"text-editor.default\">\n\t\t\t\t<div class=\"elementor-widget-container\">\n\t\t\t\t\t\t\t<p style=\"font-weight: 400;\">Jeta Spahija ka diplom\u00eb bachelor n\u00eb Administrim Biznesi. Gjat\u00eb karrier\u00ebs s\u00eb saj, ajo ka fituar p\u00ebrvoj\u00eb t\u00eb gjer\u00eb profesionale n\u00eb administrim n\u00eb p\u00ebrgjithsi, p\u00ebrfshir\u00eb burimet njer\u00ebzore, menaxhimin, kontabilitetin, financat dhe buxhetimin, logjistik\u00ebn dhe koordinimin e trajnimeve. Ekspertiza e saj \u00ebsht\u00eb nd\u00ebrtuar p\u00ebrmes pun\u00ebs me organizata t\u00eb njohura si Komiteti Nd\u00ebrkomb\u00ebtar i Kryqit t\u00eb Kuq (ICRC), Action Contre La Faim (ACF), K\u00ebshilli Danez p\u00ebr Refugjat\u00ebt (DRC), dhe IPKO Telecommunications.\n\nN\u00eb koh\u00ebn e saj t\u00eb lir\u00eb, Jeta e shijon t\u00eb k\u00ebnduar p\u00ebr nj\u00eb kor t\u00eb grave si dhe p\u00ebrgatit torta t\u00eb bukura dhe t\u00eb shijshme p\u00ebr miqt\u00eb dhe familjen.<\/p><p style=\"font-weight: 400;\">In her free time, Jeta enjoys singing for an all-women choir and making beautiful cakes for friends and family.<\/p><p>Email:\u00a0<a href=\"mailto:jeta.spahija@ihsproject.org\" target=\"_blank\" rel=\"noopener\">jeta.spahija@ihsproject.org<\/a><\/p>\t\t\t\t\t\t<\/div>\n\t\t\t\t<\/div>\n\t\t\t\t\t<\/div>\n\t\t<\/div>\n\t\t\t\t<div class=\"elementor-column elementor-col-50 elementor-inner-column elementor-element elementor-element-2d4bf1c\" data-id=\"2d4bf1c\" data-element_type=\"column\">\n\t\t\t<div class=\"elementor-widget-wrap elementor-element-populated\">\n\t\t\t\t\t\t<div class=\"elementor-element elementor-element-92ad86f elementor-widget elementor-widget-image\" data-id=\"92ad86f\" data-element_type=\"widget\" data-widget_type=\"image.default\">\n\t\t\t\t<div class=\"elementor-widget-container\">\n\t\t\t\t\t\t\t\t\t\t\t\t\t<img loading=\"lazy\" decoding=\"async\" width=\"150\" height=\"150\" src=\"https:\/\/ihsproject.org\/wp-content\/uploads\/2024\/11\/Lirak-Kelmendi-150x150.jpg\" class=\"attachment-thumbnail size-thumbnail wp-image-14159\" alt=\"\" srcset=\"https:\/\/ihsproject.org\/wp-content\/uploads\/2024\/11\/Lirak-Kelmendi-150x150.jpg 150w, https:\/\/ihsproject.org\/wp-content\/uploads\/2024\/11\/Lirak-Kelmendi-300x300.jpg 300w, https:\/\/ihsproject.org\/wp-content\/uploads\/2024\/11\/Lirak-Kelmendi-1024x1024.jpg 1024w, https:\/\/ihsproject.org\/wp-content\/uploads\/2024\/11\/Lirak-Kelmendi-768x768.jpg 768w, https:\/\/ihsproject.org\/wp-content\/uploads\/2024\/11\/Lirak-Kelmendi-1536x1536.jpg 1536w, https:\/\/ihsproject.org\/wp-content\/uploads\/2024\/11\/Lirak-Kelmendi-2048x2048.jpg 2048w, https:\/\/ihsproject.org\/wp-content\/uploads\/2024\/11\/Lirak-Kelmendi-12x12.jpg 12w\" sizes=\"(max-width: 150px) 100vw, 150px\" \/>\t\t\t\t\t\t\t\t\t\t\t\t\t<\/div>\n\t\t\t\t<\/div>\n\t\t\t\t<div class=\"elementor-element elementor-element-603c214 elementor-widget elementor-widget-heading\" data-id=\"603c214\" data-element_type=\"widget\" data-widget_type=\"heading.default\">\n\t\t\t\t<div class=\"elementor-widget-container\">\n\t\t\t<h5 class=\"elementor-heading-title elementor-size-default\">Udh\u00ebheq\u00ebs i Prokurimit - Lirak Kelmendi<\/h5>\t\t<\/div>\n\t\t\t\t<\/div>\n\t\t\t\t<div class=\"elementor-element elementor-element-5258f8e elementor-widget elementor-widget-text-editor\" data-id=\"5258f8e\" data-element_type=\"widget\" data-widget_type=\"text-editor.default\">\n\t\t\t\t<div class=\"elementor-widget-container\">\n\t\t\t\t\t\t\t<p style=\"font-weight: 400;\">Liraku sjell mbi dy dekada p\u00ebrvoj\u00eb n\u00eb prokurim dhe logjistik\u00eb n\u00eb rolin e tij, pasi ka punuar me organizata t\u00eb mir\u00ebnjohura si Kryqi i Kuq Norvegjez dhe Save the Children. P\u00ebrvoja dhe qasja e tij e p\u00ebrpikt\u00eb b\u00ebn\u00eb t\u00eb mundur ekzekutimin dhe mbar\u00ebvajtjen e aktiviteteve t\u00eb Swiss TPH s\u00eb pari me AQH-n\u00eb (Kujdesi Sh\u00ebndet\u00ebsor i Qassh\u00ebm dhe Cil\u00ebsor), nd\u00ebrsa aktualisht mb\u00ebshtet ekipin e IHS-n\u00eb n\u00eb arritjen e q\u00ebllimeve t\u00eb veta.<\/p>\t\t\t\t\t\t<\/div>\n\t\t\t\t<\/div>\n\t\t\t\t\t<\/div>\n\t\t<\/div>\n\t\t\t\t\t<\/div>\n\t\t<\/section>\n\t\t\t\t<section class=\"elementor-section elementor-inner-section elementor-element elementor-element-58abbf7 elementor-section-boxed elementor-section-height-default elementor-section-height-default\" data-id=\"58abbf7\" data-element_type=\"section\">\n\t\t\t\t\t\t<div class=\"elementor-container elementor-column-gap-default\">\n\t\t\t\t\t<div class=\"elementor-column elementor-col-50 elementor-inner-column elementor-element elementor-element-920d9f8\" data-id=\"920d9f8\" data-element_type=\"column\">\n\t\t\t<div class=\"elementor-widget-wrap elementor-element-populated\">\n\t\t\t\t\t\t<div class=\"elementor-element elementor-element-6548da0 elementor-widget elementor-widget-image\" data-id=\"6548da0\" data-element_type=\"widget\" data-widget_type=\"image.default\">\n\t\t\t\t<div class=\"elementor-widget-container\">\n\t\t\t\t\t\t\t\t\t\t\t\t\t<img loading=\"lazy\" decoding=\"async\" width=\"150\" height=\"150\" src=\"https:\/\/ihsproject.org\/wp-content\/uploads\/2025\/03\/Artan-Berveniku-300x300-1-150x150.jpg\" class=\"attachment-thumbnail size-thumbnail wp-image-14485\" alt=\"\" srcset=\"https:\/\/ihsproject.org\/wp-content\/uploads\/2025\/03\/Artan-Berveniku-300x300-1-150x150.jpg 150w, https:\/\/ihsproject.org\/wp-content\/uploads\/2025\/03\/Artan-Berveniku-300x300-1-12x12.jpg 12w, https:\/\/ihsproject.org\/wp-content\/uploads\/2025\/03\/Artan-Berveniku-300x300-1.jpg 300w\" sizes=\"(max-width: 150px) 100vw, 150px\" \/>\t\t\t\t\t\t\t\t\t\t\t\t\t<\/div>\n\t\t\t\t<\/div>\n\t\t\t\t<div class=\"elementor-element elementor-element-8381bce elementor-widget elementor-widget-heading\" data-id=\"8381bce\" data-element_type=\"widget\" data-widget_type=\"heading.default\">\n\t\t\t\t<div class=\"elementor-widget-container\">\n\t\t\t<h5 class=\"elementor-heading-title elementor-size-default\">Shofer dhe Asistent i Logjistik\u00ebs \u2013 Artan B\u00ebrveniku<\/h5>\t\t<\/div>\n\t\t\t\t<\/div>\n\t\t\t\t<div class=\"elementor-element elementor-element-9d70d0f elementor-widget elementor-widget-text-editor\" data-id=\"9d70d0f\" data-element_type=\"widget\" data-widget_type=\"text-editor.default\">\n\t\t\t\t<div class=\"elementor-widget-container\">\n\t\t\t\t\t\t\t<p>P\u00ebrvoja e gjer\u00eb e Artan B\u00ebrvenikut n\u00eb logjistik\u00eb dhe menaxhimin e flot\u00ebs, e fituar gjat\u00eb pun\u00ebs n\u00eb organizata nd\u00ebrkomb\u00ebtare si Misioni i OSBE-s\u00eb n\u00eb Kosov\u00eb, i shton vler\u00eb t\u00eb konsiderueshme projektit t\u00eb IHS-s\u00eb. Si shofer dhe ndihm\u00ebs logjistik, ekspertiza e tij siguron zbatimin efikas t\u00eb aktiviteteve operacionale.<\/p>\t\t\t\t\t\t<\/div>\n\t\t\t\t<\/div>\n\t\t\t\t\t<\/div>\n\t\t<\/div>\n\t\t\t\t<div class=\"elementor-column elementor-col-50 elementor-inner-column elementor-element elementor-element-5ff365a\" data-id=\"5ff365a\" data-element_type=\"column\">\n\t\t\t<div class=\"elementor-widget-wrap\">\n\t\t\t\t\t\t\t<\/div>\n\t\t<\/div>\n\t\t\t\t\t<\/div>\n\t\t<\/section>\n\t\t\t\t\t<\/div>\n\t\t<\/div>\n\t\t\t\t\t<\/div>\n\t\t<\/section>\n\t\t\t\t<\/div>","protected":false},"excerpt":{"rendered":"<p>Team Leader &#8211; Dr. Lia Tavadze Lia has over 20 years of experience managing multimillion international health and development programs. She specializes in public health policy, governance, infrastructure, and procurement, with a focus on managing chronic diseases and preparedness for responding on emerging threats to public health. She has worked with UNAIDS in Georgia, Zimbabwe, [&hellip;]<\/p>","protected":false},"author":1,"featured_media":70,"parent":0,"menu_order":16,"comment_status":"closed","ping_status":"closed","template":"","meta":[],"_links":{"self":[{"href":"https:\/\/ihsproject.org\/sq\/wp-json\/wp\/v2\/pages\/289"}],"collection":[{"href":"https:\/\/ihsproject.org\/sq\/wp-json\/wp\/v2\/pages"}],"about":[{"href":"https:\/\/ihsproject.org\/sq\/wp-json\/wp\/v2\/types\/page"}],"author":[{"embeddable":true,"href":"https:\/\/ihsproject.org\/sq\/wp-json\/wp\/v2\/users\/1"}],"replies":[{"embeddable":true,"href":"https:\/\/ihsproject.org\/sq\/wp-json\/wp\/v2\/comments?post=289"}],"version-history":[{"count":166,"href":"https:\/\/ihsproject.org\/sq\/wp-json\/wp\/v2\/pages\/289\/revisions"}],"predecessor-version":[{"id":15328,"href":"https:\/\/ihsproject.org\/sq\/wp-json\/wp\/v2\/pages\/289\/revisions\/15328"}],"wp:featuredmedia":[{"embeddable":true,"href":"https:\/\/ihsproject.org\/sq\/wp-json\/wp\/v2\/media\/70"}],"wp:attachment":[{"href":"https:\/\/ihsproject.org\/sq\/wp-json\/wp\/v2\/media?parent=289"}],"curies":[{"name":"wp","href":"https:\/\/api.w.org\/{rel}","templated":true}]}}