{"id":249,"date":"2017-03-17T08:30:00","date_gmt":"2017-03-17T08:30:00","guid":{"rendered":"http:\/\/aqhproject.org\/?page_id=249"},"modified":"2026-03-27T19:06:09","modified_gmt":"2026-03-27T19:06:09","slug":"open-calls","status":"publish","type":"page","link":"https:\/\/ihsproject.org\/sq\/open-calls\/","title":{"rendered":"Punoni me ne"},"content":{"rendered":"<div data-elementor-type=\"wp-page\" data-elementor-id=\"249\" class=\"elementor elementor-249\">\n\t\t\t\t\t\t<section class=\"elementor-section elementor-top-section elementor-element elementor-element-65be8fb0 elementor-section-full_width elementor-section-height-default elementor-section-height-default\" data-id=\"65be8fb0\" data-element_type=\"section\" data-settings=\"{&quot;background_background&quot;:&quot;classic&quot;}\">\n\t\t\t\t\t\t<div class=\"elementor-container elementor-column-gap-default\">\n\t\t\t\t\t<div class=\"elementor-column elementor-col-50 elementor-top-column elementor-element elementor-element-4f291d21\" data-id=\"4f291d21\" data-element_type=\"column\" data-settings=\"{&quot;background_background&quot;:&quot;classic&quot;}\">\n\t\t\t<div class=\"elementor-widget-wrap\">\n\t\t\t\t\t\t\t<\/div>\n\t\t<\/div>\n\t\t\t\t<div class=\"elementor-column elementor-col-50 elementor-top-column elementor-element elementor-element-368a3cf2\" data-id=\"368a3cf2\" data-element_type=\"column\">\n\t\t\t<div class=\"elementor-widget-wrap elementor-element-populated\">\n\t\t\t\t\t\t<div class=\"elementor-element elementor-element-2ce63373 main-page-img elementor-widget elementor-widget-image\" data-id=\"2ce63373\" data-element_type=\"widget\" data-widget_type=\"image.default\">\n\t\t\t\t<div class=\"elementor-widget-container\">\n\t\t\t\t\t\t\t\t\t\t\t\t\t<img fetchpriority=\"high\" decoding=\"async\" width=\"1640\" height=\"924\" src=\"https:\/\/ihsproject.org\/wp-content\/uploads\/2023\/06\/IHS-website-project-team.png\" class=\"attachment-full size-full wp-image-11990\" alt=\"\" srcset=\"https:\/\/ihsproject.org\/wp-content\/uploads\/2023\/06\/IHS-website-project-team.png 1640w, https:\/\/ihsproject.org\/wp-content\/uploads\/2023\/06\/IHS-website-project-team-300x169.png 300w, https:\/\/ihsproject.org\/wp-content\/uploads\/2023\/06\/IHS-website-project-team-1024x577.png 1024w, https:\/\/ihsproject.org\/wp-content\/uploads\/2023\/06\/IHS-website-project-team-768x433.png 768w, https:\/\/ihsproject.org\/wp-content\/uploads\/2023\/06\/IHS-website-project-team-1536x865.png 1536w, https:\/\/ihsproject.org\/wp-content\/uploads\/2023\/06\/IHS-website-project-team-18x10.png 18w\" sizes=\"(max-width: 1640px) 100vw, 1640px\" \/>\t\t\t\t\t\t\t\t\t\t\t\t\t<\/div>\n\t\t\t\t<\/div>\n\t\t\t\t\t<\/div>\n\t\t<\/div>\n\t\t\t\t\t<\/div>\n\t\t<\/section>\n\t\t<div class=\"elementor-element elementor-element-d29843f e-flex e-con-boxed e-con e-parent\" data-id=\"d29843f\" data-element_type=\"container\" data-core-v316-plus=\"true\">\n\t\t\t\t\t<div class=\"e-con-inner\">\n\t\t<div class=\"elementor-element elementor-element-f03b322 e-flex e-con-boxed e-con e-child\" data-id=\"f03b322\" data-element_type=\"container\">\n\t\t\t\t\t<div class=\"e-con-inner\">\n\t\t\t\t<div class=\"elementor-element elementor-element-1fd8f17 elementor-widget elementor-widget-spacer\" data-id=\"1fd8f17\" data-element_type=\"widget\" data-widget_type=\"spacer.default\">\n\t\t\t\t<div class=\"elementor-widget-container\">\n\t\t\t\t\t<div class=\"elementor-spacer\">\n\t\t\t<div class=\"elementor-spacer-inner\"><\/div>\n\t\t<\/div>\n\t\t\t\t<\/div>\n\t\t\t\t<\/div>\n\t\t\t\t\t<\/div>\n\t\t\t\t<\/div>\n\t\t\t\t\t<\/div>\n\t\t\t\t<\/div>\n\t\t<div class=\"elementor-element elementor-element-4a1b41a e-flex e-con-boxed e-con e-parent\" data-id=\"4a1b41a\" data-element_type=\"container\" data-settings=\"{&quot;background_background&quot;:&quot;classic&quot;}\" data-core-v316-plus=\"true\">\n\t\t\t\t\t<div class=\"e-con-inner\">\n\t\t<div class=\"elementor-element elementor-element-a1b405e e-con-full e-flex e-con e-child\" data-id=\"a1b405e\" data-element_type=\"container\">\n\t\t\t\t<div class=\"elementor-element elementor-element-7263e35 elementor-widget elementor-widget-heading\" data-id=\"7263e35\" data-element_type=\"widget\" data-widget_type=\"heading.default\">\n\t\t\t\t<div class=\"elementor-widget-container\">\n\t\t\t<h2 class=\"elementor-heading-title elementor-size-default\">Invitation to Tender - 27.03.2026<\/h2>\t\t<\/div>\n\t\t\t\t<\/div>\n\t\t\t\t<\/div>\n\t\t<div class=\"elementor-element elementor-element-097d05d e-con-full e-flex e-con e-child\" data-id=\"097d05d\" data-element_type=\"container\">\n\t\t\t\t<div class=\"elementor-element elementor-element-ebef292 elementor-widget elementor-widget-button\" data-id=\"ebef292\" data-element_type=\"widget\" data-widget_type=\"button.default\">\n\t\t\t\t<div class=\"elementor-widget-container\">\n\t\t\t\t\t<div class=\"elementor-button-wrapper\">\n\t\t\t<a class=\"elementor-button elementor-button-link elementor-size-sm\" href=\"https:\/\/ihsproject.org\/wp-content\/uploads\/2026\/03\/Inivitation-to-tender.pdf\">\n\t\t\t\t\t\t<span class=\"elementor-button-content-wrapper\">\n\t\t\t\t\t\t<span class=\"elementor-button-text\">Lexo m\u00eb shum\u00eb<\/span>\n\t\t<\/span>\n\t\t\t\t\t<\/a>\n\t\t<\/div>\n\t\t\t\t<\/div>\n\t\t\t\t<\/div>\n\t\t\t\t<\/div>\n\t\t\t\t\t<\/div>\n\t\t\t\t<\/div>\n\t\t<div class=\"elementor-element elementor-element-a76a9b7 e-flex e-con-boxed e-con e-parent\" data-id=\"a76a9b7\" data-element_type=\"container\" data-settings=\"{&quot;background_background&quot;:&quot;classic&quot;}\" data-core-v316-plus=\"true\">\n\t\t\t\t\t<div class=\"e-con-inner\">\n\t\t<div class=\"elementor-element elementor-element-d739de0 e-con-full e-flex e-con e-child\" data-id=\"d739de0\" data-element_type=\"container\">\n\t\t\t\t<div class=\"elementor-element elementor-element-a462d8e elementor-widget elementor-widget-heading\" data-id=\"a462d8e\" data-element_type=\"widget\" data-widget_type=\"heading.default\">\n\t\t\t\t<div class=\"elementor-widget-container\">\n\t\t\t<h2 class=\"elementor-heading-title elementor-size-default\">Njoftim p\u00ebr Dh\u00ebnie t\u00eb Kontrat\u00ebs- 26.03.2026<\/h2>\t\t<\/div>\n\t\t\t\t<\/div>\n\t\t\t\t<\/div>\n\t\t<div class=\"elementor-element elementor-element-2ad076d e-con-full e-flex e-con e-child\" data-id=\"2ad076d\" data-element_type=\"container\">\n\t\t\t\t<div class=\"elementor-element elementor-element-d26e609 elementor-widget elementor-widget-button\" data-id=\"d26e609\" data-element_type=\"widget\" data-widget_type=\"button.default\">\n\t\t\t\t<div class=\"elementor-widget-container\">\n\t\t\t\t\t<div class=\"elementor-button-wrapper\">\n\t\t\t<a class=\"elementor-button elementor-button-link elementor-size-sm\" href=\"http:\/\/ihsproject.org\/wp-content\/uploads\/2026\/03\/Njoftim-per-dhenie-te-kontrates-ITT-IHS-2026-001.pdf\">\n\t\t\t\t\t\t<span class=\"elementor-button-content-wrapper\">\n\t\t\t\t\t\t<span class=\"elementor-button-text\">Lexo m\u00eb shum\u00eb<\/span>\n\t\t<\/span>\n\t\t\t\t\t<\/a>\n\t\t<\/div>\n\t\t\t\t<\/div>\n\t\t\t\t<\/div>\n\t\t\t\t<\/div>\n\t\t\t\t\t<\/div>\n\t\t\t\t<\/div>\n\t\t<div class=\"elementor-element elementor-element-546f3df e-flex e-con-boxed e-con e-parent\" data-id=\"546f3df\" data-element_type=\"container\" data-settings=\"{&quot;background_background&quot;:&quot;classic&quot;}\" data-core-v316-plus=\"true\">\n\t\t\t\t\t<div class=\"e-con-inner\">\n\t\t<div class=\"elementor-element elementor-element-6b0cb80 e-con-full e-flex e-con e-child\" data-id=\"6b0cb80\" data-element_type=\"container\">\n\t\t\t\t<div class=\"elementor-element elementor-element-6c37eae elementor-widget elementor-widget-heading\" data-id=\"6c37eae\" data-element_type=\"widget\" data-widget_type=\"heading.default\">\n\t\t\t\t<div class=\"elementor-widget-container\">\n\t\t\t<h2 class=\"elementor-heading-title elementor-size-default\">Contract Award Notice - 26.03.2026<\/h2>\t\t<\/div>\n\t\t\t\t<\/div>\n\t\t\t\t<\/div>\n\t\t<div class=\"elementor-element elementor-element-7b78b52 e-con-full e-flex e-con e-child\" data-id=\"7b78b52\" data-element_type=\"container\">\n\t\t\t\t<div class=\"elementor-element elementor-element-5b37379 elementor-widget elementor-widget-button\" data-id=\"5b37379\" data-element_type=\"widget\" data-widget_type=\"button.default\">\n\t\t\t\t<div class=\"elementor-widget-container\">\n\t\t\t\t\t<div class=\"elementor-button-wrapper\">\n\t\t\t<a class=\"elementor-button elementor-button-link elementor-size-sm\" href=\"http:\/\/ihsproject.org\/wp-content\/uploads\/2026\/03\/Contract-Award-Notice-ITT-IHS-2026-001.pdf\">\n\t\t\t\t\t\t<span class=\"elementor-button-content-wrapper\">\n\t\t\t\t\t\t<span class=\"elementor-button-text\">Lexo m\u00eb shum\u00eb<\/span>\n\t\t<\/span>\n\t\t\t\t\t<\/a>\n\t\t<\/div>\n\t\t\t\t<\/div>\n\t\t\t\t<\/div>\n\t\t\t\t<\/div>\n\t\t\t\t\t<\/div>\n\t\t\t\t<\/div>\n\t\t<div class=\"elementor-element elementor-element-88de6c9 e-flex e-con-boxed e-con e-parent\" data-id=\"88de6c9\" data-element_type=\"container\" data-settings=\"{&quot;background_background&quot;:&quot;classic&quot;}\" data-core-v316-plus=\"true\">\n\t\t\t\t\t<div class=\"e-con-inner\">\n\t\t<div class=\"elementor-element elementor-element-aad9cd7 e-con-full e-flex e-con e-child\" data-id=\"aad9cd7\" data-element_type=\"container\">\n\t\t\t\t<div class=\"elementor-element elementor-element-8ef680f elementor-widget elementor-widget-heading\" data-id=\"8ef680f\" data-element_type=\"widget\" data-widget_type=\"heading.default\">\n\t\t\t\t<div class=\"elementor-widget-container\">\n\t\t\t<h2 class=\"elementor-heading-title elementor-size-default\">K\u00ebrkes\u00eb p\u00ebr Propozim - 25.02.2026<\/h2>\t\t<\/div>\n\t\t\t\t<\/div>\n\t\t\t\t<\/div>\n\t\t<div class=\"elementor-element elementor-element-016ad1c e-con-full e-flex e-con e-child\" data-id=\"016ad1c\" data-element_type=\"container\">\n\t\t\t\t<div class=\"elementor-element elementor-element-d4649d3 elementor-widget elementor-widget-button\" data-id=\"d4649d3\" data-element_type=\"widget\" data-widget_type=\"button.default\">\n\t\t\t\t<div class=\"elementor-widget-container\">\n\t\t\t\t\t<div class=\"elementor-button-wrapper\">\n\t\t\t<a class=\"elementor-button elementor-button-link elementor-size-sm\" href=\"http:\/\/ihsproject.org\/wp-content\/uploads\/2026\/02\/RFP-Announcement-RFP-AQH-2026-001-ENG.pdf\">\n\t\t\t\t\t\t<span class=\"elementor-button-content-wrapper\">\n\t\t\t\t\t\t<span class=\"elementor-button-text\">Lexo m\u00eb shum\u00eb<\/span>\n\t\t<\/span>\n\t\t\t\t\t<\/a>\n\t\t<\/div>\n\t\t\t\t<\/div>\n\t\t\t\t<\/div>\n\t\t\t\t<\/div>\n\t\t\t\t\t<\/div>\n\t\t\t\t<\/div>\n\t\t<div class=\"elementor-element elementor-element-ac45cfa e-flex e-con-boxed e-con e-parent\" data-id=\"ac45cfa\" data-element_type=\"container\" data-settings=\"{&quot;background_background&quot;:&quot;classic&quot;}\" data-core-v316-plus=\"true\">\n\t\t\t\t\t<div class=\"e-con-inner\">\n\t\t<div class=\"elementor-element elementor-element-6b7fd07 e-con-full e-flex e-con e-child\" data-id=\"6b7fd07\" data-element_type=\"container\">\n\t\t\t\t<div class=\"elementor-element elementor-element-81f4e87 elementor-widget elementor-widget-heading\" data-id=\"81f4e87\" data-element_type=\"widget\" data-widget_type=\"heading.default\">\n\t\t\t\t<div class=\"elementor-widget-container\">\n\t\t\t<h2 class=\"elementor-heading-title elementor-size-default\">Invitation to Tender - 20.02.2026<\/h2>\t\t<\/div>\n\t\t\t\t<\/div>\n\t\t\t\t<\/div>\n\t\t<div class=\"elementor-element elementor-element-ecf2964 e-con-full e-flex e-con e-child\" data-id=\"ecf2964\" data-element_type=\"container\">\n\t\t\t\t<div class=\"elementor-element elementor-element-1efbfe6 elementor-widget elementor-widget-button\" data-id=\"1efbfe6\" data-element_type=\"widget\" data-widget_type=\"button.default\">\n\t\t\t\t<div class=\"elementor-widget-container\">\n\t\t\t\t\t<div class=\"elementor-button-wrapper\">\n\t\t\t<a class=\"elementor-button elementor-button-link elementor-size-sm\" href=\"http:\/\/ihsproject.org\/wp-content\/uploads\/2026\/02\/Invitation-to-tender-ITT-IHS-2026-001.pdf\">\n\t\t\t\t\t\t<span class=\"elementor-button-content-wrapper\">\n\t\t\t\t\t\t<span class=\"elementor-button-text\">Lexo m\u00eb shum\u00eb<\/span>\n\t\t<\/span>\n\t\t\t\t\t<\/a>\n\t\t<\/div>\n\t\t\t\t<\/div>\n\t\t\t\t<\/div>\n\t\t\t\t<\/div>\n\t\t\t\t\t<\/div>\n\t\t\t\t<\/div>\n\t\t<div class=\"elementor-element elementor-element-cca274e e-flex e-con-boxed e-con e-parent\" data-id=\"cca274e\" data-element_type=\"container\" data-settings=\"{&quot;background_background&quot;:&quot;classic&quot;}\" data-core-v316-plus=\"true\">\n\t\t\t\t\t<div class=\"e-con-inner\">\n\t\t<div class=\"elementor-element elementor-element-62584c3 e-con-full e-flex e-con e-child\" data-id=\"62584c3\" data-element_type=\"container\">\n\t\t\t\t<div class=\"elementor-element elementor-element-81b5e53 elementor-widget elementor-widget-heading\" data-id=\"81b5e53\" data-element_type=\"widget\" data-widget_type=\"heading.default\">\n\t\t\t\t<div class=\"elementor-widget-container\">\n\t\t\t<h2 class=\"elementor-heading-title elementor-size-default\">Ftes\u00eb p\u00ebr Tender - 20.02.2026<\/h2>\t\t<\/div>\n\t\t\t\t<\/div>\n\t\t\t\t<\/div>\n\t\t<div class=\"elementor-element elementor-element-3d351eb e-con-full e-flex e-con e-child\" data-id=\"3d351eb\" data-element_type=\"container\">\n\t\t\t\t<div class=\"elementor-element elementor-element-de7b886 elementor-widget elementor-widget-button\" data-id=\"de7b886\" data-element_type=\"widget\" data-widget_type=\"button.default\">\n\t\t\t\t<div class=\"elementor-widget-container\">\n\t\t\t\t\t<div class=\"elementor-button-wrapper\">\n\t\t\t<a class=\"elementor-button elementor-button-link elementor-size-sm\" href=\"http:\/\/ihsproject.org\/wp-content\/uploads\/2026\/02\/Ftese-per-Tender-ITT-IHS-2026-001.pdf\">\n\t\t\t\t\t\t<span class=\"elementor-button-content-wrapper\">\n\t\t\t\t\t\t<span class=\"elementor-button-text\">Lexo m\u00eb shum\u00eb<\/span>\n\t\t<\/span>\n\t\t\t\t\t<\/a>\n\t\t<\/div>\n\t\t\t\t<\/div>\n\t\t\t\t<\/div>\n\t\t\t\t<\/div>\n\t\t\t\t\t<\/div>\n\t\t\t\t<\/div>\n\t\t<div class=\"elementor-element elementor-element-1d1a212 e-flex e-con-boxed e-con e-parent\" data-id=\"1d1a212\" data-element_type=\"container\" data-settings=\"{&quot;background_background&quot;:&quot;classic&quot;}\" data-core-v316-plus=\"true\">\n\t\t\t\t\t<div class=\"e-con-inner\">\n\t\t<div class=\"elementor-element elementor-element-deb1b3c e-con-full e-flex e-con e-child\" data-id=\"deb1b3c\" data-element_type=\"container\">\n\t\t\t\t<div class=\"elementor-element elementor-element-26dadbc elementor-widget elementor-widget-heading\" data-id=\"26dadbc\" data-element_type=\"widget\" data-widget_type=\"heading.default\">\n\t\t\t\t<div class=\"elementor-widget-container\">\n\t\t\t<h2 class=\"elementor-heading-title elementor-size-default\">Contract Award Notice - 16.02.2026<\/h2>\t\t<\/div>\n\t\t\t\t<\/div>\n\t\t\t\t<\/div>\n\t\t<div class=\"elementor-element elementor-element-4def0b6 e-con-full e-flex e-con e-child\" data-id=\"4def0b6\" data-element_type=\"container\">\n\t\t\t\t<div class=\"elementor-element elementor-element-8e65b9c elementor-widget elementor-widget-button\" data-id=\"8e65b9c\" data-element_type=\"widget\" data-widget_type=\"button.default\">\n\t\t\t\t<div class=\"elementor-widget-container\">\n\t\t\t\t\t<div class=\"elementor-button-wrapper\">\n\t\t\t<a class=\"elementor-button elementor-button-link elementor-size-sm\" href=\"http:\/\/ihsproject.org\/wp-content\/uploads\/2026\/02\/Contract-Award-Notice_ITT-AQH-IHS-2026-001.pdf\">\n\t\t\t\t\t\t<span class=\"elementor-button-content-wrapper\">\n\t\t\t\t\t\t<span class=\"elementor-button-text\">Lexo m\u00eb shum\u00eb<\/span>\n\t\t<\/span>\n\t\t\t\t\t<\/a>\n\t\t<\/div>\n\t\t\t\t<\/div>\n\t\t\t\t<\/div>\n\t\t\t\t<\/div>\n\t\t\t\t\t<\/div>\n\t\t\t\t<\/div>\n\t\t<div class=\"elementor-element elementor-element-20cb467 e-flex e-con-boxed e-con e-parent\" data-id=\"20cb467\" data-element_type=\"container\" data-settings=\"{&quot;background_background&quot;:&quot;classic&quot;}\" data-core-v316-plus=\"true\">\n\t\t\t\t\t<div class=\"e-con-inner\">\n\t\t<div class=\"elementor-element elementor-element-4c3a600 e-con-full e-flex e-con e-child\" data-id=\"4c3a600\" data-element_type=\"container\">\n\t\t\t\t<div class=\"elementor-element elementor-element-0b9aedb elementor-widget elementor-widget-heading\" data-id=\"0b9aedb\" data-element_type=\"widget\" data-widget_type=\"heading.default\">\n\t\t\t\t<div class=\"elementor-widget-container\">\n\t\t\t<h2 class=\"elementor-heading-title elementor-size-default\">Njoftim p\u00ebr dh\u00ebnie t\u00eb kontrates - 16.02.2026<\/h2>\t\t<\/div>\n\t\t\t\t<\/div>\n\t\t\t\t<\/div>\n\t\t<div class=\"elementor-element elementor-element-bce41bf e-con-full e-flex e-con e-child\" data-id=\"bce41bf\" data-element_type=\"container\">\n\t\t\t\t<div class=\"elementor-element elementor-element-2b47c8f elementor-widget elementor-widget-button\" data-id=\"2b47c8f\" data-element_type=\"widget\" data-widget_type=\"button.default\">\n\t\t\t\t<div class=\"elementor-widget-container\">\n\t\t\t\t\t<div class=\"elementor-button-wrapper\">\n\t\t\t<a class=\"elementor-button elementor-button-link elementor-size-sm\" href=\"http:\/\/ihsproject.org\/wp-content\/uploads\/2026\/02\/Njoftim-per-dhenie-te-kontrates-ITT-AQH-IHS-2026-001.pdf\">\n\t\t\t\t\t\t<span class=\"elementor-button-content-wrapper\">\n\t\t\t\t\t\t<span class=\"elementor-button-text\">Lexo m\u00eb shum\u00eb<\/span>\n\t\t<\/span>\n\t\t\t\t\t<\/a>\n\t\t<\/div>\n\t\t\t\t<\/div>\n\t\t\t\t<\/div>\n\t\t\t\t<\/div>\n\t\t\t\t\t<\/div>\n\t\t\t\t<\/div>\n\t\t<div class=\"elementor-element elementor-element-af815f2 e-flex e-con-boxed e-con e-parent\" data-id=\"af815f2\" data-element_type=\"container\" data-settings=\"{&quot;background_background&quot;:&quot;classic&quot;}\" data-core-v316-plus=\"true\">\n\t\t\t\t\t<div class=\"e-con-inner\">\n\t\t<div class=\"elementor-element elementor-element-dd46d3f e-con-full e-flex e-con e-child\" data-id=\"dd46d3f\" data-element_type=\"container\">\n\t\t\t\t<div class=\"elementor-element elementor-element-4457baa elementor-widget elementor-widget-heading\" data-id=\"4457baa\" data-element_type=\"widget\" data-widget_type=\"heading.default\">\n\t\t\t\t<div class=\"elementor-widget-container\">\n\t\t\t<h2 class=\"elementor-heading-title elementor-size-default\">Invitation to Tender - 19.01.2026<\/h2>\t\t<\/div>\n\t\t\t\t<\/div>\n\t\t\t\t<\/div>\n\t\t<div class=\"elementor-element elementor-element-228d7d8 e-con-full e-flex e-con e-child\" data-id=\"228d7d8\" data-element_type=\"container\">\n\t\t\t\t<div class=\"elementor-element elementor-element-1b7ef20 elementor-widget elementor-widget-button\" data-id=\"1b7ef20\" data-element_type=\"widget\" data-widget_type=\"button.default\">\n\t\t\t\t<div class=\"elementor-widget-container\">\n\t\t\t\t\t<div class=\"elementor-button-wrapper\">\n\t\t\t<a class=\"elementor-button elementor-button-link elementor-size-sm\" href=\"http:\/\/ihsproject.org\/wp-content\/uploads\/2026\/01\/Ftese-per-tender-ENG.pdf\">\n\t\t\t\t\t\t<span class=\"elementor-button-content-wrapper\">\n\t\t\t\t\t\t<span class=\"elementor-button-text\">Lexo m\u00eb shum\u00eb<\/span>\n\t\t<\/span>\n\t\t\t\t\t<\/a>\n\t\t<\/div>\n\t\t\t\t<\/div>\n\t\t\t\t<\/div>\n\t\t\t\t<\/div>\n\t\t\t\t\t<\/div>\n\t\t\t\t<\/div>\n\t\t<div class=\"elementor-element elementor-element-49140b6 e-flex e-con-boxed e-con e-parent\" data-id=\"49140b6\" data-element_type=\"container\" data-settings=\"{&quot;background_background&quot;:&quot;classic&quot;}\" data-core-v316-plus=\"true\">\n\t\t\t\t\t<div class=\"e-con-inner\">\n\t\t<div class=\"elementor-element elementor-element-56c79a8 e-con-full e-flex e-con e-child\" data-id=\"56c79a8\" data-element_type=\"container\">\n\t\t\t\t<div class=\"elementor-element elementor-element-e9630cb elementor-widget elementor-widget-heading\" data-id=\"e9630cb\" data-element_type=\"widget\" data-widget_type=\"heading.default\">\n\t\t\t\t<div class=\"elementor-widget-container\">\n\t\t\t<h2 class=\"elementor-heading-title elementor-size-default\">Ftes\u00eb p\u00ebr Tender - 19.01.2026<\/h2>\t\t<\/div>\n\t\t\t\t<\/div>\n\t\t\t\t<\/div>\n\t\t<div class=\"elementor-element elementor-element-69c0ec3 e-con-full e-flex e-con e-child\" data-id=\"69c0ec3\" data-element_type=\"container\">\n\t\t\t\t<div class=\"elementor-element elementor-element-e2b22ed elementor-widget elementor-widget-button\" data-id=\"e2b22ed\" data-element_type=\"widget\" data-widget_type=\"button.default\">\n\t\t\t\t<div class=\"elementor-widget-container\">\n\t\t\t\t\t<div class=\"elementor-button-wrapper\">\n\t\t\t<a class=\"elementor-button elementor-button-link elementor-size-sm\" href=\"http:\/\/ihsproject.org\/wp-content\/uploads\/2026\/01\/Ftese-per-tender-ALB.pdf\">\n\t\t\t\t\t\t<span class=\"elementor-button-content-wrapper\">\n\t\t\t\t\t\t<span class=\"elementor-button-text\">Lexo m\u00eb shum\u00eb<\/span>\n\t\t<\/span>\n\t\t\t\t\t<\/a>\n\t\t<\/div>\n\t\t\t\t<\/div>\n\t\t\t\t<\/div>\n\t\t\t\t<\/div>\n\t\t\t\t\t<\/div>\n\t\t\t\t<\/div>\n\t\t<div class=\"elementor-element elementor-element-c1fedb2 e-flex e-con-boxed e-con e-parent\" data-id=\"c1fedb2\" data-element_type=\"container\" data-settings=\"{&quot;background_background&quot;:&quot;classic&quot;}\" data-core-v316-plus=\"true\">\n\t\t\t\t\t<div class=\"e-con-inner\">\n\t\t<div class=\"elementor-element elementor-element-448f445 e-con-full e-flex e-con e-child\" data-id=\"448f445\" data-element_type=\"container\">\n\t\t\t\t<div class=\"elementor-element elementor-element-edc78e6 elementor-widget elementor-widget-heading\" data-id=\"edc78e6\" data-element_type=\"widget\" data-widget_type=\"heading.default\">\n\t\t\t\t<div class=\"elementor-widget-container\">\n\t\t\t<h2 class=\"elementor-heading-title elementor-size-default\">Contract Award Notice - 16.01.2026<\/h2>\t\t<\/div>\n\t\t\t\t<\/div>\n\t\t\t\t<\/div>\n\t\t<div class=\"elementor-element elementor-element-1dab4fe e-con-full e-flex e-con e-child\" data-id=\"1dab4fe\" data-element_type=\"container\">\n\t\t\t\t<div class=\"elementor-element elementor-element-61f2465 elementor-widget elementor-widget-button\" data-id=\"61f2465\" data-element_type=\"widget\" data-widget_type=\"button.default\">\n\t\t\t\t<div class=\"elementor-widget-container\">\n\t\t\t\t\t<div class=\"elementor-button-wrapper\">\n\t\t\t<a class=\"elementor-button elementor-button-link elementor-size-sm\" href=\"http:\/\/ihsproject.org\/wp-content\/uploads\/2026\/01\/Contract-Award-Notice-ITT-AQH-IHS-2025-003.pdf\">\n\t\t\t\t\t\t<span class=\"elementor-button-content-wrapper\">\n\t\t\t\t\t\t<span class=\"elementor-button-text\">Lexo m\u00eb shum\u00eb<\/span>\n\t\t<\/span>\n\t\t\t\t\t<\/a>\n\t\t<\/div>\n\t\t\t\t<\/div>\n\t\t\t\t<\/div>\n\t\t\t\t<\/div>\n\t\t\t\t\t<\/div>\n\t\t\t\t<\/div>\n\t\t<div class=\"elementor-element elementor-element-e9a54b7 e-flex e-con-boxed e-con e-parent\" data-id=\"e9a54b7\" data-element_type=\"container\" data-settings=\"{&quot;background_background&quot;:&quot;classic&quot;}\" data-core-v316-plus=\"true\">\n\t\t\t\t\t<div class=\"e-con-inner\">\n\t\t<div class=\"elementor-element elementor-element-3850b2f e-con-full e-flex e-con e-child\" data-id=\"3850b2f\" data-element_type=\"container\">\n\t\t\t\t<div class=\"elementor-element elementor-element-230d7de elementor-widget elementor-widget-heading\" data-id=\"230d7de\" data-element_type=\"widget\" data-widget_type=\"heading.default\">\n\t\t\t\t<div class=\"elementor-widget-container\">\n\t\t\t<h2 class=\"elementor-heading-title elementor-size-default\">Njoftim per dhenie te kontrates - 16.01.2026<\/h2>\t\t<\/div>\n\t\t\t\t<\/div>\n\t\t\t\t<\/div>\n\t\t<div class=\"elementor-element elementor-element-cc4681a e-con-full e-flex e-con e-child\" data-id=\"cc4681a\" data-element_type=\"container\">\n\t\t\t\t<div class=\"elementor-element elementor-element-7d36032 elementor-widget elementor-widget-button\" data-id=\"7d36032\" data-element_type=\"widget\" data-widget_type=\"button.default\">\n\t\t\t\t<div class=\"elementor-widget-container\">\n\t\t\t\t\t<div class=\"elementor-button-wrapper\">\n\t\t\t<a class=\"elementor-button elementor-button-link elementor-size-sm\" href=\"http:\/\/ihsproject.org\/wp-content\/uploads\/2026\/01\/Njoftim-per-dhenie-te-kontrates-ITT-AQH-IHS-2025-003.pdf\">\n\t\t\t\t\t\t<span class=\"elementor-button-content-wrapper\">\n\t\t\t\t\t\t<span class=\"elementor-button-text\">Lexo m\u00eb shum\u00eb<\/span>\n\t\t<\/span>\n\t\t\t\t\t<\/a>\n\t\t<\/div>\n\t\t\t\t<\/div>\n\t\t\t\t<\/div>\n\t\t\t\t<\/div>\n\t\t\t\t\t<\/div>\n\t\t\t\t<\/div>\n\t\t\t\t<\/div>","protected":false},"excerpt":{"rendered":"<p>Invitation to Tender &#8211; 27.03.2026 Read More Njoftim p\u00ebr Dh\u00ebnie t\u00eb Kontrat\u00ebs- 26.03.2026 Read More Contract Award Notice &#8211; 26.03.2026 Read More Request for Proposal &#8211; 25.02.2026 Read More Invitation to Tender &#8211; 20.02.2026 Read More Ftes\u00eb p\u00ebr Tender &#8211; 20.02.2026 Read More Contract Award Notice &#8211; 16.02.2026 Read More Njoftim p\u00ebr dh\u00ebnie t\u00eb kontrates [&hellip;]<\/p>","protected":false},"author":1,"featured_media":4442,"parent":0,"menu_order":20,"comment_status":"closed","ping_status":"closed","template":"","meta":[],"_links":{"self":[{"href":"https:\/\/ihsproject.org\/sq\/wp-json\/wp\/v2\/pages\/249"}],"collection":[{"href":"https:\/\/ihsproject.org\/sq\/wp-json\/wp\/v2\/pages"}],"about":[{"href":"https:\/\/ihsproject.org\/sq\/wp-json\/wp\/v2\/types\/page"}],"author":[{"embeddable":true,"href":"https:\/\/ihsproject.org\/sq\/wp-json\/wp\/v2\/users\/1"}],"replies":[{"embeddable":true,"href":"https:\/\/ihsproject.org\/sq\/wp-json\/wp\/v2\/comments?post=249"}],"version-history":[{"count":293,"href":"https:\/\/ihsproject.org\/sq\/wp-json\/wp\/v2\/pages\/249\/revisions"}],"predecessor-version":[{"id":15669,"href":"https:\/\/ihsproject.org\/sq\/wp-json\/wp\/v2\/pages\/249\/revisions\/15669"}],"wp:featuredmedia":[{"embeddable":true,"href":"https:\/\/ihsproject.org\/sq\/wp-json\/wp\/v2\/media\/4442"}],"wp:attachment":[{"href":"https:\/\/ihsproject.org\/sq\/wp-json\/wp\/v2\/media?parent=249"}],"curies":[{"name":"wp","href":"https:\/\/api.w.org\/{rel}","templated":true}]}}