{"id":15823,"date":"2026-05-07T12:59:15","date_gmt":"2026-05-07T12:59:15","guid":{"rendered":"https:\/\/ihsproject.org\/?page_id=15823"},"modified":"2026-05-07T13:02:08","modified_gmt":"2026-05-07T13:02:08","slug":"may-07-2026","status":"publish","type":"page","link":"https:\/\/ihsproject.org\/sq\/may-07-2026\/","title":{"rendered":"May 07, 2026"},"content":{"rendered":"<div data-elementor-type=\"wp-page\" data-elementor-id=\"15823\" class=\"elementor elementor-15823\">\n\t\t\t\t<div class=\"elementor-element elementor-element-c4bbcb0 e-flex e-con-boxed e-con e-parent\" data-id=\"c4bbcb0\" data-element_type=\"container\" data-core-v316-plus=\"true\">\n\t\t\t\t\t<div class=\"e-con-inner\">\n\t\t\t\t<div class=\"elementor-element elementor-element-75a521e elementor-widget elementor-widget-image\" data-id=\"75a521e\" data-element_type=\"widget\" data-widget_type=\"image.default\">\n\t\t\t\t<div class=\"elementor-widget-container\">\n\t\t\t\t\t\t\t\t\t\t\t\t\t<img fetchpriority=\"high\" decoding=\"async\" width=\"800\" height=\"600\" src=\"https:\/\/ihsproject.org\/wp-content\/uploads\/2026\/05\/20260506-1024x768.jpg\" class=\"attachment-large size-large wp-image-15826\" alt=\"\" srcset=\"https:\/\/ihsproject.org\/wp-content\/uploads\/2026\/05\/20260506-1024x768.jpg 1024w, https:\/\/ihsproject.org\/wp-content\/uploads\/2026\/05\/20260506-300x225.jpg 300w, https:\/\/ihsproject.org\/wp-content\/uploads\/2026\/05\/20260506-768x576.jpg 768w, https:\/\/ihsproject.org\/wp-content\/uploads\/2026\/05\/20260506-1536x1152.jpg 1536w, https:\/\/ihsproject.org\/wp-content\/uploads\/2026\/05\/20260506-16x12.jpg 16w, https:\/\/ihsproject.org\/wp-content\/uploads\/2026\/05\/20260506.jpg 2016w\" sizes=\"(max-width: 800px) 100vw, 800px\" \/>\t\t\t\t\t\t\t\t\t\t\t\t\t<\/div>\n\t\t\t\t<\/div>\n\t\t\t\t\t<\/div>\n\t\t\t\t<\/div>\n\t\t<div class=\"elementor-element elementor-element-10379f7 e-flex e-con-boxed e-con e-parent\" data-id=\"10379f7\" data-element_type=\"container\" data-core-v316-plus=\"true\">\n\t\t\t\t\t<div class=\"e-con-inner\">\n\t\t\t\t<div class=\"elementor-element elementor-element-e41a83b elementor-widget elementor-widget-heading\" data-id=\"e41a83b\" data-element_type=\"widget\" data-widget_type=\"heading.default\">\n\t\t\t\t<div class=\"elementor-widget-container\">\n\t\t\t<h2 class=\"elementor-heading-title elementor-size-default\">Certifikohen 33 koordinator\u00eb t\u00eb cil\u00ebsis\u00eb n\u00eb kuad\u00ebr t\u00eb SHSKUK<\/h2>\t\t<\/div>\n\t\t\t\t<\/div>\n\t\t\t\t<div class=\"elementor-element elementor-element-3bff3eb elementor-widget elementor-widget-text-editor\" data-id=\"3bff3eb\" data-element_type=\"widget\" data-widget_type=\"text-editor.default\">\n\t\t\t\t<div class=\"elementor-widget-container\">\n\t\t\t\t\t\t\t<p>Ministria e Sh\u00ebndet\u00ebsis\u00eb, n\u00eb bashk\u00ebpunim me Sh\u00ebrbimin Spitalor Klinik Universitar t\u00eb Kosov\u00ebs dhe me mb\u00ebshtetjen e partnerit strategjik International Health Services (IHS), ka organizuar p\u00ebr her\u00eb t\u00eb par\u00eb nj\u00eb trajnim p\u00ebr koordinator\u00ebt e cil\u00ebsis\u00eb n\u00eb kuad\u00ebr t\u00eb SHSKUK-s\u00eb.<\/p><p>Trajnimi 4-ditor arriti t\u00eb p\u00ebrmbush\u00eb synimet e paracaktuara duke ngritur kapacitetet teorike dhe praktike t\u00eb zyrtar\u00ebve t\u00eb cil\u00ebsis\u00eb p\u00ebr t\u00eb projektuar dhe nisur zbatimin e Sistemit t\u00eb Menaxhimit t\u00eb Cil\u00ebsis\u00eb brenda institucioneve sh\u00ebndet\u00ebsore t\u00eb kujdesit spitalor. Meqen\u00ebse ky aktivitet po fillon rishtas n\u00eb nivelin tret\u00ebsor sh\u00ebndet\u00ebsor, si i till\u00eb p\u00ebrb\u00ebn nj\u00eb hap t\u00eb r\u00ebnd\u00ebsish\u00ebm drejt fuqizimit t\u00eb sistemit sh\u00ebndet\u00ebsor m\u00eb cil\u00ebsor dhe m\u00eb t\u00eb besuesh\u00ebm.<\/p><p>N\u00eb k\u00ebt\u00eb trajnim jan\u00eb certifikuar 33 koordinator\u00eb t\u00eb cil\u00ebsis\u00eb, me synim p\u00ebrmir\u00ebsimin e cil\u00ebsis\u00eb s\u00eb sh\u00ebrbimeve sh\u00ebndet\u00ebsore, rritjen e siguris\u00eb s\u00eb pacient\u00ebve dhe fuqizimin e kapaciteteve profesionale n\u00eb kujdesin spitalor.<\/p><p>Ministria e Sh\u00ebndet\u00ebsis\u00eb mbetet e p\u00ebrkushtuar n\u00eb ngritjen e standardeve dhe ofrimin e sh\u00ebrbimeve sa m\u00eb cil\u00ebsore p\u00ebr qytetar\u00ebt.<\/p><p><a href=\"https:\/\/eur04.safelinks.protection.outlook.com\/?url=https%3A%2F%2Fwww.facebook.com%2Fphoto%3Ffbid%3D1272453028391843%26set%3Dpcb.1272453581725121&amp;data=05%7C02%7Ca.aliu%40globalct.com%7Ce8ca671189374738fa0708deabfe1a21%7Cb834297849db4c92acd7753540b05045%7C0%7C0%7C639137305064146388%7CUnknown%7CTWFpbGZsb3d8eyJFbXB0eU1hcGkiOnRydWUsIlYiOiIwLjAuMDAwMCIsIlAiOiJXaW4zMiIsIkFOIjoiTWFpbCIsIldUIjoyfQ%3D%3D%7C0%7C%7C%7C&amp;sdata=Ujqny4hU16SUB%2Btlr5%2FhhcTlPkFdu%2Fl%2BzbMctqqTZx8%3D&amp;reserved=0\">https:\/\/www.facebook.com\/photo?fbid=1272453028391843&amp;set=pcb.1272453581725121<\/a><\/p>\t\t\t\t\t\t<\/div>\n\t\t\t\t<\/div>\n\t\t\t\t\t<\/div>\n\t\t\t\t<\/div>\n\t\t\t\t<\/div>","protected":false},"excerpt":{"rendered":"<p>Thirty-Three Quality Coordinators within HUCSK get certified The Ministry of Health, in cooperation with the Hospital and University Clinical Service of Kosovo (HUCSK), and with the support of its strategic partner, Integrated Health Services (IHS) project, organized for the first time a training for quality coordinators within HUCSK. The four-day training successfully achieved its predefined [&hellip;]<\/p>","protected":false},"author":1,"featured_media":0,"parent":0,"menu_order":0,"comment_status":"closed","ping_status":"closed","template":"","meta":[],"_links":{"self":[{"href":"https:\/\/ihsproject.org\/sq\/wp-json\/wp\/v2\/pages\/15823"}],"collection":[{"href":"https:\/\/ihsproject.org\/sq\/wp-json\/wp\/v2\/pages"}],"about":[{"href":"https:\/\/ihsproject.org\/sq\/wp-json\/wp\/v2\/types\/page"}],"author":[{"embeddable":true,"href":"https:\/\/ihsproject.org\/sq\/wp-json\/wp\/v2\/users\/1"}],"replies":[{"embeddable":true,"href":"https:\/\/ihsproject.org\/sq\/wp-json\/wp\/v2\/comments?post=15823"}],"version-history":[{"count":12,"href":"https:\/\/ihsproject.org\/sq\/wp-json\/wp\/v2\/pages\/15823\/revisions"}],"predecessor-version":[{"id":15838,"href":"https:\/\/ihsproject.org\/sq\/wp-json\/wp\/v2\/pages\/15823\/revisions\/15838"}],"wp:attachment":[{"href":"https:\/\/ihsproject.org\/sq\/wp-json\/wp\/v2\/media?parent=15823"}],"curies":[{"name":"wp","href":"https:\/\/api.w.org\/{rel}","templated":true}]}}