{"id":15789,"date":"2026-04-08T15:03:57","date_gmt":"2026-04-08T15:03:57","guid":{"rendered":"https:\/\/ihsproject.org\/?page_id=15789"},"modified":"2026-04-08T15:05:23","modified_gmt":"2026-04-08T15:05:23","slug":"april-09-2026","status":"publish","type":"page","link":"https:\/\/ihsproject.org\/sq\/april-09-2026\/","title":{"rendered":"Prill 09, 2026"},"content":{"rendered":"<div data-elementor-type=\"wp-page\" data-elementor-id=\"15789\" class=\"elementor elementor-15789\">\n\t\t\t\t<div class=\"elementor-element elementor-element-38525ce e-flex e-con-boxed e-con e-parent\" data-id=\"38525ce\" data-element_type=\"container\" data-core-v316-plus=\"true\">\n\t\t\t\t\t<div class=\"e-con-inner\">\n\t\t\t\t<div class=\"elementor-element elementor-element-ebe498a elementor-widget elementor-widget-image\" data-id=\"ebe498a\" data-element_type=\"widget\" data-widget_type=\"image.default\">\n\t\t\t\t<div class=\"elementor-widget-container\">\n\t\t\t\t\t\t\t\t\t\t\t\t\t<img fetchpriority=\"high\" decoding=\"async\" width=\"1600\" height=\"900\" src=\"https:\/\/ihsproject.org\/wp-content\/uploads\/2026\/04\/IHS-Supported-Pristina.Innovate.Healthcare-to-Advance-Patient-Centred-Solutions.jpg\" class=\"attachment-full size-full wp-image-15792\" alt=\"\" srcset=\"https:\/\/ihsproject.org\/wp-content\/uploads\/2026\/04\/IHS-Supported-Pristina.Innovate.Healthcare-to-Advance-Patient-Centred-Solutions.jpg 1600w, https:\/\/ihsproject.org\/wp-content\/uploads\/2026\/04\/IHS-Supported-Pristina.Innovate.Healthcare-to-Advance-Patient-Centred-Solutions-300x169.jpg 300w, https:\/\/ihsproject.org\/wp-content\/uploads\/2026\/04\/IHS-Supported-Pristina.Innovate.Healthcare-to-Advance-Patient-Centred-Solutions-1024x576.jpg 1024w, https:\/\/ihsproject.org\/wp-content\/uploads\/2026\/04\/IHS-Supported-Pristina.Innovate.Healthcare-to-Advance-Patient-Centred-Solutions-768x432.jpg 768w, https:\/\/ihsproject.org\/wp-content\/uploads\/2026\/04\/IHS-Supported-Pristina.Innovate.Healthcare-to-Advance-Patient-Centred-Solutions-1536x864.jpg 1536w, https:\/\/ihsproject.org\/wp-content\/uploads\/2026\/04\/IHS-Supported-Pristina.Innovate.Healthcare-to-Advance-Patient-Centred-Solutions-18x10.jpg 18w\" sizes=\"(max-width: 1600px) 100vw, 1600px\" \/>\t\t\t\t\t\t\t\t\t\t\t\t\t<\/div>\n\t\t\t\t<\/div>\n\t\t\t\t\t<\/div>\n\t\t\t\t<\/div>\n\t\t<div class=\"elementor-element elementor-element-075029b e-flex e-con-boxed e-con e-parent\" data-id=\"075029b\" data-element_type=\"container\" data-core-v316-plus=\"true\">\n\t\t\t\t\t<div class=\"e-con-inner\">\n\t\t\t\t<div class=\"elementor-element elementor-element-cd2d464 elementor-widget elementor-widget-heading\" data-id=\"cd2d464\" data-element_type=\"widget\" data-widget_type=\"heading.default\">\n\t\t\t\t<div class=\"elementor-widget-container\">\n\t\t\t<h2 class=\"elementor-heading-title elementor-size-default\">Projekti IHS mb\u00ebshteti hackathon-in \u201cPristina.Innovate.Healthcare\u201d p\u00ebr t\u00eb avancuar zgjidhje q\u00eb kan\u00eb pacientin n\u00eb qend\u00ebr<\/h2>\t\t<\/div>\n\t\t\t\t<\/div>\n\t\t\t\t<div class=\"elementor-element elementor-element-d179d80 elementor-widget elementor-widget-text-editor\" data-id=\"d179d80\" data-element_type=\"widget\" data-widget_type=\"text-editor.default\">\n\t\t\t\t<div class=\"elementor-widget-container\">\n\t\t\t\t\t\t\t<p style=\"font-weight: 400;\">P\u00ebrgjat\u00eb nj\u00eb evenimenti intensiv 48-or\u00ebsh q\u00eb u zhvillua nga 3 deri m\u00eb 5 prill 2026, hackathon-i \u201cPristina.Innovate.Healthcare\u201d mblodhi 12 ekipe p\u00ebr t\u00eb zhvilluar zgjidhje inovative rreth sfidave q\u00eb lidhen me sh\u00ebndetin. Dy sfidat e paraqitura nga projekti IHS pasqyruan synimin ton\u00eb p\u00ebr t\u2019i forcuar sh\u00ebrbimet sh\u00ebndet\u00ebsore t\u00eb integruara dhe t\u00eb p\u00ebrqendruara te njer\u00ebzit, si dhe p\u00ebr t\u2019i fuqizuar pacient\u00ebt q\u00eb t\u00eb menaxhojn\u00eb m\u00eb mir\u00eb sh\u00ebndetin e tyre.<\/p><p style=\"font-weight: 400;\">Nga perspektiva e projektit IHS, kjo ngjarje synoi t\u00eb shkoj\u00eb p\u00ebrtej teknologjis\u00eb si q\u00ebllim n\u00eb vetvete dhe t\u00eb p\u00ebrqendrohet n\u00eb zgjidhje q\u00eb jan\u00eb dometh\u00ebn\u00ebse p\u00ebr pacient\u00ebt q\u00eb p\u00ebrballen me sfidat e p\u00ebrditshme sh\u00ebndet\u00ebsore. Linda Baleta, Eksperte e Lart\u00eb p\u00ebr Avokim dhe Komunikim n\u00eb projektin IHS, theksoi gjat\u00eb fjal\u00ebs hap\u00ebse: \u201cSh\u00ebndeti nuk \u00ebsht\u00eb vet\u00ebm sistem, por edhe p\u00ebrvoj\u00eb.\u201d<\/p><p style=\"font-weight: 400;\">Hackathon-i p\u00ebrfundoi me prezantime dhe vler\u00ebsime nga nj\u00eb juri ekspert\u00ebsh, duke vler\u00ebsuar konceptet inovative q\u00eb kombinuan teknologjin\u00eb, empatin\u00eb dhe ndikimin praktik p\u00ebr sistemin sh\u00ebndet\u00ebsor n\u00eb Kosov\u00eb. N\u00eb pes\u00eb sfida mor\u00ebn pjes\u00eb 12 ekipe konkurruese. P\u00ebr secil\u00ebn sfid\u00eb t\u00eb paraqitur nga projekti IHS u shp\u00ebrblyen nga dy ekipe t\u00eb ndryshme.<\/p>\t\t\t\t\t\t<\/div>\n\t\t\t\t<\/div>\n\t\t\t\t\t<\/div>\n\t\t\t\t<\/div>\n\t\t\t\t<\/div>","protected":false},"excerpt":{"rendered":"<p>IHS Supported Pristina.Innovate.Healthcare to Advance Patient-Centred Solutions Over an intensive 48-hour event from 3 \u2013 5 April 2026, the Pristina.Innovate.Healthcare Hackathon brought together 12 teams to develop innovative solutions around health-related challenges. The two challenges presented by IHS reflected our goal to strengthen integrated, people-centred health services and empower patients to better manage their health. [&hellip;]<\/p>","protected":false},"author":1,"featured_media":0,"parent":0,"menu_order":0,"comment_status":"closed","ping_status":"closed","template":"","meta":[],"_links":{"self":[{"href":"https:\/\/ihsproject.org\/sq\/wp-json\/wp\/v2\/pages\/15789"}],"collection":[{"href":"https:\/\/ihsproject.org\/sq\/wp-json\/wp\/v2\/pages"}],"about":[{"href":"https:\/\/ihsproject.org\/sq\/wp-json\/wp\/v2\/types\/page"}],"author":[{"embeddable":true,"href":"https:\/\/ihsproject.org\/sq\/wp-json\/wp\/v2\/users\/1"}],"replies":[{"embeddable":true,"href":"https:\/\/ihsproject.org\/sq\/wp-json\/wp\/v2\/comments?post=15789"}],"version-history":[{"count":4,"href":"https:\/\/ihsproject.org\/sq\/wp-json\/wp\/v2\/pages\/15789\/revisions"}],"predecessor-version":[{"id":15796,"href":"https:\/\/ihsproject.org\/sq\/wp-json\/wp\/v2\/pages\/15789\/revisions\/15796"}],"wp:attachment":[{"href":"https:\/\/ihsproject.org\/sq\/wp-json\/wp\/v2\/media?parent=15789"}],"curies":[{"name":"wp","href":"https:\/\/api.w.org\/{rel}","templated":true}]}}