{"id":15772,"date":"2026-04-07T15:21:52","date_gmt":"2026-04-07T15:21:52","guid":{"rendered":"https:\/\/ihsproject.org\/?page_id=15772"},"modified":"2026-04-07T15:23:39","modified_gmt":"2026-04-07T15:23:39","slug":"april-08-2026-02","status":"publish","type":"page","link":"https:\/\/ihsproject.org\/sq\/april-08-2026-02\/","title":{"rendered":"Prill 08, 2026"},"content":{"rendered":"<div data-elementor-type=\"wp-page\" data-elementor-id=\"15772\" class=\"elementor elementor-15772\">\n\t\t\t\t<div class=\"elementor-element elementor-element-3997128 e-flex e-con-boxed e-con e-parent\" data-id=\"3997128\" data-element_type=\"container\" data-core-v316-plus=\"true\">\n\t\t\t\t\t<div class=\"e-con-inner\">\n\t\t\t\t<div class=\"elementor-element elementor-element-8c6ae21 elementor-widget elementor-widget-image\" data-id=\"8c6ae21\" data-element_type=\"widget\" data-widget_type=\"image.default\">\n\t\t\t\t<div class=\"elementor-widget-container\">\n\t\t\t\t\t\t\t\t\t\t\t\t\t<img fetchpriority=\"high\" decoding=\"async\" width=\"1600\" height=\"900\" src=\"https:\/\/ihsproject.org\/wp-content\/uploads\/2026\/04\/Driving-Forward-the-Self-Management-Program-for-Diabetes-and-Hypertension.jpg\" class=\"attachment-full size-full wp-image-15774\" alt=\"\" srcset=\"https:\/\/ihsproject.org\/wp-content\/uploads\/2026\/04\/Driving-Forward-the-Self-Management-Program-for-Diabetes-and-Hypertension.jpg 1600w, https:\/\/ihsproject.org\/wp-content\/uploads\/2026\/04\/Driving-Forward-the-Self-Management-Program-for-Diabetes-and-Hypertension-300x169.jpg 300w, https:\/\/ihsproject.org\/wp-content\/uploads\/2026\/04\/Driving-Forward-the-Self-Management-Program-for-Diabetes-and-Hypertension-1024x576.jpg 1024w, https:\/\/ihsproject.org\/wp-content\/uploads\/2026\/04\/Driving-Forward-the-Self-Management-Program-for-Diabetes-and-Hypertension-768x432.jpg 768w, https:\/\/ihsproject.org\/wp-content\/uploads\/2026\/04\/Driving-Forward-the-Self-Management-Program-for-Diabetes-and-Hypertension-1536x864.jpg 1536w, https:\/\/ihsproject.org\/wp-content\/uploads\/2026\/04\/Driving-Forward-the-Self-Management-Program-for-Diabetes-and-Hypertension-18x10.jpg 18w\" sizes=\"(max-width: 1600px) 100vw, 1600px\" \/>\t\t\t\t\t\t\t\t\t\t\t\t\t<\/div>\n\t\t\t\t<\/div>\n\t\t\t\t\t<\/div>\n\t\t\t\t<\/div>\n\t\t<div class=\"elementor-element elementor-element-76543ed e-flex e-con-boxed e-con e-parent\" data-id=\"76543ed\" data-element_type=\"container\" data-core-v316-plus=\"true\">\n\t\t\t\t\t<div class=\"e-con-inner\">\n\t\t\t\t<div class=\"elementor-element elementor-element-6f64029 elementor-widget elementor-widget-heading\" data-id=\"6f64029\" data-element_type=\"widget\" data-widget_type=\"heading.default\">\n\t\t\t\t<div class=\"elementor-widget-container\">\n\t\t\t<h2 class=\"elementor-heading-title elementor-size-default\">Avancimi i Programit t\u00eb Vet\u00ebmenaxhimit p\u00ebr Diabetin dhe Hipertensionin<\/h2>\t\t<\/div>\n\t\t\t\t<\/div>\n\t\t\t\t<div class=\"elementor-element elementor-element-b414c08 elementor-widget elementor-widget-text-editor\" data-id=\"b414c08\" data-element_type=\"widget\" data-widget_type=\"text-editor.default\">\n\t\t\t\t<div class=\"elementor-widget-container\">\n\t\t\t\t\t\t\t<p style=\"font-weight: 400;\">M\u00eb 3 prill 2026, n\u00eb Prishtin\u00eb u mbajt takimi i radh\u00ebs i Grupit Punues p\u00ebr Programin e Vet\u00ebmenaxhimit p\u00ebr Diabetin dhe Hipertensionin, me fokus tek avancimi i zbatimit t\u00eb Planit t\u00eb Veprimit 2025\u20132026.<\/p><p style=\"font-weight: 400;\">Pun\u00ebtoria mblodhi p\u00ebrfaq\u00ebsues institucional\u00eb dhe partner\u00eb t\u00eb projektit p\u00ebr t\u00eb shqyrtuar progresin dhe p\u00ebr t\u00eb p\u00ebrcaktuar hapat e ardhsh\u00ebm, p\u00ebrfshir\u00eb krijimin e nj\u00eb grupi t\u00eb dyt\u00eb t\u00eb pacient\u00ebve q\u00eb do t\u00eb p\u00ebrdorin nj\u00eb aplikacion digjital p\u00ebr vet\u00ebmenaxhim dhe monitorim n\u00eb distanc\u00eb t\u00eb s\u00ebmundjeve kronike.<\/p><p style=\"font-weight: 400;\">Diskutimet trajtuan rolet dhe p\u00ebrgjegj\u00ebsit\u00eb e pal\u00ebve t\u00eb p\u00ebrfshira n\u00eb program, si dhe mund\u00ebsit\u00eb p\u00ebr zgjerimin e nism\u00ebs n\u00eb Komun\u00ebn e Prishtin\u00ebs. Pjes\u00ebmarr\u00ebsit shk\u00ebmbyen komente dhe rekomandime, duke kontribuar n\u00eb p\u00ebrmir\u00ebsimin e qasjeve t\u00eb zbatimit dhe n\u00eb adresimin e sfidave praktike.<\/p><p style=\"font-weight: 400;\">Pun\u00ebtoria u p\u00ebrmbyll me nj\u00eb p\u00ebrmbledhje t\u00eb pikave kryesore t\u00eb diskutimit dhe hapave t\u00eb dakorduar n\u00eb vijim, duke riafirmuar p\u00ebrkushtimin e Ministris\u00eb s\u00eb Sh\u00ebndet\u00ebsis\u00eb dhe partner\u00ebve p\u00ebr forcimin e kujdesit t\u00eb p\u00ebrqendruar te pacienti dhe p\u00ebrmir\u00ebsimin e menaxhimit t\u00eb diabetit dhe hipertensionit n\u00eb Kosov\u00eb.<\/p>\t\t\t\t\t\t<\/div>\n\t\t\t\t<\/div>\n\t\t\t\t\t<\/div>\n\t\t\t\t<\/div>\n\t\t\t\t<\/div>","protected":false},"excerpt":{"rendered":"<p>Driving Forward the Self-Management Program for Diabetes and Hypertension On 3 April 2026, the next meeting of the Working Group on the Self-Management Program for Diabetes and Hypertension convened in Prishtina, focusing on advancing the implementation of the 2025\u20132026 Action Plan. The workshop brought together institutional representatives and project partners to review progress and define [&hellip;]<\/p>","protected":false},"author":1,"featured_media":0,"parent":0,"menu_order":0,"comment_status":"closed","ping_status":"closed","template":"","meta":[],"_links":{"self":[{"href":"https:\/\/ihsproject.org\/sq\/wp-json\/wp\/v2\/pages\/15772"}],"collection":[{"href":"https:\/\/ihsproject.org\/sq\/wp-json\/wp\/v2\/pages"}],"about":[{"href":"https:\/\/ihsproject.org\/sq\/wp-json\/wp\/v2\/types\/page"}],"author":[{"embeddable":true,"href":"https:\/\/ihsproject.org\/sq\/wp-json\/wp\/v2\/users\/1"}],"replies":[{"embeddable":true,"href":"https:\/\/ihsproject.org\/sq\/wp-json\/wp\/v2\/comments?post=15772"}],"version-history":[{"count":5,"href":"https:\/\/ihsproject.org\/sq\/wp-json\/wp\/v2\/pages\/15772\/revisions"}],"predecessor-version":[{"id":15780,"href":"https:\/\/ihsproject.org\/sq\/wp-json\/wp\/v2\/pages\/15772\/revisions\/15780"}],"wp:attachment":[{"href":"https:\/\/ihsproject.org\/sq\/wp-json\/wp\/v2\/media?parent=15772"}],"curies":[{"name":"wp","href":"https:\/\/api.w.org\/{rel}","templated":true}]}}