{"id":15749,"date":"2026-04-07T14:45:43","date_gmt":"2026-04-07T14:45:43","guid":{"rendered":"https:\/\/ihsproject.org\/?page_id=15749"},"modified":"2026-04-07T14:50:33","modified_gmt":"2026-04-07T14:50:33","slug":"april-07-2026-02","status":"publish","type":"page","link":"https:\/\/ihsproject.org\/sq\/april-07-2026-02\/","title":{"rendered":"Prill 07, 2026"},"content":{"rendered":"<div data-elementor-type=\"wp-page\" data-elementor-id=\"15749\" class=\"elementor elementor-15749\">\n\t\t\t\t<div class=\"elementor-element elementor-element-83cf39e e-flex e-con-boxed e-con e-parent\" data-id=\"83cf39e\" data-element_type=\"container\" data-core-v316-plus=\"true\">\n\t\t\t\t\t<div class=\"e-con-inner\">\n\t\t\t\t<div class=\"elementor-element elementor-element-0aa74e5 elementor-widget elementor-widget-image\" data-id=\"0aa74e5\" data-element_type=\"widget\" data-widget_type=\"image.default\">\n\t\t\t\t<div class=\"elementor-widget-container\">\n\t\t\t\t\t\t\t\t\t\t\t\t\t<img fetchpriority=\"high\" decoding=\"async\" width=\"1600\" height=\"900\" src=\"https:\/\/ihsproject.org\/wp-content\/uploads\/2026\/04\/Training-on-Clinical-Protocols-and-Guidelines-Adaptation-Concluded.jpg\" class=\"attachment-full size-full wp-image-15748\" alt=\"\" srcset=\"https:\/\/ihsproject.org\/wp-content\/uploads\/2026\/04\/Training-on-Clinical-Protocols-and-Guidelines-Adaptation-Concluded.jpg 1600w, https:\/\/ihsproject.org\/wp-content\/uploads\/2026\/04\/Training-on-Clinical-Protocols-and-Guidelines-Adaptation-Concluded-300x169.jpg 300w, https:\/\/ihsproject.org\/wp-content\/uploads\/2026\/04\/Training-on-Clinical-Protocols-and-Guidelines-Adaptation-Concluded-1024x576.jpg 1024w, https:\/\/ihsproject.org\/wp-content\/uploads\/2026\/04\/Training-on-Clinical-Protocols-and-Guidelines-Adaptation-Concluded-768x432.jpg 768w, https:\/\/ihsproject.org\/wp-content\/uploads\/2026\/04\/Training-on-Clinical-Protocols-and-Guidelines-Adaptation-Concluded-1536x864.jpg 1536w, https:\/\/ihsproject.org\/wp-content\/uploads\/2026\/04\/Training-on-Clinical-Protocols-and-Guidelines-Adaptation-Concluded-18x10.jpg 18w\" sizes=\"(max-width: 1600px) 100vw, 1600px\" \/>\t\t\t\t\t\t\t\t\t\t\t\t\t<\/div>\n\t\t\t\t<\/div>\n\t\t\t\t\t<\/div>\n\t\t\t\t<\/div>\n\t\t<div class=\"elementor-element elementor-element-8f53883 e-flex e-con-boxed e-con e-parent\" data-id=\"8f53883\" data-element_type=\"container\" data-core-v316-plus=\"true\">\n\t\t\t\t\t<div class=\"e-con-inner\">\n\t\t\t\t<div class=\"elementor-element elementor-element-388ebbb elementor-widget elementor-widget-heading\" data-id=\"388ebbb\" data-element_type=\"widget\" data-widget_type=\"heading.default\">\n\t\t\t\t<div class=\"elementor-widget-container\">\n\t\t\t<h2 class=\"elementor-heading-title elementor-size-default\">P\u00ebrmbyllet trajnimi p\u00ebr p\u00ebrshtatjen e protokolleve dhe udh\u00ebzuesve klinik\u00eb<\/h2>\t\t<\/div>\n\t\t\t\t<\/div>\n\t\t\t\t<div class=\"elementor-element elementor-element-0e1842d elementor-widget elementor-widget-text-editor\" data-id=\"0e1842d\" data-element_type=\"widget\" data-widget_type=\"text-editor.default\">\n\t\t\t\t<div class=\"elementor-widget-container\">\n\t\t\t\t\t\t\t<p style=\"font-weight: 400;\">N\u00eb jav\u00ebn e fundit t\u00eb marsit 2026, n\u00eb Prishtin\u00eb u p\u00ebrmbyll me sukses trajnimi treditor p\u00ebr p\u00ebrshtatjen e udh\u00ebzuesve dhe protokolleve klinike. Ky trajnim, i organizuar nga Ministria e Sh\u00ebndet\u00ebsis\u00eb e Kosov\u00ebs, kishte p\u00ebr synim forcimin e praktikave sh\u00ebndet\u00ebsore t\u00eb bazuara n\u00eb evidenc\u00eb, duke v\u00ebn\u00eb n\u00eb pah rolin thelb\u00ebsor q\u00eb k\u00ebto procese kan\u00eb n\u00eb p\u00ebrmir\u00ebsimin e rezultateve p\u00ebr pacient\u00ebt.<\/p><p style=\"font-weight: 400;\">Trajnimi mblodhi profesionist\u00eb sh\u00ebndet\u00ebsor\u00eb dhe ekspert\u00eb p\u00ebr t\u00eb nd\u00ebrtuar nj\u00eb kuptim t\u00eb p\u00ebrbashk\u00ebt mbi hartimin, p\u00ebrshtatjen dhe zbatimin e udh\u00ebzuesve klinik\u00eb, duke kaluar nga konceptet dhe kornizat baz\u00eb deri te zbatimi praktik i tyre.<\/p><p style=\"font-weight: 400;\">Gjat\u00eb tri dit\u00ebve, pjes\u00ebmarr\u00ebsit u angazhuan n\u00eb sesione mbi mjek\u00ebsin\u00eb e bazuar n\u00eb evidenc\u00eb, rishikimin e literatur\u00ebs, hartimin dhe p\u00ebrshtatjen e udh\u00ebzuesve, si dhe mjetet p\u00ebr zbatim, t\u00eb plot\u00ebsuara me pun\u00eb n\u00eb grupe dhe ushtrime praktike. Aktivitetet u p\u00ebrqendruan n\u00eb zbatimin n\u00eb nivel lokal, identifikimin e pengesave, auditimin klinik dhe p\u00ebrcaktimin e hapave t\u00eb ardhsh\u00ebm, e m\u00eb pas u zhvillua edhe vler\u00ebsimi i pjes\u00ebmarr\u00ebsve dhe shp\u00ebrndarja e certifikatave.<\/p><p style=\"font-weight: 400;\">Ky trajnim sh\u00ebnon nj\u00eb hap t\u00eb r\u00ebnd\u00ebsish\u00ebm drejt p\u00ebrmir\u00ebsimit t\u00eb cil\u00ebsis\u00eb, q\u00ebndrueshm\u00ebris\u00eb dhe siguris\u00eb s\u00eb sh\u00ebrbimeve sh\u00ebndet\u00ebsore n\u00eb Kosov\u00eb, dhe pritet t\u00eb ket\u00eb ndikim afatgjat\u00eb n\u00eb standardizimin e praktik\u00ebs klinike.<\/p>\t\t\t\t\t\t<\/div>\n\t\t\t\t<\/div>\n\t\t\t\t\t<\/div>\n\t\t\t\t<\/div>\n\t\t\t\t<\/div>","protected":false},"excerpt":{"rendered":"","protected":false},"author":1,"featured_media":0,"parent":0,"menu_order":0,"comment_status":"closed","ping_status":"closed","template":"","meta":[],"_links":{"self":[{"href":"https:\/\/ihsproject.org\/sq\/wp-json\/wp\/v2\/pages\/15749"}],"collection":[{"href":"https:\/\/ihsproject.org\/sq\/wp-json\/wp\/v2\/pages"}],"about":[{"href":"https:\/\/ihsproject.org\/sq\/wp-json\/wp\/v2\/types\/page"}],"author":[{"embeddable":true,"href":"https:\/\/ihsproject.org\/sq\/wp-json\/wp\/v2\/users\/1"}],"replies":[{"embeddable":true,"href":"https:\/\/ihsproject.org\/sq\/wp-json\/wp\/v2\/comments?post=15749"}],"version-history":[{"count":5,"href":"https:\/\/ihsproject.org\/sq\/wp-json\/wp\/v2\/pages\/15749\/revisions"}],"predecessor-version":[{"id":15761,"href":"https:\/\/ihsproject.org\/sq\/wp-json\/wp\/v2\/pages\/15749\/revisions\/15761"}],"wp:attachment":[{"href":"https:\/\/ihsproject.org\/sq\/wp-json\/wp\/v2\/media?parent=15749"}],"curies":[{"name":"wp","href":"https:\/\/api.w.org\/{rel}","templated":true}]}}