{"id":15734,"date":"2026-04-07T10:44:31","date_gmt":"2026-04-07T10:44:31","guid":{"rendered":"https:\/\/ihsproject.org\/?page_id=15734"},"modified":"2026-04-07T10:46:04","modified_gmt":"2026-04-07T10:46:04","slug":"april-07-2026","status":"publish","type":"page","link":"https:\/\/ihsproject.org\/sq\/april-07-2026\/","title":{"rendered":"Prill 07, 2026"},"content":{"rendered":"<div data-elementor-type=\"wp-page\" data-elementor-id=\"15734\" class=\"elementor elementor-15734\">\n\t\t\t\t<div class=\"elementor-element elementor-element-4d234f4 e-flex e-con-boxed e-con e-parent\" data-id=\"4d234f4\" data-element_type=\"container\" data-core-v316-plus=\"true\">\n\t\t\t\t\t<div class=\"e-con-inner\">\n\t\t\t\t<div class=\"elementor-element elementor-element-8acca1c elementor-widget elementor-widget-image\" data-id=\"8acca1c\" data-element_type=\"widget\" data-widget_type=\"image.default\">\n\t\t\t\t<div class=\"elementor-widget-container\">\n\t\t\t\t\t\t\t\t\t\t\t\t\t<img fetchpriority=\"high\" decoding=\"async\" width=\"1600\" height=\"900\" src=\"https:\/\/ihsproject.org\/wp-content\/uploads\/2026\/04\/Marking-World-Health-Day-2026.jpg\" class=\"attachment-full size-full wp-image-15732\" alt=\"\" srcset=\"https:\/\/ihsproject.org\/wp-content\/uploads\/2026\/04\/Marking-World-Health-Day-2026.jpg 1600w, https:\/\/ihsproject.org\/wp-content\/uploads\/2026\/04\/Marking-World-Health-Day-2026-300x169.jpg 300w, https:\/\/ihsproject.org\/wp-content\/uploads\/2026\/04\/Marking-World-Health-Day-2026-1024x576.jpg 1024w, https:\/\/ihsproject.org\/wp-content\/uploads\/2026\/04\/Marking-World-Health-Day-2026-768x432.jpg 768w, https:\/\/ihsproject.org\/wp-content\/uploads\/2026\/04\/Marking-World-Health-Day-2026-1536x864.jpg 1536w, https:\/\/ihsproject.org\/wp-content\/uploads\/2026\/04\/Marking-World-Health-Day-2026-18x10.jpg 18w\" sizes=\"(max-width: 1600px) 100vw, 1600px\" \/>\t\t\t\t\t\t\t\t\t\t\t\t\t<\/div>\n\t\t\t\t<\/div>\n\t\t\t\t\t<\/div>\n\t\t\t\t<\/div>\n\t\t<div class=\"elementor-element elementor-element-c3c43de e-flex e-con-boxed e-con e-parent\" data-id=\"c3c43de\" data-element_type=\"container\" data-core-v316-plus=\"true\">\n\t\t\t\t\t<div class=\"e-con-inner\">\n\t\t\t\t<div class=\"elementor-element elementor-element-c487787 elementor-widget elementor-widget-heading\" data-id=\"c487787\" data-element_type=\"widget\" data-widget_type=\"heading.default\">\n\t\t\t\t<div class=\"elementor-widget-container\">\n\t\t\t<h2 class=\"elementor-heading-title elementor-size-default\">Sh\u00ebnimi i Dit\u00ebs Bot\u00ebrore t\u00eb Sh\u00ebndetit 2026<\/h2>\t\t<\/div>\n\t\t\t\t<\/div>\n\t\t\t\t<div class=\"elementor-element elementor-element-c294a97 elementor-widget elementor-widget-text-editor\" data-id=\"c294a97\" data-element_type=\"widget\" data-widget_type=\"text-editor.default\">\n\t\t\t\t<div class=\"elementor-widget-container\">\n\t\t\t\t\t\t\t<p style=\"font-weight: 400;\">Projektet \u201cSh\u00ebrbimet Sh\u00ebndet\u00ebsore t\u00eb Integruara (IHS)\u201d dhe \u201cKujdesi Sh\u00ebndet\u00ebsor i Qassh\u00ebm dhe Cil\u00ebsor (AQH)\u201d e sh\u00ebnojn\u00eb Dit\u00ebn Bot\u00ebrore t\u00eb Sh\u00ebndetit 2026 me fushat\u00eb n\u00eb rrjete sociale. P\u00ebrmbajtja e k\u00ebsaj fushate sfidon disa prej keqkuptimeve m\u00eb t\u00eb zakonshme rreth diabetit, hipertensionit dhe s\u00ebmundjeve kardiovaskulare.<\/p><p style=\"font-weight: 400;\">E lansuar n\u00ebn tem\u00ebn \u201c\u00c7far\u00eb mendojm\u00eb ne. \u00c7far\u00eb thot\u00eb shkenca.\u201d, fushata \u00ebsht\u00eb n\u00eb p\u00ebrputhje me mesazhin bot\u00ebror \u201cS\u00eb bashku p\u00ebr sh\u00ebndetin. N\u00eb mb\u00ebshtetje t\u00eb shkenc\u00ebs\u201d dhe fokusohet n\u00eb promovimin e informatave t\u00eb sakta sh\u00ebndet\u00ebsore dhe t\u00eb mb\u00ebshtetura n\u00eb shkenc\u00eb, duke p\u00ebrdorur rr\u00ebfime t\u00eb jet\u00ebs s\u00eb p\u00ebrditshme dhe mesazhe t\u00eb qarta e t\u00eb kuptueshme, me synimin p\u00ebr t\u2019i nxitur individ\u00ebt t\u00eb reflektojn\u00eb mbi bindjet e tyre, t\u00eb njohin shenjat e hershme dhe rreziqet, si dhe t\u00eb k\u00ebrkojn\u00eb kujdes sh\u00ebndet\u00ebsor n\u00eb koh\u00eb.<\/p><p style=\"font-weight: 400;\">Fushata po shp\u00ebrndahet n\u00eb t\u00eb gjitha platformat tona n\u00eb rrjete sociale.<\/p>\t\t\t\t\t\t<\/div>\n\t\t\t\t<\/div>\n\t\t\t\t\t<\/div>\n\t\t\t\t<\/div>\n\t\t\t\t<\/div>","protected":false},"excerpt":{"rendered":"<p>Marking World Health Day 2026 The Integrated Health Services (IHS) and Accessible Quality Healthcare (AQH) projects mark World Health Day 2026 with a dedicated social media campaign. The content challenges common misconceptions about diabetes, hypertension, and cardiovascular diseases. Launched under the theme \u201cWhat We Think. What Science Knows.\u201d, the campaign aligns with the global message [&hellip;]<\/p>","protected":false},"author":1,"featured_media":0,"parent":0,"menu_order":0,"comment_status":"closed","ping_status":"closed","template":"","meta":[],"_links":{"self":[{"href":"https:\/\/ihsproject.org\/sq\/wp-json\/wp\/v2\/pages\/15734"}],"collection":[{"href":"https:\/\/ihsproject.org\/sq\/wp-json\/wp\/v2\/pages"}],"about":[{"href":"https:\/\/ihsproject.org\/sq\/wp-json\/wp\/v2\/types\/page"}],"author":[{"embeddable":true,"href":"https:\/\/ihsproject.org\/sq\/wp-json\/wp\/v2\/users\/1"}],"replies":[{"embeddable":true,"href":"https:\/\/ihsproject.org\/sq\/wp-json\/wp\/v2\/comments?post=15734"}],"version-history":[{"count":4,"href":"https:\/\/ihsproject.org\/sq\/wp-json\/wp\/v2\/pages\/15734\/revisions"}],"predecessor-version":[{"id":15739,"href":"https:\/\/ihsproject.org\/sq\/wp-json\/wp\/v2\/pages\/15734\/revisions\/15739"}],"wp:attachment":[{"href":"https:\/\/ihsproject.org\/sq\/wp-json\/wp\/v2\/media?parent=15734"}],"curies":[{"name":"wp","href":"https:\/\/api.w.org\/{rel}","templated":true}]}}