{"id":15713,"date":"2026-04-03T12:19:42","date_gmt":"2026-04-03T12:19:42","guid":{"rendered":"https:\/\/ihsproject.org\/?page_id=15713"},"modified":"2026-04-03T12:37:20","modified_gmt":"2026-04-03T12:37:20","slug":"april-03-2026-impact-story-02","status":"publish","type":"page","link":"https:\/\/ihsproject.org\/sq\/april-03-2026-impact-story-02\/","title":{"rendered":"Prill 03, 2026 - Tregime p\u00ebr Impaktin"},"content":{"rendered":"<div data-elementor-type=\"wp-page\" data-elementor-id=\"15713\" class=\"elementor elementor-15713\">\n\t\t\t\t<div class=\"elementor-element elementor-element-128dbcb e-flex e-con-boxed e-con e-parent\" data-id=\"128dbcb\" data-element_type=\"container\" data-core-v316-plus=\"true\">\n\t\t\t\t\t<div class=\"e-con-inner\">\n\t\t\t\t<div class=\"elementor-element elementor-element-5166fd6 elementor-widget elementor-widget-heading\" data-id=\"5166fd6\" data-element_type=\"widget\" data-widget_type=\"heading.default\">\n\t\t\t\t<div class=\"elementor-widget-container\">\n\t\t\t<h2 class=\"elementor-heading-title elementor-size-default\">Perspektiva gjinore n\u00eb ofrimin e kujdesit p\u00ebr SJN n\u00eb Kosov\u00eb\n<\/h2>\t\t<\/div>\n\t\t\t\t<\/div>\n\t\t\t\t\t<\/div>\n\t\t\t\t<\/div>\n\t\t<div class=\"elementor-element elementor-element-abc402b e-flex e-con-boxed e-con e-parent\" data-id=\"abc402b\" data-element_type=\"container\" data-core-v316-plus=\"true\">\n\t\t\t\t\t<div class=\"e-con-inner\">\n\t\t\t\t<div class=\"elementor-element elementor-element-23c5c30 elementor-widget elementor-widget-image\" data-id=\"23c5c30\" data-element_type=\"widget\" data-widget_type=\"image.default\">\n\t\t\t\t<div class=\"elementor-widget-container\">\n\t\t\t\t\t\t\t\t\t\t\t\t\t<img fetchpriority=\"high\" decoding=\"async\" width=\"940\" height=\"788\" src=\"https:\/\/ihsproject.org\/wp-content\/uploads\/2026\/04\/2.png\" class=\"attachment-full size-full wp-image-15717\" alt=\"\" srcset=\"https:\/\/ihsproject.org\/wp-content\/uploads\/2026\/04\/2.png 940w, https:\/\/ihsproject.org\/wp-content\/uploads\/2026\/04\/2-300x251.png 300w, https:\/\/ihsproject.org\/wp-content\/uploads\/2026\/04\/2-768x644.png 768w, https:\/\/ihsproject.org\/wp-content\/uploads\/2026\/04\/2-14x12.png 14w\" sizes=\"(max-width: 940px) 100vw, 940px\" \/>\t\t\t\t\t\t\t\t\t\t\t\t\t<\/div>\n\t\t\t\t<\/div>\n\t\t\t\t\t<\/div>\n\t\t\t\t<\/div>\n\t\t<div class=\"elementor-element elementor-element-89964b5 e-flex e-con-boxed e-con e-parent\" data-id=\"89964b5\" data-element_type=\"container\" data-core-v316-plus=\"true\">\n\t\t\t\t\t<div class=\"e-con-inner\">\n\t\t\t\t<div class=\"elementor-element elementor-element-673fa2e elementor-widget elementor-widget-text-editor\" data-id=\"673fa2e\" data-element_type=\"widget\" data-widget_type=\"text-editor.default\">\n\t\t\t\t<div class=\"elementor-widget-container\">\n\t\t\t\t\t\t\t<p class=\"p1\">Nj\u00eb nat\u00eb t\u00eb qet\u00eb, shum\u00eb koh\u00eb pasi pjesa tjet\u00ebr e familjes kishte r\u00ebn\u00eb n\u00eb gjum\u00eb, nj\u00eb n\u00ebn\u00eb n\u00eb Kosov\u00eb q\u00ebndron zgjuar duke d\u00ebgjuar. Ajo d\u00ebgjon p\u00ebr shenjat e vogla q\u00eb mund t\u00eb tregojn\u00eb se di\u00e7ka nuk \u00ebsht\u00eb n\u00eb rregull me nivelin e sheqerit n\u00eb gjakun e vajz\u00ebs s\u00eb saj. Ajo kontrollon, pret dhe n\u00eb m\u00ebngjes do ta b\u00ebj\u00eb s\u00ebrish t\u00eb nj\u00ebjt\u00ebn gj\u00eb.<\/p><p class=\"p1\">\u201cU b\u00ebra pankreasi i f\u00ebmij\u00ebs tim\u201d, thot\u00eb Fllanza Nici, instruktore e jog\u00ebs dhe n\u00ebn\u00eb e Lis\u00ebs, e cila jeton me diabet t\u00eb tipit 1.<\/p><p class=\"p1\">Historia e Fllanz\u00ebs nuk shpaloset n\u00eb shumic\u00ebn e statistikave sh\u00ebndet\u00ebsore n\u00eb vend, por k\u00ebt\u00eb mars ajo u b\u00eb pjes\u00eb e nj\u00eb bisede m\u00eb t\u00eb zgjeruar rreth gjinis\u00eb dhe s\u00ebmundjeve kronike jongjit\u00ebse (SJN).<\/p><p class=\"p1\">P\u00ebr t\u00eb sh\u00ebnuar Dit\u00ebn Nd\u00ebrkomb\u00ebtare t\u00eb Gruas 2026, projekti Sh\u00ebrbimet Sh\u00ebndet\u00ebsore t\u00eb Integruara (IHS) realizoi fushat\u00ebn e titulluar \u201cSJN p\u00ebrmes perspektiv\u00ebs gjinore\u201d, q\u00eb eksploroi m\u00ebnyr\u00ebn se si k\u00ebto s\u00ebmundje p\u00ebrjetohen ndryshe nga grat\u00eb dhe burrat, jo vet\u00ebm n\u00eb aspektin biologjik, por edhe n\u00eb at\u00eb shoq\u00ebror. Si\u00e7 e b\u00ebn t\u00eb qart\u00eb fushata, sh\u00ebndeti nuk \u00ebsht\u00eb kurr\u00eb neutral nga pik\u00ebpamja gjinore.<\/p>\t\t\t\t\t\t<\/div>\n\t\t\t\t<\/div>\n\t\t\t\t\t<\/div>\n\t\t\t\t<\/div>\n\t\t<div class=\"elementor-element elementor-element-058f7d3 e-flex e-con-boxed e-con e-parent\" data-id=\"058f7d3\" data-element_type=\"container\" data-core-v316-plus=\"true\">\n\t\t\t\t\t<div class=\"e-con-inner\">\n\t\t\t\t<div class=\"elementor-element elementor-element-d0db68c elementor-widget elementor-widget-image\" data-id=\"d0db68c\" data-element_type=\"widget\" data-widget_type=\"image.default\">\n\t\t\t\t<div class=\"elementor-widget-container\">\n\t\t\t\t\t\t\t\t\t\t\t\t\t<img decoding=\"async\" width=\"940\" height=\"788\" src=\"https:\/\/ihsproject.org\/wp-content\/uploads\/2026\/04\/donika.jpg\" class=\"attachment-full size-full wp-image-15719\" alt=\"\" srcset=\"https:\/\/ihsproject.org\/wp-content\/uploads\/2026\/04\/donika.jpg 940w, https:\/\/ihsproject.org\/wp-content\/uploads\/2026\/04\/donika-300x251.jpg 300w, https:\/\/ihsproject.org\/wp-content\/uploads\/2026\/04\/donika-768x644.jpg 768w, https:\/\/ihsproject.org\/wp-content\/uploads\/2026\/04\/donika-14x12.jpg 14w\" sizes=\"(max-width: 940px) 100vw, 940px\" \/>\t\t\t\t\t\t\t\t\t\t\t\t\t<\/div>\n\t\t\t\t<\/div>\n\t\t\t\t\t<\/div>\n\t\t\t\t<\/div>\n\t\t<div class=\"elementor-element elementor-element-e8c46e0 e-flex e-con-boxed e-con e-parent\" data-id=\"e8c46e0\" data-element_type=\"container\" data-core-v316-plus=\"true\">\n\t\t\t\t\t<div class=\"e-con-inner\">\n\t\t\t\t<div class=\"elementor-element elementor-element-388489e elementor-widget elementor-widget-text-editor\" data-id=\"388489e\" data-element_type=\"widget\" data-widget_type=\"text-editor.default\">\n\t\t\t\t<div class=\"elementor-widget-container\">\n\t\t\t\t\t\t\t<p class=\"p2\">Fushata u shpalos n\u00eb disa platforma. Ajo p\u00ebrfshiu nj\u00eb seri videosh t\u00eb shkurtra me eksperte, me titullin \u201cBiseda p\u00ebr sh\u00ebndetin\u201d, rr\u00ebfime vizuale p\u00ebrmes fotografis\u00eb dhe nj\u00eb episod t\u00eb dedikuar t\u00eb ACT Podcast. S\u00eb bashku, ato soll\u00ebn pasqyr\u00ebn e s\u00ebmundjeve kronike jongjit\u00ebse n\u00eb Kosov\u00eb p\u00ebrtej klinikave, duke i vendosur n\u00eb kontekstin e jet\u00ebs s\u00eb p\u00ebrditshme.<\/p><p class=\"p2\">Ekspertet e sektorit sh\u00ebndet\u00ebsor soll\u00ebn d\u00ebshmi dhe theksuan pesh\u00ebn e roleve shoq\u00ebrore. \u201cSistemet e ndjeshme ndaj gjinis\u00eb fillojn\u00eb me t\u00eb dh\u00ebna,\u201d theksoi Dr. Besa Balidemaj Llolluni nga Ministria e Sh\u00ebndet\u00ebsis\u00eb e Kosov\u00ebs. Kjo u b\u00eb edhe m\u00eb e qart\u00eb p\u00ebrmes rr\u00ebfimit vizual t\u00eb fushat\u00ebs.<\/p><p class=\"p2\">N\u00eb \u201cFijen e kujdesit\u201d, historia e Fllanz\u00ebs shpaloset jo si rast mjek\u00ebsor, por si jet\u00eb e ndikuar nga p\u00ebrgjegj\u00ebsia. N\u00eb \u201cFijen e fuqis\u00eb\u201d, vajza e saj, q\u00eb jeton me diabet t\u00eb tipit 1, flet p\u00ebr nj\u00eb tjet\u00ebr lloj ekuilibri: menaxhimin e s\u00ebmundjes s\u00eb saj, nd\u00ebrkoh\u00eb q\u00eb p\u00ebrpiqet t\u00eb duket \u201cnormale\u201d n\u00eb nj\u00eb bot\u00eb q\u00eb jo gjithmon\u00eb krijon hap\u00ebsir\u00eb p\u00ebr ndjeshm\u00ebri.<\/p><p class=\"p2\">Episodi i ACT Podcast u zgjerua m\u00eb tej k\u00ebt\u00eb diskutim: Pse grat\u00eb shum\u00eb shpesh vendosin sh\u00ebndetin e familjes para sh\u00ebndetit t\u00eb tyre? Pse disa burra presin deri sa t\u00eb jet\u00eb shum\u00eb von\u00eb p\u00ebr t\u00eb k\u00ebrkuar kujdes sh\u00ebndet\u00ebsor? Dhe si mund t\u00eb p\u00ebrgjigjen sistemet sh\u00ebndet\u00ebsore ndaj k\u00ebtyre modeleve t\u00eb rr\u00ebnjosura thell\u00eb?<\/p>\t\t\t\t\t\t<\/div>\n\t\t\t\t<\/div>\n\t\t\t\t\t<\/div>\n\t\t\t\t<\/div>\n\t\t<div class=\"elementor-element elementor-element-9dc63ee e-flex e-con-boxed e-con e-parent\" data-id=\"9dc63ee\" data-element_type=\"container\" data-core-v316-plus=\"true\">\n\t\t\t\t\t<div class=\"e-con-inner\">\n\t\t\t\t<div class=\"elementor-element elementor-element-fd21922 elementor-widget elementor-widget-image\" data-id=\"fd21922\" data-element_type=\"widget\" data-widget_type=\"image.default\">\n\t\t\t\t<div class=\"elementor-widget-container\">\n\t\t\t\t\t\t\t\t\t\t\t\t\t<img decoding=\"async\" width=\"940\" height=\"788\" src=\"https:\/\/ihsproject.org\/wp-content\/uploads\/2026\/04\/5.png\" class=\"attachment-full size-full wp-image-15718\" alt=\"\" srcset=\"https:\/\/ihsproject.org\/wp-content\/uploads\/2026\/04\/5.png 940w, https:\/\/ihsproject.org\/wp-content\/uploads\/2026\/04\/5-300x251.png 300w, https:\/\/ihsproject.org\/wp-content\/uploads\/2026\/04\/5-768x644.png 768w, https:\/\/ihsproject.org\/wp-content\/uploads\/2026\/04\/5-14x12.png 14w\" sizes=\"(max-width: 940px) 100vw, 940px\" \/>\t\t\t\t\t\t\t\t\t\t\t\t\t<\/div>\n\t\t\t\t<\/div>\n\t\t\t\t\t<\/div>\n\t\t\t\t<\/div>\n\t\t<div class=\"elementor-element elementor-element-693bf4d e-flex e-con-boxed e-con e-parent\" data-id=\"693bf4d\" data-element_type=\"container\" data-core-v316-plus=\"true\">\n\t\t\t\t\t<div class=\"e-con-inner\">\n\t\t\t\t<div class=\"elementor-element elementor-element-733d1f7 elementor-widget elementor-widget-text-editor\" data-id=\"733d1f7\" data-element_type=\"widget\" data-widget_type=\"text-editor.default\">\n\t\t\t\t<div class=\"elementor-widget-container\">\n\t\t\t\t\t\t\t<p class=\"p1\">Duke sjell\u00eb s\u00eb bashku njohurit\u00eb e ekspert\u00ebve me p\u00ebrvojat e jetuara, fushata e IHS k\u00ebrkon t\u00eb ndryshoj\u00eb kontekstin e SJN-ve nga s\u00ebmundje t\u00eb izoluara n\u00eb pjes\u00eb t\u00eb jet\u00ebs s\u00eb p\u00ebrditshme, t\u00eb form\u00ebsuara nga rolet shoq\u00ebrore, pritshm\u00ebrit\u00eb dhe puna e padukshme.<\/p><p class=\"p1\">Fushata n\u00eb k\u00ebt\u00eb m\u00ebnyr\u00eb rikujtoj se p\u00ebrmir\u00ebsimi i rezultateve sh\u00ebndet\u00ebsore nuk ka t\u00eb b\u00ebj\u00eb vet\u00ebm me trajtime m\u00eb t\u00eb mira apo m\u00eb shum\u00eb sh\u00ebrbime, por edhe me kuptimin e kontekstit n\u00eb t\u00eb cilin njer\u00ebzit jetojn\u00eb, kujdesen dhe marrin vendime p\u00ebr sh\u00ebndetin e tyre.<\/p><p class=\"p1\">Nd\u00ebrsa Kosova vazhdon t\u00eb forcoj\u00eb sistemin e saj sh\u00ebndet\u00ebsor dhe t\u00eb rris\u00eb fokusin n\u00eb SJN, ky k\u00ebndv\u00ebshtrim tregon se qasja gjinore \u00ebsht\u00eb thelb\u00ebsore p\u00ebr ta b\u00ebr\u00eb funksional. T\u00eb kuptuarit m\u00eb t\u00eb qart\u00eb t\u00eb nj\u00eb sistemi sh\u00ebndet\u00ebsor nuk vjen vet\u00ebm nga t\u00eb dh\u00ebnat, por edhe nga njer\u00ebzit q\u00eb e mbajn\u00eb at\u00eb, nat\u00eb pas nate.<\/p><p class=\"p1\"><b>M\u00ebsoni m\u00eb shum\u00eb rreth fushat\u00ebs:<\/b><\/p><p class=\"p1\">Lexoni historit\u00eb e <a href=\"http:\/\/ihsproject.org\/wp-content\/uploads\/2026\/03\/Fija-e-kujdesit.pdf\"><span class=\"s1\">Fllanza<\/span><\/a> dhe <a href=\"http:\/\/ihsproject.org\/wp-content\/uploads\/2026\/03\/Fija-e-fuqise.pdf\"><span class=\"s1\">Lisa<\/span><\/a><\/p><p class=\"p1\">Shikoni perspektivat e ekspert\u00ebve:<\/p><p class=\"p3\"><span class=\"s2\"><a href=\"https:\/\/www.youtube.com\/watch?v=Amg6g7s9b-8&amp;list=PLA-klFjsFBfbfqWPU-lHwVsc-di7MZIcm&amp;index=7\">Instituti Komb\u00ebtar i Sh\u00ebndet\u00ebsis\u00eb Publike t\u00eb Kosov\u00ebs<\/a><\/span><\/p><p class=\"p3\"><span class=\"s2\"><a href=\"https:\/\/www.youtube.com\/watch?v=G0PGYlFF_OU&amp;list=PLA-klFjsFBfbfqWPU-lHwVsc-di7MZIcm&amp;index=2\">Ministria e Sh\u00ebndet\u00ebsis\u00eb e Kosov\u00ebs<\/a><\/span><\/p><p class=\"p3\"><span class=\"s2\"><a href=\"https:\/\/www.youtube.com\/watch?v=k-mxuxnI6yo&amp;list=PLA-klFjsFBfbfqWPU-lHwVsc-di7MZIcm&amp;index=5\">Spitali i P\u00ebrgjithsh\u00ebm i Pej\u00ebs <\/a><\/span><\/p><p class=\"p3\"><span class=\"s3\">Shikoni episodin special t\u00eb podcast-it p\u00ebr <a href=\"https:\/\/www.youtube.com\/watch?v=LnYBHkc-NH8&amp;t=1s\"><span class=\"s1\">Dit\u00ebn Nd\u00ebrkomb\u00ebtare t\u00eb Gruas<\/span><\/a> <\/span><\/p>\t\t\t\t\t\t<\/div>\n\t\t\t\t<\/div>\n\t\t\t\t\t<\/div>\n\t\t\t\t<\/div>\n\t\t\t\t<\/div>","protected":false},"excerpt":{"rendered":"<p>Threading Gender Lens in NCD Care in Kosovo On a quiet night, long after the rest of the family has fallen asleep, a mother in Kosovo stays awake, listening. She listens for the subtle signs that something might be wrong with her daughter\u2019s blood sugar levels. She checks and waits and by morning, she will [&hellip;]<\/p>","protected":false},"author":1,"featured_media":0,"parent":0,"menu_order":0,"comment_status":"closed","ping_status":"closed","template":"","meta":[],"_links":{"self":[{"href":"https:\/\/ihsproject.org\/sq\/wp-json\/wp\/v2\/pages\/15713"}],"collection":[{"href":"https:\/\/ihsproject.org\/sq\/wp-json\/wp\/v2\/pages"}],"about":[{"href":"https:\/\/ihsproject.org\/sq\/wp-json\/wp\/v2\/types\/page"}],"author":[{"embeddable":true,"href":"https:\/\/ihsproject.org\/sq\/wp-json\/wp\/v2\/users\/1"}],"replies":[{"embeddable":true,"href":"https:\/\/ihsproject.org\/sq\/wp-json\/wp\/v2\/comments?post=15713"}],"version-history":[{"count":10,"href":"https:\/\/ihsproject.org\/sq\/wp-json\/wp\/v2\/pages\/15713\/revisions"}],"predecessor-version":[{"id":15731,"href":"https:\/\/ihsproject.org\/sq\/wp-json\/wp\/v2\/pages\/15713\/revisions\/15731"}],"wp:attachment":[{"href":"https:\/\/ihsproject.org\/sq\/wp-json\/wp\/v2\/media?parent=15713"}],"curies":[{"name":"wp","href":"https:\/\/api.w.org\/{rel}","templated":true}]}}