{"id":15697,"date":"2026-04-03T11:58:52","date_gmt":"2026-04-03T11:58:52","guid":{"rendered":"https:\/\/ihsproject.org\/?page_id=15697"},"modified":"2026-04-03T12:05:25","modified_gmt":"2026-04-03T12:05:25","slug":"april-03-2026-impact-story","status":"publish","type":"page","link":"https:\/\/ihsproject.org\/sq\/april-03-2026-impact-story\/","title":{"rendered":"Prill 03, 2026 - Tregime p\u00ebr Impaktin"},"content":{"rendered":"<div data-elementor-type=\"wp-page\" data-elementor-id=\"15697\" class=\"elementor elementor-15697\">\n\t\t\t\t<div class=\"elementor-element elementor-element-0ae0494 e-flex e-con-boxed e-con e-parent\" data-id=\"0ae0494\" data-element_type=\"container\" data-core-v316-plus=\"true\">\n\t\t\t\t\t<div class=\"e-con-inner\">\n\t\t\t\t<div class=\"elementor-element elementor-element-337520f elementor-widget elementor-widget-heading\" data-id=\"337520f\" data-element_type=\"widget\" data-widget_type=\"heading.default\">\n\t\t\t\t<div class=\"elementor-widget-container\">\n\t\t\t<h2 class=\"elementor-heading-title elementor-size-default\">Nga sall\u00eb e pritjes n\u00eb hap\u00ebsir\u00eb p\u00ebr t\u00eb m\u00ebsuar\n<\/h2>\t\t<\/div>\n\t\t\t\t<\/div>\n\t\t\t\t<div class=\"elementor-element elementor-element-8f8ece1 elementor-widget elementor-widget-heading\" data-id=\"8f8ece1\" data-element_type=\"widget\" data-widget_type=\"heading.default\">\n\t\t\t\t<div class=\"elementor-widget-container\">\n\t\t\t<h2 class=\"elementor-heading-title elementor-size-default\">Qasje e re n\u00eb kujdesin p\u00ebr s\u00ebmundjet kronike jongjit\u00ebse n\u00eb Kosov\u00eb\n<\/h2>\t\t<\/div>\n\t\t\t\t<\/div>\n\t\t\t\t\t<\/div>\n\t\t\t\t<\/div>\n\t\t<div class=\"elementor-element elementor-element-cf782ab e-flex e-con-boxed e-con e-parent\" data-id=\"cf782ab\" data-element_type=\"container\" data-core-v316-plus=\"true\">\n\t\t\t\t\t<div class=\"e-con-inner\">\n\t\t\t\t<div class=\"elementor-element elementor-element-e7ceb50 elementor-widget elementor-widget-image\" data-id=\"e7ceb50\" data-element_type=\"widget\" data-widget_type=\"image.default\">\n\t\t\t\t<div class=\"elementor-widget-container\">\n\t\t\t\t\t\t\t\t\t\t\t\t\t<img fetchpriority=\"high\" decoding=\"async\" width=\"2540\" height=\"1440\" src=\"https:\/\/ihsproject.org\/wp-content\/uploads\/2026\/04\/Gjakova_Health_Corner_Story_01.jpg\" class=\"attachment-full size-full wp-image-15700\" alt=\"\" srcset=\"https:\/\/ihsproject.org\/wp-content\/uploads\/2026\/04\/Gjakova_Health_Corner_Story_01.jpg 2540w, https:\/\/ihsproject.org\/wp-content\/uploads\/2026\/04\/Gjakova_Health_Corner_Story_01-300x170.jpg 300w, https:\/\/ihsproject.org\/wp-content\/uploads\/2026\/04\/Gjakova_Health_Corner_Story_01-1024x581.jpg 1024w, https:\/\/ihsproject.org\/wp-content\/uploads\/2026\/04\/Gjakova_Health_Corner_Story_01-768x435.jpg 768w, https:\/\/ihsproject.org\/wp-content\/uploads\/2026\/04\/Gjakova_Health_Corner_Story_01-1536x871.jpg 1536w, https:\/\/ihsproject.org\/wp-content\/uploads\/2026\/04\/Gjakova_Health_Corner_Story_01-2048x1161.jpg 2048w, https:\/\/ihsproject.org\/wp-content\/uploads\/2026\/04\/Gjakova_Health_Corner_Story_01-18x10.jpg 18w\" sizes=\"(max-width: 2540px) 100vw, 2540px\" \/>\t\t\t\t\t\t\t\t\t\t\t\t\t<\/div>\n\t\t\t\t<\/div>\n\t\t\t\t\t<\/div>\n\t\t\t\t<\/div>\n\t\t<div class=\"elementor-element elementor-element-5038eec e-flex e-con-boxed e-con e-parent\" data-id=\"5038eec\" data-element_type=\"container\" data-core-v316-plus=\"true\">\n\t\t\t\t\t<div class=\"e-con-inner\">\n\t\t\t\t<div class=\"elementor-element elementor-element-4567918 elementor-widget elementor-widget-text-editor\" data-id=\"4567918\" data-element_type=\"widget\" data-widget_type=\"text-editor.default\">\n\t\t\t\t<div class=\"elementor-widget-container\">\n\t\t\t\t\t\t\t<p class=\"p1\">Nj\u00eb pasdite shkurti, komuniteti dhe profesionist\u00ebt sh\u00ebndet\u00ebsor\u00eb u takuan n\u00eb hap\u00ebsir\u00ebn e pritjes n\u00eb Spitalin e P\u00ebrgjithsh\u00ebm t\u00eb Gjakov\u00ebs n\u00eb Kosov\u00eb, p\u00ebr nj\u00eb q\u00ebllim ndryshe. Kjo hap\u00ebsir\u00eb, q\u00eb dikur definohej nga pritja, po shnd\u00ebrrohej n\u00eb vend p\u00ebr t\u00eb m\u00ebsuar, biseduar dhe ofruar mb\u00ebshtetje.<\/p><p class=\"p1\">N\u00eb t\u00eb gjith\u00eb hap\u00ebsir\u00ebn, persona q\u00eb jetojn\u00eb me diabet dhe hipertension dhe p\u00ebrkujdes\u00ebsit e tyre, l\u00ebviznin mes k\u00ebndeve t\u00eb vogla nd\u00ebrvepruese. N\u00eb nj\u00eb nga k\u00ebto k\u00ebnde, ata mund t\u00eb kontrollonin tensionin e gjakut dhe nivelin e glukoz\u00ebs, si dhe t\u00eb bisedonin me mjekun e spitalit se \u00e7far\u00eb n\u00ebnkuptojn\u00eb k\u00ebto vlera p\u00ebr jet\u00ebn e tyre t\u00eb p\u00ebrditshme. N\u00eb nj\u00eb tjet\u00ebr, zhvilloheshin biseda rreth ushqyerjes dhe ndryshimeve t\u00eb vogla, por realiste, n\u00eb stilin e jetes\u00ebs. K\u00ebndet e tjera fokusoheshin n\u00eb sfid\u00ebn e vazhdim\u00ebsis\u00eb s\u00eb trajtimit me kalimin e koh\u00ebs dhe p\u00ebrballimin e barr\u00ebs psikologjike t\u00eb nj\u00eb s\u00ebmundjeje kronike. Edhe an\u00ebtar\u00ebt e familjes u b\u00ebn\u00eb pjes\u00eb e k\u00ebtyre bisedave.<\/p>\t\t\t\t\t\t<\/div>\n\t\t\t\t<\/div>\n\t\t\t\t\t<\/div>\n\t\t\t\t<\/div>\n\t\t<div class=\"elementor-element elementor-element-339c851 e-flex e-con-boxed e-con e-parent\" data-id=\"339c851\" data-element_type=\"container\" data-core-v316-plus=\"true\">\n\t\t\t\t\t<div class=\"e-con-inner\">\n\t\t\t\t<div class=\"elementor-element elementor-element-819b3ca elementor-widget elementor-widget-image\" data-id=\"819b3ca\" data-element_type=\"widget\" data-widget_type=\"image.default\">\n\t\t\t\t<div class=\"elementor-widget-container\">\n\t\t\t\t\t\t\t\t\t\t\t\t\t<img decoding=\"async\" width=\"2540\" height=\"1440\" src=\"https:\/\/ihsproject.org\/wp-content\/uploads\/2026\/04\/Gjakova_Health_Corner_Story_02.jpg\" class=\"attachment-full size-full wp-image-15701\" alt=\"\" srcset=\"https:\/\/ihsproject.org\/wp-content\/uploads\/2026\/04\/Gjakova_Health_Corner_Story_02.jpg 2540w, https:\/\/ihsproject.org\/wp-content\/uploads\/2026\/04\/Gjakova_Health_Corner_Story_02-300x170.jpg 300w, https:\/\/ihsproject.org\/wp-content\/uploads\/2026\/04\/Gjakova_Health_Corner_Story_02-1024x581.jpg 1024w, https:\/\/ihsproject.org\/wp-content\/uploads\/2026\/04\/Gjakova_Health_Corner_Story_02-768x435.jpg 768w, https:\/\/ihsproject.org\/wp-content\/uploads\/2026\/04\/Gjakova_Health_Corner_Story_02-1536x871.jpg 1536w, https:\/\/ihsproject.org\/wp-content\/uploads\/2026\/04\/Gjakova_Health_Corner_Story_02-2048x1161.jpg 2048w, https:\/\/ihsproject.org\/wp-content\/uploads\/2026\/04\/Gjakova_Health_Corner_Story_02-18x10.jpg 18w\" sizes=\"(max-width: 2540px) 100vw, 2540px\" \/>\t\t\t\t\t\t\t\t\t\t\t\t\t<\/div>\n\t\t\t\t<\/div>\n\t\t\t\t\t<\/div>\n\t\t\t\t<\/div>\n\t\t<div class=\"elementor-element elementor-element-ee4d44b e-flex e-con-boxed e-con e-parent\" data-id=\"ee4d44b\" data-element_type=\"container\" data-core-v316-plus=\"true\">\n\t\t\t\t\t<div class=\"e-con-inner\">\n\t\t\t\t<div class=\"elementor-element elementor-element-4584a91 elementor-widget elementor-widget-text-editor\" data-id=\"4584a91\" data-element_type=\"widget\" data-widget_type=\"text-editor.default\">\n\t\t\t\t<div class=\"elementor-widget-container\">\n\t\t\t\t\t\t\t<p class=\"p1\">E titulluar \u201cStacioni i sh\u00ebndetit\u201d, ideja \u00ebsht\u00eb e thjesht\u00eb: t\u00eb sillet edukimi praktik sh\u00ebndet\u00ebsor n\u00eb hap\u00ebsir\u00ebn q\u00eb pacient\u00ebt ve\u00e7se e p\u00ebrdorin dhe ta b\u00ebj\u00eb at\u00eb t\u00eb qassh\u00ebm dhe njer\u00ebzor.<\/p><p class=\"p1\">\u201cTradicionalisht, hap\u00ebsirat e pritjes n\u00eb spitale jan\u00eb vende p\u00ebr pritje\u201d, tha Hilmi Shala, drejtor i spitalit. \u201cNe jemi krenar\u00eb q\u00eb po e transformojm\u00eb k\u00ebt\u00eb hap\u00ebsir\u00eb n\u00eb nj\u00eb vend p\u00ebr udh\u00ebzim, m\u00ebsim dhe mb\u00ebshtetje\u201d.<\/p><p class=\"p1\">Kjo qasje e re v\u00eb n\u00eb pah se s\u00ebmundjet si diabeti dhe hipertensioni nuk menaxhohen vet\u00ebm gjat\u00eb vizitave klinike, por jan\u00eb realitet i p\u00ebrditsh\u00ebm q\u00eb merr form\u00ebn nga shprehit\u00eb, vendimet dhe t\u00eb kuptuarit. \u201cStacioni i sh\u00ebndetit\u201d i p\u00ebrgjigjet k\u00ebtij realiteti duke i ndihmuar pacient\u00ebt t\u00eb ken\u00eb rol m\u00eb aktiv n\u00eb kujdesin p\u00ebr sh\u00ebndetin e tyre.<\/p>\t\t\t\t\t\t<\/div>\n\t\t\t\t<\/div>\n\t\t\t\t\t<\/div>\n\t\t\t\t<\/div>\n\t\t<div class=\"elementor-element elementor-element-1648fd1 e-flex e-con-boxed e-con e-parent\" data-id=\"1648fd1\" data-element_type=\"container\" data-core-v316-plus=\"true\">\n\t\t\t\t\t<div class=\"e-con-inner\">\n\t\t\t\t<div class=\"elementor-element elementor-element-5b58196 elementor-widget elementor-widget-image\" data-id=\"5b58196\" data-element_type=\"widget\" data-widget_type=\"image.default\">\n\t\t\t\t<div class=\"elementor-widget-container\">\n\t\t\t\t\t\t\t\t\t\t\t\t\t<img decoding=\"async\" width=\"2540\" height=\"1440\" src=\"https:\/\/ihsproject.org\/wp-content\/uploads\/2026\/04\/Gjakova_Health_Corner_Story_03.jpg\" class=\"attachment-full size-full wp-image-15703\" alt=\"\" srcset=\"https:\/\/ihsproject.org\/wp-content\/uploads\/2026\/04\/Gjakova_Health_Corner_Story_03.jpg 2540w, https:\/\/ihsproject.org\/wp-content\/uploads\/2026\/04\/Gjakova_Health_Corner_Story_03-300x170.jpg 300w, https:\/\/ihsproject.org\/wp-content\/uploads\/2026\/04\/Gjakova_Health_Corner_Story_03-1024x581.jpg 1024w, https:\/\/ihsproject.org\/wp-content\/uploads\/2026\/04\/Gjakova_Health_Corner_Story_03-768x435.jpg 768w, https:\/\/ihsproject.org\/wp-content\/uploads\/2026\/04\/Gjakova_Health_Corner_Story_03-1536x871.jpg 1536w, https:\/\/ihsproject.org\/wp-content\/uploads\/2026\/04\/Gjakova_Health_Corner_Story_03-2048x1161.jpg 2048w, https:\/\/ihsproject.org\/wp-content\/uploads\/2026\/04\/Gjakova_Health_Corner_Story_03-18x10.jpg 18w\" sizes=\"(max-width: 2540px) 100vw, 2540px\" \/>\t\t\t\t\t\t\t\t\t\t\t\t\t<\/div>\n\t\t\t\t<\/div>\n\t\t\t\t\t<\/div>\n\t\t\t\t<\/div>\n\t\t<div class=\"elementor-element elementor-element-2440769 e-flex e-con-boxed e-con e-parent\" data-id=\"2440769\" data-element_type=\"container\" data-core-v316-plus=\"true\">\n\t\t\t\t\t<div class=\"e-con-inner\">\n\t\t\t\t<div class=\"elementor-element elementor-element-fbc344d elementor-widget elementor-widget-text-editor\" data-id=\"fbc344d\" data-element_type=\"widget\" data-widget_type=\"text-editor.default\">\n\t\t\t\t<div class=\"elementor-widget-container\">\n\t\t\t\t\t\t\t<p class=\"p1\">Zdravstvena stanica tako\u0111e odra\u017eava \u0161ire principe pristupa bolnica koje promovi\u0161u zdravlje (BPZ), koji ponovo zami\u0161lja bolnice kao mesta ne samo za le\u010denje, vec\u0301 i kao okru\u017eenja koja aktivno promovi\u0161u zdravlje i blagostanje. Integri\u0161uc\u0301i obrazovanje, prevenciju i osna\u017eivanje pacijenata u svakodnevnu negu, ovaj pristup poma\u017ee da se rutinske posete pretvore u prilike za u\u010denje. Ovo pro\u0161iruje ulogu bolnice izvan njenih tradicionalnih granica. Op\u0161ta bolnica u \u0110akovici je \u010dlan Me\u0111unarodne mre\u017ee bolnica koje promovi\u0161u zdravlje od marta 2024. godine.\u00a0<\/p><p class=\"p1\">Kjo nism\u00eb, e mb\u00ebshtetur nga Qeveria Zvicerane p\u00ebrmes projektit \u201cSh\u00ebrbime Sh\u00ebndet\u00ebsore t\u00eb Integruara\u201d, thekson edhe vler\u00ebn e investimeve t\u00eb q\u00ebndrueshme n\u00eb kujdesin e p\u00ebrqendruar te pacienti. Si\u00e7 vuri n\u00eb dukje Merita Stavileci Mustafa nga Ambasada Zvicerane, hap\u00ebsira t\u00eb tilla jan\u00eb \"shprehje shum\u00eb praktike\" e kujdesit q\u00eb \u00ebsht\u00eb i vazhduesh\u00ebm, i nd\u00ebrlidhur dhe i bazuar n\u00eb jet\u00ebn e p\u00ebrditshme t\u00eb njer\u00ebzve.<\/p>\t\t\t\t\t\t<\/div>\n\t\t\t\t<\/div>\n\t\t\t\t\t<\/div>\n\t\t\t\t<\/div>\n\t\t<div class=\"elementor-element elementor-element-ff891be e-flex e-con-boxed e-con e-parent\" data-id=\"ff891be\" data-element_type=\"container\" data-core-v316-plus=\"true\">\n\t\t\t\t\t<div class=\"e-con-inner\">\n\t\t\t\t<div class=\"elementor-element elementor-element-eefd900 elementor-widget elementor-widget-image\" data-id=\"eefd900\" data-element_type=\"widget\" data-widget_type=\"image.default\">\n\t\t\t\t<div class=\"elementor-widget-container\">\n\t\t\t\t\t\t\t\t\t\t\t\t\t<img loading=\"lazy\" decoding=\"async\" width=\"2540\" height=\"1440\" src=\"https:\/\/ihsproject.org\/wp-content\/uploads\/2026\/04\/Gjakova_Health_Corner_Story_04.jpg\" class=\"attachment-full size-full wp-image-15702\" alt=\"\" srcset=\"https:\/\/ihsproject.org\/wp-content\/uploads\/2026\/04\/Gjakova_Health_Corner_Story_04.jpg 2540w, https:\/\/ihsproject.org\/wp-content\/uploads\/2026\/04\/Gjakova_Health_Corner_Story_04-300x170.jpg 300w, https:\/\/ihsproject.org\/wp-content\/uploads\/2026\/04\/Gjakova_Health_Corner_Story_04-1024x581.jpg 1024w, https:\/\/ihsproject.org\/wp-content\/uploads\/2026\/04\/Gjakova_Health_Corner_Story_04-768x435.jpg 768w, https:\/\/ihsproject.org\/wp-content\/uploads\/2026\/04\/Gjakova_Health_Corner_Story_04-1536x871.jpg 1536w, https:\/\/ihsproject.org\/wp-content\/uploads\/2026\/04\/Gjakova_Health_Corner_Story_04-2048x1161.jpg 2048w, https:\/\/ihsproject.org\/wp-content\/uploads\/2026\/04\/Gjakova_Health_Corner_Story_04-18x10.jpg 18w\" sizes=\"(max-width: 2540px) 100vw, 2540px\" \/>\t\t\t\t\t\t\t\t\t\t\t\t\t<\/div>\n\t\t\t\t<\/div>\n\t\t\t\t\t<\/div>\n\t\t\t\t<\/div>\n\t\t<div class=\"elementor-element elementor-element-93ecaf1 e-flex e-con-boxed e-con e-parent\" data-id=\"93ecaf1\" data-element_type=\"container\" data-core-v316-plus=\"true\">\n\t\t\t\t\t<div class=\"e-con-inner\">\n\t\t\t\t<div class=\"elementor-element elementor-element-dffd99f elementor-widget elementor-widget-text-editor\" data-id=\"dffd99f\" data-element_type=\"widget\" data-widget_type=\"text-editor.default\">\n\t\t\t\t<div class=\"elementor-widget-container\">\n\t\t\t\t\t\t\t<p class=\"p1\">N\u00eb thelb, \u201cStacioni sh\u00ebndet\u00ebsor\u201d ka p\u00ebr q\u00ebllim t\u2019i pajis\u00eb pacient\u00ebt me informacione p\u00ebr t\u00eb menaxhuar m\u00eb mir\u00eb s\u00ebmundjet e tyre. \u00cbsht\u00eb hap\u00ebsir\u00eb p\u00ebr t\u2019u ndalur, m\u00ebsuar dhe kujdesur. Ky model \u00ebsht\u00eb projektuar q\u00eb t\u00eb replikohet leht\u00ebsisht n\u00eb spitale t\u00eb tjera n\u00eb t\u00eb gjith\u00eb Kosov\u00ebn, duke kontribuar n\u00eb nj\u00eb sistem sh\u00ebndet\u00ebsor m\u00eb t\u00eb fort\u00eb dhe m\u00eb t\u00eb p\u00ebrqendruar te njer\u00ebzit<\/p>\t\t\t\t\t\t<\/div>\n\t\t\t\t<\/div>\n\t\t\t\t\t<\/div>\n\t\t\t\t<\/div>\n\t\t<div class=\"elementor-element elementor-element-94b913a e-flex e-con-boxed e-con e-parent\" data-id=\"94b913a\" data-element_type=\"container\" data-core-v316-plus=\"true\">\n\t\t\t\t\t<div class=\"e-con-inner\">\n\t\t\t\t<div class=\"elementor-element elementor-element-6c712d5 elementor-widget elementor-widget-image\" data-id=\"6c712d5\" data-element_type=\"widget\" data-widget_type=\"image.default\">\n\t\t\t\t<div class=\"elementor-widget-container\">\n\t\t\t\t\t\t\t\t\t\t\t\t\t<img loading=\"lazy\" decoding=\"async\" width=\"2540\" height=\"1440\" src=\"https:\/\/ihsproject.org\/wp-content\/uploads\/2026\/04\/Gjakova_Health_Corner_Story_05.jpg\" class=\"attachment-full size-full wp-image-15704\" alt=\"\" srcset=\"https:\/\/ihsproject.org\/wp-content\/uploads\/2026\/04\/Gjakova_Health_Corner_Story_05.jpg 2540w, https:\/\/ihsproject.org\/wp-content\/uploads\/2026\/04\/Gjakova_Health_Corner_Story_05-300x170.jpg 300w, https:\/\/ihsproject.org\/wp-content\/uploads\/2026\/04\/Gjakova_Health_Corner_Story_05-1024x581.jpg 1024w, https:\/\/ihsproject.org\/wp-content\/uploads\/2026\/04\/Gjakova_Health_Corner_Story_05-768x435.jpg 768w, https:\/\/ihsproject.org\/wp-content\/uploads\/2026\/04\/Gjakova_Health_Corner_Story_05-1536x871.jpg 1536w, https:\/\/ihsproject.org\/wp-content\/uploads\/2026\/04\/Gjakova_Health_Corner_Story_05-2048x1161.jpg 2048w, https:\/\/ihsproject.org\/wp-content\/uploads\/2026\/04\/Gjakova_Health_Corner_Story_05-18x10.jpg 18w\" sizes=\"(max-width: 2540px) 100vw, 2540px\" \/>\t\t\t\t\t\t\t\t\t\t\t\t\t<\/div>\n\t\t\t\t<\/div>\n\t\t\t\t\t<\/div>\n\t\t\t\t<\/div>\n\t\t\t\t<\/div>","protected":false},"excerpt":{"rendered":"<p>From Waiting Room to Learning Space A New Approach to NCD Care in Kosovo One February afternoon, community and health professionals met in the reception area at the General Hospital of Gjakova in Kosovo, for an unusual purpose. The area, once defined by waiting, was being transformed into a space of learning, conversation, and support. [&hellip;]<\/p>","protected":false},"author":1,"featured_media":0,"parent":0,"menu_order":0,"comment_status":"closed","ping_status":"closed","template":"","meta":[],"_links":{"self":[{"href":"https:\/\/ihsproject.org\/sq\/wp-json\/wp\/v2\/pages\/15697"}],"collection":[{"href":"https:\/\/ihsproject.org\/sq\/wp-json\/wp\/v2\/pages"}],"about":[{"href":"https:\/\/ihsproject.org\/sq\/wp-json\/wp\/v2\/types\/page"}],"author":[{"embeddable":true,"href":"https:\/\/ihsproject.org\/sq\/wp-json\/wp\/v2\/users\/1"}],"replies":[{"embeddable":true,"href":"https:\/\/ihsproject.org\/sq\/wp-json\/wp\/v2\/comments?post=15697"}],"version-history":[{"count":4,"href":"https:\/\/ihsproject.org\/sq\/wp-json\/wp\/v2\/pages\/15697\/revisions"}],"predecessor-version":[{"id":15707,"href":"https:\/\/ihsproject.org\/sq\/wp-json\/wp\/v2\/pages\/15697\/revisions\/15707"}],"wp:attachment":[{"href":"https:\/\/ihsproject.org\/sq\/wp-json\/wp\/v2\/media?parent=15697"}],"curies":[{"name":"wp","href":"https:\/\/api.w.org\/{rel}","templated":true}]}}