{"id":15672,"date":"2026-03-30T14:57:42","date_gmt":"2026-03-30T14:57:42","guid":{"rendered":"https:\/\/ihsproject.org\/?page_id=15672"},"modified":"2026-03-30T14:59:51","modified_gmt":"2026-03-30T14:59:51","slug":"30-march-2026","status":"publish","type":"page","link":"https:\/\/ihsproject.org\/sq\/30-march-2026\/","title":{"rendered":"Mars 30, 2026"},"content":{"rendered":"<div data-elementor-type=\"wp-page\" data-elementor-id=\"15672\" class=\"elementor elementor-15672\">\n\t\t\t\t<div class=\"elementor-element elementor-element-38446a9 e-flex e-con-boxed e-con e-parent\" data-id=\"38446a9\" data-element_type=\"container\" data-core-v316-plus=\"true\">\n\t\t\t\t\t<div class=\"e-con-inner\">\n\t\t\t\t<div class=\"elementor-element elementor-element-7e93f82 elementor-widget elementor-widget-image\" data-id=\"7e93f82\" data-element_type=\"widget\" data-widget_type=\"image.default\">\n\t\t\t\t<div class=\"elementor-widget-container\">\n\t\t\t\t\t\t\t\t\t\t\t\t\t<img fetchpriority=\"high\" decoding=\"async\" width=\"1600\" height=\"900\" src=\"https:\/\/ihsproject.org\/wp-content\/uploads\/2026\/03\/Initiative-to-Improve-NCD-Reporting-Brings-Together-Journalists-and-Health-Experts.jpg\" class=\"attachment-full size-full wp-image-15671\" alt=\"\" srcset=\"https:\/\/ihsproject.org\/wp-content\/uploads\/2026\/03\/Initiative-to-Improve-NCD-Reporting-Brings-Together-Journalists-and-Health-Experts.jpg 1600w, https:\/\/ihsproject.org\/wp-content\/uploads\/2026\/03\/Initiative-to-Improve-NCD-Reporting-Brings-Together-Journalists-and-Health-Experts-300x169.jpg 300w, https:\/\/ihsproject.org\/wp-content\/uploads\/2026\/03\/Initiative-to-Improve-NCD-Reporting-Brings-Together-Journalists-and-Health-Experts-1024x576.jpg 1024w, https:\/\/ihsproject.org\/wp-content\/uploads\/2026\/03\/Initiative-to-Improve-NCD-Reporting-Brings-Together-Journalists-and-Health-Experts-768x432.jpg 768w, https:\/\/ihsproject.org\/wp-content\/uploads\/2026\/03\/Initiative-to-Improve-NCD-Reporting-Brings-Together-Journalists-and-Health-Experts-1536x864.jpg 1536w, https:\/\/ihsproject.org\/wp-content\/uploads\/2026\/03\/Initiative-to-Improve-NCD-Reporting-Brings-Together-Journalists-and-Health-Experts-18x10.jpg 18w\" sizes=\"(max-width: 1600px) 100vw, 1600px\" \/>\t\t\t\t\t\t\t\t\t\t\t\t\t<\/div>\n\t\t\t\t<\/div>\n\t\t\t\t\t<\/div>\n\t\t\t\t<\/div>\n\t\t<div class=\"elementor-element elementor-element-27bbba2 e-flex e-con-boxed e-con e-parent\" data-id=\"27bbba2\" data-element_type=\"container\" data-core-v316-plus=\"true\">\n\t\t\t\t\t<div class=\"e-con-inner\">\n\t\t\t\t<div class=\"elementor-element elementor-element-86749a2 elementor-widget elementor-widget-heading\" data-id=\"86749a2\" data-element_type=\"widget\" data-widget_type=\"heading.default\">\n\t\t\t\t<div class=\"elementor-widget-container\">\n\t\t\t<h2 class=\"elementor-heading-title elementor-size-default\">Nisma p\u00ebr p\u00ebrmir\u00ebsimin e raportimit p\u00ebr s\u00ebmundjet kronike jongjit\u00ebse b\u00ebn bashk\u00eb gazetar\u00eb dhe ekspert\u00eb t\u00eb sektorit t\u00eb sh\u00ebndet\u00ebsis\u00eb<\/h2>\t\t<\/div>\n\t\t\t\t<\/div>\n\t\t\t\t<div class=\"elementor-element elementor-element-1880767 elementor-widget elementor-widget-text-editor\" data-id=\"1880767\" data-element_type=\"widget\" data-widget_type=\"text-editor.default\">\n\t\t\t\t<div class=\"elementor-widget-container\">\n\t\t\t\t\t\t\t<p style=\"font-weight: 400;\">M\u00eb 30 mars 2026, gazetar\u00eb dhe ekspert\u00eb t\u00eb sh\u00ebndetit publik u mblodh\u00ebn p\u00ebr lansimin e nism\u00ebs \u201cP\u00ebrtej titujve: gazetaria, s\u00ebmundjet kronike jongjit\u00ebse dhe tregimet q\u00eb kan\u00eb r\u00ebnd\u00ebsi\u201d. Ky bashk\u00ebpunim realizohet nd\u00ebrmjet Asociacionit t\u00eb Gazetar\u00ebve t\u00eb Kosov\u00ebs (AGK) dhe Sh\u00ebrbimeve Sh\u00ebndet\u00ebsore t\u00eb Integruara (IHS).<\/p><p style=\"font-weight: 400;\">Takimi i par\u00eb nd\u00ebrmjet gazetar\u00ebve dhe ekspert\u00ebve nxori n\u00eb pah nevoj\u00ebn p\u00ebr raportim m\u00eb t\u00eb qart\u00eb dhe m\u00eb t\u00eb thelluar p\u00ebr s\u00ebmundjet kronike jongjit\u00ebse (SJN) n\u00eb Kosov\u00eb. Fol\u00ebs nga Ministria e Sh\u00ebndet\u00ebsis\u00eb, IHS dhe AGK theksuan r\u00ebnd\u00ebsin\u00eb e nj\u00eb bashk\u00ebpunimi m\u00eb t\u00eb ngusht\u00eb nd\u00ebrmjet mediave dhe profesionist\u00ebve sh\u00ebndet\u00ebsor\u00eb, n\u00eb m\u00ebnyr\u00eb q\u00eb informacioni kompleks sh\u00ebndet\u00ebsor t\u00eb b\u00ebhet m\u00eb i qassh\u00ebm p\u00ebr publikun.<\/p><p style=\"font-weight: 400;\">Pjes\u00ebmarr\u00ebsit diskutuan temat prioritare dhe krijuan ekipet gazetar\u2013ekspert, q\u00eb do t\u00eb bashk\u00ebprodhojn\u00eb artikuj, intervista dhe p\u00ebrmbajtje t\u00eb formateve t\u00eb tjera gjat\u00eb zbatimit t\u00eb projektit. Nisma synon t\u00eb forcoj\u00eb gazetarin\u00eb sh\u00ebndet\u00ebsore, t\u00eb p\u00ebrmir\u00ebsoj\u00eb t\u00eb kuptuarit e publikut p\u00ebr SJN-t\u00eb dhe t\u00eb promovoj\u00eb raportim m\u00eb t\u00eb sakt\u00eb dhe t\u00eb p\u00ebrqendruar tek qytetari.<\/p>\t\t\t\t\t\t<\/div>\n\t\t\t\t<\/div>\n\t\t\t\t\t<\/div>\n\t\t\t\t<\/div>\n\t\t\t\t<\/div>","protected":false},"excerpt":{"rendered":"<p>Initiative to Improve NCD Reporting Brings Together Journalists and Health Experts On 30 March 2026, journalists and public health experts met for the launch of the initiative \u201cBeyond Headlines: Journalism, Non-Communicable Diseases, and the Stories That Matter\u201d. This collaboration between the Association of Journalists of Kosovo (AGK) and the Integrated Health Services (IHS). The first [&hellip;]<\/p>","protected":false},"author":1,"featured_media":0,"parent":0,"menu_order":0,"comment_status":"closed","ping_status":"closed","template":"","meta":[],"_links":{"self":[{"href":"https:\/\/ihsproject.org\/sq\/wp-json\/wp\/v2\/pages\/15672"}],"collection":[{"href":"https:\/\/ihsproject.org\/sq\/wp-json\/wp\/v2\/pages"}],"about":[{"href":"https:\/\/ihsproject.org\/sq\/wp-json\/wp\/v2\/types\/page"}],"author":[{"embeddable":true,"href":"https:\/\/ihsproject.org\/sq\/wp-json\/wp\/v2\/users\/1"}],"replies":[{"embeddable":true,"href":"https:\/\/ihsproject.org\/sq\/wp-json\/wp\/v2\/comments?post=15672"}],"version-history":[{"count":4,"href":"https:\/\/ihsproject.org\/sq\/wp-json\/wp\/v2\/pages\/15672\/revisions"}],"predecessor-version":[{"id":15677,"href":"https:\/\/ihsproject.org\/sq\/wp-json\/wp\/v2\/pages\/15672\/revisions\/15677"}],"wp:attachment":[{"href":"https:\/\/ihsproject.org\/sq\/wp-json\/wp\/v2\/media?parent=15672"}],"curies":[{"name":"wp","href":"https:\/\/api.w.org\/{rel}","templated":true}]}}