{"id":15637,"date":"2026-03-19T12:52:25","date_gmt":"2026-03-19T12:52:25","guid":{"rendered":"https:\/\/ihsproject.org\/?page_id=15637"},"modified":"2026-03-19T12:53:47","modified_gmt":"2026-03-19T12:53:47","slug":"march-18-2026","status":"publish","type":"page","link":"https:\/\/ihsproject.org\/sq\/march-18-2026\/","title":{"rendered":"Mars 18, 2026"},"content":{"rendered":"<div data-elementor-type=\"wp-page\" data-elementor-id=\"15637\" class=\"elementor elementor-15637\">\n\t\t\t\t<div class=\"elementor-element elementor-element-0d4060e e-flex e-con-boxed e-con e-parent\" data-id=\"0d4060e\" data-element_type=\"container\" data-core-v316-plus=\"true\">\n\t\t\t\t\t<div class=\"e-con-inner\">\n\t\t\t\t<div class=\"elementor-element elementor-element-399e651 elementor-widget elementor-widget-image\" data-id=\"399e651\" data-element_type=\"widget\" data-widget_type=\"image.default\">\n\t\t\t\t<div class=\"elementor-widget-container\">\n\t\t\t\t\t\t\t\t\t\t\t\t\t<img fetchpriority=\"high\" decoding=\"async\" width=\"1600\" height=\"900\" src=\"https:\/\/ihsproject.org\/wp-content\/uploads\/2026\/03\/Triage-System-Training-to-Improve-Patient-Care-at-the-General-Hospital-of-Peja.jpg\" class=\"attachment-full size-full wp-image-15636\" alt=\"\" srcset=\"https:\/\/ihsproject.org\/wp-content\/uploads\/2026\/03\/Triage-System-Training-to-Improve-Patient-Care-at-the-General-Hospital-of-Peja.jpg 1600w, https:\/\/ihsproject.org\/wp-content\/uploads\/2026\/03\/Triage-System-Training-to-Improve-Patient-Care-at-the-General-Hospital-of-Peja-300x169.jpg 300w, https:\/\/ihsproject.org\/wp-content\/uploads\/2026\/03\/Triage-System-Training-to-Improve-Patient-Care-at-the-General-Hospital-of-Peja-1024x576.jpg 1024w, https:\/\/ihsproject.org\/wp-content\/uploads\/2026\/03\/Triage-System-Training-to-Improve-Patient-Care-at-the-General-Hospital-of-Peja-768x432.jpg 768w, https:\/\/ihsproject.org\/wp-content\/uploads\/2026\/03\/Triage-System-Training-to-Improve-Patient-Care-at-the-General-Hospital-of-Peja-1536x864.jpg 1536w, https:\/\/ihsproject.org\/wp-content\/uploads\/2026\/03\/Triage-System-Training-to-Improve-Patient-Care-at-the-General-Hospital-of-Peja-18x10.jpg 18w\" sizes=\"(max-width: 1600px) 100vw, 1600px\" \/>\t\t\t\t\t\t\t\t\t\t\t\t\t<\/div>\n\t\t\t\t<\/div>\n\t\t\t\t\t<\/div>\n\t\t\t\t<\/div>\n\t\t<div class=\"elementor-element elementor-element-ffe29ae e-flex e-con-boxed e-con e-parent\" data-id=\"ffe29ae\" data-element_type=\"container\" data-core-v316-plus=\"true\">\n\t\t\t\t\t<div class=\"e-con-inner\">\n\t\t\t\t<div class=\"elementor-element elementor-element-7254f3a elementor-widget elementor-widget-heading\" data-id=\"7254f3a\" data-element_type=\"widget\" data-widget_type=\"heading.default\">\n\t\t\t\t<div class=\"elementor-widget-container\">\n\t\t\t<h2 class=\"elementor-heading-title elementor-size-default\">Trajnim p\u00ebr procesin e triazhimit p\u00ebr p\u00ebrmir\u00ebsim t\u00eb kujdesit ndaj pacient\u00ebve n\u00eb Spitalin e P\u00ebrgjithsh\u00ebm t\u00eb Pej\u00ebs<\/h2>\t\t<\/div>\n\t\t\t\t<\/div>\n\t\t\t\t<div class=\"elementor-element elementor-element-262c907 elementor-widget elementor-widget-text-editor\" data-id=\"262c907\" data-element_type=\"widget\" data-widget_type=\"text-editor.default\">\n\t\t\t\t<div class=\"elementor-widget-container\">\n\t\t\t\t\t\t\t<p style=\"font-weight: 400;\">M\u00eb 17\u201318 mars 2026, Projekti Sh\u00ebrbimet Sh\u00ebndet\u00ebsore t\u00eb Integruara (IHS) mb\u00ebshteti trajnimin dyditor mbi sistemin dhe modelet e triazhimit n\u00eb Spitalin e P\u00ebrgjithsh\u00ebm t\u00eb Pej\u00ebs, ku mor\u00ebn pjes\u00eb mjek\u00eb dhe infermier\u00eb nga reparte t\u00eb ndryshme, me q\u00ebllim forcimin e kapaciteteve t\u00eb reagimit t\u00eb par\u00eb n\u00eb kujdesin ndaj pacient\u00ebve.<\/p><p style=\"font-weight: 400;\">Trajnimi u fokusua n\u00eb rritjen e njohurive t\u00eb profesionist\u00ebve sh\u00ebndet\u00ebsor\u00eb mbi systemin dhe modelet e triazhimit si proces klinik i strukturuar, q\u00eb mund\u00ebson p\u00ebrmir\u00ebsimin e rrjedh\u00ebs s\u00eb pacient\u00ebve n\u00eb momentin e pranimit n\u00eb spital, duke minimizuar vonesat n\u00eb ofrimin e kujdesit p\u00ebr pacient\u00ebt q\u00eb vuajn\u00eb nga s\u00ebmundjet kronike jongjit\u00ebse. Trajnimi nd\u00ebrthurte njohurit\u00eb teorike me diskutime interaktive.<\/p><p style=\"font-weight: 400;\">Kjo nism\u00eb do t\u00eb vazhdoj\u00eb me sesione praktike, t\u00eb bazuara n\u00eb ushtrime konkrete, t\u00eb planifikuara p\u00ebr jav\u00ebt n\u00eb vijim, duke u mund\u00ebsuar pjes\u00ebmarr\u00ebsve t\u00eb zbatojn\u00eb dhe t\u00eb konsolidojn\u00eb aft\u00ebsit\u00eb e fituara n\u00eb mjedise reale klinike.<\/p>\t\t\t\t\t\t<\/div>\n\t\t\t\t<\/div>\n\t\t\t\t\t<\/div>\n\t\t\t\t<\/div>\n\t\t\t\t<\/div>","protected":false},"excerpt":{"rendered":"<p>Triage System Training to Improve Patient Care at the General Hospital of Peja On 17\u201318 March 2026, the Integrated Health Services (IHS) Project supported a two-day training on the triage system at the General Hospital of Peja, involving doctors and nurses from different departments to strengthen first response capacities in patient care. The training focused [&hellip;]<\/p>","protected":false},"author":1,"featured_media":0,"parent":0,"menu_order":0,"comment_status":"closed","ping_status":"closed","template":"","meta":[],"_links":{"self":[{"href":"https:\/\/ihsproject.org\/sq\/wp-json\/wp\/v2\/pages\/15637"}],"collection":[{"href":"https:\/\/ihsproject.org\/sq\/wp-json\/wp\/v2\/pages"}],"about":[{"href":"https:\/\/ihsproject.org\/sq\/wp-json\/wp\/v2\/types\/page"}],"author":[{"embeddable":true,"href":"https:\/\/ihsproject.org\/sq\/wp-json\/wp\/v2\/users\/1"}],"replies":[{"embeddable":true,"href":"https:\/\/ihsproject.org\/sq\/wp-json\/wp\/v2\/comments?post=15637"}],"version-history":[{"count":4,"href":"https:\/\/ihsproject.org\/sq\/wp-json\/wp\/v2\/pages\/15637\/revisions"}],"predecessor-version":[{"id":15642,"href":"https:\/\/ihsproject.org\/sq\/wp-json\/wp\/v2\/pages\/15637\/revisions\/15642"}],"wp:attachment":[{"href":"https:\/\/ihsproject.org\/sq\/wp-json\/wp\/v2\/media?parent=15637"}],"curies":[{"name":"wp","href":"https:\/\/api.w.org\/{rel}","templated":true}]}}