{"id":15622,"date":"2026-03-17T11:14:38","date_gmt":"2026-03-17T11:14:38","guid":{"rendered":"https:\/\/ihsproject.org\/?page_id=15622"},"modified":"2026-03-17T11:17:02","modified_gmt":"2026-03-17T11:17:02","slug":"march-17-2026","status":"publish","type":"page","link":"https:\/\/ihsproject.org\/sq\/march-17-2026\/","title":{"rendered":"Mars 17, 2026"},"content":{"rendered":"<div data-elementor-type=\"wp-page\" data-elementor-id=\"15622\" class=\"elementor elementor-15622\">\n\t\t\t\t<div class=\"elementor-element elementor-element-ddd51c3 e-flex e-con-boxed e-con e-parent\" data-id=\"ddd51c3\" data-element_type=\"container\" data-core-v316-plus=\"true\">\n\t\t\t\t\t<div class=\"e-con-inner\">\n\t\t\t\t<div class=\"elementor-element elementor-element-ae1d874 elementor-widget elementor-widget-image\" data-id=\"ae1d874\" data-element_type=\"widget\" data-widget_type=\"image.default\">\n\t\t\t\t<div class=\"elementor-widget-container\">\n\t\t\t\t\t\t\t\t\t\t\t\t\t<img fetchpriority=\"high\" decoding=\"async\" width=\"1600\" height=\"900\" src=\"https:\/\/ihsproject.org\/wp-content\/uploads\/2026\/03\/IHS-Highlights-the-Gender-Dimension-of-Non-Communicable-Diseases.jpg\" class=\"attachment-full size-full wp-image-15620\" alt=\"\" srcset=\"https:\/\/ihsproject.org\/wp-content\/uploads\/2026\/03\/IHS-Highlights-the-Gender-Dimension-of-Non-Communicable-Diseases.jpg 1600w, https:\/\/ihsproject.org\/wp-content\/uploads\/2026\/03\/IHS-Highlights-the-Gender-Dimension-of-Non-Communicable-Diseases-300x169.jpg 300w, https:\/\/ihsproject.org\/wp-content\/uploads\/2026\/03\/IHS-Highlights-the-Gender-Dimension-of-Non-Communicable-Diseases-1024x576.jpg 1024w, https:\/\/ihsproject.org\/wp-content\/uploads\/2026\/03\/IHS-Highlights-the-Gender-Dimension-of-Non-Communicable-Diseases-768x432.jpg 768w, https:\/\/ihsproject.org\/wp-content\/uploads\/2026\/03\/IHS-Highlights-the-Gender-Dimension-of-Non-Communicable-Diseases-1536x864.jpg 1536w, https:\/\/ihsproject.org\/wp-content\/uploads\/2026\/03\/IHS-Highlights-the-Gender-Dimension-of-Non-Communicable-Diseases-18x10.jpg 18w\" sizes=\"(max-width: 1600px) 100vw, 1600px\" \/>\t\t\t\t\t\t\t\t\t\t\t\t\t<\/div>\n\t\t\t\t<\/div>\n\t\t\t\t\t<\/div>\n\t\t\t\t<\/div>\n\t\t<div class=\"elementor-element elementor-element-505b19c e-flex e-con-boxed e-con e-parent\" data-id=\"505b19c\" data-element_type=\"container\" data-core-v316-plus=\"true\">\n\t\t\t\t\t<div class=\"e-con-inner\">\n\t\t\t\t<div class=\"elementor-element elementor-element-7e77fba elementor-widget elementor-widget-heading\" data-id=\"7e77fba\" data-element_type=\"widget\" data-widget_type=\"heading.default\">\n\t\t\t\t<div class=\"elementor-widget-container\">\n\t\t\t<h2 class=\"elementor-heading-title elementor-size-default\">IHS thekson dimensionin gjinor t\u00eb s\u00ebmundjeve kronike jongjit\u00ebse<\/h2>\t\t<\/div>\n\t\t\t\t<\/div>\n\t\t\t\t<div class=\"elementor-element elementor-element-fb05c46 elementor-widget elementor-widget-text-editor\" data-id=\"fb05c46\" data-element_type=\"widget\" data-widget_type=\"text-editor.default\">\n\t\t\t\t<div class=\"elementor-widget-container\">\n\t\t\t\t\t\t\t<p style=\"font-weight: 400;\">Projekti Sh\u00ebrbimet Sh\u00ebndet\u00ebsore t\u00eb Integruara (IHS) po thekson dimensionet gjinore t\u00eb s\u00ebmundjeve kronike jongjit\u00ebse nga perspektiva t\u00eb ndryshme, p\u00ebrfshir\u00eb politikat sh\u00ebndet\u00ebsore, parandalimin, kujdesin dhe p\u00ebrvoj\u00ebn e jetuar.<\/p><p style=\"font-weight: 400;\">P\u00ebrmes k\u00ebsaj nisme, HIS-ja synon t\u2019i kushtoj\u00eb m\u00eb shum\u00eb v\u00ebmendje faktor\u00ebve social\u00eb dhe gjinor\u00eb q\u00eb ndikojn\u00eb n\u00eb m\u00ebnyr\u00ebn se si p\u00ebrjetohen, parandalohen dhe menaxhohen s\u00ebmundjet kronike jongjit\u00ebse. Promovimi i qasjeve t\u00eb ndjeshme ndaj gjinis\u00eb mbetet thelb\u00ebsor p\u00ebr t\u00eb siguruar rezultate m\u00eb t\u00eb barabarta sh\u00ebndet\u00ebsore.<\/p><p style=\"font-weight: 400;\">Nisma fillon me dy histori njer\u00ebzore q\u00eb ilustrojn\u00eb realitetet e p\u00ebrditshme prapa s\u00ebmundjeve kronike jongjit\u00ebse, q\u00eb japin nj\u00eb pasqyr\u00eb mbi sfidat e tyre dhe theksojn\u00eb r\u00ebnd\u00ebsin\u00eb e sh\u00ebrbimeve sh\u00ebndet\u00ebsore m\u00eb gjith\u00ebp\u00ebrfshir\u00ebse.<\/p><p style=\"font-weight: 400;\">Dy historit\u00eb mund t\u2019i gjeni n\u00eb linket m\u00eb posht\u00eb.<\/p><p style=\"font-weight: 400;\">Lisa Mehmeti, paciente: <a href=\"https:\/\/tinyurl.com\/2bmv6xhk\" data-saferedirecturl=\"https:\/\/www.google.com\/url?q=https:\/\/tinyurl.com\/385v2th8&amp;source=gmail&amp;ust=1773831631716000&amp;usg=AOvVaw0UKpQIMMiQZQbWjtqcY9jB\">https:\/\/tinyurl.com\/2bmv6xhk<\/a><\/p><p style=\"font-weight: 400;\">Fllanza Nici, kujdestare: <a href=\"https:\/\/tinyurl.com\/3pkxwsmv\" data-saferedirecturl=\"https:\/\/www.google.com\/url?q=https:\/\/tinyurl.com\/3abn64j9&amp;source=gmail&amp;ust=1773831631716000&amp;usg=AOvVaw3DoNn8abkmBH730iXbrM40\">https:\/\/tinyurl.com\/3pkxwsmv<\/a><\/p>\t\t\t\t\t\t<\/div>\n\t\t\t\t<\/div>\n\t\t\t\t\t<\/div>\n\t\t\t\t<\/div>\n\t\t\t\t<\/div>","protected":false},"excerpt":{"rendered":"<p>IHS Highlights the Gender Dimension of Non-Communicable Diseases The Integrated Health Services (IHS) Project is highlighting the gender dimensions of non-communicable diseases (NCDs) from multiple perspectives, including health policies, prevention, care, and lived experience. Through this effort, IHS seeks to bring greater attention to the social and gender-related factors that influence how NCDs are experienced, [&hellip;]<\/p>","protected":false},"author":1,"featured_media":0,"parent":0,"menu_order":0,"comment_status":"closed","ping_status":"closed","template":"","meta":[],"_links":{"self":[{"href":"https:\/\/ihsproject.org\/sq\/wp-json\/wp\/v2\/pages\/15622"}],"collection":[{"href":"https:\/\/ihsproject.org\/sq\/wp-json\/wp\/v2\/pages"}],"about":[{"href":"https:\/\/ihsproject.org\/sq\/wp-json\/wp\/v2\/types\/page"}],"author":[{"embeddable":true,"href":"https:\/\/ihsproject.org\/sq\/wp-json\/wp\/v2\/users\/1"}],"replies":[{"embeddable":true,"href":"https:\/\/ihsproject.org\/sq\/wp-json\/wp\/v2\/comments?post=15622"}],"version-history":[{"count":4,"href":"https:\/\/ihsproject.org\/sq\/wp-json\/wp\/v2\/pages\/15622\/revisions"}],"predecessor-version":[{"id":15627,"href":"https:\/\/ihsproject.org\/sq\/wp-json\/wp\/v2\/pages\/15622\/revisions\/15627"}],"wp:attachment":[{"href":"https:\/\/ihsproject.org\/sq\/wp-json\/wp\/v2\/media?parent=15622"}],"curies":[{"name":"wp","href":"https:\/\/api.w.org\/{rel}","templated":true}]}}