{"id":15587,"date":"2026-03-04T10:35:06","date_gmt":"2026-03-04T10:35:06","guid":{"rendered":"https:\/\/ihsproject.org\/?page_id=15587"},"modified":"2026-03-04T10:37:14","modified_gmt":"2026-03-04T10:37:14","slug":"march-04-2026","status":"publish","type":"page","link":"https:\/\/ihsproject.org\/sq\/march-04-2026\/","title":{"rendered":"Mars 04, 2026"},"content":{"rendered":"<div data-elementor-type=\"wp-page\" data-elementor-id=\"15587\" class=\"elementor elementor-15587\">\n\t\t\t\t<div class=\"elementor-element elementor-element-1faea29 e-flex e-con-boxed e-con e-parent\" data-id=\"1faea29\" data-element_type=\"container\" data-core-v316-plus=\"true\">\n\t\t\t\t\t<div class=\"e-con-inner\">\n\t\t\t\t<div class=\"elementor-element elementor-element-231a444 elementor-widget elementor-widget-image\" data-id=\"231a444\" data-element_type=\"widget\" data-widget_type=\"image.default\">\n\t\t\t\t<div class=\"elementor-widget-container\">\n\t\t\t\t\t\t\t\t\t\t\t\t\t<img fetchpriority=\"high\" decoding=\"async\" width=\"1600\" height=\"900\" src=\"https:\/\/ihsproject.org\/wp-content\/uploads\/2026\/03\/Motivational-Interviewing-Training-with-Gjakova-Healthcare-Professionals.jpg\" class=\"attachment-full size-full wp-image-15586\" alt=\"\" srcset=\"https:\/\/ihsproject.org\/wp-content\/uploads\/2026\/03\/Motivational-Interviewing-Training-with-Gjakova-Healthcare-Professionals.jpg 1600w, https:\/\/ihsproject.org\/wp-content\/uploads\/2026\/03\/Motivational-Interviewing-Training-with-Gjakova-Healthcare-Professionals-300x169.jpg 300w, https:\/\/ihsproject.org\/wp-content\/uploads\/2026\/03\/Motivational-Interviewing-Training-with-Gjakova-Healthcare-Professionals-1024x576.jpg 1024w, https:\/\/ihsproject.org\/wp-content\/uploads\/2026\/03\/Motivational-Interviewing-Training-with-Gjakova-Healthcare-Professionals-768x432.jpg 768w, https:\/\/ihsproject.org\/wp-content\/uploads\/2026\/03\/Motivational-Interviewing-Training-with-Gjakova-Healthcare-Professionals-1536x864.jpg 1536w, https:\/\/ihsproject.org\/wp-content\/uploads\/2026\/03\/Motivational-Interviewing-Training-with-Gjakova-Healthcare-Professionals-18x10.jpg 18w\" sizes=\"(max-width: 1600px) 100vw, 1600px\" \/>\t\t\t\t\t\t\t\t\t\t\t\t\t<\/div>\n\t\t\t\t<\/div>\n\t\t\t\t\t<\/div>\n\t\t\t\t<\/div>\n\t\t<div class=\"elementor-element elementor-element-62a5558 e-flex e-con-boxed e-con e-parent\" data-id=\"62a5558\" data-element_type=\"container\" data-core-v316-plus=\"true\">\n\t\t\t\t\t<div class=\"e-con-inner\">\n\t\t\t\t<div class=\"elementor-element elementor-element-2b0d2ff elementor-widget elementor-widget-heading\" data-id=\"2b0d2ff\" data-element_type=\"widget\" data-widget_type=\"heading.default\">\n\t\t\t\t<div class=\"elementor-widget-container\">\n\t\t\t<h2 class=\"elementor-heading-title elementor-size-default\">Trajnim p\u00ebr Intervistimin Motivues me profesionist\u00ebt sh\u00ebndet\u00ebsor\u00eb t\u00eb Gjakov\u00ebs<\/h2>\t\t<\/div>\n\t\t\t\t<\/div>\n\t\t\t\t<div class=\"elementor-element elementor-element-458e28f elementor-widget elementor-widget-text-editor\" data-id=\"458e28f\" data-element_type=\"widget\" data-widget_type=\"text-editor.default\">\n\t\t\t\t<div class=\"elementor-widget-container\">\n\t\t\t\t\t\t\t<p style=\"font-weight: 400;\">N\u00eb jav\u00ebn e fundit t\u00eb shkurtit, mjek\u00eb dhe infermier\u00eb n\u00eb Spitalin e P\u00ebrgjithsh\u00ebm t\u00eb Gjakov\u00ebs mor\u00ebn pjes\u00eb n\u00eb trajnimin p\u00ebr Intervistimin Motivues dhe Komunikimin Efektiv me Pacient\u00ebt, me fokus t\u00eb ve\u00e7ant\u00eb n\u00eb trajtimin e pacient\u00ebve me s\u00ebmundje kronike jongjit\u00ebse.<\/p><p style=\"font-weight: 400;\">Trajnimi ofroi mjete praktike p\u00ebr t\u2019i mb\u00ebshtetur pacient\u00ebt n\u00eb ndryshimin e sjelljes dhe n\u00eb ruajtjen e motivimit gjat\u00eb gjith\u00eb rrug\u00ebtimit t\u00eb tyre t\u00eb trajtimit. Programi u bazua n\u00eb ushtrime interaktive, diskutime rastesh dhe luajtje rolesh, duke ua mund\u00ebsuar pjes\u00ebmarr\u00ebsve t\u00eb eksploronin kalimin nga ofrimi i k\u00ebshillave udh\u00ebzuese drejt nj\u00eb qasjeje me pacientin n\u00eb qend\u00ebr, posa\u00e7\u00ebrisht n\u00eb mjedise spitalore t\u00eb ngarkuara.<\/p><p style=\"font-weight: 400;\">Trajnimi \u00ebsht\u00eb i akredituar nga Oda e Infermier\u00ebve t\u00eb Kosov\u00ebs me 10 kredi t\u00eb edukimit t\u00eb vazhduesh\u00ebm, duke kontribuar k\u00ebshtu n\u00eb zhvillimin e vazhduesh\u00ebm profesional dhe duke forcuar kultur\u00ebn e kujdesit me pacientin n\u00eb qend\u00ebr, brenda mjedisit spitalor.<\/p>\t\t\t\t\t\t<\/div>\n\t\t\t\t<\/div>\n\t\t\t\t\t<\/div>\n\t\t\t\t<\/div>\n\t\t\t\t<\/div>","protected":false},"excerpt":{"rendered":"<p>Motivational Interviewing Training with Gjakova Healthcare Professionals On the last week of February, doctors and nurses at the General Hospital of Gjakova took part in the Motivational Interviewing and Effective Patient Communication training, with a particular focus on dealing with non-communicable diseases patients. The training provided practical tools to support patients with behaviour change, and [&hellip;]<\/p>","protected":false},"author":1,"featured_media":0,"parent":0,"menu_order":0,"comment_status":"closed","ping_status":"closed","template":"","meta":[],"_links":{"self":[{"href":"https:\/\/ihsproject.org\/sq\/wp-json\/wp\/v2\/pages\/15587"}],"collection":[{"href":"https:\/\/ihsproject.org\/sq\/wp-json\/wp\/v2\/pages"}],"about":[{"href":"https:\/\/ihsproject.org\/sq\/wp-json\/wp\/v2\/types\/page"}],"author":[{"embeddable":true,"href":"https:\/\/ihsproject.org\/sq\/wp-json\/wp\/v2\/users\/1"}],"replies":[{"embeddable":true,"href":"https:\/\/ihsproject.org\/sq\/wp-json\/wp\/v2\/comments?post=15587"}],"version-history":[{"count":4,"href":"https:\/\/ihsproject.org\/sq\/wp-json\/wp\/v2\/pages\/15587\/revisions"}],"predecessor-version":[{"id":15592,"href":"https:\/\/ihsproject.org\/sq\/wp-json\/wp\/v2\/pages\/15587\/revisions\/15592"}],"wp:attachment":[{"href":"https:\/\/ihsproject.org\/sq\/wp-json\/wp\/v2\/media?parent=15587"}],"curies":[{"name":"wp","href":"https:\/\/api.w.org\/{rel}","templated":true}]}}