{"id":15572,"date":"2026-03-03T11:09:04","date_gmt":"2026-03-03T11:09:04","guid":{"rendered":"https:\/\/ihsproject.org\/?page_id=15572"},"modified":"2026-03-03T11:10:49","modified_gmt":"2026-03-03T11:10:49","slug":"march-03-2026","status":"publish","type":"page","link":"https:\/\/ihsproject.org\/sq\/march-03-2026\/","title":{"rendered":"Mars 03, 2026"},"content":{"rendered":"<div data-elementor-type=\"wp-page\" data-elementor-id=\"15572\" class=\"elementor elementor-15572\">\n\t\t\t\t<div class=\"elementor-element elementor-element-b961e33 e-flex e-con-boxed e-con e-parent\" data-id=\"b961e33\" data-element_type=\"container\" data-core-v316-plus=\"true\">\n\t\t\t\t\t<div class=\"e-con-inner\">\n\t\t\t\t<div class=\"elementor-element elementor-element-2d4e36f elementor-widget elementor-widget-image\" data-id=\"2d4e36f\" data-element_type=\"widget\" data-widget_type=\"image.default\">\n\t\t\t\t<div class=\"elementor-widget-container\">\n\t\t\t\t\t\t\t\t\t\t\t\t\t<img fetchpriority=\"high\" decoding=\"async\" width=\"1600\" height=\"900\" src=\"https:\/\/ihsproject.org\/wp-content\/uploads\/2026\/03\/Advancing-Skills-in-Strengthened-First-Response.jpg\" class=\"attachment-full size-full wp-image-15570\" alt=\"\" srcset=\"https:\/\/ihsproject.org\/wp-content\/uploads\/2026\/03\/Advancing-Skills-in-Strengthened-First-Response.jpg 1600w, https:\/\/ihsproject.org\/wp-content\/uploads\/2026\/03\/Advancing-Skills-in-Strengthened-First-Response-300x169.jpg 300w, https:\/\/ihsproject.org\/wp-content\/uploads\/2026\/03\/Advancing-Skills-in-Strengthened-First-Response-1024x576.jpg 1024w, https:\/\/ihsproject.org\/wp-content\/uploads\/2026\/03\/Advancing-Skills-in-Strengthened-First-Response-768x432.jpg 768w, https:\/\/ihsproject.org\/wp-content\/uploads\/2026\/03\/Advancing-Skills-in-Strengthened-First-Response-1536x864.jpg 1536w, https:\/\/ihsproject.org\/wp-content\/uploads\/2026\/03\/Advancing-Skills-in-Strengthened-First-Response-18x10.jpg 18w\" sizes=\"(max-width: 1600px) 100vw, 1600px\" \/>\t\t\t\t\t\t\t\t\t\t\t\t\t<\/div>\n\t\t\t\t<\/div>\n\t\t\t\t\t<\/div>\n\t\t\t\t<\/div>\n\t\t<div class=\"elementor-element elementor-element-2544224 e-flex e-con-boxed e-con e-parent\" data-id=\"2544224\" data-element_type=\"container\" data-core-v316-plus=\"true\">\n\t\t\t\t\t<div class=\"e-con-inner\">\n\t\t\t\t<div class=\"elementor-element elementor-element-8c516d6 elementor-widget elementor-widget-heading\" data-id=\"8c516d6\" data-element_type=\"widget\" data-widget_type=\"heading.default\">\n\t\t\t\t<div class=\"elementor-widget-container\">\n\t\t\t<h2 class=\"elementor-heading-title elementor-size-default\">Avancimi i shkatht\u00ebsive p\u00ebr ndihm\u00ebn e pare m\u00eb efektive<\/h2>\t\t<\/div>\n\t\t\t\t<\/div>\n\t\t\t\t<div class=\"elementor-element elementor-element-c4c97db elementor-widget elementor-widget-text-editor\" data-id=\"c4c97db\" data-element_type=\"widget\" data-widget_type=\"text-editor.default\">\n\t\t\t\t<div class=\"elementor-widget-container\">\n\t\t\t\t\t\t\t<p style=\"font-weight: 400;\">K\u00ebto dit\u00eb, projekti Sh\u00ebrbimet Sh\u00ebndet\u00ebsore t\u00eb Integruara (IHS) mb\u00ebshteti tryez\u00ebn e rrumbullak\u00ebt dhe prezantimin p\u00ebr profesionist\u00ebt sh\u00ebndet\u00ebsor\u00eb mbi zbatimin e sistemit t\u00eb triazhimit n\u00eb mjediset spitalore. Sesioni u p\u00ebrqendrua n\u00eb nj\u00eb nga kapacitetet m\u00eb ky\u00e7e p\u00ebr vendimmarrje n\u00eb kujdesin ndaj pacient\u00ebve. \u201cSi vler\u00ebsim klinik, triazhimi siguron q\u00eb kujdesi t\u00eb ofrohet pa vones\u00eb p\u00ebr personat jeta e t\u00eb cil\u00ebve \u00ebsht\u00eb n\u00eb rrezik t\u00eb menj\u00ebhersh\u00ebm\u201d, theksoi dr. Petrit Mulaku, prezantues dhe moderator i diskutimit.<\/p><p style=\"font-weight: 400;\">Gjat\u00eb sesionit, pjes\u00ebmarr\u00ebsit shqyrtuan modele t\u00eb sistemit t\u00eb triazhimit q\u00eb jan\u00eb t\u00eb njohura n\u00eb nivel nd\u00ebrkomb\u00ebtar, si p.sh. Indeksi i Rrezikshm\u00ebris\u00eb s\u00eb Emergjenc\u00ebs (ESI), Sistemi i Triazhimit i Man\u00e7esterit (MTS) dhe Vegla e Triazhimit t\u00eb Institucioneve t\u00eb OBSH-s\u00eb, duke reflektuar mbi m\u00ebnyr\u00ebn se si k\u00ebto korniza mund t\u00eb zbatohen n\u00eb kontekstin e Kosov\u00ebs. Diskutimet praktike theksuan gjetjen e baraspesh\u00ebs nd\u00ebrmjet gjykimit klinik dhe shp\u00ebrndarjes efikase t\u00eb burimeve, ve\u00e7an\u00ebrisht n\u00eb mjedise spitalore t\u00eb ngarkuara q\u00eb trajtojn\u00eb si pacient\u00eb emergjent\u00eb ashtu edhe pacient\u00eb kronik\u00eb.<\/p><p style=\"font-weight: 400;\">\u201cTriazhimi efektiv kontribuon drejtp\u00ebrdrejt n\u00eb rezultate m\u00eb t\u00eb mira t\u00eb trajtimit mjek\u00ebsor. Prandaj, investimi n\u00eb trajnimin p\u00ebr triazhim forcon nj\u00eb s\u00ebr\u00eb kapacitetesh lokale, p\u00ebrmir\u00ebson sigurin\u00eb, reagimin dhe q\u00ebndrueshm\u00ebrin\u00eb e t\u00eb gjith\u00eb sistemit sh\u00ebndet\u00ebsor,\u201d tha dr. Lia Tavadze, Udh\u00ebheq\u00ebse e Ekipit t\u00eb projektit IHS.<\/p>\t\t\t\t\t\t<\/div>\n\t\t\t\t<\/div>\n\t\t\t\t\t<\/div>\n\t\t\t\t<\/div>\n\t\t\t\t<\/div>","protected":false},"excerpt":{"rendered":"<p>Advancing Skills in Strengthened First Response The Integrated Health Services (IHS) project supported recently a presentation and round table discussion for health professionals on implementing the triage system is hospital setting. The session focused on one of the most critical capacities for decision-making in patient care. \u201cAs a clinical assessment, triage ensures that those whose [&hellip;]<\/p>","protected":false},"author":1,"featured_media":0,"parent":0,"menu_order":0,"comment_status":"closed","ping_status":"closed","template":"","meta":[],"_links":{"self":[{"href":"https:\/\/ihsproject.org\/sq\/wp-json\/wp\/v2\/pages\/15572"}],"collection":[{"href":"https:\/\/ihsproject.org\/sq\/wp-json\/wp\/v2\/pages"}],"about":[{"href":"https:\/\/ihsproject.org\/sq\/wp-json\/wp\/v2\/types\/page"}],"author":[{"embeddable":true,"href":"https:\/\/ihsproject.org\/sq\/wp-json\/wp\/v2\/users\/1"}],"replies":[{"embeddable":true,"href":"https:\/\/ihsproject.org\/sq\/wp-json\/wp\/v2\/comments?post=15572"}],"version-history":[{"count":4,"href":"https:\/\/ihsproject.org\/sq\/wp-json\/wp\/v2\/pages\/15572\/revisions"}],"predecessor-version":[{"id":15577,"href":"https:\/\/ihsproject.org\/sq\/wp-json\/wp\/v2\/pages\/15572\/revisions\/15577"}],"wp:attachment":[{"href":"https:\/\/ihsproject.org\/sq\/wp-json\/wp\/v2\/media?parent=15572"}],"curies":[{"name":"wp","href":"https:\/\/api.w.org\/{rel}","templated":true}]}}