{"id":15558,"date":"2026-02-25T08:17:55","date_gmt":"2026-02-25T08:17:55","guid":{"rendered":"https:\/\/ihsproject.org\/?page_id=15558"},"modified":"2026-02-25T08:19:35","modified_gmt":"2026-02-25T08:19:35","slug":"february-25-2026","status":"publish","type":"page","link":"https:\/\/ihsproject.org\/sq\/february-25-2026\/","title":{"rendered":"Shkurt 25, 2026"},"content":{"rendered":"<div data-elementor-type=\"wp-page\" data-elementor-id=\"15558\" class=\"elementor elementor-15558\">\n\t\t\t\t<div class=\"elementor-element elementor-element-e224d23 e-flex e-con-boxed e-con e-parent\" data-id=\"e224d23\" data-element_type=\"container\" data-core-v316-plus=\"true\">\n\t\t\t\t\t<div class=\"e-con-inner\">\n\t\t\t\t<div class=\"elementor-element elementor-element-fd0e6d9 elementor-widget elementor-widget-image\" data-id=\"fd0e6d9\" data-element_type=\"widget\" data-widget_type=\"image.default\">\n\t\t\t\t<div class=\"elementor-widget-container\">\n\t\t\t\t\t\t\t\t\t\t\t\t\t<img fetchpriority=\"high\" decoding=\"async\" width=\"1600\" height=\"900\" src=\"https:\/\/ihsproject.org\/wp-content\/uploads\/2026\/02\/Ferizaj-Activists-Build-Capacity-to-Counter-AI-Health-Misinformation.jpg\" class=\"attachment-full size-full wp-image-15556\" alt=\"\" srcset=\"https:\/\/ihsproject.org\/wp-content\/uploads\/2026\/02\/Ferizaj-Activists-Build-Capacity-to-Counter-AI-Health-Misinformation.jpg 1600w, https:\/\/ihsproject.org\/wp-content\/uploads\/2026\/02\/Ferizaj-Activists-Build-Capacity-to-Counter-AI-Health-Misinformation-300x169.jpg 300w, https:\/\/ihsproject.org\/wp-content\/uploads\/2026\/02\/Ferizaj-Activists-Build-Capacity-to-Counter-AI-Health-Misinformation-1024x576.jpg 1024w, https:\/\/ihsproject.org\/wp-content\/uploads\/2026\/02\/Ferizaj-Activists-Build-Capacity-to-Counter-AI-Health-Misinformation-768x432.jpg 768w, https:\/\/ihsproject.org\/wp-content\/uploads\/2026\/02\/Ferizaj-Activists-Build-Capacity-to-Counter-AI-Health-Misinformation-1536x864.jpg 1536w, https:\/\/ihsproject.org\/wp-content\/uploads\/2026\/02\/Ferizaj-Activists-Build-Capacity-to-Counter-AI-Health-Misinformation-18x10.jpg 18w\" sizes=\"(max-width: 1600px) 100vw, 1600px\" \/>\t\t\t\t\t\t\t\t\t\t\t\t\t<\/div>\n\t\t\t\t<\/div>\n\t\t\t\t\t<\/div>\n\t\t\t\t<\/div>\n\t\t<div class=\"elementor-element elementor-element-a0bfc26 e-flex e-con-boxed e-con e-parent\" data-id=\"a0bfc26\" data-element_type=\"container\" data-core-v316-plus=\"true\">\n\t\t\t\t\t<div class=\"e-con-inner\">\n\t\t\t\t<div class=\"elementor-element elementor-element-21b2ecb elementor-widget elementor-widget-heading\" data-id=\"21b2ecb\" data-element_type=\"widget\" data-widget_type=\"heading.default\">\n\t\t\t\t<div class=\"elementor-widget-container\">\n\t\t\t<h2 class=\"elementor-heading-title elementor-size-default\">Aktivist\u00ebt n\u00eb Ferizaj forcojn\u00eb kapacitetet kund\u00ebr dezinformimit sh\u00ebndet\u00ebsor me IA<\/h2>\t\t<\/div>\n\t\t\t\t<\/div>\n\t\t\t\t<div class=\"elementor-element elementor-element-5f0a37b elementor-widget elementor-widget-text-editor\" data-id=\"5f0a37b\" data-element_type=\"widget\" data-widget_type=\"text-editor.default\">\n\t\t\t\t<div class=\"elementor-widget-container\">\n\t\t\t\t\t\t\t<p style=\"font-weight: 400;\">M\u00eb 12 shkurt 2026, projekti IHS organizoi n\u00eb Ferizaj nj\u00eb pun\u00ebtori q\u00eb solli p\u00ebrfaq\u00ebsues t\u00eb OJQ-ve lokale dhe aktivist\u00eb t\u00eb komunitetit p\u00ebr ta adresuar ndikimin gjithnj\u00eb e m\u00eb t\u00eb madh t\u00eb inteligjenc\u00ebs artificiale (AI) n\u00eb p\u00ebrhapjen e dezinformimit sh\u00ebndet\u00ebsor.<\/p><p style=\"font-weight: 400;\">N\u00eb kuad\u00ebr t\u00eb nism\u00ebs q\u00eb \u00ebsht\u00eb n\u00eb vazhdim e sip\u00ebr e q\u00eb titullohet \u201cEdukim Mediatik p\u00ebr Sh\u00ebndet m\u00eb t\u00eb Mir\u00eb\u201d, sesioni u fokusua n\u00eb forcimin e kapaciteteve p\u00ebr t\u2019i identifikuar p\u00ebrmbajtjet sh\u00ebndet\u00ebsore lajthit\u00ebse q\u00eb qarkullojn\u00eb online dhe p\u00ebr t\u2019iu kund\u00ebrv\u00ebn\u00eb k\u00ebtyre p\u00ebrmbajtjeve. V\u00ebmendje e ve\u00e7ant\u00eb iu kushtua m\u00ebnyr\u00ebs se si mjetet e IA-s\u00eb po p\u00ebrdoren p\u00ebr t\u00eb prodhuar informata t\u00eb rreme, por shum\u00eb bind\u00ebse, p\u00ebrfshir\u00eb k\u00ebtu edhe k\u00ebshilla mjek\u00ebsore t\u00eb fabrikuara, imazhe t\u00eb manipuluara dhe video sintetike, t\u00eb cilat mund t\u2019i lajthisin leht\u00ebsisht grupet m\u00eb t\u00eb cenueshme.<\/p><p style=\"font-weight: 400;\">Pjes\u00ebmarr\u00ebsit punuan n\u00eb disa raste studimore relevante p\u00ebr kontekstin lokal dhe diskutuan strategji p\u00ebr angazhimin e komunitetit, komunikimin e p\u00ebrgjegjsh\u00ebm dhe nd\u00ebrtimin e besimit publik rreth temave sh\u00ebndet\u00ebsore.<\/p><p style=\"font-weight: 400;\">Nj\u00eb nga pjes\u00ebmarr\u00ebset theksoi r\u00ebnd\u00ebsin\u00eb e k\u00ebsaj nisme, duke deklaruar: \u201cJemi shum\u00eb mir\u00ebnjoh\u00ebs p\u00ebr mb\u00ebshtetjen nga Zvicra, e cila p\u00ebrmes projektit IHS sjell edukim sh\u00ebndet\u00ebsor cil\u00ebsor dhe relevant p\u00ebr organizatat e shoq\u00ebris\u00eb civile. P\u00ebr aktivist\u00ebt e komunitetit, k\u00ebto njohuri jan\u00eb thelb\u00ebsore. Ne shpesh jemi pika e par\u00eb e kontaktit p\u00ebr qytetar\u00ebt dhe \u00ebsht\u00eb p\u00ebrgjegj\u00ebsia jon\u00eb t\u2019i kuptojm\u00eb k\u00ebto \u00e7\u00ebshtje dhe pastaj t\u00eb ndajm\u00eb informata t\u00eb sakta me komunitetet tona.\u201d<\/p>\t\t\t\t\t\t<\/div>\n\t\t\t\t<\/div>\n\t\t\t\t\t<\/div>\n\t\t\t\t<\/div>\n\t\t\t\t<\/div>","protected":false},"excerpt":{"rendered":"<p>Ferizaj Activists Build Capacity to Counter AI Health Misinformation On 12 February 2026, IHS organized a workshop in Ferizaj bringing together representatives of local NGOs and community activists to address the growing impact of artificial intelligence on health misinformation. As part of the ongoing \u201cMedia Literacy for Better Health\u201d initiative, the session focused on strengthening [&hellip;]<\/p>","protected":false},"author":1,"featured_media":0,"parent":0,"menu_order":0,"comment_status":"closed","ping_status":"closed","template":"","meta":[],"_links":{"self":[{"href":"https:\/\/ihsproject.org\/sq\/wp-json\/wp\/v2\/pages\/15558"}],"collection":[{"href":"https:\/\/ihsproject.org\/sq\/wp-json\/wp\/v2\/pages"}],"about":[{"href":"https:\/\/ihsproject.org\/sq\/wp-json\/wp\/v2\/types\/page"}],"author":[{"embeddable":true,"href":"https:\/\/ihsproject.org\/sq\/wp-json\/wp\/v2\/users\/1"}],"replies":[{"embeddable":true,"href":"https:\/\/ihsproject.org\/sq\/wp-json\/wp\/v2\/comments?post=15558"}],"version-history":[{"count":4,"href":"https:\/\/ihsproject.org\/sq\/wp-json\/wp\/v2\/pages\/15558\/revisions"}],"predecessor-version":[{"id":15563,"href":"https:\/\/ihsproject.org\/sq\/wp-json\/wp\/v2\/pages\/15558\/revisions\/15563"}],"wp:attachment":[{"href":"https:\/\/ihsproject.org\/sq\/wp-json\/wp\/v2\/media?parent=15558"}],"curies":[{"name":"wp","href":"https:\/\/api.w.org\/{rel}","templated":true}]}}