{"id":15534,"date":"2026-02-20T09:16:59","date_gmt":"2026-02-20T09:16:59","guid":{"rendered":"https:\/\/ihsproject.org\/?page_id=15534"},"modified":"2026-02-20T09:19:30","modified_gmt":"2026-02-20T09:19:30","slug":"february-20-2026","status":"publish","type":"page","link":"https:\/\/ihsproject.org\/sq\/february-20-2026\/","title":{"rendered":"Shkurt 20, 2026"},"content":{"rendered":"<div data-elementor-type=\"wp-page\" data-elementor-id=\"15534\" class=\"elementor elementor-15534\">\n\t\t\t\t<div class=\"elementor-element elementor-element-5146bb0 e-flex e-con-boxed e-con e-parent\" data-id=\"5146bb0\" data-element_type=\"container\" data-core-v316-plus=\"true\">\n\t\t\t\t\t<div class=\"e-con-inner\">\n\t\t\t\t<div class=\"elementor-element elementor-element-f0c7122 elementor-widget elementor-widget-image\" data-id=\"f0c7122\" data-element_type=\"widget\" data-widget_type=\"image.default\">\n\t\t\t\t<div class=\"elementor-widget-container\">\n\t\t\t\t\t\t\t\t\t\t\t\t\t<img fetchpriority=\"high\" decoding=\"async\" width=\"1600\" height=\"900\" src=\"https:\/\/ihsproject.org\/wp-content\/uploads\/2026\/02\/Motivational-Interviewing-Training-Empowers-Health-Professionals-in-Peja.jpg\" class=\"attachment-full size-full wp-image-15538\" alt=\"\" srcset=\"https:\/\/ihsproject.org\/wp-content\/uploads\/2026\/02\/Motivational-Interviewing-Training-Empowers-Health-Professionals-in-Peja.jpg 1600w, https:\/\/ihsproject.org\/wp-content\/uploads\/2026\/02\/Motivational-Interviewing-Training-Empowers-Health-Professionals-in-Peja-300x169.jpg 300w, https:\/\/ihsproject.org\/wp-content\/uploads\/2026\/02\/Motivational-Interviewing-Training-Empowers-Health-Professionals-in-Peja-1024x576.jpg 1024w, https:\/\/ihsproject.org\/wp-content\/uploads\/2026\/02\/Motivational-Interviewing-Training-Empowers-Health-Professionals-in-Peja-768x432.jpg 768w, https:\/\/ihsproject.org\/wp-content\/uploads\/2026\/02\/Motivational-Interviewing-Training-Empowers-Health-Professionals-in-Peja-1536x864.jpg 1536w, https:\/\/ihsproject.org\/wp-content\/uploads\/2026\/02\/Motivational-Interviewing-Training-Empowers-Health-Professionals-in-Peja-18x10.jpg 18w\" sizes=\"(max-width: 1600px) 100vw, 1600px\" \/>\t\t\t\t\t\t\t\t\t\t\t\t\t<\/div>\n\t\t\t\t<\/div>\n\t\t\t\t\t<\/div>\n\t\t\t\t<\/div>\n\t\t<div class=\"elementor-element elementor-element-ed6b3c5 e-flex e-con-boxed e-con e-parent\" data-id=\"ed6b3c5\" data-element_type=\"container\" data-core-v316-plus=\"true\">\n\t\t\t\t\t<div class=\"e-con-inner\">\n\t\t\t\t<div class=\"elementor-element elementor-element-af7ac8d elementor-widget elementor-widget-heading\" data-id=\"af7ac8d\" data-element_type=\"widget\" data-widget_type=\"heading.default\">\n\t\t\t\t<div class=\"elementor-widget-container\">\n\t\t\t<h2 class=\"elementor-heading-title elementor-size-default\">Trajnimi p\u00ebr Intervistimin Motivues fuqizon profesionist\u00ebt sh\u00ebndet\u00ebsor\u00eb n\u00eb Pej\u00eb<\/h2>\t\t<\/div>\n\t\t\t\t<\/div>\n\t\t\t\t<div class=\"elementor-element elementor-element-c7c00ff elementor-widget elementor-widget-text-editor\" data-id=\"c7c00ff\" data-element_type=\"widget\" data-widget_type=\"text-editor.default\">\n\t\t\t\t<div class=\"elementor-widget-container\">\n\t\t\t\t\t\t\t<p style=\"font-weight: 400;\">Mjek\u00ebt dhe infermier\u00ebt e Spitalit t\u00eb P\u00ebrgjithsh\u00ebm t\u00eb Pej\u00ebs mor\u00ebn pjes\u00eb n\u00eb nj\u00eb trajnim praktik dyditor t\u00eb mbajtur m\u00eb 10 dhe 11 shkurt 2026, trajnim ky q\u00eb u fokusua n\u00eb Intervistimin Motivues dhe komunikimin efektiv me pacient\u00ebt. Theks i ve\u00e7ant\u00eb iu kushtua mb\u00ebshtetjes ndaj personave q\u00eb jetojn\u00eb me s\u00ebmundje kronike jongjit\u00ebse, si\u00e7 jan\u00eb diabeti dhe hipertensioni.<\/p><p style=\"font-weight: 400;\">Q\u00ebllimi i trajnimit ishte forcimi i kapaciteteve lokale n\u00eb kujdesin dyt\u00ebsor sh\u00ebndet\u00ebsor, duke i pajisur profesionist\u00ebt me mjete praktike p\u00ebr t\u2019i ndihmuar pacient\u00ebt t\u2019i kuptojn\u00eb m\u00eb mir\u00eb ndryshimet n\u00eb sjellje, ta menaxhojn\u00eb pasigurin\u00eb dhe t\u00eb q\u00ebndrojn\u00eb t\u00eb motivuar gjat\u00eb rrug\u00ebtimit t\u00eb tyre t\u00eb trajtimit. N\u00eb vend t\u00eb qasjes tradicionale nga lart-posht\u00eb, pjes\u00ebmarr\u00ebsit eksploruan nj\u00eb qasje me pacientin n\u00eb qend\u00ebr, qasje kjo e bazuar mbi empatin\u00eb, bashk\u00ebpunimin dhe bisedat p\u00ebr gj\u00ebrat e p\u00ebrditshme.<\/p><p style=\"font-weight: 400;\">Trajnimi \u00ebsht\u00eb i akredituar nga Oda e Infermier\u00ebve t\u00eb Kosov\u00ebs me 10 kredi t\u00eb edukimit t\u00eb vazhduesh\u00ebm. N\u00eb p\u00ebrfundim t\u00eb programit, pjes\u00ebmarr\u00ebsit ishin m\u00eb t\u00eb p\u00ebrgatitur p\u00ebr t\u2019i zbatuar teknikat motivuese n\u00eb praktik\u00ebn e p\u00ebrditshme, duke i shnd\u00ebrruar konsultat rutinore n\u00eb biseda kuptimplota q\u00eb mb\u00ebshtesin rezultate afatgjata sh\u00ebndet\u00ebsore.<\/p>\t\t\t\t\t\t<\/div>\n\t\t\t\t<\/div>\n\t\t\t\t\t<\/div>\n\t\t\t\t<\/div>\n\t\t\t\t<\/div>","protected":false},"excerpt":{"rendered":"<p>Motivational Interviewing Training Empowers Health Professionals in Peja Doctors and nurses at General Hospital of Peja attended on 10\u201311 February 2026 a hands-on, two-day training focused on Motivational Interviewing and effective patient communication. The special emphasis was on supporting people living with chronic non-communicable diseases such as diabetes and hypertension. The training aimed to strengthen [&hellip;]<\/p>","protected":false},"author":1,"featured_media":0,"parent":0,"menu_order":0,"comment_status":"closed","ping_status":"closed","template":"","meta":[],"_links":{"self":[{"href":"https:\/\/ihsproject.org\/sq\/wp-json\/wp\/v2\/pages\/15534"}],"collection":[{"href":"https:\/\/ihsproject.org\/sq\/wp-json\/wp\/v2\/pages"}],"about":[{"href":"https:\/\/ihsproject.org\/sq\/wp-json\/wp\/v2\/types\/page"}],"author":[{"embeddable":true,"href":"https:\/\/ihsproject.org\/sq\/wp-json\/wp\/v2\/users\/1"}],"replies":[{"embeddable":true,"href":"https:\/\/ihsproject.org\/sq\/wp-json\/wp\/v2\/comments?post=15534"}],"version-history":[{"count":4,"href":"https:\/\/ihsproject.org\/sq\/wp-json\/wp\/v2\/pages\/15534\/revisions"}],"predecessor-version":[{"id":15541,"href":"https:\/\/ihsproject.org\/sq\/wp-json\/wp\/v2\/pages\/15534\/revisions\/15541"}],"wp:attachment":[{"href":"https:\/\/ihsproject.org\/sq\/wp-json\/wp\/v2\/media?parent=15534"}],"curies":[{"name":"wp","href":"https:\/\/api.w.org\/{rel}","templated":true}]}}