{"id":15482,"date":"2026-01-22T10:08:37","date_gmt":"2026-01-22T10:08:37","guid":{"rendered":"https:\/\/ihsproject.org\/?page_id=15482"},"modified":"2026-01-22T10:11:43","modified_gmt":"2026-01-22T10:11:43","slug":"january-22-2026","status":"publish","type":"page","link":"https:\/\/ihsproject.org\/sq\/january-22-2026\/","title":{"rendered":"Janar 22, 2026"},"content":{"rendered":"<div data-elementor-type=\"wp-page\" data-elementor-id=\"15482\" class=\"elementor elementor-15482\">\n\t\t\t\t<div class=\"elementor-element elementor-element-1b40073 e-flex e-con-boxed e-con e-parent\" data-id=\"1b40073\" data-element_type=\"container\" data-core-v316-plus=\"true\">\n\t\t\t\t\t<div class=\"e-con-inner\">\n\t\t\t\t<div class=\"elementor-element elementor-element-350a8e4 elementor-widget elementor-widget-image\" data-id=\"350a8e4\" data-element_type=\"widget\" data-widget_type=\"image.default\">\n\t\t\t\t<div class=\"elementor-widget-container\">\n\t\t\t\t\t\t\t\t\t\t\t\t\t<img fetchpriority=\"high\" decoding=\"async\" width=\"1600\" height=\"900\" src=\"https:\/\/ihsproject.org\/wp-content\/uploads\/2026\/01\/Swiss-TPH-Kosovo-Joins-the-NCD-Alliance-As-Full-Member.jpg\" class=\"attachment-full size-full wp-image-15481\" alt=\"\" srcset=\"https:\/\/ihsproject.org\/wp-content\/uploads\/2026\/01\/Swiss-TPH-Kosovo-Joins-the-NCD-Alliance-As-Full-Member.jpg 1600w, https:\/\/ihsproject.org\/wp-content\/uploads\/2026\/01\/Swiss-TPH-Kosovo-Joins-the-NCD-Alliance-As-Full-Member-300x169.jpg 300w, https:\/\/ihsproject.org\/wp-content\/uploads\/2026\/01\/Swiss-TPH-Kosovo-Joins-the-NCD-Alliance-As-Full-Member-1024x576.jpg 1024w, https:\/\/ihsproject.org\/wp-content\/uploads\/2026\/01\/Swiss-TPH-Kosovo-Joins-the-NCD-Alliance-As-Full-Member-768x432.jpg 768w, https:\/\/ihsproject.org\/wp-content\/uploads\/2026\/01\/Swiss-TPH-Kosovo-Joins-the-NCD-Alliance-As-Full-Member-1536x864.jpg 1536w, https:\/\/ihsproject.org\/wp-content\/uploads\/2026\/01\/Swiss-TPH-Kosovo-Joins-the-NCD-Alliance-As-Full-Member-18x10.jpg 18w\" sizes=\"(max-width: 1600px) 100vw, 1600px\" \/>\t\t\t\t\t\t\t\t\t\t\t\t\t<\/div>\n\t\t\t\t<\/div>\n\t\t\t\t\t<\/div>\n\t\t\t\t<\/div>\n\t\t<div class=\"elementor-element elementor-element-bcdd481 e-flex e-con-boxed e-con e-parent\" data-id=\"bcdd481\" data-element_type=\"container\" data-core-v316-plus=\"true\">\n\t\t\t\t\t<div class=\"e-con-inner\">\n\t\t\t\t<div class=\"elementor-element elementor-element-59040ac elementor-widget elementor-widget-heading\" data-id=\"59040ac\" data-element_type=\"widget\" data-widget_type=\"heading.default\">\n\t\t\t\t<div class=\"elementor-widget-container\">\n\t\t\t<h2 class=\"elementor-heading-title elementor-size-default\">Swiss TPH Kosov\u00eb b\u00ebhet an\u00ebtare e plot\u00eb n\u00eb NCD Alliance<\/h2>\t\t<\/div>\n\t\t\t\t<\/div>\n\t\t\t\t<div class=\"elementor-element elementor-element-3027f9a elementor-widget elementor-widget-text-editor\" data-id=\"3027f9a\" data-element_type=\"widget\" data-widget_type=\"text-editor.default\">\n\t\t\t\t<div class=\"elementor-widget-container\">\n\t\t\t\t\t\t\t<p style=\"font-weight: 400;\">Swiss Tropical and Public Health Institute Kosovo \u00ebsht\u00eb tani an\u00ebtare me t\u00eb drejta t\u00eb plota n\u00eb NCD Alliance, p\u00ebrmes projekteve Sh\u00ebrbime Sh\u00ebndet\u00ebsore t\u00eb Integruara (IHS) dhe Kujdesi Sh\u00ebndet\u00ebsor i Qass\u00ebm dhe Cil\u00ebsor (AQH). NCD Alliance \u00ebsht\u00eb rrjet global i shoq\u00ebris\u00eb civile q\u00eb punon p\u00ebr t\u00eb bashkuar, fuqizuar dhe mobilizuar komunitetin q\u00eb merret me s\u00ebmundjet kronike jongjit\u00ebse (SKJ) n\u00eb mbar\u00eb bot\u00ebn.<\/p><p style=\"font-weight: 400;\">Me an\u00ebtar\u00ebsimin n\u00eb NCD Alliance, Swiss TPH Kosov\u00eb b\u00ebhet pjes\u00eb e l\u00ebvizjes globale t\u00eb p\u00ebrkushtuar p\u00ebr avancimin e qasjeve t\u00eb p\u00ebrqendruara te njeriu n\u00eb parandalimin, trajtimin dhe avokimin p\u00ebr SKJ-t\u00eb, n\u00eb p\u00ebrputhje me vizionin e NCD Alliance p\u00ebr nj\u00eb bot\u00eb ku t\u00eb gjith\u00eb njer\u00ebzit mund t\u00eb jetojn\u00eb jet\u00eb t\u00eb sh\u00ebndetshme, pa s\u00ebmundje kronike jongjit\u00ebse t\u00eb parandalueshme.<\/p><p style=\"font-weight: 400;\">Si an\u00ebtare me t\u00eb drejta t\u00eb plota, Swiss TPH Kosov\u00eb do t\u00eb angazhohet n\u00eb nisma globale dhe rajonale t\u00eb avokimit, platforma p\u00ebr shk\u00ebmbim njohurish, dialogje politike dhe ngjarje t\u00eb nivelit t\u00eb lart\u00eb. Kjo an\u00ebtar\u00ebsi fruqizon edhe aft\u00ebsin\u00eb p\u00ebr t\u00eb amplifikuar pun\u00ebn q\u00eb b\u00ebjm\u00eb, p\u00ebr t\u00eb kontribuar n\u00eb fushata globale dhe p\u00ebr t\u00eb bashk\u00ebpunuar me partner\u00eb t\u00eb shoq\u00ebris\u00eb civile n\u00eb avancimin e politikave gjith\u00ebp\u00ebrfshir\u00ebse dhe t\u00eb bazuara n\u00eb prova p\u00ebr SKJ-t\u00eb.<\/p>\t\t\t\t\t\t<\/div>\n\t\t\t\t<\/div>\n\t\t\t\t\t<\/div>\n\t\t\t\t<\/div>\n\t\t\t\t<\/div>","protected":false},"excerpt":{"rendered":"<p>Swiss TPH Kosovo Joins the NCD Alliance As Full Member Swiss Tropical and Public Health Institute Kosovo is now full member in the NCD Alliance through its Integrated Health Services (IHS) and Accessible Quality Healthcare (AQH) projects. The NCD Alliance is a global civil society network working to unite, strengthen, and mobilise the noncommunicable disease [&hellip;]<\/p>","protected":false},"author":1,"featured_media":0,"parent":0,"menu_order":0,"comment_status":"closed","ping_status":"closed","template":"","meta":[],"_links":{"self":[{"href":"https:\/\/ihsproject.org\/sq\/wp-json\/wp\/v2\/pages\/15482"}],"collection":[{"href":"https:\/\/ihsproject.org\/sq\/wp-json\/wp\/v2\/pages"}],"about":[{"href":"https:\/\/ihsproject.org\/sq\/wp-json\/wp\/v2\/types\/page"}],"author":[{"embeddable":true,"href":"https:\/\/ihsproject.org\/sq\/wp-json\/wp\/v2\/users\/1"}],"replies":[{"embeddable":true,"href":"https:\/\/ihsproject.org\/sq\/wp-json\/wp\/v2\/comments?post=15482"}],"version-history":[{"count":4,"href":"https:\/\/ihsproject.org\/sq\/wp-json\/wp\/v2\/pages\/15482\/revisions"}],"predecessor-version":[{"id":15488,"href":"https:\/\/ihsproject.org\/sq\/wp-json\/wp\/v2\/pages\/15482\/revisions\/15488"}],"wp:attachment":[{"href":"https:\/\/ihsproject.org\/sq\/wp-json\/wp\/v2\/media?parent=15482"}],"curies":[{"name":"wp","href":"https:\/\/api.w.org\/{rel}","templated":true}]}}