{"id":15454,"date":"2026-01-12T14:01:38","date_gmt":"2026-01-12T14:01:38","guid":{"rendered":"https:\/\/ihsproject.org\/?page_id=15454"},"modified":"2026-01-12T14:03:46","modified_gmt":"2026-01-12T14:03:46","slug":"january-12-2026","status":"publish","type":"page","link":"https:\/\/ihsproject.org\/sq\/january-12-2026\/","title":{"rendered":"Janar 12, 2026"},"content":{"rendered":"<div data-elementor-type=\"wp-page\" data-elementor-id=\"15454\" class=\"elementor elementor-15454\">\n\t\t\t\t<div class=\"elementor-element elementor-element-299f6ab e-flex e-con-boxed e-con e-parent\" data-id=\"299f6ab\" data-element_type=\"container\" data-core-v316-plus=\"true\">\n\t\t\t\t\t<div class=\"e-con-inner\">\n\t\t\t\t<div class=\"elementor-element elementor-element-9af323b elementor-widget elementor-widget-image\" data-id=\"9af323b\" data-element_type=\"widget\" data-widget_type=\"image.default\">\n\t\t\t\t<div class=\"elementor-widget-container\">\n\t\t\t\t\t\t\t\t\t\t\t\t\t<img fetchpriority=\"high\" decoding=\"async\" width=\"1600\" height=\"900\" src=\"https:\/\/ihsproject.org\/wp-content\/uploads\/2026\/01\/Five-General-Hospitals-Complete-Self-Assessment.jpg\" class=\"attachment-full size-full wp-image-15458\" alt=\"\" srcset=\"https:\/\/ihsproject.org\/wp-content\/uploads\/2026\/01\/Five-General-Hospitals-Complete-Self-Assessment.jpg 1600w, https:\/\/ihsproject.org\/wp-content\/uploads\/2026\/01\/Five-General-Hospitals-Complete-Self-Assessment-300x169.jpg 300w, https:\/\/ihsproject.org\/wp-content\/uploads\/2026\/01\/Five-General-Hospitals-Complete-Self-Assessment-1024x576.jpg 1024w, https:\/\/ihsproject.org\/wp-content\/uploads\/2026\/01\/Five-General-Hospitals-Complete-Self-Assessment-768x432.jpg 768w, https:\/\/ihsproject.org\/wp-content\/uploads\/2026\/01\/Five-General-Hospitals-Complete-Self-Assessment-1536x864.jpg 1536w, https:\/\/ihsproject.org\/wp-content\/uploads\/2026\/01\/Five-General-Hospitals-Complete-Self-Assessment-18x10.jpg 18w\" sizes=\"(max-width: 1600px) 100vw, 1600px\" \/>\t\t\t\t\t\t\t\t\t\t\t\t\t<\/div>\n\t\t\t\t<\/div>\n\t\t\t\t\t<\/div>\n\t\t\t\t<\/div>\n\t\t<div class=\"elementor-element elementor-element-8b4d350 e-flex e-con-boxed e-con e-parent\" data-id=\"8b4d350\" data-element_type=\"container\" data-core-v316-plus=\"true\">\n\t\t\t\t\t<div class=\"e-con-inner\">\n\t\t\t\t<div class=\"elementor-element elementor-element-54d3e89 elementor-widget elementor-widget-heading\" data-id=\"54d3e89\" data-element_type=\"widget\" data-widget_type=\"heading.default\">\n\t\t\t\t<div class=\"elementor-widget-container\">\n\t\t\t<h2 class=\"elementor-heading-title elementor-size-default\">Pes\u00eb spitale t\u00eb p\u00ebrgjithshme p\u00ebrfundojn\u00eb vet\u00ebvler\u00ebsimin<\/h2>\t\t<\/div>\n\t\t\t\t<\/div>\n\t\t\t\t<div class=\"elementor-element elementor-element-4ec8dd2 elementor-widget elementor-widget-text-editor\" data-id=\"4ec8dd2\" data-element_type=\"widget\" data-widget_type=\"text-editor.default\">\n\t\t\t\t<div class=\"elementor-widget-container\">\n\t\t\t\t\t\t\t<p style=\"font-weight: 400;\">Gjat\u00eb dy jav\u00ebve t\u00eb fundit t\u00eb dhjetorit 2025, Spitalet e P\u00ebrgjithshme t\u00eb Mitrovic\u00ebs, Ferizajt, Gjilanit, Vushtrris\u00eb dhe Prizrenit p\u00ebrfunduan vet\u00ebvler\u00ebsimin e strukturuar bazuar n\u00eb standardet nd\u00ebrkomb\u00ebtarisht t\u00eb njohura t\u00eb Spitaleve Promovuese t\u00eb Sh\u00ebndetit (HPH) 2020. Ky proces sh\u00ebnon hap t\u00eb ri drejt forcimit t\u00eb kujdesit t\u00eb p\u00ebrqendruar te pacienti dhe sh\u00ebrbimeve promovuese t\u00eb sh\u00ebndetit n\u00eb Kosov\u00eb.<\/p><p style=\"font-weight: 400;\">Vler\u00ebsimi u realizua n\u00eb bashk\u00ebpunim me Sh\u00ebrbimin Spitalor dhe Klinik Universitar t\u00eb Kosov\u00ebs, me mb\u00ebshtetjen e Projektit Sh\u00ebrbimet Sh\u00ebndet\u00ebsore t\u00eb Integruara (IHS). Projekti IHS inicioi procesin e vet\u00ebvler\u00ebsimit t\u00eb spitaleve t\u00eb p\u00ebrgjithshme n\u00eb p\u00ebrputhje me Standardet 2020 p\u00ebr Spitalet dhe Sh\u00ebrbimet Promovuese t\u00eb Sh\u00ebndetit, bazuar n\u00eb p\u00ebrvoj\u00ebn e fituar nga zbatimi i k\u00ebtij procesi n\u00eb Spitalet e P\u00ebrgjithshme t\u00eb Pej\u00ebs dhe Gjakov\u00ebs, t\u00eb cilat q\u00eb nga marsi 2024 jan\u00eb an\u00ebtare t\u00eb Rrjetit Nd\u00ebrkomb\u00ebtar t\u00eb Spitaleve dhe Sh\u00ebrbimeve Promovuese t\u00eb Sh\u00ebndetit (HPH).<\/p><p style=\"font-weight: 400;\">Ekipet multidisiplinare spitalore shqyrtuan politikat, strukturat dhe praktikat e p\u00ebrditshme duke p\u00ebrdorur mjetet e vet\u00ebvler\u00ebsimit HPH 2020, duke identifikuar pikat e forta, mang\u00ebsit\u00eb dhe fushat prioritare p\u00ebr p\u00ebrmir\u00ebsim n\u00eb promovimin e sh\u00ebndetit dhe parandalimin sekondar, ve\u00e7an\u00ebrisht p\u00ebr pacient\u00ebt me s\u00ebmundje kronike jongjit\u00ebse. Procesi u udh\u00ebhoq nga tre facilitator\u00eb lokal\u00eb dhe u mb\u00ebshtet n\u00eb p\u00ebrvoj\u00ebn e m\u00ebparshme t\u00eb spitaleve t\u00eb p\u00ebrgjithshme n\u00eb Pej\u00eb dhe Gjakov\u00eb.<\/p><p style=\"font-weight: 400;\">Rezultatet do t\u00eb p\u00ebrmblidhen n\u00eb pes\u00eb raporte specifike p\u00ebr secilin spital dhe n\u00eb nj\u00eb raport p\u00ebrmbledh\u00ebs nd\u00ebrspitalor, si baz\u00eb e q\u00ebndrueshme evidence p\u00ebr planifikimin n\u00eb t\u00eb ardhmen, p\u00ebr p\u00ebrmir\u00ebsim t\u00eb cil\u00ebsis\u00eb dhe dialog t\u00eb politikave n\u00eb nivel vendor p\u00ebr spitalet promovuese t\u00eb sh\u00ebndetit n\u00eb Kosov\u00eb.<\/p>\t\t\t\t\t\t<\/div>\n\t\t\t\t<\/div>\n\t\t\t\t\t<\/div>\n\t\t\t\t<\/div>\n\t\t\t\t<\/div>","protected":false},"excerpt":{"rendered":"<p>Five General Hospitals Complete Self-Assessment In the last two weeks of December 2025, the General Hospitals of Mitrovica, Ferizaj, Gjilan, Vushtrri, and Prizren completed the structured self-assessment based on the internationally recognised Health Promoting Hospitals (HPH) 2020 standards. This marks a new step toward strengthening patient-centred and health-promoting care in Kosovo. The assessment was conducted [&hellip;]<\/p>","protected":false},"author":1,"featured_media":0,"parent":0,"menu_order":0,"comment_status":"closed","ping_status":"closed","template":"","meta":[],"_links":{"self":[{"href":"https:\/\/ihsproject.org\/sq\/wp-json\/wp\/v2\/pages\/15454"}],"collection":[{"href":"https:\/\/ihsproject.org\/sq\/wp-json\/wp\/v2\/pages"}],"about":[{"href":"https:\/\/ihsproject.org\/sq\/wp-json\/wp\/v2\/types\/page"}],"author":[{"embeddable":true,"href":"https:\/\/ihsproject.org\/sq\/wp-json\/wp\/v2\/users\/1"}],"replies":[{"embeddable":true,"href":"https:\/\/ihsproject.org\/sq\/wp-json\/wp\/v2\/comments?post=15454"}],"version-history":[{"count":4,"href":"https:\/\/ihsproject.org\/sq\/wp-json\/wp\/v2\/pages\/15454\/revisions"}],"predecessor-version":[{"id":15461,"href":"https:\/\/ihsproject.org\/sq\/wp-json\/wp\/v2\/pages\/15454\/revisions\/15461"}],"wp:attachment":[{"href":"https:\/\/ihsproject.org\/sq\/wp-json\/wp\/v2\/media?parent=15454"}],"curies":[{"name":"wp","href":"https:\/\/api.w.org\/{rel}","templated":true}]}}