{"id":15439,"date":"2025-12-19T07:48:19","date_gmt":"2025-12-19T07:48:19","guid":{"rendered":"https:\/\/ihsproject.org\/?page_id=15439"},"modified":"2025-12-19T07:49:42","modified_gmt":"2025-12-19T07:49:42","slug":"december-19-2025","status":"publish","type":"page","link":"https:\/\/ihsproject.org\/sq\/december-19-2025\/","title":{"rendered":"Dhjetor\u00eb 19, 2025"},"content":{"rendered":"<div data-elementor-type=\"wp-page\" data-elementor-id=\"15439\" class=\"elementor elementor-15439\">\n\t\t\t\t<div class=\"elementor-element elementor-element-f2f2571 e-flex e-con-boxed e-con e-parent\" data-id=\"f2f2571\" data-element_type=\"container\" data-core-v316-plus=\"true\">\n\t\t\t\t\t<div class=\"e-con-inner\">\n\t\t\t\t<div class=\"elementor-element elementor-element-00dd80a elementor-widget elementor-widget-image\" data-id=\"00dd80a\" data-element_type=\"widget\" data-widget_type=\"image.default\">\n\t\t\t\t<div class=\"elementor-widget-container\">\n\t\t\t\t\t\t\t\t\t\t\t\t\t<img fetchpriority=\"high\" decoding=\"async\" width=\"1600\" height=\"900\" src=\"https:\/\/ihsproject.org\/wp-content\/uploads\/2025\/12\/IHS-Supports-Strategic-Planning-at-Kosovo-National-Council-for-Clinical-Guidelines.jpg\" class=\"attachment-full size-full wp-image-15437\" alt=\"\" srcset=\"https:\/\/ihsproject.org\/wp-content\/uploads\/2025\/12\/IHS-Supports-Strategic-Planning-at-Kosovo-National-Council-for-Clinical-Guidelines.jpg 1600w, https:\/\/ihsproject.org\/wp-content\/uploads\/2025\/12\/IHS-Supports-Strategic-Planning-at-Kosovo-National-Council-for-Clinical-Guidelines-300x169.jpg 300w, https:\/\/ihsproject.org\/wp-content\/uploads\/2025\/12\/IHS-Supports-Strategic-Planning-at-Kosovo-National-Council-for-Clinical-Guidelines-1024x576.jpg 1024w, https:\/\/ihsproject.org\/wp-content\/uploads\/2025\/12\/IHS-Supports-Strategic-Planning-at-Kosovo-National-Council-for-Clinical-Guidelines-768x432.jpg 768w, https:\/\/ihsproject.org\/wp-content\/uploads\/2025\/12\/IHS-Supports-Strategic-Planning-at-Kosovo-National-Council-for-Clinical-Guidelines-1536x864.jpg 1536w, https:\/\/ihsproject.org\/wp-content\/uploads\/2025\/12\/IHS-Supports-Strategic-Planning-at-Kosovo-National-Council-for-Clinical-Guidelines-18x10.jpg 18w\" sizes=\"(max-width: 1600px) 100vw, 1600px\" \/>\t\t\t\t\t\t\t\t\t\t\t\t\t<\/div>\n\t\t\t\t<\/div>\n\t\t\t\t\t<\/div>\n\t\t\t\t<\/div>\n\t\t<div class=\"elementor-element elementor-element-f77a61f e-flex e-con-boxed e-con e-parent\" data-id=\"f77a61f\" data-element_type=\"container\" data-core-v316-plus=\"true\">\n\t\t\t\t\t<div class=\"e-con-inner\">\n\t\t\t\t<div class=\"elementor-element elementor-element-62d434f elementor-widget elementor-widget-heading\" data-id=\"62d434f\" data-element_type=\"widget\" data-widget_type=\"heading.default\">\n\t\t\t\t<div class=\"elementor-widget-container\">\n\t\t\t<h2 class=\"elementor-heading-title elementor-size-default\">IHS mb\u00ebshtet planifikimin strategjik n\u00eb K\u00ebshillin Komb\u00ebtar t\u00eb Kosov\u00ebs p\u00ebr Udh\u00ebrr\u00ebfyesit Klinik\u00eb<\/h2>\t\t<\/div>\n\t\t\t\t<\/div>\n\t\t\t\t<div class=\"elementor-element elementor-element-92d7c2a elementor-widget elementor-widget-text-editor\" data-id=\"92d7c2a\" data-element_type=\"widget\" data-widget_type=\"text-editor.default\">\n\t\t\t\t<div class=\"elementor-widget-container\">\n\t\t\t\t\t\t\t<p style=\"font-weight: 400;\">K\u00ebt\u00eb jav\u00eb, K\u00ebshilli Komb\u00ebtar i Kosov\u00ebs p\u00ebr Udh\u00ebrr\u00ebfyesit Klinik\u00eb (KKKUK) mbajti takimin e tij t\u00eb fundit p\u00ebr k\u00ebt\u00eb vit, p\u00ebr t\u00eb \u00e7uar p\u00ebrpara Planin Vjetor t\u00eb Pun\u00ebs p\u00ebr vitin 2026, duke mbledhur akter\u00eb t\u00eb sektorit sh\u00ebndet\u00ebsor nga kujdesi par\u00ebsor, dyt\u00ebsor dhe ai tret\u00ebsor, si dhe shoq\u00ebrin\u00eb civile dhe partner\u00ebt strategjik\u00eb.<\/p><p style=\"font-weight: 400;\">Pas diskutimeve gjith\u00ebp\u00ebrfshir\u00ebse dhe vler\u00ebsimit t\u00eb propozimeve t\u00eb paraqitura, an\u00ebtar\u00ebt e k\u00ebshillit ran\u00eb dakord unanimisht t\u00eb zhvillojn\u00eb 21 Udh\u00ebrr\u00ebfyes Klinik\u00eb t\u00eb rinj dhe 2 Protokolle t\u00eb reja n\u00eb vitin 2026. P\u00ebrve\u00e7 k\u00ebsaj, t\u00eb gjith\u00eb udh\u00ebrr\u00ebfyesit klinik\u00eb ekzistues q\u00eb duhet t\u00eb rishikohen do t\u00eb p\u00ebrdit\u00ebsohen bazuar n\u00eb afatin kohor nga publikimi i tyre i fundit.<\/p><p style=\"font-weight: 400;\">Kjo p\u00ebrpjekje bashk\u00ebpunuese planifikimi n\u00ebnvizon angazhimet e vazhdueshme p\u00ebr praktik\u00ebn klinike t\u00eb bazuar n\u00eb prova dhe rezultatet e p\u00ebrmir\u00ebsuara sh\u00ebndet\u00ebsore n\u00eb t\u00eb gjith\u00eb Kosov\u00ebn.<\/p>\t\t\t\t\t\t<\/div>\n\t\t\t\t<\/div>\n\t\t\t\t\t<\/div>\n\t\t\t\t<\/div>\n\t\t\t\t<\/div>","protected":false},"excerpt":{"rendered":"<p>IHS Supports Strategic Planning at Kosovo National Council for Clinical Guidelines This week, the Kosovo National Council for Clinical Guidelines (KNCCG) convened its final meeting of the year to advance the Annual Work Plan for 2026, drawing health sector stakeholders from primary, secondary, and tertiary care, as well as civil society and strategic partners. After [&hellip;]<\/p>","protected":false},"author":1,"featured_media":0,"parent":0,"menu_order":0,"comment_status":"closed","ping_status":"closed","template":"","meta":[],"_links":{"self":[{"href":"https:\/\/ihsproject.org\/sq\/wp-json\/wp\/v2\/pages\/15439"}],"collection":[{"href":"https:\/\/ihsproject.org\/sq\/wp-json\/wp\/v2\/pages"}],"about":[{"href":"https:\/\/ihsproject.org\/sq\/wp-json\/wp\/v2\/types\/page"}],"author":[{"embeddable":true,"href":"https:\/\/ihsproject.org\/sq\/wp-json\/wp\/v2\/users\/1"}],"replies":[{"embeddable":true,"href":"https:\/\/ihsproject.org\/sq\/wp-json\/wp\/v2\/comments?post=15439"}],"version-history":[{"count":4,"href":"https:\/\/ihsproject.org\/sq\/wp-json\/wp\/v2\/pages\/15439\/revisions"}],"predecessor-version":[{"id":15444,"href":"https:\/\/ihsproject.org\/sq\/wp-json\/wp\/v2\/pages\/15439\/revisions\/15444"}],"wp:attachment":[{"href":"https:\/\/ihsproject.org\/sq\/wp-json\/wp\/v2\/media?parent=15439"}],"curies":[{"name":"wp","href":"https:\/\/api.w.org\/{rel}","templated":true}]}}