{"id":15376,"date":"2025-12-15T11:42:35","date_gmt":"2025-12-15T11:42:35","guid":{"rendered":"https:\/\/ihsproject.org\/?page_id=15376"},"modified":"2025-12-15T11:44:14","modified_gmt":"2025-12-15T11:44:14","slug":"december-15-2025","status":"publish","type":"page","link":"https:\/\/ihsproject.org\/sq\/december-15-2025\/","title":{"rendered":"Dhjetor\u00eb 15, 2025"},"content":{"rendered":"<div data-elementor-type=\"wp-page\" data-elementor-id=\"15376\" class=\"elementor elementor-15376\">\n\t\t\t\t<div class=\"elementor-element elementor-element-21baf8b e-flex e-con-boxed e-con e-parent\" data-id=\"21baf8b\" data-element_type=\"container\" data-core-v316-plus=\"true\">\n\t\t\t\t\t<div class=\"e-con-inner\">\n\t\t\t\t<div class=\"elementor-element elementor-element-dfcf8e4 elementor-widget elementor-widget-image\" data-id=\"dfcf8e4\" data-element_type=\"widget\" data-widget_type=\"image.default\">\n\t\t\t\t<div class=\"elementor-widget-container\">\n\t\t\t\t\t\t\t\t\t\t\t\t\t<img fetchpriority=\"high\" decoding=\"async\" width=\"1600\" height=\"900\" src=\"https:\/\/ihsproject.org\/wp-content\/uploads\/2025\/12\/Strengthening-Fundraising-and-Strategic-Capacities-of-Patient-Organizations.jpg\" class=\"attachment-full size-full wp-image-15374\" alt=\"\" srcset=\"https:\/\/ihsproject.org\/wp-content\/uploads\/2025\/12\/Strengthening-Fundraising-and-Strategic-Capacities-of-Patient-Organizations.jpg 1600w, https:\/\/ihsproject.org\/wp-content\/uploads\/2025\/12\/Strengthening-Fundraising-and-Strategic-Capacities-of-Patient-Organizations-300x169.jpg 300w, https:\/\/ihsproject.org\/wp-content\/uploads\/2025\/12\/Strengthening-Fundraising-and-Strategic-Capacities-of-Patient-Organizations-1024x576.jpg 1024w, https:\/\/ihsproject.org\/wp-content\/uploads\/2025\/12\/Strengthening-Fundraising-and-Strategic-Capacities-of-Patient-Organizations-768x432.jpg 768w, https:\/\/ihsproject.org\/wp-content\/uploads\/2025\/12\/Strengthening-Fundraising-and-Strategic-Capacities-of-Patient-Organizations-1536x864.jpg 1536w, https:\/\/ihsproject.org\/wp-content\/uploads\/2025\/12\/Strengthening-Fundraising-and-Strategic-Capacities-of-Patient-Organizations-18x10.jpg 18w\" sizes=\"(max-width: 1600px) 100vw, 1600px\" \/>\t\t\t\t\t\t\t\t\t\t\t\t\t<\/div>\n\t\t\t\t<\/div>\n\t\t\t\t\t<\/div>\n\t\t\t\t<\/div>\n\t\t<div class=\"elementor-element elementor-element-fca241d e-flex e-con-boxed e-con e-parent\" data-id=\"fca241d\" data-element_type=\"container\" data-core-v316-plus=\"true\">\n\t\t\t\t\t<div class=\"e-con-inner\">\n\t\t\t\t<div class=\"elementor-element elementor-element-6532382 elementor-widget elementor-widget-heading\" data-id=\"6532382\" data-element_type=\"widget\" data-widget_type=\"heading.default\">\n\t\t\t\t<div class=\"elementor-widget-container\">\n\t\t\t<h2 class=\"elementor-heading-title elementor-size-default\">Fuqizimi i kapaciteteve t\u00eb organizatave t\u00eb pacient\u00ebve p\u00ebr mbledhje t\u00eb fondeve dhe zhvillim strategjik<\/h2>\t\t<\/div>\n\t\t\t\t<\/div>\n\t\t\t\t<div class=\"elementor-element elementor-element-9d52ca4 elementor-widget elementor-widget-text-editor\" data-id=\"9d52ca4\" data-element_type=\"widget\" data-widget_type=\"text-editor.default\">\n\t\t\t\t<div class=\"elementor-widget-container\">\n\t\t\t\t\t\t\t<p style=\"font-weight: 400;\">P\u00ebrfaq\u00ebsues t\u00eb organizatave t\u00eb pacient\u00ebve dhe k\u00ebshillave t\u00eb pacient\u00ebve nga e gjith\u00eb Kosova u mblodh\u00ebn m\u00eb 10-11 dhjetor n\u00eb nj\u00eb pun\u00ebtori dy-ditore p\u00ebr mbledhjen e fondeve dhe zhvillimin strategjik.<\/p><p style=\"font-weight: 400;\">Sesionet u p\u00ebrqendruan n\u00eb tema si angazhimi drejt q\u00ebndrueshm\u00ebris\u00eb afatgjat\u00eb t\u00eb organizatave t\u00eb pacient\u00ebve duke marr\u00eb parasysh peizazhin aktual t\u00eb financimit, identitetin organizativ, rr\u00ebfimin e bazuar n\u00eb ndikim dhe modelet strategjike t\u00eb mbledhjes s\u00eb fondeve. Pjes\u00ebmarr\u00ebsit gjithashtu filluan pun\u00ebn p\u00ebr hartimin e strategjive 12-mujore t\u00eb financimit dhe diskutuan m\u00ebnyra p\u00ebr t'iu p\u00ebrgjigjur m\u00eb mir\u00eb nevojave t\u00eb komunitetit, duke avancuar nj\u00ebkoh\u00ebsisht t\u00eb drejtat e pacient\u00ebve.<\/p><p style=\"font-weight: 400;\">Duke kombinuar mjetet praktike me shk\u00ebmbimin e p\u00ebrvojave nga koleg\u00ebt, pun\u00ebtoria synoi t\u00eb mb\u00ebshteste subjektet e pacient\u00ebve n\u00eb artikulimin e vler\u00ebs s\u00eb tyre, diversifikimin e burimeve t\u00eb financimit dhe forcimin e rolit t\u00eb tyre si akter\u00eb thelb\u00ebsor\u00eb brenda ekosistemit sh\u00ebndet\u00ebsor t\u00eb Kosov\u00ebs.<\/p><p style=\"font-weight: 400;\">Aktiviteti \u00ebsht\u00eb vazhdim\u00ebsi e mb\u00ebshtetjes s\u00eb projektit IHS p\u00ebr Shoqat\u00ebn e t\u00eb Drejtave t\u00eb Pacient\u00ebve n\u00eb Kosov\u00eb (PRAK), pasi pjes\u00ebmarr\u00ebsit n\u00eb pun\u00ebtori jan\u00eb an\u00ebtar\u00eb t\u00eb rrjetit t\u00eb udh\u00ebhequr nga PRAK dhe p\u00ebrfitojn\u00eb nga p\u00ebrpjekjet e p\u00ebrbashk\u00ebta t\u00eb ngritjes s\u00eb kapaciteteve organizative.<\/p>\t\t\t\t\t\t<\/div>\n\t\t\t\t<\/div>\n\t\t\t\t\t<\/div>\n\t\t\t\t<\/div>\n\t\t\t\t<\/div>","protected":false},"excerpt":{"rendered":"<p>Strengthening Fundraising and Strategic Capacities of Patient Organizations Representatives of patient organizations and patient councils, from across Kosovo gathered on 10\u201311 December for a two-day Fundraising and Strategic Development Workshop. The sessions focused on topics such as working towards long-term sustainability of patient organizations considering the current funding landscape, organizational identity, impact-based storytelling, and strategic [&hellip;]<\/p>","protected":false},"author":1,"featured_media":0,"parent":0,"menu_order":0,"comment_status":"closed","ping_status":"closed","template":"","meta":[],"_links":{"self":[{"href":"https:\/\/ihsproject.org\/sq\/wp-json\/wp\/v2\/pages\/15376"}],"collection":[{"href":"https:\/\/ihsproject.org\/sq\/wp-json\/wp\/v2\/pages"}],"about":[{"href":"https:\/\/ihsproject.org\/sq\/wp-json\/wp\/v2\/types\/page"}],"author":[{"embeddable":true,"href":"https:\/\/ihsproject.org\/sq\/wp-json\/wp\/v2\/users\/1"}],"replies":[{"embeddable":true,"href":"https:\/\/ihsproject.org\/sq\/wp-json\/wp\/v2\/comments?post=15376"}],"version-history":[{"count":4,"href":"https:\/\/ihsproject.org\/sq\/wp-json\/wp\/v2\/pages\/15376\/revisions"}],"predecessor-version":[{"id":15381,"href":"https:\/\/ihsproject.org\/sq\/wp-json\/wp\/v2\/pages\/15376\/revisions\/15381"}],"wp:attachment":[{"href":"https:\/\/ihsproject.org\/sq\/wp-json\/wp\/v2\/media?parent=15376"}],"curies":[{"name":"wp","href":"https:\/\/api.w.org\/{rel}","templated":true}]}}