{"id":15331,"date":"2025-12-04T10:27:20","date_gmt":"2025-12-04T10:27:20","guid":{"rendered":"https:\/\/ihsproject.org\/?page_id=15331"},"modified":"2025-12-04T10:29:07","modified_gmt":"2025-12-04T10:29:07","slug":"december-04-2025","status":"publish","type":"page","link":"https:\/\/ihsproject.org\/sq\/december-04-2025\/","title":{"rendered":"Dhjetor\u00eb 04, 2025"},"content":{"rendered":"<div data-elementor-type=\"wp-page\" data-elementor-id=\"15331\" class=\"elementor elementor-15331\">\n\t\t\t\t<div class=\"elementor-element elementor-element-fa6897b e-flex e-con-boxed e-con e-parent\" data-id=\"fa6897b\" data-element_type=\"container\" data-core-v316-plus=\"true\">\n\t\t\t\t\t<div class=\"e-con-inner\">\n\t\t\t\t<div class=\"elementor-element elementor-element-7f4b461 elementor-widget elementor-widget-image\" data-id=\"7f4b461\" data-element_type=\"widget\" data-widget_type=\"image.default\">\n\t\t\t\t<div class=\"elementor-widget-container\">\n\t\t\t\t\t\t\t\t\t\t\t\t\t<img fetchpriority=\"high\" decoding=\"async\" width=\"1600\" height=\"900\" src=\"https:\/\/ihsproject.org\/wp-content\/uploads\/2025\/12\/Joint-Steering-Committee-Meetings-of-AQH-and-IHS-Reviewed-Progress-and-Confirmed-2026-Priorities.jpg\" class=\"attachment-full size-full wp-image-15329\" alt=\"\" srcset=\"https:\/\/ihsproject.org\/wp-content\/uploads\/2025\/12\/Joint-Steering-Committee-Meetings-of-AQH-and-IHS-Reviewed-Progress-and-Confirmed-2026-Priorities.jpg 1600w, https:\/\/ihsproject.org\/wp-content\/uploads\/2025\/12\/Joint-Steering-Committee-Meetings-of-AQH-and-IHS-Reviewed-Progress-and-Confirmed-2026-Priorities-300x169.jpg 300w, https:\/\/ihsproject.org\/wp-content\/uploads\/2025\/12\/Joint-Steering-Committee-Meetings-of-AQH-and-IHS-Reviewed-Progress-and-Confirmed-2026-Priorities-1024x576.jpg 1024w, https:\/\/ihsproject.org\/wp-content\/uploads\/2025\/12\/Joint-Steering-Committee-Meetings-of-AQH-and-IHS-Reviewed-Progress-and-Confirmed-2026-Priorities-768x432.jpg 768w, https:\/\/ihsproject.org\/wp-content\/uploads\/2025\/12\/Joint-Steering-Committee-Meetings-of-AQH-and-IHS-Reviewed-Progress-and-Confirmed-2026-Priorities-1536x864.jpg 1536w, https:\/\/ihsproject.org\/wp-content\/uploads\/2025\/12\/Joint-Steering-Committee-Meetings-of-AQH-and-IHS-Reviewed-Progress-and-Confirmed-2026-Priorities-18x10.jpg 18w\" sizes=\"(max-width: 1600px) 100vw, 1600px\" \/>\t\t\t\t\t\t\t\t\t\t\t\t\t<\/div>\n\t\t\t\t<\/div>\n\t\t\t\t\t<\/div>\n\t\t\t\t<\/div>\n\t\t<div class=\"elementor-element elementor-element-38fdf48 e-flex e-con-boxed e-con e-parent\" data-id=\"38fdf48\" data-element_type=\"container\" data-core-v316-plus=\"true\">\n\t\t\t\t\t<div class=\"e-con-inner\">\n\t\t\t\t<div class=\"elementor-element elementor-element-dbdea57 elementor-widget elementor-widget-heading\" data-id=\"dbdea57\" data-element_type=\"widget\" data-widget_type=\"heading.default\">\n\t\t\t\t<div class=\"elementor-widget-container\">\n\t\t\t<h2 class=\"elementor-heading-title elementor-size-default\">Shqyrtohet progresi dhe konfirmohen prioritetet p\u00ebr 2026 gjat\u00eb takimit t\u00eb p\u00ebrbashk\u00ebt t\u00eb Komiteteve Drejtuese t\u00eb AQH dhe IHS<\/h2>\t\t<\/div>\n\t\t\t\t<\/div>\n\t\t\t\t<div class=\"elementor-element elementor-element-8d3d153 elementor-widget elementor-widget-text-editor\" data-id=\"8d3d153\" data-element_type=\"widget\" data-widget_type=\"text-editor.default\">\n\t\t\t\t<div class=\"elementor-widget-container\">\n\t\t\t\t\t\t\t<p style=\"font-weight: 400;\">M\u00eb 2 dhjetor 2025, Komitetet Drejtuese t\u00eb projekteve Kujdes Sh\u00ebndet\u00ebsor t\u00eb Qassh\u00ebm dhe me Cil\u00ebsi (AQH) dhe Sh\u00ebrbime t\u00eb Integruara Sh\u00ebndet\u00ebsore (IHS) u mblodh\u00ebn p\u00ebr her\u00eb t\u00eb par\u00eb n\u00eb format t\u00eb p\u00ebrbashk\u00ebt p\u00ebr t\u00eb shqyrtuar progresin dhe prioritetet p\u00ebr vitin 2026.<\/p><p style=\"font-weight: 400;\">N\u00eb sesionin formal, fjal\u00ebn hyr\u00ebse e mbajt\u00ebn p\u00ebrfaq\u00ebsues t\u00eb lart\u00eb t\u00eb Zyr\u00ebs Zvicerane p\u00ebr Bashk\u00ebpunim dhe Ministris\u00eb s\u00eb Sh\u00ebndet\u00ebsis\u00eb s\u00eb Kosov\u00ebs, pasuar nga shqyrtimi dhe miratimi i Raporteve t\u00eb Progresit t\u00eb Mesvitit 2025 p\u00ebr AQH dhe IHS, si dhe miratimi i Planeve Vjetore t\u00eb Operimeve p\u00ebr vitin 2026 p\u00ebr t\u00eb dy projektet, duke koordinuar drejtimin p\u00ebr ciklin e ardhsh\u00ebm t\u00eb zbatimit.<\/p><p style=\"font-weight: 400;\">Diskutimet theksuan prioritetet strategjike t\u00eb Ministris\u00eb s\u00eb Sh\u00ebndet\u00ebsis\u00eb, p\u00ebrmir\u00ebsimin e vazhduesh\u00ebm t\u00eb cil\u00ebsis\u00eb s\u00eb sh\u00ebrbimeve, si dhe r\u00ebnd\u00ebsin\u00eb e integrimit t\u00eb z\u00ebrit t\u00eb pacientit dhe qasjes s\u00eb p\u00ebrqendruar te pacienti n\u00eb t\u00eb gjitha nivelet e ofrimit t\u00eb kujdesit sh\u00ebndet\u00ebsor.<\/p><p style=\"font-weight: 400;\">Dita p\u00ebrfshiu vizita n\u00eb terren n\u00eb Spitalin e P\u00ebrgjithsh\u00ebm dhe Qendr\u00ebn Kryesore t\u00eb Mjek\u00ebsis\u00eb Familjare n\u00eb Pej\u00eb, ku an\u00ebtar\u00ebt pan\u00eb nga af\u00ebr arritjet e zbatimit. K\u00ebto vizita u ofruan an\u00ebtar\u00ebve t\u00eb Komiteteve Drejtuese mund\u00ebsin\u00eb t\u00eb angazhohen drejtp\u00ebrdrejt me ofruesit e kujdesit sh\u00ebndet\u00ebsor dhe pacient\u00ebt, si dhe t\u00eb v\u00ebzhgojn\u00eb rezultatet si n\u00eb nivelin sekondar ashtu edhe n\u00eb at\u00eb primar t\u00eb kujdesit.<\/p><p style=\"font-weight: 400;\">Takimi i p\u00ebrbashk\u00ebt mblodhi s\u00eb bashku p\u00ebrfaq\u00ebsues t\u00eb lart\u00eb t\u00eb Ministris\u00eb s\u00eb Sh\u00ebndet\u00ebsis\u00eb, Zyr\u00ebs Zvicerane p\u00ebr Bashk\u00ebpunim, Sh\u00ebrbimit Spitalor dhe Klinik Universitar t\u00eb Kosov\u00ebs, Institutit Komb\u00ebtar t\u00eb Sh\u00ebndet\u00ebsis\u00eb Publike, Spitaleve t\u00eb P\u00ebrgjithshme t\u00eb Pej\u00ebs dhe Gjakov\u00ebs, udh\u00ebheqjes komunale t\u00eb sh\u00ebndet\u00ebsis\u00eb, Shoqat\u00ebs p\u00ebr t\u00eb Drejtat e Pacient\u00ebve t\u00eb Kosov\u00ebs, dhe Odave t\u00eb Infermier\u00ebve, s\u00eb bashku me ekipet zbatuese t\u00eb projekteve.<\/p>\t\t\t\t\t\t<\/div>\n\t\t\t\t<\/div>\n\t\t\t\t\t<\/div>\n\t\t\t\t<\/div>\n\t\t\t\t<\/div>","protected":false},"excerpt":{"rendered":"<p>Joint Steering Committee Meetings of AQH and IHS Reviewed Progress and Confirmed 2026 Priorities On 2 December 2025, the Steering Committees of the Accessible Quality Healthcare (AQH) and Integrated Healthcare Services (IHS) met for the first time in a joint format to review progress and 2026 priorities. In the formal session, seior representatvies of the [&hellip;]<\/p>","protected":false},"author":1,"featured_media":0,"parent":0,"menu_order":0,"comment_status":"closed","ping_status":"closed","template":"","meta":[],"_links":{"self":[{"href":"https:\/\/ihsproject.org\/sq\/wp-json\/wp\/v2\/pages\/15331"}],"collection":[{"href":"https:\/\/ihsproject.org\/sq\/wp-json\/wp\/v2\/pages"}],"about":[{"href":"https:\/\/ihsproject.org\/sq\/wp-json\/wp\/v2\/types\/page"}],"author":[{"embeddable":true,"href":"https:\/\/ihsproject.org\/sq\/wp-json\/wp\/v2\/users\/1"}],"replies":[{"embeddable":true,"href":"https:\/\/ihsproject.org\/sq\/wp-json\/wp\/v2\/comments?post=15331"}],"version-history":[{"count":4,"href":"https:\/\/ihsproject.org\/sq\/wp-json\/wp\/v2\/pages\/15331\/revisions"}],"predecessor-version":[{"id":15336,"href":"https:\/\/ihsproject.org\/sq\/wp-json\/wp\/v2\/pages\/15331\/revisions\/15336"}],"wp:attachment":[{"href":"https:\/\/ihsproject.org\/sq\/wp-json\/wp\/v2\/media?parent=15331"}],"curies":[{"name":"wp","href":"https:\/\/api.w.org\/{rel}","templated":true}]}}