{"id":15291,"date":"2025-11-18T07:41:09","date_gmt":"2025-11-18T07:41:09","guid":{"rendered":"https:\/\/ihsproject.org\/?page_id=15291"},"modified":"2025-11-18T07:42:50","modified_gmt":"2025-11-18T07:42:50","slug":"november-17-2025","status":"publish","type":"page","link":"https:\/\/ihsproject.org\/sq\/november-17-2025\/","title":{"rendered":"N\u00ebntor\u00eb 17, 2025"},"content":{"rendered":"<div data-elementor-type=\"wp-page\" data-elementor-id=\"15291\" class=\"elementor elementor-15291\">\n\t\t\t\t<div class=\"elementor-element elementor-element-392c0d1 e-flex e-con-boxed e-con e-parent\" data-id=\"392c0d1\" data-element_type=\"container\" data-core-v316-plus=\"true\">\n\t\t\t\t\t<div class=\"e-con-inner\">\n\t\t\t\t<div class=\"elementor-element elementor-element-f22d3ae elementor-widget elementor-widget-image\" data-id=\"f22d3ae\" data-element_type=\"widget\" data-widget_type=\"image.default\">\n\t\t\t\t<div class=\"elementor-widget-container\">\n\t\t\t\t\t\t\t\t\t\t\t\t\t<img fetchpriority=\"high\" decoding=\"async\" width=\"1600\" height=\"900\" src=\"https:\/\/ihsproject.org\/wp-content\/uploads\/2025\/11\/Kosovo-for-the-First-Time-at-the-World-Hospital-Congress-in-Switzerland.jpg\" class=\"attachment-full size-full wp-image-15292\" alt=\"\" srcset=\"https:\/\/ihsproject.org\/wp-content\/uploads\/2025\/11\/Kosovo-for-the-First-Time-at-the-World-Hospital-Congress-in-Switzerland.jpg 1600w, https:\/\/ihsproject.org\/wp-content\/uploads\/2025\/11\/Kosovo-for-the-First-Time-at-the-World-Hospital-Congress-in-Switzerland-300x169.jpg 300w, https:\/\/ihsproject.org\/wp-content\/uploads\/2025\/11\/Kosovo-for-the-First-Time-at-the-World-Hospital-Congress-in-Switzerland-1024x576.jpg 1024w, https:\/\/ihsproject.org\/wp-content\/uploads\/2025\/11\/Kosovo-for-the-First-Time-at-the-World-Hospital-Congress-in-Switzerland-768x432.jpg 768w, https:\/\/ihsproject.org\/wp-content\/uploads\/2025\/11\/Kosovo-for-the-First-Time-at-the-World-Hospital-Congress-in-Switzerland-1536x864.jpg 1536w, https:\/\/ihsproject.org\/wp-content\/uploads\/2025\/11\/Kosovo-for-the-First-Time-at-the-World-Hospital-Congress-in-Switzerland-18x10.jpg 18w\" sizes=\"(max-width: 1600px) 100vw, 1600px\" \/>\t\t\t\t\t\t\t\t\t\t\t\t\t<\/div>\n\t\t\t\t<\/div>\n\t\t\t\t\t<\/div>\n\t\t\t\t<\/div>\n\t\t<div class=\"elementor-element elementor-element-d677845 e-flex e-con-boxed e-con e-parent\" data-id=\"d677845\" data-element_type=\"container\" data-core-v316-plus=\"true\">\n\t\t\t\t\t<div class=\"e-con-inner\">\n\t\t\t\t<div class=\"elementor-element elementor-element-ae834ce elementor-widget elementor-widget-heading\" data-id=\"ae834ce\" data-element_type=\"widget\" data-widget_type=\"heading.default\">\n\t\t\t\t<div class=\"elementor-widget-container\">\n\t\t\t<h2 class=\"elementor-heading-title elementor-size-default\">Kosova p\u00ebr her\u00eb t\u00eb par\u00eb n\u00eb Kongresin Bot\u00ebror t\u00eb Spitaleve n\u00eb Zvic\u00ebr<\/h2>\t\t<\/div>\n\t\t\t\t<\/div>\n\t\t\t\t<div class=\"elementor-element elementor-element-dd5c834 elementor-widget elementor-widget-text-editor\" data-id=\"dd5c834\" data-element_type=\"widget\" data-widget_type=\"text-editor.default\">\n\t\t\t\t<div class=\"elementor-widget-container\">\n\t\t\t\t\t\t\t<p class=\"m_-3024406195573053230elementtoproof\">M\u00eb 10 \u2013 13 n\u00ebntor 2025, nj\u00eb delegacion i institucioneve t\u00eb sektorit sh\u00ebndet\u00ebsor t\u00eb Kosov\u00ebs mori pjes\u00eb n\u00eb Kongresin e 48-t\u00eb Bot\u00ebror t\u00eb Spitaleve, q\u00eb u mbajt n\u00eb Gjenev\u00eb, Zvic\u00ebr. Ky kongres ishte tubim global i drejtuesve t\u00eb spitaleve dhe sistemeve sh\u00ebndet\u00ebsore, q\u00eb k\u00ebt\u00eb vit u zhvillua n\u00ebn tem\u00ebn \u201cM\u00ebsim global, veprim lokal p\u00ebr \u00e7do pacient\u201d. Ai mblodhi mbi 1,500 pjes\u00ebmarr\u00ebs nga m\u00eb shum\u00eb se 80 shtete, p\u00ebrfshir\u00eb politikb\u00ebr\u00ebs t\u00eb lart\u00eb, drejtor\u00eb spitalesh, klinicist\u00eb dhe inovator\u00eb q\u00eb po form\u00ebsojn\u00eb t\u00eb ardhmen e sh\u00ebndet\u00ebsis\u00eb.<u><\/u><u><\/u><\/p><p>\u00a0<u><\/u><u><\/u>Delegacioni i Kosov\u00ebs u kryesua nga z. Jah\u00eb Gecaj, U.d. Sekretar i P\u00ebrgjithsh\u00ebm i Ministris\u00eb s\u00eb Sh\u00ebndet\u00ebsis\u00eb, i cili e p\u00ebrshkroi pjes\u00ebmarrjen e Kosov\u00ebs p\u00ebr her\u00eb t\u00eb par\u00eb n\u00eb k\u00ebt\u00eb kongres si nj\u00eb moment t\u00eb r\u00ebnd\u00ebsish\u00ebm n\u00eb forcimin e bashk\u00ebpunimit nd\u00ebrkomb\u00ebtar n\u00eb sh\u00ebndet\u00ebsi dhe p\u00ebrpjekjeve p\u00ebr p\u00ebrparim.<u><\/u><u><\/u><\/p><p>\u00a0<u><\/u><u><\/u>\u201cPjes\u00ebmarrja jon\u00eb n\u00eb k\u00ebt\u00eb forum nd\u00ebrkomb\u00ebtar tregon p\u00ebrkushtimin e Ministris\u00eb s\u00eb Sh\u00ebndet\u00ebsis\u00eb p\u00ebr t\u2019u rrjet\u00ebzuar me vendet e tjera, duke m\u00ebsuar nga p\u00ebrvojat m\u00eb t\u00eb mira dhe trendet globale p\u00ebr nj\u00eb kujdes sh\u00ebndet\u00ebsor m\u00eb cil\u00ebsor,\u201d tha z. Gecaj. \u201cP\u00ebrvojat q\u00eb kemi fituar do t\u00eb na sh\u00ebrbejn\u00eb p\u00ebr t\u00eb integruar n\u00eb reformat tona sh\u00ebndet\u00ebsore ato aspekte q\u00eb mund\u00ebsojn\u00eb kujdes t\u00eb sigurt dhe me cil\u00ebsi p\u00ebr pacient\u00ebt tan\u00eb.\u201d<u><\/u><u><\/u><\/p><p>\u00a0<u><\/u><u><\/u>Kjo \u00ebsht\u00eb hera e par\u00eb q\u00eb autoritetet sh\u00ebndet\u00ebsore t\u00eb Kosov\u00ebs p\u00ebrfaq\u00ebsohen n\u00eb nj\u00eb forum global q\u00eb mbledh lider\u00eb t\u00eb sektorit sh\u00ebndet\u00ebsor dhe spitalor nga mbar\u00eb bota. Kongresi ofroi diskutime vizionare mbi udh\u00ebheqjen spitalore, transformimin digjital, q\u00ebndrueshm\u00ebrin\u00eb n\u00eb sh\u00ebndet\u00ebsi, kujdesin e bazuar n\u00eb pacientin dhe modelet q\u00eb p\u00ebrmir\u00ebsojn\u00eb sigurin\u00eb dhe cil\u00ebsin\u00eb.<u><\/u><u><\/u><\/p><p>\u00a0<u><\/u><u><\/u>Delegacioni mori gjithashtu pjes\u00eb n\u00eb nj\u00eb vizit\u00eb studimore n\u00eb Spitalin Universitar t\u00eb Lozan\u00ebs \u2013 Spitalin e F\u00ebmij\u00ebve, nj\u00eb institucion pararoj\u00eb zviceran i njohur p\u00ebr kujdes pediatrik t\u00eb avancuar, ku ata pat\u00ebn mund\u00ebsi t\u00eb shohin nga af\u00ebr modelet e kujdesit t\u00eb integruar, nd\u00ebr m\u00eb t\u00eb avancuarat n\u00eb Evrop\u00eb.<u><\/u><u><\/u><\/p><p>\u00a0<u><\/u><u><\/u>Delegacioni i Kosov\u00ebs p\u00ebrfshinte zyrtar\u00eb t\u00eb lart\u00eb nga Ministria e Sh\u00ebndet\u00ebsis\u00eb, Qendra Klinike Universitare e Kosov\u00ebs, Spitali i P\u00ebrgjithsh\u00ebm i Pej\u00ebs dhe Kirurgjia Pediatrike n\u00eb QKUK.<u><\/u><u><\/u><\/p><p>\u00a0<u><\/u><u><\/u>Vizita u organizua p\u00ebrmes projektit Sh\u00ebrbimet Sh\u00ebndet\u00ebsore t\u00eb Integruara (IHS), q\u00eb m\u00eb her\u00ebt gjat\u00eb k\u00ebtij viti mund\u00ebsoi an\u00ebtar\u00ebsimin e Kosov\u00ebs n\u00eb Federat\u00ebn Nd\u00ebrkomb\u00ebtare t\u00eb Spitaleve. Kjo thekson angazhimin e vendit p\u00ebr t\u00eb m\u00ebsuar globalisht, p\u00ebr t\u00eb bashk\u00ebpunuar me vet\u00ebbesim dhe p\u00ebr t\u00eb sjell\u00eb ide t\u00eb reja p\u00ebr nj\u00eb sh\u00ebndet\u00ebsi m\u00eb t\u00eb mir\u00eb.<\/p>\t\t\t\t\t\t<\/div>\n\t\t\t\t<\/div>\n\t\t\t\t\t<\/div>\n\t\t\t\t<\/div>\n\t\t\t\t<\/div>","protected":false},"excerpt":{"rendered":"<p>Kosovo for the First Time at the World Hospital Congress in Switzerland On 10 \u2013 13 November 2025, a delegation of Kosovo\u2019s health sector institutions participated in the 48th World Hospital Congress, in Geneva, Switzerland. A global gathering of hospital and health system leaders, the Congress this year was held under the theme \u201cGlobal learning, [&hellip;]<\/p>","protected":false},"author":1,"featured_media":0,"parent":0,"menu_order":0,"comment_status":"closed","ping_status":"closed","template":"","meta":[],"_links":{"self":[{"href":"https:\/\/ihsproject.org\/sq\/wp-json\/wp\/v2\/pages\/15291"}],"collection":[{"href":"https:\/\/ihsproject.org\/sq\/wp-json\/wp\/v2\/pages"}],"about":[{"href":"https:\/\/ihsproject.org\/sq\/wp-json\/wp\/v2\/types\/page"}],"author":[{"embeddable":true,"href":"https:\/\/ihsproject.org\/sq\/wp-json\/wp\/v2\/users\/1"}],"replies":[{"embeddable":true,"href":"https:\/\/ihsproject.org\/sq\/wp-json\/wp\/v2\/comments?post=15291"}],"version-history":[{"count":4,"href":"https:\/\/ihsproject.org\/sq\/wp-json\/wp\/v2\/pages\/15291\/revisions"}],"predecessor-version":[{"id":15299,"href":"https:\/\/ihsproject.org\/sq\/wp-json\/wp\/v2\/pages\/15291\/revisions\/15299"}],"wp:attachment":[{"href":"https:\/\/ihsproject.org\/sq\/wp-json\/wp\/v2\/media?parent=15291"}],"curies":[{"name":"wp","href":"https:\/\/api.w.org\/{rel}","templated":true}]}}