{"id":15276,"date":"2025-10-20T16:10:40","date_gmt":"2025-10-20T16:10:40","guid":{"rendered":"https:\/\/ihsproject.org\/?page_id=15276"},"modified":"2025-10-20T16:42:34","modified_gmt":"2025-10-20T16:42:34","slug":"october-20-2025-impact-story","status":"publish","type":"page","link":"https:\/\/ihsproject.org\/sq\/october-20-2025-impact-story\/","title":{"rendered":"Tetor 20, 2025 - Tregime p\u00ebr Impaktin"},"content":{"rendered":"<div data-elementor-type=\"wp-page\" data-elementor-id=\"15276\" class=\"elementor elementor-15276\">\n\t\t\t\t<div class=\"elementor-element elementor-element-20afa54 e-flex e-con-boxed e-con e-parent\" data-id=\"20afa54\" data-element_type=\"container\" data-core-v316-plus=\"true\">\n\t\t\t\t\t<div class=\"e-con-inner\">\n\t\t\t\t<div class=\"elementor-element elementor-element-646b1fc elementor-widget elementor-widget-heading\" data-id=\"646b1fc\" data-element_type=\"widget\" data-widget_type=\"heading.default\">\n\t\t\t\t<div class=\"elementor-widget-container\">\n\t\t\t<h2 class=\"elementor-heading-title elementor-size-default\">Spitalet e Kosov\u00ebs e sjellin diagnostikimin e komplikimeve t\u00eb diabetit m\u00eb af\u00ebr pacient\u00ebve<\/h2>\t\t<\/div>\n\t\t\t\t<\/div>\n\t\t\t\t\t<\/div>\n\t\t\t\t<\/div>\n\t\t<div class=\"elementor-element elementor-element-86a5824 e-flex e-con-boxed e-con e-parent\" data-id=\"86a5824\" data-element_type=\"container\" data-core-v316-plus=\"true\">\n\t\t\t\t\t<div class=\"e-con-inner\">\n\t\t\t\t<div class=\"elementor-element elementor-element-237d553 elementor-widget elementor-widget-text-editor\" data-id=\"237d553\" data-element_type=\"widget\" data-widget_type=\"text-editor.default\">\n\t\t\t\t<div class=\"elementor-widget-container\">\n\t\t\t\t\t\t\t<p class=\"p1\">Kur Virxhina Salihu u ul p\u00ebr t\u00eb b\u00ebr\u00eb p\u00ebr her\u00eb t\u00eb par\u00eb testin e Elektroneuromiografis\u00eb (ENMG) n\u00eb Spitalin e P\u00ebrgjithsh\u00ebm t\u00eb Gjakov\u00ebs, ajo nuk e priste q\u00eb do t\u00eb b\u00ebhej pjes\u00eb e di\u00e7kaje m\u00eb t\u00eb madhe se nj\u00eb ekzaminim rutinor mjek\u00ebsor. \"Ishte ndjenj\u00eb e mir\u00eb t'i n\u00ebnshtrohesha ekzaminimit pa pasur nevoj\u00eb t\u00eb udh\u00ebtoja jasht\u00eb qytetit\", tha Salihu, e cila punon edhe n\u00eb mir\u00ebmbajtjen e higjien\u00ebs n\u00eb spital. \"B\u00ebra nj\u00eb ekzaminim shum\u00eb t\u00eb nevojsh\u00ebm p\u00ebr mua, por nj\u00ebkoh\u00ebsisht kontribuova edhe n\u00eb edukimin e m\u00ebtejsh\u00ebm t\u00eb mjek\u00ebve p\u00ebr p\u00ebrdorimin e pajisjes\". P\u00ebrvoja e saj pasqyron nj\u00eb ndryshim q\u00eb po ndodh n\u00eb Kosov\u00eb n\u00eb lidhje me ofrimin e kujdesit sh\u00ebndet\u00ebsor n\u00eb t\u00eb gjith\u00eb vendin.<\/p>\t\t\t\t\t\t<\/div>\n\t\t\t\t<\/div>\n\t\t\t\t\t<\/div>\n\t\t\t\t<\/div>\n\t\t<div class=\"elementor-element elementor-element-de2f91a e-flex e-con-boxed e-con e-parent\" data-id=\"de2f91a\" data-element_type=\"container\" data-core-v316-plus=\"true\">\n\t\t\t\t\t<div class=\"e-con-inner\">\n\t\t\t\t<div class=\"elementor-element elementor-element-9ae2345 elementor-widget elementor-widget-image\" data-id=\"9ae2345\" data-element_type=\"widget\" data-widget_type=\"image.default\">\n\t\t\t\t<div class=\"elementor-widget-container\">\n\t\t\t\t\t\t\t\t\t\t\t\t\t<img fetchpriority=\"high\" decoding=\"async\" width=\"1024\" height=\"858\" src=\"https:\/\/ihsproject.org\/wp-content\/uploads\/2025\/10\/Kosovos-Hospitals-Bring-Diabetic-Complications-Diagnostics-Closer-to-Patients.jpg\" class=\"attachment-full size-full wp-image-15274\" alt=\"\" srcset=\"https:\/\/ihsproject.org\/wp-content\/uploads\/2025\/10\/Kosovos-Hospitals-Bring-Diabetic-Complications-Diagnostics-Closer-to-Patients.jpg 1024w, https:\/\/ihsproject.org\/wp-content\/uploads\/2025\/10\/Kosovos-Hospitals-Bring-Diabetic-Complications-Diagnostics-Closer-to-Patients-300x251.jpg 300w, https:\/\/ihsproject.org\/wp-content\/uploads\/2025\/10\/Kosovos-Hospitals-Bring-Diabetic-Complications-Diagnostics-Closer-to-Patients-768x644.jpg 768w, https:\/\/ihsproject.org\/wp-content\/uploads\/2025\/10\/Kosovos-Hospitals-Bring-Diabetic-Complications-Diagnostics-Closer-to-Patients-14x12.jpg 14w\" sizes=\"(max-width: 1024px) 100vw, 1024px\" \/>\t\t\t\t\t\t\t\t\t\t\t\t\t<\/div>\n\t\t\t\t<\/div>\n\t\t\t\t<div class=\"elementor-element elementor-element-f368e39 elementor-widget elementor-widget-text-editor\" data-id=\"f368e39\" data-element_type=\"widget\" data-widget_type=\"text-editor.default\">\n\t\t\t\t<div class=\"elementor-widget-container\">\n\t\t\t\t\t\t\t<p class=\"p1\"><em>Neurolog\u00ebt e Kosov\u00ebs p\u00ebrfundojn\u00eb trajnimin p\u00ebr ENMG<\/em><\/p>\t\t\t\t\t\t<\/div>\n\t\t\t\t<\/div>\n\t\t\t\t<div class=\"elementor-element elementor-element-ca6f311 elementor-widget elementor-widget-text-editor\" data-id=\"ca6f311\" data-element_type=\"widget\" data-widget_type=\"text-editor.default\">\n\t\t\t\t<div class=\"elementor-widget-container\">\n\t\t\t\t\t\t\t<p class=\"p1\">Deri m\u00eb tani, pacient\u00ebt n\u00eb komuna si Gjakova dhe Peja kishin pak ose aspak qasje n\u00eb diagnostikime t\u00eb avancuara p\u00ebr neuropatit\u00eb diabetike. P\u00ebr individ\u00ebt q\u00eb jetojn\u00eb me s\u00ebmundje kronike jongjit\u00ebse (SKJ), ve\u00e7an\u00ebrisht diabet, kjo shpesh n\u00ebnkuptonte udh\u00ebtim p\u00ebr m\u00eb shum\u00eb se 80 kilometra deri n\u00eb kryeqytet, Prishtin\u00eb, p\u00ebr diagnostikimin e gjendjeve q\u00eb mund t\u00eb p\u00ebrkeq\u00ebsohen n\u00eb heshtje me kalimin e koh\u00ebs. Shum\u00eb pacient\u00eb, p\u00ebr arsye t\u00eb ndryshme, thjesht nuk e nd\u00ebrmerrnin k\u00ebt\u00eb hap. Pasojat zakonisht shfaqeshin vet\u00ebm at\u00ebher\u00eb kur ishte tep\u00ebr von\u00eb p\u00ebr t\u00eb nd\u00ebrhyr\u00eb.<\/p><p class=\"p1\">Duke e v\u00ebrejtur k\u00ebt\u00eb munges\u00eb q\u00eb k\u00ebrkon veprime urgjente, <a href=\"https:\/\/ihsproject.org\/sq\/\"><span class=\"s1\">Projekti Sh\u00ebrbime Sh\u00ebndet\u00ebsore t\u00eb Integruara (IHS)<\/span><\/a> filloi p\u00ebrpjekje t\u00eb koordinuara p\u00ebr ta p\u00ebrfshir\u00eb diagnostikimin ENMG n\u00eb spitalet rajonale t\u00eb vendit. ENMG \u00ebsht\u00eb metod\u00eb diagnostikuese q\u00eb p\u00ebrdoret p\u00ebr t\u00eb vler\u00ebsuar sh\u00ebndetin e muskujve dhe nervave q\u00eb i kontrollojn\u00eb ata. Tek personat me diabet, kjo teknologji ka r\u00ebnd\u00ebsi jetike: ajo identifikon simptomat e neuropatis\u00eb n\u00eb faz\u00eb t\u00eb hershme, gjurmon progresin e gjendjeve dhe udh\u00ebzon nd\u00ebrhyrje n\u00eb koh\u00eb p\u00ebrpara se nd\u00ebrlikimet t\u00eb \u00e7ojn\u00eb n\u00eb pasoja t\u00eb r\u00ebnda.<\/p><p class=\"p1\">Si pjes\u00eb e programit, pajisjet p\u00ebr ENMG u blen\u00eb p\u00ebr spitalet e p\u00ebrgjithshme n\u00eb Gjakov\u00eb dhe Pej\u00eb. Megjithat\u00eb, projekti nuk u kufizua vet\u00ebm n\u00eb sjelljen e pajisjeve. Ai u konceptua gjithashtu <a href=\"https:\/\/www.youtube.com\/watch?v=tEb0ntJC0Qo\"><span class=\"s1\">p\u00ebr t\u00eb nd\u00ebrtuar m\u00eb tej ekspertiz\u00ebn vendore p\u00ebrmes trajnimeve praktike p\u00ebr neurolog\u00ebt nga e gjith\u00eb Kosova.<\/span><\/a><\/p><p class=\"p1\">\u201cKy trajnim ka bashkuar mjek\u00eb nga spitalet e p\u00ebrgjithshme t\u00eb Kosov\u00ebs p\u00ebr t'i rifreskuar njohurit\u00eb tona n\u00eb fush\u00ebn e elektromiografis\u00eb\u201d, tha Dr. Valon Shala, nj\u00eb nga pjes\u00ebmarr\u00ebsit. P\u00ebr Dr. Adnan Biqkun, struktura e kursit ishte thelb\u00ebsore: \u201cTrajnimi \u00ebsht\u00eb i organizuar p\u00ebr t\u00eb na mund\u00ebsuar ta p\u00ebrdorim sakt\u00eb metod\u00ebn p\u00ebr diagnostikimin e gjendjeve t\u00eb pacient\u00ebve\u201d. I udh\u00ebhequr nga Dr. Vera Kukaj dhe Dr. Dren Boshnjaku, trajnimi synonte t'i pajiste mjek\u00ebt me njohuri teorike dhe aft\u00ebsi praktike, p\u00ebr t'u siguruar q\u00eb procedura jo vet\u00ebm t\u00eb jet\u00eb teknikisht e sakt\u00eb, por edhe e disponueshme rregullisht n\u00eb repartet ambulatore ku pacient\u00ebt mund ta p\u00ebrdorin at\u00eb drejtp\u00ebrdrejt, pa pasur v\u00ebshtir\u00ebsi n\u00eb ndjekjen e rrug\u00ebve aktuale t\u00eb referimit.<\/p><p class=\"p1\">\u201cQ\u00ebllimi \u00ebsht\u00eb t\u00eb forcohen burimet njer\u00ebzore q\u00eb do ta kryejn\u00eb k\u00ebt\u00eb procedur\u00eb tek pacient\u00ebt\u201d, tha Dr. Boshnjaku. Kontributi i r\u00ebnd\u00ebsish\u00ebm financiar i projektit p\u00ebr ta b\u00ebr\u00eb k\u00ebt\u00eb pajisje t\u00eb disponueshme n\u00eb t\u00eb dyja lokacionet vler\u00ebsohet shum\u00eb nga institucionet. \u201cP\u00ebrve\u00e7 k\u00ebsaj, jan\u00eb siguruar dy aparatura p\u00ebr ENMG dhe, si rezultat, dy rajonet e Gjakov\u00ebs dhe Pej\u00ebs tani do t\u00eb ken\u00eb qasje n\u00eb k\u00ebt\u00eb sh\u00ebrbim n\u00eb spitalet e tyre p\u00ebrkat\u00ebse, gj\u00eb q\u00eb gjithashtu ndihmon n\u00eb uljen e barr\u00ebs n\u00eb Qendr\u00ebn Klinike Universitare t\u00eb Kosov\u00ebs. P\u00ebr m\u00eb tep\u00ebr, sh\u00ebrbimi tani \u00ebsht\u00eb m\u00eb af\u00ebr vendbanimeve t\u00eb pacient\u00ebve, dhe n\u00eb t\u00eb nj\u00ebjt\u00ebn koh\u00eb, stafi mjek\u00ebsor i pranish\u00ebm n\u00eb spitale \u00ebsht\u00eb n\u00eb gjendje t\u00eb ofroj\u00eb sh\u00ebrbim t\u00eb kualifikuar.\u201d<\/p><p class=\"p1\">Diagnostikimet ENMG tashm\u00eb po p\u00ebrmir\u00ebsojn\u00eb kujdesin ndaj pacient\u00ebve. Njer\u00ebzit nuk kan\u00eb m\u00eb nevoj\u00eb t\u00eb udh\u00ebtojn\u00eb p\u00ebr n\u00eb kryeqytet p\u00ebr t'iu n\u00ebnshtruar k\u00ebtij diagnostikimi t\u00eb r\u00ebnd\u00ebsish\u00ebm. P\u00ebr Dr. Ilire Zajmin, nj\u00ebra nga pjes\u00ebmarr\u00ebsit, ndryshimi \u00ebsht\u00eb pozitiv. \u201cNe jemi grupi i par\u00eb i specialist\u00ebve q\u00eb i n\u00ebnshtrohen k\u00ebtij lloj trajnimi, k\u00ebshtu q\u00eb besoj se do t\u00eb jet\u00eb me vler\u00eb t\u00eb madhe p\u00ebr pacient\u00ebt. Deri m\u00eb tani, popullsia e Gjakov\u00ebs nuk ka pasur qasje n\u00eb k\u00ebt\u00eb lloj sh\u00ebrbimi. Q\u00eb tani e tutje, ai do t\u00eb jet\u00eb i disponuesh\u00ebm n\u00eb spitalin e Gjakov\u00ebs\u201d.<\/p>\t\t\t\t\t\t<\/div>\n\t\t\t\t<\/div>\n\t\t\t\t\t<\/div>\n\t\t\t\t<\/div>\n\t\t<div class=\"elementor-element elementor-element-9d5263b e-flex e-con-boxed e-con e-parent\" data-id=\"9d5263b\" data-element_type=\"container\" data-core-v316-plus=\"true\">\n\t\t\t\t\t<div class=\"e-con-inner\">\n\t\t<div class=\"elementor-element elementor-element-e08571c e-flex e-con-boxed e-con e-child\" data-id=\"e08571c\" data-element_type=\"container\">\n\t\t\t\t\t<div class=\"e-con-inner\">\n\t\t<div class=\"elementor-element elementor-element-ce93956 e-con-full e-flex e-con e-child\" data-id=\"ce93956\" data-element_type=\"container\">\n\t\t\t\t<div class=\"elementor-element elementor-element-498d2ec elementor-widget elementor-widget-image\" data-id=\"498d2ec\" data-element_type=\"widget\" data-widget_type=\"image.default\">\n\t\t\t\t<div class=\"elementor-widget-container\">\n\t\t\t\t\t\t\t\t\t\t\t\t\t<img decoding=\"async\" width=\"1024\" height=\"1365\" src=\"https:\/\/ihsproject.org\/wp-content\/uploads\/2025\/10\/Kosovos-Hospitals-Bring-Diabetic-Complications-Diagnostics-Closer-to-Patients_2.jpg\" class=\"attachment-full size-full wp-image-15275\" alt=\"\" srcset=\"https:\/\/ihsproject.org\/wp-content\/uploads\/2025\/10\/Kosovos-Hospitals-Bring-Diabetic-Complications-Diagnostics-Closer-to-Patients_2.jpg 1024w, https:\/\/ihsproject.org\/wp-content\/uploads\/2025\/10\/Kosovos-Hospitals-Bring-Diabetic-Complications-Diagnostics-Closer-to-Patients_2-225x300.jpg 225w, https:\/\/ihsproject.org\/wp-content\/uploads\/2025\/10\/Kosovos-Hospitals-Bring-Diabetic-Complications-Diagnostics-Closer-to-Patients_2-768x1024.jpg 768w, https:\/\/ihsproject.org\/wp-content\/uploads\/2025\/10\/Kosovos-Hospitals-Bring-Diabetic-Complications-Diagnostics-Closer-to-Patients_2-9x12.jpg 9w\" sizes=\"(max-width: 1024px) 100vw, 1024px\" \/>\t\t\t\t\t\t\t\t\t\t\t\t\t<\/div>\n\t\t\t\t<\/div>\n\t\t\t\t<div class=\"elementor-element elementor-element-d0f0ebe elementor-widget elementor-widget-text-editor\" data-id=\"d0f0ebe\" data-element_type=\"widget\" data-widget_type=\"text-editor.default\">\n\t\t\t\t<div class=\"elementor-widget-container\">\n\t\t\t\t\t\t\t<p class=\"p1\"><em>Trajnimi p\u00ebr ENMG n\u00eb zhvillim e sip\u00ebr p\u00ebr mjek\u00ebt n\u00eb Spitalin e P\u00ebrgjithsh\u00ebm t\u00eb Gjakov\u00ebs, Kosov\u00eb<\/em><\/p>\t\t\t\t\t\t<\/div>\n\t\t\t\t<\/div>\n\t\t\t\t<\/div>\n\t\t<div class=\"elementor-element elementor-element-35e1076 e-con-full e-flex e-con e-child\" data-id=\"35e1076\" data-element_type=\"container\">\n\t\t\t\t<div class=\"elementor-element elementor-element-f19cf11 elementor-widget elementor-widget-text-editor\" data-id=\"f19cf11\" data-element_type=\"widget\" data-widget_type=\"text-editor.default\">\n\t\t\t\t<div class=\"elementor-widget-container\">\n\t\t\t\t\t\t\t<p class=\"p1\">P\u00ebr pacient\u00ebt me diabet, zbulimi i hersh\u00ebm i nd\u00ebrlikimeve \u00ebsht\u00eb shum\u00eb i r\u00ebnd\u00ebsish\u00ebm p\u00ebr ta siguruar cil\u00ebsin\u00eb e jet\u00ebs. N\u00ebse zbulohet n\u00eb koh\u00eb, neuropatia mund t\u00eb menaxhohet p\u00ebr t\u00eb parandaluar pasoja t\u00eb r\u00ebnda si dhimbja kronike, humbja e l\u00ebvizshm\u00ebris\u00eb ose amputimi i gjymtyr\u00ebve. N\u00ebse nuk zbulohet, ajo progreson n\u00eb heshtje.<\/p><p class=\"p1\">\"Kjo iniciativ\u00eb \u00ebsht\u00eb n\u00eb p\u00ebrputhje me strategjin\u00eb komb\u00ebtare t\u00eb sh\u00ebndet\u00ebsis\u00eb\", tha Dr. Edmond Komoni, drejtor n\u00eb detyr\u00eb i Klinik\u00ebs s\u00eb Neurologjis\u00eb n\u00eb Qendr\u00ebn Klinike Universitare n\u00eb Prishtin\u00eb. \"Ajo p\u00ebrmir\u00ebson qasjen dhe cil\u00ebsin\u00eb n\u00eb t\u00eb gjitha nivelet e kujdesit duke forcuar kapacitetet moderne t\u00eb kujdesit sh\u00ebndet\u00ebsor n\u00eb nivelin e spitaleve t\u00eb p\u00ebrgjithshme.\"<\/p><p class=\"p1\">P\u00ebrfshirja e ENMG n\u00eb repartet ambulatore n\u00eb spitalet rajonale jo vet\u00ebm q\u00eb decentralizon trajtimin, por pasqyron edhe mandatin m\u00eb t\u00eb gjer\u00eb t\u00eb Projektit IHS p\u00ebr t\u00eb kontribuar n\u00eb nj\u00eb sistem m\u00eb t\u00eb integruar t\u00eb kujdesit sh\u00ebndet\u00ebsor n\u00eb Kosov\u00eb. Duke lidhur m\u00eb tej kujdesin par\u00ebsor, dyt\u00ebsor dhe tret\u00ebsor, projekti siguron q\u00eb pacient\u00ebt t\u00eb marrin sh\u00ebrbime t\u00eb p\u00ebrshtatshme dhe n\u00eb koh\u00eb n\u00eb \u00e7do pik\u00eb gjat\u00eb rrug\u00ebtimit t\u00eb tyre sh\u00ebndet\u00ebsor. Nj\u00eb qasje e till\u00eb e koordinuar dhe e lokalizuar n\u00eb diagnostik\u00eb \u00ebsht\u00eb thelb\u00ebsore n\u00eb menaxhimin efektiv t\u00eb s\u00ebmundjeve kronike.<\/p><p class=\"p1\">Si\u00e7 u tha nga Dr. Boshnjaku, ENMG u jep pacient\u00ebve dhe mjek\u00ebve mjetet p\u00ebr ta monitoruar progresin e s\u00ebmundjes me sakt\u00ebsi t\u00eb lart\u00eb. Kjo mund\u00ebson q\u00eb d\u00ebmtimi i nervave t\u00eb zbulohet m\u00eb her\u00ebt dhe parandalon nd\u00ebrlikimet q\u00eb mund t\u00eb jen\u00eb k\u00ebrc\u00ebnuese p\u00ebr jet\u00ebn ose q\u00eb mund ta ndryshojn\u00eb cil\u00ebsin\u00eb e saj. Ndoshta m\u00eb e r\u00ebnd\u00ebsishmja \u00ebsht\u00eb se kjo u mund\u00ebson pacient\u00ebve ta menaxhojn\u00eb gjendjen e tyre n\u00eb m\u00ebnyr\u00eb t\u00eb optimizuar p\u00ebr ta ruajtur cil\u00ebsin\u00eb e jet\u00ebs, e q\u00eb ndoshta \u00ebsht\u00eb rezultati m\u00eb i vlefsh\u00ebm nga t\u00eb gjith\u00eb.<\/p>\t\t\t\t\t\t<\/div>\n\t\t\t\t<\/div>\n\t\t\t\t<\/div>\n\t\t\t\t\t<\/div>\n\t\t\t\t<\/div>\n\t\t\t\t\t<\/div>\n\t\t\t\t<\/div>\n\t\t<div class=\"elementor-element elementor-element-c891a15 e-flex e-con-boxed e-con e-parent\" data-id=\"c891a15\" data-element_type=\"container\" data-core-v316-plus=\"true\">\n\t\t\t\t\t<div class=\"e-con-inner\">\n\t\t\t\t<div class=\"elementor-element elementor-element-ec8f905 elementor-widget elementor-widget-text-editor\" data-id=\"ec8f905\" data-element_type=\"widget\" data-widget_type=\"text-editor.default\">\n\t\t\t\t<div class=\"elementor-widget-container\">\n\t\t\t\t\t\t\t<p class=\"p1\">Rezultatet e hershme jan\u00eb t\u00eb mira. Gjithnj\u00eb e m\u00eb shum\u00eb pacient\u00eb po p\u00ebrfitojn\u00eb nga sh\u00ebrbimi. Mjek\u00ebt raportojn\u00eb vet\u00ebdijesim m\u00eb t\u00eb lart\u00eb n\u00eb mesin e pacient\u00ebve t\u00eb tyre n\u00eb lidhje me rreziqet e nd\u00ebrlikimeve dhe p\u00ebrfitimet q\u00eb sjellin ekzaminimet pasuese diagnostike. Sa m\u00eb shum\u00eb njer\u00ebz t\u00eb p\u00ebrfitojn\u00eb nga ky ekzaminim tashm\u00eb i disponuesh\u00ebm, aq m\u00eb shum\u00eb prej tyre do t\u00eb jen\u00eb n\u00eb gjendje t'i identifikojn\u00eb problemet e tyre sh\u00ebndet\u00ebsore n\u00eb faz\u00eb m\u00eb t\u00eb hershme dhe m\u00eb t\u00eb trajtueshme.<\/p><p class=\"p1\">K\u00ebshtu vjen p\u00ebrmir\u00ebsimi, qet\u00ebsisht, por fuqish\u00ebm dhe n\u00eb m\u00ebnyr\u00eb t\u00eb q\u00ebndrueshme. Kur pacient\u00ebt jan\u00eb t\u00eb vet\u00ebdijsh\u00ebm p\u00ebr rreziqet e tyre, kur mjek\u00ebt kan\u00eb dijen dhe mjetet e duhura p\u00ebr t\u00eb reaguar, dhe kur sh\u00ebrbimet jan\u00eb t\u00eb disponueshme n\u00eb t\u00eb gjitha pikat e sistemit sh\u00ebndet\u00ebsor, kujdesi b\u00ebhet jo vet\u00ebm m\u00eb i mir\u00eb, por edhe m\u00eb njer\u00ebzor. P\u00ebr Salihun, ndikimi ishte i menj\u00ebhersh\u00ebm dhe personal. P\u00ebr shum\u00eb t\u00eb tjer\u00eb, fakti q\u00eb sh\u00ebrbimet e ENMG po ofrohen n\u00eb spitalet e tyre rajonale p\u00ebrb\u00ebn nj\u00eb pik\u00eb kthese n\u00eb m\u00ebnyr\u00ebn e p\u00ebrjetimit dhe marrjes s\u00eb kujdesit sh\u00ebndet\u00ebsor, vet\u00ebm disa hapa larg sht\u00ebpis\u00eb.<\/p>\t\t\t\t\t\t<\/div>\n\t\t\t\t<\/div>\n\t\t\t\t\t<\/div>\n\t\t\t\t<\/div>\n\t\t<div class=\"elementor-element elementor-element-11d0cb3 e-flex e-con-boxed e-con e-parent\" data-id=\"11d0cb3\" data-element_type=\"container\" data-core-v316-plus=\"true\">\n\t\t\t\t\t<div class=\"e-con-inner\">\n\t\t\t\t\t<\/div>\n\t\t\t\t<\/div>\n\t\t\t\t<\/div>","protected":false},"excerpt":{"rendered":"<p>Kosovo\u2019s Hospitals Bring Diabetic Complications\u2019 Diagnostics Closer to Patients When Virxhina Salihu settled down for her first Electroneuromyography (ENMG) test at the General Hospital of Gjakova, she did not expect to be part of something larger than a routine medical exam. \u201cIt felt good to undergo the examination without having to travel outside of the [&hellip;]<\/p>","protected":false},"author":1,"featured_media":0,"parent":0,"menu_order":0,"comment_status":"closed","ping_status":"closed","template":"","meta":[],"_links":{"self":[{"href":"https:\/\/ihsproject.org\/sq\/wp-json\/wp\/v2\/pages\/15276"}],"collection":[{"href":"https:\/\/ihsproject.org\/sq\/wp-json\/wp\/v2\/pages"}],"about":[{"href":"https:\/\/ihsproject.org\/sq\/wp-json\/wp\/v2\/types\/page"}],"author":[{"embeddable":true,"href":"https:\/\/ihsproject.org\/sq\/wp-json\/wp\/v2\/users\/1"}],"replies":[{"embeddable":true,"href":"https:\/\/ihsproject.org\/sq\/wp-json\/wp\/v2\/comments?post=15276"}],"version-history":[{"count":4,"href":"https:\/\/ihsproject.org\/sq\/wp-json\/wp\/v2\/pages\/15276\/revisions"}],"predecessor-version":[{"id":15282,"href":"https:\/\/ihsproject.org\/sq\/wp-json\/wp\/v2\/pages\/15276\/revisions\/15282"}],"wp:attachment":[{"href":"https:\/\/ihsproject.org\/sq\/wp-json\/wp\/v2\/media?parent=15276"}],"curies":[{"name":"wp","href":"https:\/\/api.w.org\/{rel}","templated":true}]}}