{"id":15234,"date":"2025-10-14T10:26:54","date_gmt":"2025-10-14T10:26:54","guid":{"rendered":"https:\/\/ihsproject.org\/?page_id=15234"},"modified":"2025-10-14T10:28:15","modified_gmt":"2025-10-14T10:28:15","slug":"october-14-2025","status":"publish","type":"page","link":"https:\/\/ihsproject.org\/sq\/october-14-2025\/","title":{"rendered":"Tetor 14, 2025"},"content":{"rendered":"<div data-elementor-type=\"wp-page\" data-elementor-id=\"15234\" class=\"elementor elementor-15234\">\n\t\t\t\t<div class=\"elementor-element elementor-element-25858cc e-flex e-con-boxed e-con e-parent\" data-id=\"25858cc\" data-element_type=\"container\" data-core-v316-plus=\"true\">\n\t\t\t\t\t<div class=\"e-con-inner\">\n\t\t\t\t<div class=\"elementor-element elementor-element-8730e5b elementor-widget elementor-widget-image\" data-id=\"8730e5b\" data-element_type=\"widget\" data-widget_type=\"image.default\">\n\t\t\t\t<div class=\"elementor-widget-container\">\n\t\t\t\t\t\t\t\t\t\t\t\t\t<img fetchpriority=\"high\" decoding=\"async\" width=\"1600\" height=\"900\" src=\"https:\/\/ihsproject.org\/wp-content\/uploads\/2025\/10\/Further-Work-on-Important-Protocols-and-Procedures.jpg\" class=\"attachment-full size-full wp-image-15232\" alt=\"\" srcset=\"https:\/\/ihsproject.org\/wp-content\/uploads\/2025\/10\/Further-Work-on-Important-Protocols-and-Procedures.jpg 1600w, https:\/\/ihsproject.org\/wp-content\/uploads\/2025\/10\/Further-Work-on-Important-Protocols-and-Procedures-300x169.jpg 300w, https:\/\/ihsproject.org\/wp-content\/uploads\/2025\/10\/Further-Work-on-Important-Protocols-and-Procedures-1024x576.jpg 1024w, https:\/\/ihsproject.org\/wp-content\/uploads\/2025\/10\/Further-Work-on-Important-Protocols-and-Procedures-768x432.jpg 768w, https:\/\/ihsproject.org\/wp-content\/uploads\/2025\/10\/Further-Work-on-Important-Protocols-and-Procedures-1536x864.jpg 1536w, https:\/\/ihsproject.org\/wp-content\/uploads\/2025\/10\/Further-Work-on-Important-Protocols-and-Procedures-18x10.jpg 18w\" sizes=\"(max-width: 1600px) 100vw, 1600px\" \/>\t\t\t\t\t\t\t\t\t\t\t\t\t<\/div>\n\t\t\t\t<\/div>\n\t\t\t\t\t<\/div>\n\t\t\t\t<\/div>\n\t\t<div class=\"elementor-element elementor-element-928d642 e-flex e-con-boxed e-con e-parent\" data-id=\"928d642\" data-element_type=\"container\" data-core-v316-plus=\"true\">\n\t\t\t\t\t<div class=\"e-con-inner\">\n\t\t\t\t<div class=\"elementor-element elementor-element-77e023c elementor-widget elementor-widget-heading\" data-id=\"77e023c\" data-element_type=\"widget\" data-widget_type=\"heading.default\">\n\t\t\t\t<div class=\"elementor-widget-container\">\n\t\t\t<h2 class=\"elementor-heading-title elementor-size-default\">Vazhdon puna mbi protokollet dhe procedurat e r\u00ebnd\u00ebsishme<\/h2>\t\t<\/div>\n\t\t\t\t<\/div>\n\t\t\t\t<div class=\"elementor-element elementor-element-62036f0 elementor-widget elementor-widget-text-editor\" data-id=\"62036f0\" data-element_type=\"widget\" data-widget_type=\"text-editor.default\">\n\t\t\t\t<div class=\"elementor-widget-container\">\n\t\t\t\t\t\t\t<p style=\"font-weight: 400;\">Nd\u00ebrmjet 29 shtatorit dhe 3 tetorit 2025, Projekti Sh\u00ebrbimet Sh\u00ebndet\u00ebsore t\u00eb Integruara (IHS) organizoi nj\u00eb mision nga Dr. Mihai Horga, Ekspert Nd\u00ebrkomb\u00ebtar, p\u00ebr ta \u00e7uar p\u00ebrpara zhvillimin, monitorimin dhe zbatimin e Udh\u00ebrr\u00ebfyesve t\u00eb Praktik\u00ebs Klinike (UPK) dhe Procedurave Standarde t\u00eb Operimit (PSO) n\u00eb Kosov\u00eb.<\/p><p style=\"font-weight: 400;\">Gjat\u00eb gjith\u00eb jav\u00ebs, Dr. Horga punoi nga af\u00ebr me Ministrin\u00eb e Sh\u00ebndet\u00ebsis\u00eb, Sh\u00ebrbimin Spitalor dhe Klinik Universitar t\u00eb Kosov\u00ebs, Sekretariatin e UPK-ve dhe partner\u00ebt e IHS-s\u00eb p\u00ebr t'i shqyrtuar Termat e Referenc\u00ebs s\u00eb Sekretariatit, p\u00ebr t'i analizuar mekanizmat e monitorimit t\u00eb PSO-ve dhe p\u00ebr ta mb\u00ebshtetur hartimin e nj\u00eb baze t\u00eb dh\u00ebnash online t\u00eb UPK-ve. Si pik\u00eb kryesore ishte pun\u00ebtoria me Grupin Punues t\u00eb UPK-ve\/PSO-ve dhe takimet me Z\u00ebvend\u00ebsministrin e Sh\u00ebndet\u00ebsis\u00eb, Dr. Arsim Berish\u00ebn, dhe Z. Niman Bardhin mbi p\u00ebrmir\u00ebsimin e koordinimit, burimeve dhe q\u00ebndrueshm\u00ebris\u00eb.<\/p><p style=\"font-weight: 400;\">Misioni p\u00ebrfundoi me rekomandime konkrete p\u00ebr ta forcuar qeverisjen, monitorimin dhe programet e trajnimit, duke p\u00ebrforcuar m\u00eb tej angazhimin e Projektit IHS p\u00ebr kujdes sh\u00ebndet\u00ebsor t\u00eb bazuar n\u00eb prova dhe t\u00eb drejtuar nga cil\u00ebsia n\u00eb Kosov\u00eb.<\/p>\t\t\t\t\t\t<\/div>\n\t\t\t\t<\/div>\n\t\t\t\t\t<\/div>\n\t\t\t\t<\/div>\n\t\t\t\t<\/div>","protected":false},"excerpt":{"rendered":"<p>Further Work on Important Protocols and Procedures Between 29 September to 3 October 2025, the Integrated Health Services (IHS) Project hosted a mission by Dr. Mihai Horga, International Expert, to advance the development, monitoring, and implementation of Clinical Practice Guidelines (CPGs) and Standard Operating Procedures (SOPs) in Kosovo. Throughout the week, Dr. Horga worked closely [&hellip;]<\/p>","protected":false},"author":1,"featured_media":0,"parent":0,"menu_order":0,"comment_status":"closed","ping_status":"closed","template":"","meta":[],"_links":{"self":[{"href":"https:\/\/ihsproject.org\/sq\/wp-json\/wp\/v2\/pages\/15234"}],"collection":[{"href":"https:\/\/ihsproject.org\/sq\/wp-json\/wp\/v2\/pages"}],"about":[{"href":"https:\/\/ihsproject.org\/sq\/wp-json\/wp\/v2\/types\/page"}],"author":[{"embeddable":true,"href":"https:\/\/ihsproject.org\/sq\/wp-json\/wp\/v2\/users\/1"}],"replies":[{"embeddable":true,"href":"https:\/\/ihsproject.org\/sq\/wp-json\/wp\/v2\/comments?post=15234"}],"version-history":[{"count":4,"href":"https:\/\/ihsproject.org\/sq\/wp-json\/wp\/v2\/pages\/15234\/revisions"}],"predecessor-version":[{"id":15239,"href":"https:\/\/ihsproject.org\/sq\/wp-json\/wp\/v2\/pages\/15234\/revisions\/15239"}],"wp:attachment":[{"href":"https:\/\/ihsproject.org\/sq\/wp-json\/wp\/v2\/media?parent=15234"}],"curies":[{"name":"wp","href":"https:\/\/api.w.org\/{rel}","templated":true}]}}