{"id":15204,"date":"2025-10-09T08:44:58","date_gmt":"2025-10-09T08:44:58","guid":{"rendered":"https:\/\/ihsproject.org\/?page_id=15204"},"modified":"2025-10-09T08:46:57","modified_gmt":"2025-10-09T08:46:57","slug":"october-09-2025","status":"publish","type":"page","link":"https:\/\/ihsproject.org\/sq\/october-09-2025\/","title":{"rendered":"Tetor 09, 2025"},"content":{"rendered":"<div data-elementor-type=\"wp-page\" data-elementor-id=\"15204\" class=\"elementor elementor-15204\">\n\t\t\t\t<div class=\"elementor-element elementor-element-7dd7c1b e-flex e-con-boxed e-con e-parent\" data-id=\"7dd7c1b\" data-element_type=\"container\" data-core-v316-plus=\"true\">\n\t\t\t\t\t<div class=\"e-con-inner\">\n\t\t\t\t<div class=\"elementor-element elementor-element-63d9638 elementor-widget elementor-widget-image\" data-id=\"63d9638\" data-element_type=\"widget\" data-widget_type=\"image.default\">\n\t\t\t\t<div class=\"elementor-widget-container\">\n\t\t\t\t\t\t\t\t\t\t\t\t\t<img fetchpriority=\"high\" decoding=\"async\" width=\"1600\" height=\"900\" src=\"https:\/\/ihsproject.org\/wp-content\/uploads\/2025\/10\/Patients-and-Staff-Insights-on-Future-Multifunctional-Reception-at-Gjakova-General-Hospital.jpg\" class=\"attachment-full size-full wp-image-15202\" alt=\"\" srcset=\"https:\/\/ihsproject.org\/wp-content\/uploads\/2025\/10\/Patients-and-Staff-Insights-on-Future-Multifunctional-Reception-at-Gjakova-General-Hospital.jpg 1600w, https:\/\/ihsproject.org\/wp-content\/uploads\/2025\/10\/Patients-and-Staff-Insights-on-Future-Multifunctional-Reception-at-Gjakova-General-Hospital-300x169.jpg 300w, https:\/\/ihsproject.org\/wp-content\/uploads\/2025\/10\/Patients-and-Staff-Insights-on-Future-Multifunctional-Reception-at-Gjakova-General-Hospital-1024x576.jpg 1024w, https:\/\/ihsproject.org\/wp-content\/uploads\/2025\/10\/Patients-and-Staff-Insights-on-Future-Multifunctional-Reception-at-Gjakova-General-Hospital-768x432.jpg 768w, https:\/\/ihsproject.org\/wp-content\/uploads\/2025\/10\/Patients-and-Staff-Insights-on-Future-Multifunctional-Reception-at-Gjakova-General-Hospital-1536x864.jpg 1536w, https:\/\/ihsproject.org\/wp-content\/uploads\/2025\/10\/Patients-and-Staff-Insights-on-Future-Multifunctional-Reception-at-Gjakova-General-Hospital-18x10.jpg 18w\" sizes=\"(max-width: 1600px) 100vw, 1600px\" \/>\t\t\t\t\t\t\t\t\t\t\t\t\t<\/div>\n\t\t\t\t<\/div>\n\t\t\t\t\t<\/div>\n\t\t\t\t<\/div>\n\t\t<div class=\"elementor-element elementor-element-4bd2a99 e-flex e-con-boxed e-con e-parent\" data-id=\"4bd2a99\" data-element_type=\"container\" data-core-v316-plus=\"true\">\n\t\t\t\t\t<div class=\"e-con-inner\">\n\t\t\t\t<div class=\"elementor-element elementor-element-1614017 elementor-widget elementor-widget-heading\" data-id=\"1614017\" data-element_type=\"widget\" data-widget_type=\"heading.default\">\n\t\t\t\t<div class=\"elementor-widget-container\">\n\t\t\t<h2 class=\"elementor-heading-title elementor-size-default\">V\u00ebshtrime nga pacient\u00ebt dhe stafi mbi recepsionin e ardhsh\u00ebm multifunksional n\u00eb Spitalin e P\u00ebrgjithsh\u00ebm t\u00eb Gjakov\u00ebs<\/h2>\t\t<\/div>\n\t\t\t\t<\/div>\n\t\t\t\t<div class=\"elementor-element elementor-element-8bcaf3a elementor-widget elementor-widget-text-editor\" data-id=\"8bcaf3a\" data-element_type=\"widget\" data-widget_type=\"text-editor.default\">\n\t\t\t\t<div class=\"elementor-widget-container\">\n\t\t\t\t\t\t\t<p style=\"font-weight: 400;\">Gjat\u00eb nj\u00eb fokusi grup t\u00eb mbajtur n\u00eb Spitalin e P\u00ebrgjithsh\u00ebm n\u00eb Gjakov\u00eb me pacient\u00eb, vizitor\u00eb dhe stafin e kujdesit sh\u00ebndet\u00ebsor, diskutimet u p\u00ebrqendruan rreth planeve p\u00ebr hap\u00ebsir\u00ebn e re multifunksionale t\u00eb recepsionit n\u00eb spital. Pjes\u00ebmarr\u00ebsit ndan\u00eb p\u00ebrvojat e tyre me recepsionin aktual dhe p\u00ebrcaktuan pritshm\u00ebrit\u00eb p\u00ebr nj\u00eb mjedis m\u00eb mikprit\u00ebs, efikas dhe t\u00eb p\u00ebrqendruar te pacienti.<\/p><p style=\"font-weight: 400;\">Diskutimi shpalosi pajtueshm\u00ebri rreth prioriteteve kryesore: orientim dhe sinjalistik\u00eb m\u00eb t\u00eb qart\u00eb, informacion n\u00eb koh\u00eb reale p\u00ebr vizitor\u00ebt, mjete digjitale p\u00ebr udh\u00ebzimin e pacient\u00ebve dhe edukimin sh\u00ebndet\u00ebsor dhe staf t\u00eb trajnuar n\u00eb komunikim miq\u00ebsor dhe t\u00eb p\u00ebrqendruar te pacienti. Pjes\u00ebmarr\u00ebsit gjithashtu theksuan r\u00ebnd\u00ebsin\u00eb e elementeve moderne t\u00eb dizajnit p\u00ebr ta rritur rehatin\u00eb dhe besimin.<\/p><p style=\"font-weight: 400;\">Sipas grupit, hap\u00ebsira e p\u00ebrmir\u00ebsuar e recepsionit jo vet\u00ebm q\u00eb do ta p\u00ebrmir\u00ebsoj\u00eb p\u00ebrshtypjen e par\u00eb p\u00ebr spitalin, por gjithashtu do t'i forcoj\u00eb marr\u00ebdh\u00ebniet pacient-staf dhe do ta zvog\u00ebloj\u00eb stresin p\u00ebrmes organizimit dhe mb\u00ebshtetjes m\u00eb t\u00eb mir\u00eb teknologjike.<\/p>\t\t\t\t\t\t<\/div>\n\t\t\t\t<\/div>\n\t\t\t\t\t<\/div>\n\t\t\t\t<\/div>\n\t\t\t\t<\/div>","protected":false},"excerpt":{"rendered":"<p>Patients and Staff Insights on Future Multifunctional Reception at Gjakova General Hospital At a focus group held at the General Hospital in Gjakova with patients, visitors, and healthcare staff discussions centered around plans for the new multifunctional reception area at the hospital. Participants shared their experiences with the current reception and outlined expectations for a [&hellip;]<\/p>","protected":false},"author":1,"featured_media":0,"parent":0,"menu_order":0,"comment_status":"closed","ping_status":"closed","template":"","meta":[],"_links":{"self":[{"href":"https:\/\/ihsproject.org\/sq\/wp-json\/wp\/v2\/pages\/15204"}],"collection":[{"href":"https:\/\/ihsproject.org\/sq\/wp-json\/wp\/v2\/pages"}],"about":[{"href":"https:\/\/ihsproject.org\/sq\/wp-json\/wp\/v2\/types\/page"}],"author":[{"embeddable":true,"href":"https:\/\/ihsproject.org\/sq\/wp-json\/wp\/v2\/users\/1"}],"replies":[{"embeddable":true,"href":"https:\/\/ihsproject.org\/sq\/wp-json\/wp\/v2\/comments?post=15204"}],"version-history":[{"count":4,"href":"https:\/\/ihsproject.org\/sq\/wp-json\/wp\/v2\/pages\/15204\/revisions"}],"predecessor-version":[{"id":15209,"href":"https:\/\/ihsproject.org\/sq\/wp-json\/wp\/v2\/pages\/15204\/revisions\/15209"}],"wp:attachment":[{"href":"https:\/\/ihsproject.org\/sq\/wp-json\/wp\/v2\/media?parent=15204"}],"curies":[{"name":"wp","href":"https:\/\/api.w.org\/{rel}","templated":true}]}}