{"id":15181,"date":"2025-09-19T06:50:35","date_gmt":"2025-09-19T06:50:35","guid":{"rendered":"https:\/\/ihsproject.org\/?page_id=15181"},"modified":"2025-09-19T06:51:57","modified_gmt":"2025-09-19T06:51:57","slug":"september-19-2025","status":"publish","type":"page","link":"https:\/\/ihsproject.org\/sq\/september-19-2025\/","title":{"rendered":"Shtator 19, 2025"},"content":{"rendered":"<div data-elementor-type=\"wp-page\" data-elementor-id=\"15181\" class=\"elementor elementor-15181\">\n\t\t\t\t<div class=\"elementor-element elementor-element-b077bf8 e-flex e-con-boxed e-con e-parent\" data-id=\"b077bf8\" data-element_type=\"container\" data-core-v316-plus=\"true\">\n\t\t\t\t\t<div class=\"e-con-inner\">\n\t\t\t\t<div class=\"elementor-element elementor-element-17ec041 elementor-widget elementor-widget-image\" data-id=\"17ec041\" data-element_type=\"widget\" data-widget_type=\"image.default\">\n\t\t\t\t<div class=\"elementor-widget-container\">\n\t\t\t\t\t\t\t\t\t\t\t\t\t<img fetchpriority=\"high\" decoding=\"async\" width=\"1600\" height=\"900\" src=\"https:\/\/ihsproject.org\/wp-content\/uploads\/2025\/09\/Patient-Voices-in-Action-National-Roundtable-Held-in-Prishtina.jpg\" class=\"attachment-full size-full wp-image-15180\" alt=\"\" srcset=\"https:\/\/ihsproject.org\/wp-content\/uploads\/2025\/09\/Patient-Voices-in-Action-National-Roundtable-Held-in-Prishtina.jpg 1600w, https:\/\/ihsproject.org\/wp-content\/uploads\/2025\/09\/Patient-Voices-in-Action-National-Roundtable-Held-in-Prishtina-300x169.jpg 300w, https:\/\/ihsproject.org\/wp-content\/uploads\/2025\/09\/Patient-Voices-in-Action-National-Roundtable-Held-in-Prishtina-1024x576.jpg 1024w, https:\/\/ihsproject.org\/wp-content\/uploads\/2025\/09\/Patient-Voices-in-Action-National-Roundtable-Held-in-Prishtina-768x432.jpg 768w, https:\/\/ihsproject.org\/wp-content\/uploads\/2025\/09\/Patient-Voices-in-Action-National-Roundtable-Held-in-Prishtina-1536x864.jpg 1536w, https:\/\/ihsproject.org\/wp-content\/uploads\/2025\/09\/Patient-Voices-in-Action-National-Roundtable-Held-in-Prishtina-18x10.jpg 18w\" sizes=\"(max-width: 1600px) 100vw, 1600px\" \/>\t\t\t\t\t\t\t\t\t\t\t\t\t<\/div>\n\t\t\t\t<\/div>\n\t\t\t\t\t<\/div>\n\t\t\t\t<\/div>\n\t\t<div class=\"elementor-element elementor-element-0e9492a e-flex e-con-boxed e-con e-parent\" data-id=\"0e9492a\" data-element_type=\"container\" data-core-v316-plus=\"true\">\n\t\t\t\t\t<div class=\"e-con-inner\">\n\t\t\t\t<div class=\"elementor-element elementor-element-ae27cdd elementor-widget elementor-widget-heading\" data-id=\"ae27cdd\" data-element_type=\"widget\" data-widget_type=\"heading.default\">\n\t\t\t\t<div class=\"elementor-widget-container\">\n\t\t\t<h2 class=\"elementor-heading-title elementor-size-default\">Tryeza e rrumbullak\u00ebt vendore \"Z\u00ebrat e pacient\u00ebve n\u00eb veprim\" n\u00eb Prishtin\u00eb<\/h2>\t\t<\/div>\n\t\t\t\t<\/div>\n\t\t\t\t<div class=\"elementor-element elementor-element-7f7d73b elementor-widget elementor-widget-text-editor\" data-id=\"7f7d73b\" data-element_type=\"widget\" data-widget_type=\"text-editor.default\">\n\t\t\t\t<div class=\"elementor-widget-container\">\n\t\t\t\t\t\t\t<p style=\"font-weight: 400;\">Avokimi p\u00ebr pacient\u00eb dhe rrjet\u00ebzimi ishin n\u00eb qend\u00ebr t\u00eb v\u00ebmendjes n\u00eb tryez\u00ebn e rrumbullak\u00ebt \"Z\u00ebrat e pacient\u00ebve n\u00eb veprim\", q\u00eb u mbajt n\u00eb Prishtin\u00eb m\u00eb 18 shtator 2025, si ngjarja p\u00ebrmbyll\u00ebse e shtat\u00eb pun\u00ebtorive rajonale me organizata t\u00eb shoq\u00ebris\u00eb civile dhe institucione t\u00eb mbajtura n\u00eb mbar\u00eb Kosov\u00ebn gjat\u00eb k\u00ebtij viti.<\/p><p style=\"font-weight: 400;\">Organizuar nga Projekti Sh\u00ebrbime Sh\u00ebndet\u00ebsore t\u00eb Integruara (IHS), ngjarja mblodhi s\u00eb bashku organizatat e shoq\u00ebris\u00eb civile, p\u00ebrfaq\u00ebsuesit institucional\u00eb dhe pacient\u00ebt, si dhe avokuesit p\u00ebr pacient\u00ebt, p\u00ebr t\u00eb v\u00ebn\u00eb n\u00eb dukje p\u00ebrvojat e pacient\u00ebve, ve\u00e7an\u00ebrisht t\u00eb atyre q\u00eb jetojn\u00eb me s\u00ebmundje kronike jongjit\u00ebse (SKJ), n\u00eb p\u00ebrballjen e tyre me sistemin sh\u00ebndet\u00ebsor n\u00eb Kosov\u00eb.<\/p><p style=\"font-weight: 400;\">Tryeza e rrumbullak\u00ebt pati fjalime hap\u00ebse nga Merita Stavileci Mustafa, Zyrtare e Lart\u00eb e Programit n\u00eb Ambasad\u00ebn Zvicerane n\u00eb Kosov\u00eb, Sanie Ki\u00e7mari, Udh\u00ebheq\u00ebse e Departamentit t\u00eb t\u00eb Drejtave t\u00eb Qytetar\u00ebve n\u00eb kuad\u00ebr t\u00eb Ministris\u00eb s\u00eb Sh\u00ebndet\u00ebsis\u00eb, Basri Kastrati, Z\u00ebvend\u00ebs Avokat i Popullit i Kosov\u00ebs, Agron Bytyqi, Drejtor Ekzekutiv i Shoqat\u00ebs s\u00eb t\u00eb Drejtave t\u00eb Pacient\u00ebve n\u00eb Kosov\u00eb, dhe Linda Baleta, Eksperte e Lart\u00eb e Avokimit n\u00eb IHS.<\/p><p style=\"font-weight: 400;\">Znj. Stavileci Mustafa theksoi vizionin afatgjat\u00eb: \u201cDuke punuar s\u00eb bashku, ne mund t\u2019i afrohemi nj\u00eb sistemi sh\u00ebndet\u00ebsor t\u00eb integruar, cil\u00ebsor dhe t\u00eb besuesh\u00ebm, dhe ku z\u00ebrat e pacient\u00ebve jo vet\u00ebm q\u00eb d\u00ebgjohen, por edhe e form\u00ebsojn\u00eb v\u00ebrtet m\u00ebnyr\u00ebn se si ofrohen sh\u00ebrbimet.\u201d<\/p><p style=\"font-weight: 400;\">Tryeza e rrumbullak\u00ebt p\u00ebrfshinte nj\u00eb p\u00ebrmbledhje t\u00eb gjetjeve kryesore nga pun\u00ebtorit\u00eb rajonale dhe nj\u00eb diskutim n\u00eb panel t\u00eb titulluar \u201cZ\u00ebri i kujt ka r\u00ebnd\u00ebsi?\u201d. Pjes\u00ebmarr\u00ebsit gjithashtu mor\u00ebn pjes\u00eb n\u00eb reflektime t\u00eb hapura dhe n\u00eb nj\u00eb sesion grupor q\u00eb synonte identifikimin e prioriteteve t\u00eb ardhshme p\u00ebr avokimin p\u00ebr pacient\u00eb.<\/p><p style=\"font-weight: 400;\">Tryeza e rrumbullak\u00ebt p\u00ebrfaq\u00ebson nj\u00eb hap t\u00eb r\u00ebnd\u00ebsish\u00ebm drejt avokimit sh\u00ebndet\u00ebsor m\u00eb t\u00eb koordinuar dhe gjith\u00ebp\u00ebrfshir\u00ebs, me q\u00ebllim forcimin e p\u00ebrfaq\u00ebsimit t\u00eb pacient\u00ebve n\u00eb vendimmarrje dhe nd\u00ebrtimin e besimit m\u00eb t\u00eb madh midis institucioneve dhe komuniteteve.<\/p>\t\t\t\t\t\t<\/div>\n\t\t\t\t<\/div>\n\t\t\t\t\t<\/div>\n\t\t\t\t<\/div>\n\t\t\t\t<\/div>","protected":false},"excerpt":{"rendered":"<p>Patient Voices in Action National Roundtable Held in Prishtina Patient advocacy and networking took centre stage at the national roundtable \u201cPatient Voices in Action\u201d, held in Prishtina on 18 September 2025, as the culminating event of seven regional workshops with civil society organizations and institutions held across Kosovo over the past year. Organized by the [&hellip;]<\/p>","protected":false},"author":1,"featured_media":0,"parent":0,"menu_order":0,"comment_status":"closed","ping_status":"closed","template":"","meta":[],"_links":{"self":[{"href":"https:\/\/ihsproject.org\/sq\/wp-json\/wp\/v2\/pages\/15181"}],"collection":[{"href":"https:\/\/ihsproject.org\/sq\/wp-json\/wp\/v2\/pages"}],"about":[{"href":"https:\/\/ihsproject.org\/sq\/wp-json\/wp\/v2\/types\/page"}],"author":[{"embeddable":true,"href":"https:\/\/ihsproject.org\/sq\/wp-json\/wp\/v2\/users\/1"}],"replies":[{"embeddable":true,"href":"https:\/\/ihsproject.org\/sq\/wp-json\/wp\/v2\/comments?post=15181"}],"version-history":[{"count":4,"href":"https:\/\/ihsproject.org\/sq\/wp-json\/wp\/v2\/pages\/15181\/revisions"}],"predecessor-version":[{"id":15186,"href":"https:\/\/ihsproject.org\/sq\/wp-json\/wp\/v2\/pages\/15181\/revisions\/15186"}],"wp:attachment":[{"href":"https:\/\/ihsproject.org\/sq\/wp-json\/wp\/v2\/media?parent=15181"}],"curies":[{"name":"wp","href":"https:\/\/api.w.org\/{rel}","templated":true}]}}