{"id":15158,"date":"2025-09-17T16:53:05","date_gmt":"2025-09-17T16:53:05","guid":{"rendered":"https:\/\/ihsproject.org\/?page_id=15158"},"modified":"2025-09-17T16:54:56","modified_gmt":"2025-09-17T16:54:56","slug":"september-17-2025","status":"publish","type":"page","link":"https:\/\/ihsproject.org\/sq\/september-17-2025\/","title":{"rendered":"Shtator 17, 2025"},"content":{"rendered":"<div data-elementor-type=\"wp-page\" data-elementor-id=\"15158\" class=\"elementor elementor-15158\">\n\t\t\t\t<div class=\"elementor-element elementor-element-07e2715 e-flex e-con-boxed e-con e-parent\" data-id=\"07e2715\" data-element_type=\"container\" data-core-v316-plus=\"true\">\n\t\t\t\t\t<div class=\"e-con-inner\">\n\t\t\t\t<div class=\"elementor-element elementor-element-91c6db8 elementor-widget elementor-widget-image\" data-id=\"91c6db8\" data-element_type=\"widget\" data-widget_type=\"image.default\">\n\t\t\t\t<div class=\"elementor-widget-container\">\n\t\t\t\t\t\t\t\t\t\t\t\t\t<img fetchpriority=\"high\" decoding=\"async\" width=\"1600\" height=\"900\" src=\"https:\/\/ihsproject.org\/wp-content\/uploads\/2025\/09\/Roundtable-Highlights-Power-of-Reporting-Angle-in-Health-Journalism.jpg\" class=\"attachment-full size-full wp-image-15161\" alt=\"\" srcset=\"https:\/\/ihsproject.org\/wp-content\/uploads\/2025\/09\/Roundtable-Highlights-Power-of-Reporting-Angle-in-Health-Journalism.jpg 1600w, https:\/\/ihsproject.org\/wp-content\/uploads\/2025\/09\/Roundtable-Highlights-Power-of-Reporting-Angle-in-Health-Journalism-300x169.jpg 300w, https:\/\/ihsproject.org\/wp-content\/uploads\/2025\/09\/Roundtable-Highlights-Power-of-Reporting-Angle-in-Health-Journalism-1024x576.jpg 1024w, https:\/\/ihsproject.org\/wp-content\/uploads\/2025\/09\/Roundtable-Highlights-Power-of-Reporting-Angle-in-Health-Journalism-768x432.jpg 768w, https:\/\/ihsproject.org\/wp-content\/uploads\/2025\/09\/Roundtable-Highlights-Power-of-Reporting-Angle-in-Health-Journalism-1536x864.jpg 1536w, https:\/\/ihsproject.org\/wp-content\/uploads\/2025\/09\/Roundtable-Highlights-Power-of-Reporting-Angle-in-Health-Journalism-18x10.jpg 18w\" sizes=\"(max-width: 1600px) 100vw, 1600px\" \/>\t\t\t\t\t\t\t\t\t\t\t\t\t<\/div>\n\t\t\t\t<\/div>\n\t\t\t\t\t<\/div>\n\t\t\t\t<\/div>\n\t\t<div class=\"elementor-element elementor-element-2cc61ea e-flex e-con-boxed e-con e-parent\" data-id=\"2cc61ea\" data-element_type=\"container\" data-core-v316-plus=\"true\">\n\t\t\t\t\t<div class=\"e-con-inner\">\n\t\t\t\t<div class=\"elementor-element elementor-element-2b85b1d elementor-widget elementor-widget-heading\" data-id=\"2b85b1d\" data-element_type=\"widget\" data-widget_type=\"heading.default\">\n\t\t\t\t<div class=\"elementor-widget-container\">\n\t\t\t<h2 class=\"elementor-heading-title elementor-size-default\">Tryeza e rrumbullak\u00ebt thekson fuqin\u00eb e k\u00ebndit t\u00eb raportimit n\u00eb gazetarin\u00eb sh\u00ebndet\u00ebsore<\/h2>\t\t<\/div>\n\t\t\t\t<\/div>\n\t\t\t\t<div class=\"elementor-element elementor-element-f4ad19e elementor-widget elementor-widget-text-editor\" data-id=\"f4ad19e\" data-element_type=\"widget\" data-widget_type=\"text-editor.default\">\n\t\t\t\t<div class=\"elementor-widget-container\">\n\t\t\t\t\t\t\t<p style=\"font-weight: 400;\">M\u00eb 17 shtator 2025, Projekti Sh\u00ebrbime Sh\u00ebndet\u00ebsore t\u00eb Integruara (IHS) n\u00eb partneritet me Asociacionin e Gazetar\u00ebve t\u00eb Kosov\u00ebs (AGK) organizoi tryez\u00ebn e rrumbullak\u00ebt \u201cFuqia e k\u00ebnit t\u00eb raportimit\u201d. Ngjarja mblodhi s\u00eb bashku gazetar\u00eb, p\u00ebrfaq\u00ebsues institucional\u00eb dhe ekspert\u00eb t\u00eb sh\u00ebndetit p\u00ebr t\u00eb shqyrtuar se si mbulueshm\u00ebria e p\u00ebrgjegjshme mediatike mund t'i fuqizoj\u00eb z\u00ebrat e pacient\u00ebve dhe ta promovoj\u00eb nd\u00ebrgjegj\u00ebsimin publik mbi s\u00ebmundjet kronike jongjit\u00ebse (SKJ).<\/p><p style=\"font-weight: 400;\">Fjal\u00ebt hyr\u00ebse u mbajt\u00ebn nga Gjylferije Zabeli, Drejtoresh\u00eb e Divizionit t\u00eb Komunikimit Publik n\u00eb kuad\u00ebr t\u00eb Ministris\u00eb s\u00eb Sh\u00ebndet\u00ebsis\u00eb, Getoarb\u00eb Mulliqi, Drejtoresh\u00eb Ekzekutive e AGK-s\u00eb; dhe Linda Baleta, Zyrtare e Lart\u00eb p\u00ebr Avokim n\u00eb IHS. Fol\u00ebset theksuan r\u00ebnd\u00ebsin\u00eb e medias si aleat n\u00eb avancimin e t\u00eb drejtave t\u00eb pacient\u00ebve dhe forcimin e besimit n\u00eb sistemin e kujdesit sh\u00ebndet\u00ebsor.<\/p><p style=\"font-weight: 400;\">Programi paraqiti nj\u00eb kolazh storjesh me tem\u00ebn \u201cGazetar\u00ebt flasin, pacient\u00ebt d\u00ebgjohen\u201d q\u00eb ilustrojn\u00eb ndikimin e preksh\u00ebm t\u00eb raportimit sh\u00ebndet\u00ebsor n\u00eb vet\u00ebrdij\u00ebsimin e qytetar\u00ebve, t\u00eb prezantuar nga Merita Miftari, gazetare. Diskutimi n\u00eb panel me tem\u00eb \u201cParaqitja e z\u00ebrit dhe perspektiv\u00ebs s\u00eb pacientit n\u00eb gazetari\u201d mblodhi s\u00eb bashku gazetaret Arbresh\u00eb Uka, Albina Selmanaj dhe Q\u00ebndres\u00eb Uka-Matoshi, s\u00eb bashku me Dr. Faik Hotin nga Instituti Komb\u00ebtar i Sh\u00ebndet\u00ebsis\u00eb Publike dhe Mark Kaqinarin nga Institucioni i Avokatit t\u00eb Popullit. I moderuar nga Kryetari i Bordit t\u00eb AGK-s\u00eb, Xhemajl Rexha, diskutimi nxori n\u00eb pah sfidat me t\u00eb cilat p\u00ebrballen gazetar\u00ebt n\u00eb mbulimin e \u00e7\u00ebshtjeve sh\u00ebndet\u00ebsore dhe theksoi nevoj\u00ebn p\u00ebr bashk\u00ebpunim m\u00eb t\u00eb ngusht\u00eb me institucionet dhe projektet zhvillimore.<\/p><p style=\"font-weight: 400;\">Pjes\u00ebmarr\u00ebsit gjithashtu u p\u00ebrfshin\u00eb n\u00eb nj\u00eb sesion reflektimi p\u00ebr t'i identifikuar hapat e m\u00ebtejsh\u00ebm, duke theksuar rolin e medias n\u00eb nxitjen e gazetaris\u00eb pozitive dhe t\u00eb p\u00ebrgjegjshme sh\u00ebndet\u00ebsore. Tryeza e rrumbullak\u00ebt mb\u00ebshtetet n\u00eb p\u00ebrpjekjet e m\u00ebparshme p\u00ebr trajnim dhe publikim t\u00eb storjeve q\u00eb kan\u00eb forcuar kapacitetet e mbi 70 gazetar\u00ebve, kan\u00eb kontribuar n\u00eb vet\u00ebdij\u00ebsimin m\u00eb t\u00eb madh t\u00eb publikut dhe kan\u00eb prezantuar \u00e7mimet e para n\u00eb vend p\u00ebr raportimin mbi diabetin.<\/p>\t\t\t\t\t\t<\/div>\n\t\t\t\t<\/div>\n\t\t\t\t\t<\/div>\n\t\t\t\t<\/div>\n\t\t\t\t<\/div>","protected":false},"excerpt":{"rendered":"<p>Roundtable Highlights Power of Reporting Angle in Health Journalism On 17 September 2025, the Integrated Health Services Project (IHS) in partnership with the Association of Journalists of Kosovo (AGK) organized the roundtable \u201cThe Power of the Reporting Angle\u201d. The event brought together journalists, institutional representatives, and health experts to examine how responsible media coverage can [&hellip;]<\/p>","protected":false},"author":1,"featured_media":0,"parent":0,"menu_order":0,"comment_status":"closed","ping_status":"closed","template":"","meta":[],"_links":{"self":[{"href":"https:\/\/ihsproject.org\/sq\/wp-json\/wp\/v2\/pages\/15158"}],"collection":[{"href":"https:\/\/ihsproject.org\/sq\/wp-json\/wp\/v2\/pages"}],"about":[{"href":"https:\/\/ihsproject.org\/sq\/wp-json\/wp\/v2\/types\/page"}],"author":[{"embeddable":true,"href":"https:\/\/ihsproject.org\/sq\/wp-json\/wp\/v2\/users\/1"}],"replies":[{"embeddable":true,"href":"https:\/\/ihsproject.org\/sq\/wp-json\/wp\/v2\/comments?post=15158"}],"version-history":[{"count":4,"href":"https:\/\/ihsproject.org\/sq\/wp-json\/wp\/v2\/pages\/15158\/revisions"}],"predecessor-version":[{"id":15165,"href":"https:\/\/ihsproject.org\/sq\/wp-json\/wp\/v2\/pages\/15158\/revisions\/15165"}],"wp:attachment":[{"href":"https:\/\/ihsproject.org\/sq\/wp-json\/wp\/v2\/media?parent=15158"}],"curies":[{"name":"wp","href":"https:\/\/api.w.org\/{rel}","templated":true}]}}